 {"id":95,"date":"2018-11-27T10:06:49","date_gmt":"2018-11-27T09:06:49","guid":{"rendered":"http:\/\/dev25-adim.univ-tlse2.fr\/slavica-boutique\/?post_type=product&#038;p=95"},"modified":"2020-08-09T22:33:18","modified_gmt":"2020-08-09T20:33:18","slug":"revue-n13-litterature-russe-et-cinemas-du-monde","status":"publish","type":"product","link":"https:\/\/blogs.univ-tlse2.fr\/slavica-boutique\/produit\/revue-n13-litterature-russe-et-cinemas-du-monde\/","title":{"rendered":"Revue n\u00b013 &#8211; Litt\u00e9rature russe et cin\u00e9mas du monde"},"content":{"rendered":"<h2>Sommaire<\/h2>\n<h3>Articles<\/h3>\n<p>Roger COMTET &#8211; La litt\u00e9rature russe au miroir des cin\u00e9mas \u00e9trangers<\/p>\n<p>Fran\u00e7ois ALBERA, Val\u00e9rie POSENER &#8211; <em>Le Violon de Rothschild<\/em> de Tchekhov par Edgardo Cozarinsky via l\u2019op\u00e9ra de Fleischmann<\/p>\n<p>Pierre-Yves BOISSAU &#8211; <em>Dersou Ouzala<\/em> de Kurosawa : contredire et dire le temps qui passe ou un tombeau anti-utopique<\/p>\n<p>Michel CADE &#8211; L\u2019interpr\u00e9tation de <em>Guerre et paix<\/em> de Tolsto\u00ef dans <em>Guerre et amour<\/em> (<em>Love and Death<\/em>) de Woody Allen<\/p>\n<p>Rapha\u00eblle COSTA DE BEAUREGARD &#8211; Les regards crois\u00e9s de deux cultures, hollywoodienne et sovi\u00e9tique, \u00e0 travers deux versions de <em>Guerre et paix<\/em> de L\u00e9on Tolsto\u00ef : King Vidor (1956) et Bondartchouk (1967)<\/p>\n<p>Christian GALLAND &#8211; Kurosawa Akira et la litt\u00e9rature russe<\/p>\n<p>Tadeusz LUBELSKI &#8211; Dosto\u00efevski et Andrzej Wajda : du th\u00e9\u00e2tre au cin\u00e9ma<\/p>\n<p>Gilles MENEGALDO &#8211; <em>Le Manteau de Gogol<\/em> revisit\u00e9 par Jack Clayton : un hommage en forme de subversion<\/p>\n<p>H\u00e9l\u00e8ne MENEGALDO &#8211; <em>Anna Kar\u00e9nine<\/em> : une transposition probl\u00e9matique, entre censure et st\u00e9r\u00e9otypes<\/p>\n<p>Paulina MICHGELSEN &#8211; Adaptations n\u00e9erlandaises d\u2019oeuvres litt\u00e9raires russes<\/p>\n<p>Natalia NOUSSINOVA &#8211; <em>La Dame de pique<\/em> des cin\u00e9astes russes, de la Russie \u00e0 l\u2019\u00e9migration<\/p>\n<p>Riccardo PINERI &#8211; <em>Les Nuits blanches<\/em> au cin\u00e9ma : Dosto\u00efevski et Visconti<\/p>\n<p>Philippe RAGEL &#8211; <em>Il sole anche di notte<\/em> des fr\u00e8res Taviani d\u2019apr\u00e8s Le P\u00e8re Serge de Tolsto\u00ef : une m\u00e9ditation pr\u00e9-r\u00e9volutionnaire?<\/p>\n<p>Yves REBOUL &#8211; Choumiatski \u00e0 Paris ? Quelques remarques sur <em>Les Bas-fonds<\/em> de Renoir<\/p>\n<h3>Notes de lecture<\/h3>\n<p>Sylvie MARTIN &#8211; N. Laurent, <em>L\u2019oeil du Kremlin. Cin\u00e9ma et censure en URSS sous Staline<\/em>, Toulouse, Privat, 2000, 286 p.<\/p>\n<h3>Dossier<\/h3>\n<p>Roger COMTET &#8211; Essai de r\u00e9pertoire des adaptations cin\u00e9matographiques russes de la litt\u00e9rature russe<\/p>\n","protected":false},"excerpt":{"rendered":"<p><strong>\u00c9diteur scientifique :<\/strong><\/p>\n<p>Roger Comtet<\/p>\n<p>314 pages<\/p>\n","protected":false},"featured_media":275,"template":"","meta":[],"product_brand":[],"product_cat":[],"product_tag":[],"class_list":{"0":"post-95","1":"product","2":"type-product","3":"status-publish","4":"has-post-thumbnail","7":"first","8":"instock","9":"purchasable","10":"product-type-simple"},"_links":{"self":[{"href":"https:\/\/blogs.univ-tlse2.fr\/slavica-boutique\/wp-json\/wp\/v2\/product\/95","targetHints":{"allow":["GET"]}}],"collection":[{"href":"https:\/\/blogs.univ-tlse2.fr\/slavica-boutique\/wp-json\/wp\/v2\/product"}],"about":[{"href":"https:\/\/blogs.univ-tlse2.fr\/slavica-boutique\/wp-json\/wp\/v2\/types\/product"}],"wp:featuredmedia":[{"embeddable":true,"href":"https:\/\/blogs.univ-tlse2.fr\/slavica-boutique\/wp-json\/wp\/v2\/media\/275"}],"wp:attachment":[{"href":"https:\/\/blogs.univ-tlse2.fr\/slavica-boutique\/wp-json\/wp\/v2\/media?parent=95"}],"wp:term":[{"taxonomy":"product_brand","embeddable":true,"href":"https:\/\/blogs.univ-tlse2.fr\/slavica-boutique\/wp-json\/wp\/v2\/product_brand?post=95"},{"taxonomy":"product_cat","embeddable":true,"href":"https:\/\/blogs.univ-tlse2.fr\/slavica-boutique\/wp-json\/wp\/v2\/product_cat?post=95"},{"taxonomy":"product_tag","embeddable":true,"href":"https:\/\/blogs.univ-tlse2.fr\/slavica-boutique\/wp-json\/wp\/v2\/product_tag?post=95"}],"curies":[{"name":"wp","href":"https:\/\/api.w.org\/{rel}","templated":true}]}}