 {"id":98,"date":"2018-11-27T10:16:01","date_gmt":"2018-11-27T09:16:01","guid":{"rendered":"http:\/\/dev25-adim.univ-tlse2.fr\/slavica-boutique\/?post_type=product&#038;p=98"},"modified":"2020-08-09T22:34:01","modified_gmt":"2020-08-09T20:34:01","slug":"revue-n14-le-voyage-en-russie-et-en-urss","status":"publish","type":"product","link":"https:\/\/blogs.univ-tlse2.fr\/slavica-boutique\/produit\/revue-n14-le-voyage-en-russie-et-en-urss\/","title":{"rendered":"Revue n\u00b014 &#8211; Le voyage en Russie et en URSS"},"content":{"rendered":"<h2>Sommaire<\/h2>\n<h3>Articles<\/h3>\n<p>Jean-Louis BACKES &#8211; Nerval et les Slaves du Nord<\/p>\n<p>Pierre-Yves BOISSAU &#8211; David chez Goliath. Au sujet de deux romans albanais : Le cr\u00e9puscule des dieux de la steppe d\u2019Isma\u00efl Kadar\u00e9 et Le dragon d\u2019ivoire de Fatos Gondoly<\/p>\n<p>Marie-Pierre BONNERY &#8211; Le voyage en Russie dans Moravagine de Blaise Cendrars : de l\u2019\u00e9criture de la r\u00e9volution \u00e0 la r\u00e9volution de l\u2019\u00e9criture<\/p>\n<p>Jacques BRETHOME &#8211; Le voyage en URSS de Brigitte Reimann ou \u00e0 la recherche de l\u2019homme nouveau<\/p>\n<p>Philippe CHARDIN &#8211; Le voyage en URSS : la qu\u00eate du sens ou le kal\u00e9\u00efdoscope des analogies<\/p>\n<p>Anne DUCREY &#8211; Le Voyage en Russie d\u2019Alexandre Dumas ou la tentation romanesque<\/p>\n<p>Catherine DUMAS &#8211; De Vog\u00fc\u00e9 et l\u2019\u00e9veil de la Russie<\/p>\n<p>Marie-Bernadette FANTIN-EPSTEIN &#8211; Les voyages en Russie d\u2019Hector Berlioz (1847 et 1867)<\/p>\n<p>Claude FOUCART &#8211; Egon Erwin Kisch et Andr\u00e9 Gide : l\u2019originalit\u00e9 du voyage en train \u00e0 travers l\u2019URSS<\/p>\n<p>Catherine G\u00c9RY &#8211; La po\u00e9tique de l\u2019hiver dans le Voyage en Russie et Spirite de Th\u00e9ophile Gautier<\/p>\n<p>Marianne GOURG &#8211; La Partie de chasse : un voyage imaginaire en Russie sovi\u00e9tique<\/p>\n<p>Zolt\u00e1n HAJN\u00c1DY &#8211; Du\u0161an Makovicky passeur de la culture hongroise \u00e0 Iasna\u00efa Poliana<\/p>\n<p>S\u00e9bastien HUBIER &#8211; Rilke en Russie : une odyss\u00e9e po\u00e9tique<\/p>\n<p>Anne-Laure IMBERT &#8211; Autour d\u2019Aristotele Fioravanti : quelques ambassades de la Renaissance italienne \u00e0 Moscou<\/p>\n<p>Christophe IMBERT &#8211; La Russie de Valery Larbaud : une province-fronti\u00e8re de l\u2019esprit europ\u00e9en<\/p>\n<p>Robert KAHN &#8211; \u201cH\u00f4tel Liverpool \u201d : Walter Benjamin \u00e0 Moscou<\/p>\n<p>Pierre LAMBLE &#8211; Rilke, voyage au pays de l\u2019\u00e2me<\/p>\n<p>Michel MERVAUD &#8211; Mission impossible ? Le voyage de Jacques Jub\u00e9 en Russie<\/p>\n<p>Alice PINTIAUX &#8211; Un D\u00e9but dans la vie : le voyage en Russie de Blaise Cendrars<\/p>\n<p>Fr\u00e9d\u00e9ric SOUNAC &#8211; Une Russie d\u2019op\u00e9rette? Rouletabille chez le Tsar et Les T\u00e9n\u00e9breuses de Gaston Leroux<\/p>\n<p>Fr\u00e9d\u00e9rique TOUDOIRE-SURLAPIERRE &#8211; Voyage scandinave en Russie : l\u2019exotisme en question? I \u00c6ventyrland de Knut Hansum (1903)<\/p>\n<p>Colette VALAT &#8211; Un voyage de Kateb Yacine en URSS : le \u201c Caucase r\u00e9parateur \u201d<\/p>\n<p>Walter ZIDARIC &#8211; Le voyage en Russie de Francesco Algarotti : entre r\u00e9alit\u00e9 et fiction litt\u00e9raire<\/p>\n<h3>Notes de lecture<\/h3>\n<p>Christel SIMON &#8211; G. Kabakova, <em>Anthropologie du corps f\u00e9minin dans le monde slave<\/em>, Paris, L\u2019Harmattan, 2000, 319 p.<\/p>\n<p>Boris CZERNY &#8211; A.I. Sol\u017eenicyn, <em>Dvesti let vmeste<\/em>. 1795-1995, Moscou, Russkij put&rsquo;, 508 p.<\/p>\n","protected":false},"excerpt":{"rendered":"<p><strong>\u00c9diteur scientifique :<\/strong><\/p>\n<p>Pierre-Yves Boissau<\/p>\n<p>355 pages<\/p>\n","protected":false},"featured_media":274,"template":"","meta":[],"product_brand":[],"product_cat":[],"product_tag":[],"class_list":{"0":"post-98","1":"product","2":"type-product","3":"status-publish","4":"has-post-thumbnail","7":"first","8":"instock","9":"purchasable","10":"product-type-simple"},"_links":{"self":[{"href":"https:\/\/blogs.univ-tlse2.fr\/slavica-boutique\/wp-json\/wp\/v2\/product\/98","targetHints":{"allow":["GET"]}}],"collection":[{"href":"https:\/\/blogs.univ-tlse2.fr\/slavica-boutique\/wp-json\/wp\/v2\/product"}],"about":[{"href":"https:\/\/blogs.univ-tlse2.fr\/slavica-boutique\/wp-json\/wp\/v2\/types\/product"}],"wp:featuredmedia":[{"embeddable":true,"href":"https:\/\/blogs.univ-tlse2.fr\/slavica-boutique\/wp-json\/wp\/v2\/media\/274"}],"wp:attachment":[{"href":"https:\/\/blogs.univ-tlse2.fr\/slavica-boutique\/wp-json\/wp\/v2\/media?parent=98"}],"wp:term":[{"taxonomy":"product_brand","embeddable":true,"href":"https:\/\/blogs.univ-tlse2.fr\/slavica-boutique\/wp-json\/wp\/v2\/product_brand?post=98"},{"taxonomy":"product_cat","embeddable":true,"href":"https:\/\/blogs.univ-tlse2.fr\/slavica-boutique\/wp-json\/wp\/v2\/product_cat?post=98"},{"taxonomy":"product_tag","embeddable":true,"href":"https:\/\/blogs.univ-tlse2.fr\/slavica-boutique\/wp-json\/wp\/v2\/product_tag?post=98"}],"curies":[{"name":"wp","href":"https:\/\/api.w.org\/{rel}","templated":true}]}}