 {"id":2,"date":"2020-04-01T11:22:14","date_gmt":"2020-04-01T09:22:14","guid":{"rendered":"https:\/\/blogs.univ-tlse2.fr\/soleo\/?page_id=2"},"modified":"2020-04-10T18:58:51","modified_gmt":"2020-04-10T16:58:51","slug":"page-d-exemple","status":"publish","type":"page","link":"https:\/\/blogs.univ-tlse2.fr\/soleo\/","title":{"rendered":"Installation d\u2019une cellule d\u2019\u00e9coute psychologique et d\u2019orientation"},"content":{"rendered":"<h4><strong><a href=\"https:\/\/blogs.univ-tlse2.fr\/covid19-ut2j-plan-continuite\/dispositifs\/\"><img loading=\"lazy\" decoding=\"async\" class=\" wp-image-62 alignleft\" src=\"https:\/\/blogs.univ-tlse2.fr\/soleo\/files\/2020\/04\/SOLEO.gif\" alt=\"\" width=\"263\" height=\"219\" \/><\/a>\u00a0<\/strong><strong>\u25ba Cellule d\u2019\u00e9coute psychologique et d\u2019orientation<br \/>\n<\/strong><\/h4>\n<p>Dans le contexte de crise sanitaire \u00e0 laquelle nous sommes tou\u00b7te\u00b7s confront\u00e9\u00b7e\u00b7s et dans celui du confinement et de \u00ab distance sociale \u00bb dans lequel vit aujourd\u2019hui toute notre communaut\u00e9, chacun\u00b7e peut se retrouver fragilis\u00e9\u00b7e.<\/p>\n<p>Aussi, depuis vendredi 3 avril, une cellule d\u2019\u00e9coute psychologique et d\u2019orientation a \u00e9t\u00e9 activ\u00e9e aux b\u00e9n\u00e9fices de tous les personnels de l\u2019UT2J, permettant d\u2019apporter une premi\u00e8re r\u00e9ponse aux situations de difficult\u00e9 et\/ou de d\u00e9tresse que pourraient vivre des personnels. <span style=\"color: #000000\">La cellule a pour objet d\u2019\u00e9couter et d\u2019orienter vers diff\u00e9rentes ressources \u00e0 la fois internes <\/span>(<span style=\"color: #008080\"><strong><a style=\"color: #008080\" href=\"https:\/\/blogs.univ-tlse2.fr\/covid19-ut2j-plan-continuite\/role-assistante\/\">l&rsquo;assistante sociale<\/a>, <a style=\"color: #008080\" href=\"https:\/\/blogs.univ-tlse2.fr\/covid19-ut2j-plan-continuite\/pole-environnement-professionnel\/\">le p\u00f4le environnement professionnel<\/a><\/strong>, <a style=\"color: #008080\" href=\"https:\/\/blogs.univ-tlse2.fr\/covid19-ut2j-plan-continuite\/psychologue-du-travail-de-lut2j\/\"><strong>la psychologue du travail de l&rsquo;UT2J<\/strong><\/a><\/span>) mais aussi externes (collectif de psychologues praticiens volontaires, <span style=\"color: #008080\"><a style=\"color: #008080\" href=\"https:\/\/blogs.univ-tlse2.fr\/covid19-ut2j-plan-continuite\/plateformes-specialisees\/\"><strong>plateformes sp\u00e9cialis\u00e9es<\/strong><\/a><\/span>), afin de soutenir l\u2019ensemble des personnes pour lesquelles la pand\u00e9mie de Covid-19 constitue une \u00e9preuve particuli\u00e8rement difficile.<\/p>\n<p>La cellule d\u2019\u00e9coute psychologique et d\u2019orientation est une plateforme t\u00e9l\u00e9phonique activ\u00e9e pendant toute la p\u00e9riode de confinement et il est envisag\u00e9 de maintenir son fonctionnement tout le temps n\u00e9cessaire.<\/p>\n<p>Install\u00e9e gr\u00e2ce \u00e0 l\u2019initiative d\u2019un collectif de psychologues b\u00e9n\u00e9voles de l\u2019UFR de psychologie et \u00e0 la mobilisation d\u2019un collectif de psychologues praticiens volontaires, la cellule est dot\u00e9e d\u2019un comit\u00e9 de pilotage compos\u00e9 de sp\u00e9cialistes membres de notre personnel, sous la responsabilit\u00e9 de la direction de l\u2019\u00e9tablissement et du m\u00e9decin de pr\u00e9vention, en lien avec le D\u00e9l\u00e9gu\u00e9 \u00e0 la Protection des Donn\u00e9es et les services comp\u00e9tents.<\/p>\n<p>Cette cellule est joignable au <a href=\"tel:+33561504040\"><strong><span style=\"color: #008080\">05 61 50 40 40<\/span><\/strong><\/a>, du lundi au vendredi, de 9h \u00e0 12h puis de 14h \u00e0 17h.<\/p>\n","protected":false},"excerpt":{"rendered":"<p>\u00a0\u25ba Cellule d\u2019\u00e9coute psychologique et d\u2019orientation Dans le contexte de crise sanitaire \u00e0 laquelle nous sommes tou\u00b7te\u00b7s confront\u00e9\u00b7e\u00b7s et dans celui du confinement et de \u00ab distance sociale \u00bb dans lequel vit aujourd\u2019hui toute&#46;&#46;&#46;<\/p>\n","protected":false},"author":44,"featured_media":0,"parent":0,"menu_order":0,"comment_status":"closed","ping_status":"open","template":"","meta":{"footnotes":""},"class_list":["post-2","page","type-page","status-publish","hentry"],"_links":{"self":[{"href":"https:\/\/blogs.univ-tlse2.fr\/soleo\/wp-json\/wp\/v2\/pages\/2","targetHints":{"allow":["GET"]}}],"collection":[{"href":"https:\/\/blogs.univ-tlse2.fr\/soleo\/wp-json\/wp\/v2\/pages"}],"about":[{"href":"https:\/\/blogs.univ-tlse2.fr\/soleo\/wp-json\/wp\/v2\/types\/page"}],"author":[{"embeddable":true,"href":"https:\/\/blogs.univ-tlse2.fr\/soleo\/wp-json\/wp\/v2\/users\/44"}],"replies":[{"embeddable":true,"href":"https:\/\/blogs.univ-tlse2.fr\/soleo\/wp-json\/wp\/v2\/comments?post=2"}],"version-history":[{"count":17,"href":"https:\/\/blogs.univ-tlse2.fr\/soleo\/wp-json\/wp\/v2\/pages\/2\/revisions"}],"predecessor-version":[{"id":91,"href":"https:\/\/blogs.univ-tlse2.fr\/soleo\/wp-json\/wp\/v2\/pages\/2\/revisions\/91"}],"wp:attachment":[{"href":"https:\/\/blogs.univ-tlse2.fr\/soleo\/wp-json\/wp\/v2\/media?parent=2"}],"curies":[{"name":"wp","href":"https:\/\/api.w.org\/{rel}","templated":true}]}}