 {"id":15,"date":"2017-03-16T10:26:13","date_gmt":"2017-03-16T09:26:13","guid":{"rendered":"https:\/\/blogs.univ-tlse2.fr\/stomia\/?page_id=15"},"modified":"2017-06-14T23:22:16","modified_gmt":"2017-06-14T21:22:16","slug":"laury-beaubrun-en-famille-diant","status":"publish","type":"page","link":"https:\/\/blogs.univ-tlse2.fr\/stomia\/laury-beaubrun-en-famille-diant\/","title":{"rendered":"Laury Beaubrun-En-Famille-Diant"},"content":{"rendered":"<h3 style=\"text-align: center\">\u00a0<img loading=\"lazy\" decoding=\"async\" class=\"alignnone wp-image-55 size-medium\" src=\"https:\/\/blogs.univ-tlse2.fr\/stomia\/files\/2017\/03\/Photo-du-28-05-2017-a\u0300-08.07-e1497475228866-245x300.jpg\" alt=\"\" width=\"245\" height=\"300\" srcset=\"https:\/\/blogs.univ-tlse2.fr\/stomia\/files\/2017\/03\/Photo-du-28-05-2017-a\u0300-08.07-e1497475228866-245x300.jpg 245w, https:\/\/blogs.univ-tlse2.fr\/stomia\/files\/2017\/03\/Photo-du-28-05-2017-a\u0300-08.07-e1497475228866.jpg 569w\" sizes=\"auto, (max-width: 245px) 100vw, 245px\" \/><\/h3>\n<h3>Fonction<\/h3>\n<p>Psychologue Clinicienne de la Sant\u00e9<br \/>\nDoctorante au sein du Centre d\u2019\u00c9tudes et de Recherches en Psychopathologie et Psychologie de la Sant\u00e9<\/p>\n<h3>Parcours<\/h3>\n<ul>\n<li><em>2015-2017 : Doctorante en Psychologie de la Sant\u00e9<br \/>\n<\/em><em><br \/>\nTh\u00e8se sous la direction de Florence SORDES &amp; Teresa BLICHARSKA<br \/>\n<\/em><br \/>\n2014-2015 : Master 2 Recherche Psychopathologie et Psychologie de la Sant\u00e9- Universit\u00e9 Toulouse II- Jean Jaur\u00e8s<br \/>\n2013-2014 : Master Psychologie Clinique et Pathologique- Universit\u00e9 de Caen Basse \u2013Normandie (Esplanade de la Paix)<br \/>\n2012-2013 : Licence Psychologie- &#8211; Universit\u00e9 de Caen Basse \u2013Normandie (Esplanade de la Paix)<\/li>\n<\/ul>\n<p><strong>Publications :<\/strong><\/p>\n<p><strong><em>o\u00a0\u00a0 \u00a0Communications Orales<\/em><\/strong><br \/>\nBeaubrun-en-famille-diant, L ; Sordes,F. (2016). Les cons\u00e9quences psychologiques de la chirurgie dans le traitement du cancer colorectal sur la qualit\u00e9 de vie.<br \/>\n33\u00e8me Congr\u00e8s de la Soci\u00e9t\u00e9 Fran\u00e7aise de Psychho-oncologie (SFPO). Le corps \u00e0 l\u2019\u00e9preuve du cancer et des traitements. Nantes, France.<\/p>\n<p>Beaubrun-en-famille-diant, L. (2017). Journ\u00e9e Portes Ouvertes de l\u2019UFR de Psychologie (JPO). Toulouse, France.<\/p>\n<p><em><strong>o\u00a0\u00a0 \u00a0Communication(s) Poster<\/strong><br \/>\n<\/em>Beaubrun-en-famille-diant, L. (2017).\u00a0Influence\u00a0des\u00a0pratiques\u00a0\u00e9ducatives\u00a0sur\u00a0la\u00a0qualit\u00e9\u00a0de\u00a0vie\u00a0des\u00a0patients\u00a0stomis\u00e9s\u00a0en\u00a0r\u00e9gion\u00a0Occitianie et\u00a0en\u00a0Martinique. Journ\u00e9e Scientifique des doctorants. Toulouse. France.<\/p>\n<p>Beaubrun-en-famille-diant, L ; Sordes,F ; Blicharka,T. (2016). Les cons\u00e9quences psychologiques de la colostomie sur la qualit\u00e9 de vie des patients atteints d\u2019un cancer colorectal. Image du corps, estime de soi et anxi\u00e9t\u00e9.<br \/>\nIXe Congr\u00e8s de l\u2019Association Francophone de Psychologie de la Sant\u00e9. De l\u2019expertise scientifique \u00e0 l\u2019expertise profane- Postures, Enjeux et M\u00e9thodes dans le champ de la Psychologie de la Sant\u00e9. Lyon, France.<\/p>\n","protected":false},"excerpt":{"rendered":"<p>\u00a0 Fonction Psychologue Clinicienne de la Sant\u00e9 Doctorante au sein du Centre d\u2019\u00c9tudes et de Recherches en Psychopathologie et Psychologie de la Sant\u00e9 Parcours 2015-2017 : Doctorante en Psychologie de la Sant\u00e9 Th\u00e8se sous la direction de Florence SORDES &amp; Teresa BLICHARSKA 2014-2015 : Master 2 Recherche Psychopathologie et Psychologie de la Sant\u00e9- Universit\u00e9 Toulouse &hellip; <a href=\"https:\/\/blogs.univ-tlse2.fr\/stomia\/laury-beaubrun-en-famille-diant\/\" class=\"more-link\">Continuer la lecture de <span class=\"screen-reader-text\">Laury Beaubrun-En-Famille-Diant<\/span> <span class=\"meta-nav\">&rarr;<\/span><\/a><\/p>\n","protected":false},"author":400,"featured_media":0,"parent":0,"menu_order":0,"comment_status":"closed","ping_status":"closed","template":"","meta":{"footnotes":""},"class_list":["post-15","page","type-page","status-publish","hentry"],"_links":{"self":[{"href":"https:\/\/blogs.univ-tlse2.fr\/stomia\/wp-json\/wp\/v2\/pages\/15","targetHints":{"allow":["GET"]}}],"collection":[{"href":"https:\/\/blogs.univ-tlse2.fr\/stomia\/wp-json\/wp\/v2\/pages"}],"about":[{"href":"https:\/\/blogs.univ-tlse2.fr\/stomia\/wp-json\/wp\/v2\/types\/page"}],"author":[{"embeddable":true,"href":"https:\/\/blogs.univ-tlse2.fr\/stomia\/wp-json\/wp\/v2\/users\/400"}],"replies":[{"embeddable":true,"href":"https:\/\/blogs.univ-tlse2.fr\/stomia\/wp-json\/wp\/v2\/comments?post=15"}],"version-history":[{"count":6,"href":"https:\/\/blogs.univ-tlse2.fr\/stomia\/wp-json\/wp\/v2\/pages\/15\/revisions"}],"predecessor-version":[{"id":57,"href":"https:\/\/blogs.univ-tlse2.fr\/stomia\/wp-json\/wp\/v2\/pages\/15\/revisions\/57"}],"wp:attachment":[{"href":"https:\/\/blogs.univ-tlse2.fr\/stomia\/wp-json\/wp\/v2\/media?parent=15"}],"curies":[{"name":"wp","href":"https:\/\/api.w.org\/{rel}","templated":true}]}}