 {"id":2,"date":"2017-03-14T17:27:36","date_gmt":"2017-03-14T16:27:36","guid":{"rendered":"https:\/\/blogs.univ-tlse2.fr\/stomia\/?page_id=2"},"modified":"2017-06-14T23:35:28","modified_gmt":"2017-06-14T21:35:28","slug":"page-d-exemple","status":"publish","type":"page","link":"https:\/\/blogs.univ-tlse2.fr\/stomia\/page-d-exemple\/","title":{"rendered":"Acteurs de la recherche"},"content":{"rendered":"<p style=\"text-align: center\"><strong><u>M\u00e9decins Porteurs de l\u2019\u00e9tude<\/u><\/strong><\/p>\n<ul>\n<li><strong>Pr PORTIER Guillaume <\/strong><\/li>\n<\/ul>\n<p><strong>Chef du service de chirurgie digestive et coordinateur du programme d\u2019\u00e9ducation th\u00e9rapeutique destin\u00e9s aux patients\u00a0<\/strong><b>stomis\u00e9s<\/b><\/p>\n<p>Service chirurgie g\u00e9n\u00e9rale et digestive H\u00f4pital Purpan -Place du Docteur Baylac- TSA 40031- 31059\u00a0Toulouse Cedex 9<\/p>\n<ul>\n<li><strong>Pr ROUDI\u00c9 Jean <\/strong><\/li>\n<\/ul>\n<p><strong>Chef du service de chirurgie OB Digestive et visc\u00e9rale Martinique<\/strong><\/p>\n<p>Service Chirurgie OB Digestive et Visc\u00e9rale-\u00a0Centre Hospitalier de la Martinique, Site Pierre Zobda Quitman, Quartier La Meynard, 97200 FORT-DE-FRANCE<\/p>\n<ul>\n<li><strong>Les \u00e9quipes soignantes de Martinique et de Purpan (infirmier(e)s, aide-soignant(e)s)).<\/strong><\/li>\n<\/ul>\n<p>&nbsp;<\/p>\n<p style=\"text-align: center\"><strong><u>Les scientifiques<\/u><\/strong><\/p>\n<ul>\n<li style=\"text-align: left\"><strong>SORDES Florence<\/strong><\/li>\n<\/ul>\n<p><strong>Ma\u00eetre de Conf\u00e9rence en Psychopathologie clinique, psychologie de la sant\u00e9, neurosciences- HDR\u00a0 \u00e0 l\u2019Universit\u00e9 de Toulouse II-Jean Jaur\u00e8s<\/strong><\/p>\n<p><strong>Directrice de th\u00e8se de cette recherche <\/strong><\/p>\n<p>Laboratoire CERPPS, P\u00f4le 3- Universit\u00e9 Toulouse le Mirail-5, all\u00e9es Antonio Machado-31000 Toulouse<\/p>\n<p><strong>Email\u00a0: <\/strong><a href=\"m&#97;&#x69;&#x6c;to&#58;&#x73;&#x6f;r&#100;&#x65;&#x73;&#64;u&#110;&#x69;&#x76;-&#116;&#x6c;&#x73;e2&#46;&#x66;&#x72;\"><strong>&#x73;&#111;rd&#x65;&#x73;&#64;u&#x6e;&#x69;v-&#x74;&#x6c;&#115;e&#x32;&#x2e;&#102;r<\/strong><\/a><\/p>\n<ul>\n<li><strong>Pr BLICHARSKA Teresa<\/strong><\/li>\n<\/ul>\n<p><strong>Professeur en psychologie du d\u00e9veloppement \u00e0 l\u2019Universit\u00e9 de Toulouse II-Jean Jaur\u00e8s<\/strong><\/p>\n<p><strong>Co-Directrice de th\u00e8se<\/strong><\/p>\n<p>Laboratoire CERPPS, P\u00f4le 2- Psychopathologie d\u00e9veloppementale &#8211; Bureau 100, Maison de la Recherche-\u00a0Universit\u00e9 de Toulouse II, Jean Jaur\u00e8s &#8211; 5 All\u00e9es Antonio Machado -31058 TOULOUSE Cedex 9<\/p>\n<p><strong>Email\u00a0<\/strong>:\u00a0<strong><a href=\"&#109;&#x61;i&#x6c;t&#x6f;:&#98;&#x6c;&#105;&#x63;h&#x61;r&#x73;&#64;&#117;&#x6e;i&#x76;-&#x74;l&#x73;&#x65;&#50;&#x2e;f&#x72;\">&#x62;li&#x63;&#104;a&#x72;&#115;&#64;&#x75;&#110;i&#x76;&#45;t&#x6c;&#x73;e&#x32;&#x2e;f&#x72;<\/a><\/strong><\/p>\n<ul>\n<li><strong>BEAUBRUN EN FAMILLE DIANT Laury<\/strong><\/li>\n<\/ul>\n<p><strong>Psychologue clinicienne sp\u00e9cialiste de la psychologie de la Sant\u00e9 \/ Doctorante<\/strong><\/p>\n<p>Affili\u00e9e au laboratoire CERPPS (Centre d\u2019Etudes et de Recherche en Psychopathologie et psychologie de la Sant\u00e9).<\/p>\n<p><strong>T\u00e9l\u00a0: +33 (0)6.49.63.91.90\u00a0\u00a0\u00a0\u00a0\u00a0\u00a0\u00a0\u00a0\u00a0\u00a0\u00a0\u00a0\u00a0<\/strong><\/p>\n<p style=\"text-align: center\"><strong>\u00a0\u00a0\u00a0\u00a0 Email\u00a0:\u00a0<\/strong><span style=\"color: #ff6600\"><strong>\u00a0l<\/strong><\/span><strong><a href=\"m&#97;&#x69;lt&#x6f;&#x3a;La&#x75;&#x72;y&#46;&#x62;&#x65;a&#117;&#x62;&#x72;u&#110;&#x2d;&#x65;n&#45;&#x66;am&#105;&#x6c;le&#x2d;&#x64;ia&#x6e;&#x74;&#64;&#101;&#x74;&#x75;&#46;&#117;&#x6e;&#x69;v&#45;&#x74;&#x6c;s&#101;&#x32;&#46;f&#x72;\">a&#x75;r&#121;&#x2e;b&#x65;&#x61;u&#x62;r&#117;&#x6e;-&#101;&#x6e;-&#x66;a&#109;&#x69;l&#108;&#x65;-&#x64;&#x69;a&#x6e;t&#64;&#x75;n&#x69;&#x76;-&#x74;l&#115;&#x65;2&#46;&#x66;r<\/a>\u00a0\u00a0<\/strong><\/p>\n<p>Maison de la Recherche-Bureau A102b- 5 All\u00e9es Antonio Machado- 31058 TOULOUSE- Cedex<\/p>\n<p style=\"text-align: center\"><strong><u>Les partenaires<\/u><\/strong><\/p>\n<ul>\n<li style=\"text-align: center\"><strong>Fsk:<\/strong> Prestataire de services- Sp\u00e9cialiste dans l&rsquo;assistance aux\u00a0personnes stomis\u00e9es<\/li>\n<\/ul>\n<p>&nbsp;<\/p>\n<hr \/>\n<p style=\"text-align: center\"><strong>\u00a0<\/strong><strong>Si vous souhaitez des informations suppl\u00e9mentaires au sujet de cette \u00e9tude vous pouvez nous contacter \u00a0\u00e0 l\u2019adresse suivante\u00a0:<\/strong><\/p>\n<p style=\"text-align: center\"><strong>Maison de la Recherche-<\/strong><\/p>\n<p style=\"text-align: center\"><strong>5 All\u00e9es Antonio Machado- Bureau A102b<\/strong><\/p>\n<p style=\"text-align: center\"><strong>31058 TOULOUSE<\/strong><\/p>\n<p style=\"text-align: center\"><strong>06.49.63.91.90<\/strong><\/p>\n<p style=\"text-align: center\"><strong>recherche&#46;stomia&#64;un&#105;&#118;&#45;&#116;&#108;&#115;&#101;&#50;&#x2e;&#x66;&#x72;<\/strong><\/p>\n<hr \/>\n<p style=\"text-align: center\"><span style=\"color: #ff6600\"><strong>Cette recherche est financ\u00e9e par la collectivit\u00e9 territoriale de la Martinique<\/strong><\/span><\/p>\n<p style=\"text-align: center\">\n","protected":false},"excerpt":{"rendered":"<p>M\u00e9decins Porteurs de l\u2019\u00e9tude Pr PORTIER Guillaume Chef du service de chirurgie digestive et coordinateur du programme d\u2019\u00e9ducation th\u00e9rapeutique destin\u00e9s aux patients\u00a0stomis\u00e9s Service chirurgie g\u00e9n\u00e9rale et digestive H\u00f4pital Purpan -Place du Docteur Baylac- TSA 40031- 31059\u00a0Toulouse Cedex 9 Pr ROUDI\u00c9 Jean Chef du service de chirurgie OB Digestive et visc\u00e9rale Martinique Service Chirurgie OB Digestive &hellip; <a href=\"https:\/\/blogs.univ-tlse2.fr\/stomia\/page-d-exemple\/\" class=\"more-link\">Continuer la lecture de <span class=\"screen-reader-text\">Acteurs de la recherche<\/span> <span class=\"meta-nav\">&rarr;<\/span><\/a><\/p>\n","protected":false},"author":400,"featured_media":0,"parent":0,"menu_order":0,"comment_status":"closed","ping_status":"closed","template":"","meta":{"footnotes":""},"class_list":["post-2","page","type-page","status-publish","hentry"],"_links":{"self":[{"href":"https:\/\/blogs.univ-tlse2.fr\/stomia\/wp-json\/wp\/v2\/pages\/2","targetHints":{"allow":["GET"]}}],"collection":[{"href":"https:\/\/blogs.univ-tlse2.fr\/stomia\/wp-json\/wp\/v2\/pages"}],"about":[{"href":"https:\/\/blogs.univ-tlse2.fr\/stomia\/wp-json\/wp\/v2\/types\/page"}],"author":[{"embeddable":true,"href":"https:\/\/blogs.univ-tlse2.fr\/stomia\/wp-json\/wp\/v2\/users\/400"}],"replies":[{"embeddable":true,"href":"https:\/\/blogs.univ-tlse2.fr\/stomia\/wp-json\/wp\/v2\/comments?post=2"}],"version-history":[{"count":9,"href":"https:\/\/blogs.univ-tlse2.fr\/stomia\/wp-json\/wp\/v2\/pages\/2\/revisions"}],"predecessor-version":[{"id":59,"href":"https:\/\/blogs.univ-tlse2.fr\/stomia\/wp-json\/wp\/v2\/pages\/2\/revisions\/59"}],"wp:attachment":[{"href":"https:\/\/blogs.univ-tlse2.fr\/stomia\/wp-json\/wp\/v2\/media?parent=2"}],"curies":[{"name":"wp","href":"https:\/\/api.w.org\/{rel}","templated":true}]}}