 {"id":34,"date":"2017-03-16T10:48:59","date_gmt":"2017-03-16T09:48:59","guid":{"rendered":"https:\/\/blogs.univ-tlse2.fr\/stomia\/?page_id=34"},"modified":"2017-04-06T08:43:26","modified_gmt":"2017-04-06T06:43:26","slug":"bienvenue","status":"publish","type":"page","link":"https:\/\/blogs.univ-tlse2.fr\/stomia\/","title":{"rendered":"Bienvenue"},"content":{"rendered":"<p style=\"text-align: center\"><strong>Votre participation nous est tr\u00e8s pr\u00e9cieuse. Avec votre aide, la recherche avancera et d\u2019autres patients en profiteront \u00e9galement.<\/strong><\/p>\n<p>Nous r\u00e9alisons cette recherche afin d\u2019am\u00e9liorer le bien-\u00eatre et le confort des patients porteurs d\u2019une stomie \u00e0 l\u2019h\u00f4pital et \u00e0 leur domicile.<\/p>\n<p>La mise en place de la stomie est essentielle pour votre sant\u00e9 et n\u00e9cessite une adaptation dans tous les aspects de la vie aussi bien physique, personnelle et sociale. Cette adaptation est incontournable pour jouir d\u2019une bonne qualit\u00e9 de vie.<\/p>\n<p>A partir de cette \u00e9tude, nous nous interrogerons sur les deux points suivants\u00a0:<\/p>\n<ul>\n<li>Comment est-il possible d\u2019am\u00e9liorer votre adaptation et votre bien-\u00eatre au quotidien avec la stomie\u00a0?<\/li>\n<li>Quelle est l\u2019influence des pratiques d\u2019accompagnements et de soins dont vous b\u00e9n\u00e9ficiez, propos\u00e9 par l\u2019\u00e9quipe sur votre qualit\u00e9\u00a0de vie et votre adaptation \u00e0 la stomie\u00a0?<\/li>\n<\/ul>\n<p>Nous souhaitons am\u00e9liorer les programmes de prise en charge et d\u2019aide des patients porteurs d\u2019une stomie.<\/p>\n<p>Nous portons un grand int\u00e9r\u00eat aux v\u00e9cus des patients porteurs d\u2019une stomie. Nous esp\u00e9rons par le biais de votre participation am\u00e9liorer la qualit\u00e9 des soins et les diff\u00e9rents programmes de prise en charge et d\u2019aide propos\u00e9 aux patients, en tenant compte de vos besoins.<\/p>\n<p><strong>Si ce projet vous int\u00e9resse, cliquez sur l\u2019onglet \u00ab\u00a0<u>Participer \u00e0 la recherche<\/u>\u00a0\u00bb.<\/strong><\/p>\n","protected":false},"excerpt":{"rendered":"<p>Votre participation nous est tr\u00e8s pr\u00e9cieuse. Avec votre aide, la recherche avancera et d\u2019autres patients en profiteront \u00e9galement. Nous r\u00e9alisons cette recherche afin d\u2019am\u00e9liorer le bien-\u00eatre et le confort des patients porteurs d\u2019une stomie \u00e0 l\u2019h\u00f4pital et \u00e0 leur domicile. La mise en place de la stomie est essentielle pour votre sant\u00e9 et n\u00e9cessite une &hellip; <a href=\"https:\/\/blogs.univ-tlse2.fr\/stomia\/\" class=\"more-link\">Continuer la lecture de <span class=\"screen-reader-text\">Bienvenue<\/span> <span class=\"meta-nav\">&rarr;<\/span><\/a><\/p>\n","protected":false},"author":400,"featured_media":0,"parent":0,"menu_order":0,"comment_status":"closed","ping_status":"closed","template":"","meta":{"footnotes":""},"class_list":["post-34","page","type-page","status-publish","hentry"],"_links":{"self":[{"href":"https:\/\/blogs.univ-tlse2.fr\/stomia\/wp-json\/wp\/v2\/pages\/34","targetHints":{"allow":["GET"]}}],"collection":[{"href":"https:\/\/blogs.univ-tlse2.fr\/stomia\/wp-json\/wp\/v2\/pages"}],"about":[{"href":"https:\/\/blogs.univ-tlse2.fr\/stomia\/wp-json\/wp\/v2\/types\/page"}],"author":[{"embeddable":true,"href":"https:\/\/blogs.univ-tlse2.fr\/stomia\/wp-json\/wp\/v2\/users\/400"}],"replies":[{"embeddable":true,"href":"https:\/\/blogs.univ-tlse2.fr\/stomia\/wp-json\/wp\/v2\/comments?post=34"}],"version-history":[{"count":3,"href":"https:\/\/blogs.univ-tlse2.fr\/stomia\/wp-json\/wp\/v2\/pages\/34\/revisions"}],"predecessor-version":[{"id":48,"href":"https:\/\/blogs.univ-tlse2.fr\/stomia\/wp-json\/wp\/v2\/pages\/34\/revisions\/48"}],"wp:attachment":[{"href":"https:\/\/blogs.univ-tlse2.fr\/stomia\/wp-json\/wp\/v2\/media?parent=34"}],"curies":[{"name":"wp","href":"https:\/\/api.w.org\/{rel}","templated":true}]}}