 {"id":117,"date":"2012-11-01T20:25:09","date_gmt":"2012-11-01T19:25:09","guid":{"rendered":"https:\/\/blogs.univ-tlse2.fr\/tact\/?page_id=117"},"modified":"2013-08-09T09:50:37","modified_gmt":"2013-08-09T07:50:37","slug":"la-these-et-le-lol","status":"publish","type":"page","link":"https:\/\/blogs.univ-tlse2.fr\/tact\/la-these-et-le-lol\/","title":{"rendered":"La th\u00e8se et le lol"},"content":{"rendered":"<p><a href=\"https:\/\/blogs.univ-tlse2.fr\/tact\/files\/2012\/11\/Th\u00e8se-lol.jpg\"><img loading=\"lazy\" decoding=\"async\" class=\"aligncenter size-full wp-image-119\" src=\"https:\/\/blogs.univ-tlse2.fr\/tact\/files\/2012\/11\/Th\u00e8se-lol.jpg\" alt=\"\" width=\"1200\" height=\"400\" srcset=\"https:\/\/blogs.univ-tlse2.fr\/tact\/files\/2012\/11\/Th\u00e8se-lol.jpg 1200w, https:\/\/blogs.univ-tlse2.fr\/tact\/files\/2012\/11\/Th\u00e8se-lol-300x100.jpg 300w, https:\/\/blogs.univ-tlse2.fr\/tact\/files\/2012\/11\/Th\u00e8se-lol-1024x341.jpg 1024w\" sizes=\"auto, (max-width: 1200px) 100vw, 1200px\" \/><\/a>\u00a0Parce que la th\u00e8se, c&rsquo;est difficile ;<\/p>\n<p>Parce qu&rsquo;on peut \u00eatre \u00e9tudiant ET enseignant ;<\/p>\n<p>Parce que \u00eatre un th\u00e9sard, c&rsquo;est \u00eatre trop vieux pour \u00eatre \u00e9tudiant et pourtant pas souvent ins\u00e9r\u00e9 dans la vie active ;<\/p>\n<div>Parce que finalement, la meilleure th\u00e9rapie pour nos soucis, c&rsquo;est encore le rire ;<\/div>\n<div><\/div>\n<div>Et comme le doctorat se pr\u00eate si bien \u00e0 cet exercice, voici quelques liens pour faire travailler vos zygomatiques :<\/div>\n<div>&#8211; <a href=\"http:\/\/www.phdelirium.com\/\">PHDelirium, la th\u00e8se nuit gravement \u00e0 la sant\u00e9<\/a> : un dessin sur le doctorat et ses d\u00e9viances tous les jeudis.<\/div>\n<div>&#8211; <a href=\"http:\/\/cielmondoctorat.tumblr.com\/\">Ciel mon doctorat !<\/a> : compte Tumblr qui illustre les situations du doctorat gr\u00e2ce \u00e0 des gifts anim\u00e9s.<\/div>\n<div>&#8211; <a href=\"http:\/\/bureau14.illustrateur.org\/\">Bureau 14\u00a0<\/a>,\u00a0Chlo\u00e9 <a href=\"http:\/\/jellybaby.over-blog.com\/\">Dupr\u00e8s, doctorante<\/a>, <a href=\"http:\/\/lapinobservateur.over-blog.com\/\">Vie de <del>th\u00e9sarde<\/del> jeune docteure<\/a>\u00a0: blogs BD illustr\u00e9s.<\/div>\n<div>&#8211; <a href=\"http:\/\/www.phdcomics.com\/comics.php\">PHDcomics<\/a> : leur anc\u00eatre \u00e0 tous (attention, anglophiles s&rsquo;abstenir&#8230;)<\/div>\n<p>&nbsp;<\/p>\n<p>&nbsp;<\/p>\n<p>&nbsp;<\/p>\n<p>&nbsp;<\/p>\n","protected":false},"excerpt":{"rendered":"<p>\u00a0Parce que la th\u00e8se, c&rsquo;est difficile ; Parce qu&rsquo;on peut \u00eatre \u00e9tudiant ET enseignant ; Parce que \u00eatre un th\u00e9sard, c&rsquo;est \u00eatre trop vieux pour \u00eatre \u00e9tudiant et pourtant pas souvent ins\u00e9r\u00e9 dans la vie active ; Parce que finalement, la meilleure th\u00e9rapie pour nos soucis, c&rsquo;est encore le rire ; Et comme le doctorat &hellip; <a href=\"https:\/\/blogs.univ-tlse2.fr\/tact\/la-these-et-le-lol\/\" class=\"more-link\">Continuer la lecture de <span class=\"screen-reader-text\">La th\u00e8se et le lol<\/span>  <span class=\"meta-nav\">&rarr;<\/span><\/a><\/p>\n","protected":false},"author":86,"featured_media":0,"parent":0,"menu_order":0,"comment_status":"closed","ping_status":"closed","template":"","meta":{"footnotes":""},"class_list":["post-117","page","type-page","status-publish","hentry"],"_links":{"self":[{"href":"https:\/\/blogs.univ-tlse2.fr\/tact\/wp-json\/wp\/v2\/pages\/117","targetHints":{"allow":["GET"]}}],"collection":[{"href":"https:\/\/blogs.univ-tlse2.fr\/tact\/wp-json\/wp\/v2\/pages"}],"about":[{"href":"https:\/\/blogs.univ-tlse2.fr\/tact\/wp-json\/wp\/v2\/types\/page"}],"author":[{"embeddable":true,"href":"https:\/\/blogs.univ-tlse2.fr\/tact\/wp-json\/wp\/v2\/users\/86"}],"replies":[{"embeddable":true,"href":"https:\/\/blogs.univ-tlse2.fr\/tact\/wp-json\/wp\/v2\/comments?post=117"}],"version-history":[{"count":5,"href":"https:\/\/blogs.univ-tlse2.fr\/tact\/wp-json\/wp\/v2\/pages\/117\/revisions"}],"predecessor-version":[{"id":121,"href":"https:\/\/blogs.univ-tlse2.fr\/tact\/wp-json\/wp\/v2\/pages\/117\/revisions\/121"}],"wp:attachment":[{"href":"https:\/\/blogs.univ-tlse2.fr\/tact\/wp-json\/wp\/v2\/media?parent=117"}],"curies":[{"name":"wp","href":"https:\/\/api.w.org\/{rel}","templated":true}]}}