 {"id":125,"date":"2012-11-16T10:25:40","date_gmt":"2012-11-16T09:25:40","guid":{"rendered":"https:\/\/blogs.univ-tlse2.fr\/tact\/?page_id=125"},"modified":"2013-08-09T09:49:13","modified_gmt":"2013-08-09T07:49:13","slug":"le-doctorat-cest-aussi-etre-bien-informe","status":"publish","type":"page","link":"https:\/\/blogs.univ-tlse2.fr\/tact\/le-doctorat-cest-aussi-etre-bien-informe\/","title":{"rendered":"Le doctorat, c&rsquo;est aussi \u00eatre bien inform\u00e9!"},"content":{"rendered":"<h1 style=\"text-align: center\"><a href=\"https:\/\/blogs.univ-tlse2.fr\/tact\/files\/2012\/11\/shadoks-2.jpg\"><img loading=\"lazy\" decoding=\"async\" class=\"alignleft  wp-image-192\" src=\"https:\/\/blogs.univ-tlse2.fr\/tact\/files\/2012\/11\/shadoks-2-282x300.jpg\" alt=\"\" width=\"401\" height=\"442\" \/><\/a>Le doctorat, c&rsquo;est aussi \u00eatre bien inform\u00e9!<\/h1>\n<p>&nbsp;<\/p>\n<p>Nos diff\u00e9rents r\u00f4les nous obligent \u00e0 sortir pleins de petites antennes vers les diff\u00e9rents domaines qui nous int\u00e9ressent : recherche, enseignement, nouvelles technologies, domaine scientifique pr\u00e9cis, etc.<\/p>\n<p>On a list\u00e9 pour vous les principaux sites\/blogs\/compte twitter qui peuvent \u00eatre utiles quand on est doctorant! Mais bien \u00e9videmment, cette liste est vou\u00e9e \u00e0 \u00e9voluer et \u00e0 s&rsquo;enrichir!<\/p>\n<p><strong><a href=\"#Doctorat\">+C\u00f4t\u00e9 doctorat<\/a><\/strong><\/p>\n<p><strong><a href=\"#EnseignementSup\">++C\u00f4t\u00e9 Enseignement SUP&amp;Recherche<\/a><\/strong><\/p>\n<p><strong><a href=\"#Secondaire\">++&#8211;++C\u00f4t\u00e9 \u00ab\u00a0secondaire\u00a0\u00bb <\/a><\/strong><\/p>\n<p><strong><a href=\"#Recherche\">++\u00b0\u00b0++C\u00f4t\u00e9 \u00ab\u00a0vie de la recherche\u00a0\u00bb<\/a><\/strong><\/p>\n<p><a name=\"Doctorat\"><\/a><strong>+C\u00f4t\u00e9 doctorat<\/strong><\/p>\n<p><a href=\"http:\/\/www.collectif-papera.org\/\">+Le collectif Papera<\/a> V\u00e9ritable couteau-suisse de l&rsquo;information, fond\u00e9 par <a href=\"http:\/\/doctrix2012.wordpress.com\/2012\/10\/08\/julien-hering-papera-et-le-doctorat\/\"> Julien Hering<\/a>.<\/p>\n<p><a href=\"http:\/\/blog.educpros.fr\/doctrix\/\">+Doctrix<\/a> et son double sp\u00e9cial politique <a href=\"http:\/\/doctrix2012.wordpress.com\/\">Doctrix2012<\/a> TOUT et TOUT sur le doctorat, l&rsquo;actu, la politique et le doctorat! Questionnements, reportages, comparatifs. Sur Doctrix, \u00e7a enqu\u00eate s\u00e9v\u00e8re.<\/p>\n<p><a href=\"http:\/\/act.hypotheses.org\/\">+Les Aspects Concrets de la Th\u00e8se<\/a> Blog sur hypoth\u00e8ses.org sur LA TH\u00c8SE, sur comment on donne des cours pendant la th\u00e8se, sur le stress, sur la relation doctorant\/directeur&#8230; tout \u00e7a&#8230;<\/p>\n<p>+<a href=\"http:\/\/enthese.hypotheses.org\/\">Ressources pour la th\u00e8se et au-del\u00e0. M\u00e9thodologie, outils et astuces du (jeune) chercheur\u00a0<\/a> Blog sur Hypoth\u00e8ses de l&rsquo;association ENth\u00e8Se qui publie de nombreux billets sur le doctorat.<\/p>\n<p>&nbsp;<\/p>\n<p><a name=\"EnseignementSup\"><\/a><strong>++C\u00f4t\u00e9 Enseignement SUP&amp;Recherche<\/strong><\/p>\n<p><a href=\"http:\/\/www.letudiant.fr\/educpros\/\">++educpro<\/a> L&rsquo;actu, les news, les gens du SUP! Un site et aussi une plateforme de blogueurs hyperactifs!<\/p>\n<p><a href=\"https:\/\/twitter.com\/ActuDesFacs\">++doct\u00e9o<\/a> (sur Twitter) Un bon relai des nouveaut\u00e9s et de l&rsquo;actualit\u00e9 autour de l&rsquo;enseignement sup et la recherche.<\/p>\n<p><a href=\"http:\/\/rachelgliese.wordpress.com\/\">++Ga\u00efa Universitas<\/a> Blog collaboratif qui n&rsquo;a pas peur de poser les vraies questions. Les commentaires partent souvent en long d\u00e9bat. En un mot, \u00e7a discute avenir.<\/p>\n<p><a href=\"http:\/\/www.sauvonsluniversite.com\/\">+++Sauvons l&rsquo;Universit\u00e9 (SLU)<\/a> N\u00e9 en 2009 autour de la Princesse de Cl\u00e8ves, Sauvons l&rsquo;Universit\u00e9 poursuit sa mission,\u00a0 d\u00e9fendre l&rsquo;universit\u00e9, et par l\u00e0 m\u00eame, d\u00e9fendre l&rsquo;Universit\u00e9. Et ce qui est sur, c&rsquo;est qu&rsquo;ils sont toujours l\u00e0.<\/p>\n<p><a href=\"http:\/\/sauvonslarecherche.fr\/\">+++Sauvons la Recherche (SLR)<\/a> Le grand fr\u00e8re de SLU, association qui a vu le jour en 2003-2004 pour d\u00e9fendre la recherche. Ils restent toujours actifs, ils sont \u00e9galement un bon moyen de savoir ce qu&rsquo;il se passe.<\/p>\n<p>&nbsp;<\/p>\n<p><a name=\"Secondaire\"><\/a><strong>++&#8211;++C\u00f4t\u00e9 \u00ab\u00a0secondaire\u00a0\u00bb <\/strong><\/p>\n<p><a href=\"http:\/\/www.cafepedagogique.net\/Pages\/Accueil.aspx\">++&#8211;++Le caf\u00e9 p\u00e9dagogique<\/a> Tous les matins, un expresso s&rsquo;il vous plait!<\/p>\n<p><a href=\"http:\/\/www.vousnousils.fr\/\">++&#8211;++VousNousIls<\/a> Le e-mag de l&rsquo;\u00e9ducation, \u00e7a parle de tout, de la maternelle \u00e0 la terminale. D\u00e9pression des profs, nouvelles m\u00e9thodes d&rsquo;enseignements, etc.<\/p>\n<p><a href=\"http:\/\/le-mammouth-dechaine.fr\/\">++&#8211;++Le mammouth d\u00e9chain\u00e9<\/a> Petit blog satirique inspir\u00e9 du Canard Enchain\u00e9 sur l&rsquo;\u00e9ducation (c\u00e9l\u00e8bre Mammouth \u00e0 d\u00e9graisser).<\/p>\n<p>&nbsp;<\/p>\n<p><a name=\"Recherche\"><\/a><strong>++\u00b0\u00b0++C\u00f4t\u00e9 \u00ab\u00a0vie de la recherche\u00a0\u00bb<\/strong><\/p>\n<p><a href=\"http:\/\/www.fabula.org\/\">++\u00b0\u00b0++Fabula.org<\/a> Un site et un r\u00e9seau d\u00e9di\u00e9 \u00e0 la recherche en litt\u00e9rature! Un appel \u00e0 com? Pensez \u00e0 eux!<\/p>\n<p><a href=\"http:\/\/www.deuxieme-labo.fr\/\">++\u00b0\u00b0++2\u00e8melabo<\/a> Hyperactifs, hyperconnect\u00e9s, nouvelles technologies et humanit\u00e9s num\u00e9riques.<\/p>\n<p><a href=\"http:\/\/www.boiteaoutils.info\/\">++\u00b0\u00b0++La boite \u00e0 outils des historien<\/a>s : pour les historiens mais aussi pour tous les chercheurs en SHS qui veulent g\u00e9rer leurs donn\u00e9es, conna\u00eetre de nouveaux logiciels (ZOtero, LatEX, Evernote&#8230;). Administr\u00e9s par deux th\u00e9sards de l&rsquo;EHESS.<\/p>\n<p><a href=\"http:\/\/devhist.hypotheses.org\/\">++\u00b0\u00b0++Devenir historien<\/a> : administr\u00e9 par les m\u00eames th\u00e9sards qu&rsquo;au dessus, blog sur Hypoth\u00e8ses consacr\u00e9 \u00e0 la recherche en histoire.<\/p>\n","protected":false},"excerpt":{"rendered":"<p>Le doctorat, c&rsquo;est aussi \u00eatre bien inform\u00e9! &nbsp; Nos diff\u00e9rents r\u00f4les nous obligent \u00e0 sortir pleins de petites antennes vers les diff\u00e9rents domaines qui nous int\u00e9ressent : recherche, enseignement, nouvelles technologies, domaine scientifique pr\u00e9cis, etc. On a list\u00e9 pour vous les principaux sites\/blogs\/compte twitter qui peuvent \u00eatre utiles quand on est doctorant! Mais bien \u00e9videmment, &hellip; <a href=\"https:\/\/blogs.univ-tlse2.fr\/tact\/le-doctorat-cest-aussi-etre-bien-informe\/\" class=\"more-link\">Continuer la lecture de <span class=\"screen-reader-text\">Le doctorat, c&rsquo;est aussi \u00eatre bien inform\u00e9!<\/span>  <span class=\"meta-nav\">&rarr;<\/span><\/a><\/p>\n","protected":false},"author":145,"featured_media":0,"parent":0,"menu_order":0,"comment_status":"closed","ping_status":"closed","template":"","meta":{"footnotes":""},"class_list":["post-125","page","type-page","status-publish","hentry"],"_links":{"self":[{"href":"https:\/\/blogs.univ-tlse2.fr\/tact\/wp-json\/wp\/v2\/pages\/125","targetHints":{"allow":["GET"]}}],"collection":[{"href":"https:\/\/blogs.univ-tlse2.fr\/tact\/wp-json\/wp\/v2\/pages"}],"about":[{"href":"https:\/\/blogs.univ-tlse2.fr\/tact\/wp-json\/wp\/v2\/types\/page"}],"author":[{"embeddable":true,"href":"https:\/\/blogs.univ-tlse2.fr\/tact\/wp-json\/wp\/v2\/users\/145"}],"replies":[{"embeddable":true,"href":"https:\/\/blogs.univ-tlse2.fr\/tact\/wp-json\/wp\/v2\/comments?post=125"}],"version-history":[{"count":19,"href":"https:\/\/blogs.univ-tlse2.fr\/tact\/wp-json\/wp\/v2\/pages\/125\/revisions"}],"predecessor-version":[{"id":194,"href":"https:\/\/blogs.univ-tlse2.fr\/tact\/wp-json\/wp\/v2\/pages\/125\/revisions\/194"}],"wp:attachment":[{"href":"https:\/\/blogs.univ-tlse2.fr\/tact\/wp-json\/wp\/v2\/media?parent=125"}],"curies":[{"name":"wp","href":"https:\/\/api.w.org\/{rel}","templated":true}]}}