 {"id":197,"date":"2012-11-16T10:44:08","date_gmt":"2012-11-16T09:44:08","guid":{"rendered":"https:\/\/blogs.univ-tlse2.fr\/tact\/?page_id=197"},"modified":"2012-11-16T10:44:08","modified_gmt":"2012-11-16T09:44:08","slug":"ressources-de-these","status":"publish","type":"page","link":"https:\/\/blogs.univ-tlse2.fr\/tact\/ressources-de-these\/","title":{"rendered":"Ressources de th\u00e8se"},"content":{"rendered":"<p>Vous trouverez sur ces pages toutes les ressources que nous avons list\u00e9 pour vous sur le net \u00e0 propos et en rapport avec le doctorat !<a href=\"https:\/\/blogs.univ-tlse2.fr\/tact\/files\/2012\/11\/cerveau.gif\"><img loading=\"lazy\" decoding=\"async\" class=\"alignleft size-medium wp-image-198\" src=\"https:\/\/blogs.univ-tlse2.fr\/tact\/files\/2012\/11\/cerveau-168x300.gif\" alt=\"\" width=\"168\" height=\"300\" srcset=\"https:\/\/blogs.univ-tlse2.fr\/tact\/files\/2012\/11\/cerveau-168x300.gif 168w, https:\/\/blogs.univ-tlse2.fr\/tact\/files\/2012\/11\/cerveau.gif 224w\" sizes=\"auto, (max-width: 168px) 100vw, 168px\" \/><\/a><\/p>\n","protected":false},"excerpt":{"rendered":"<p>Vous trouverez sur ces pages toutes les ressources que nous avons list\u00e9 pour vous sur le net \u00e0 propos et en rapport avec le doctorat !<\/p>\n","protected":false},"author":86,"featured_media":0,"parent":0,"menu_order":0,"comment_status":"open","ping_status":"open","template":"","meta":{"footnotes":""},"class_list":["post-197","page","type-page","status-publish","hentry"],"_links":{"self":[{"href":"https:\/\/blogs.univ-tlse2.fr\/tact\/wp-json\/wp\/v2\/pages\/197","targetHints":{"allow":["GET"]}}],"collection":[{"href":"https:\/\/blogs.univ-tlse2.fr\/tact\/wp-json\/wp\/v2\/pages"}],"about":[{"href":"https:\/\/blogs.univ-tlse2.fr\/tact\/wp-json\/wp\/v2\/types\/page"}],"author":[{"embeddable":true,"href":"https:\/\/blogs.univ-tlse2.fr\/tact\/wp-json\/wp\/v2\/users\/86"}],"replies":[{"embeddable":true,"href":"https:\/\/blogs.univ-tlse2.fr\/tact\/wp-json\/wp\/v2\/comments?post=197"}],"version-history":[{"count":2,"href":"https:\/\/blogs.univ-tlse2.fr\/tact\/wp-json\/wp\/v2\/pages\/197\/revisions"}],"predecessor-version":[{"id":203,"href":"https:\/\/blogs.univ-tlse2.fr\/tact\/wp-json\/wp\/v2\/pages\/197\/revisions\/203"}],"wp:attachment":[{"href":"https:\/\/blogs.univ-tlse2.fr\/tact\/wp-json\/wp\/v2\/media?parent=197"}],"curies":[{"name":"wp","href":"https:\/\/api.w.org\/{rel}","templated":true}]}}