 {"id":477,"date":"2014-10-14T02:10:31","date_gmt":"2014-10-14T00:10:31","guid":{"rendered":"https:\/\/blogs.univ-tlse2.fr\/tact\/?page_id=477"},"modified":"2014-10-14T02:59:00","modified_gmt":"2014-10-14T00:59:00","slug":"lassociation-tact","status":"publish","type":"page","link":"https:\/\/blogs.univ-tlse2.fr\/tact\/","title":{"rendered":"L&rsquo;association TACT?"},"content":{"rendered":"<p><a href=\"https:\/\/blogs.univ-tlse2.fr\/tact\/files\/2014\/02\/Logo-tact1001.png\"><img loading=\"lazy\" decoding=\"async\" class=\"alignleft size-full wp-image-436\" src=\"https:\/\/blogs.univ-tlse2.fr\/tact\/files\/2014\/02\/Logo-tact1001.png\" alt=\"Logo tact?100\" width=\"100\" height=\"100\" \/><\/a>L\u2019association \u201cTrois Ans et C\u2019est Tout ?\u201d est une toute jeune association n\u00e9e en octobre 2012. Toute jeune, mais d\u00e9j\u00e0 forte d\u2019un constat : les doctorants sont trop souvent isol\u00e9s, abandonn\u00e9s \u00e0 eux-m\u00eames, sans int\u00e9gration dans leurs laboratoires, ni contacts r\u00e9guliers entre eux ; ce qui se solde par de trop nombreux abandons de th\u00e8ses et des situations personnelles difficiles.<\/p>\n<p>Parce que la th\u00e8se est un long travail, que la situation du doctorant est paradoxale (trop vieux pour \u00eatre \u00e9tudiant, mais ne disposant g\u00e9n\u00e9ralement pas d\u2019un m\u00e9tier p\u00e9renne), nous avons d\u00e9cid\u00e9 de fonder cette association afin de cr\u00e9er ce lien qui fait souvent d\u00e9faut entre les doctorants de nos trois \u00e9coles.<\/p>\n<p>Cette association est une structure ouverte \u00e0 tous les doctorants d\u2019Allph@, Clesco et Tesc, ainsi qu\u2019aux doctorants de passage et aux docteurs de l\u2019universit\u00e9.<\/p>\n","protected":false},"excerpt":{"rendered":"<p>L\u2019association \u201cTrois Ans et C\u2019est Tout ?\u201d est une toute jeune association n\u00e9e en octobre 2012. Toute jeune, mais d\u00e9j\u00e0 forte d\u2019un constat : les doctorants sont trop souvent isol\u00e9s, abandonn\u00e9s \u00e0 eux-m\u00eames, sans int\u00e9gration dans leurs laboratoires, ni contacts r\u00e9guliers entre eux ; ce qui se solde par de trop nombreux abandons de th\u00e8ses &hellip; <a href=\"https:\/\/blogs.univ-tlse2.fr\/tact\/\" class=\"more-link\">Continuer la lecture de <span class=\"screen-reader-text\">L&rsquo;association TACT?<\/span>  <span class=\"meta-nav\">&rarr;<\/span><\/a><\/p>\n","protected":false},"author":86,"featured_media":0,"parent":27,"menu_order":0,"comment_status":"closed","ping_status":"closed","template":"","meta":{"footnotes":""},"class_list":["post-477","page","type-page","status-publish","hentry"],"_links":{"self":[{"href":"https:\/\/blogs.univ-tlse2.fr\/tact\/wp-json\/wp\/v2\/pages\/477","targetHints":{"allow":["GET"]}}],"collection":[{"href":"https:\/\/blogs.univ-tlse2.fr\/tact\/wp-json\/wp\/v2\/pages"}],"about":[{"href":"https:\/\/blogs.univ-tlse2.fr\/tact\/wp-json\/wp\/v2\/types\/page"}],"author":[{"embeddable":true,"href":"https:\/\/blogs.univ-tlse2.fr\/tact\/wp-json\/wp\/v2\/users\/86"}],"replies":[{"embeddable":true,"href":"https:\/\/blogs.univ-tlse2.fr\/tact\/wp-json\/wp\/v2\/comments?post=477"}],"version-history":[{"count":1,"href":"https:\/\/blogs.univ-tlse2.fr\/tact\/wp-json\/wp\/v2\/pages\/477\/revisions"}],"predecessor-version":[{"id":478,"href":"https:\/\/blogs.univ-tlse2.fr\/tact\/wp-json\/wp\/v2\/pages\/477\/revisions\/478"}],"up":[{"embeddable":true,"href":"https:\/\/blogs.univ-tlse2.fr\/tact\/wp-json\/wp\/v2\/pages\/27"}],"wp:attachment":[{"href":"https:\/\/blogs.univ-tlse2.fr\/tact\/wp-json\/wp\/v2\/media?parent=477"}],"curies":[{"name":"wp","href":"https:\/\/api.w.org\/{rel}","templated":true}]}}