 {"id":53,"date":"2012-10-29T22:54:08","date_gmt":"2012-10-29T21:54:08","guid":{"rendered":"https:\/\/blogs.univ-tlse2.fr\/tact\/?page_id=53"},"modified":"2013-01-28T14:27:39","modified_gmt":"2013-01-28T13:27:39","slug":"bureau-et-college-de-lassociation-20122013","status":"publish","type":"page","link":"https:\/\/blogs.univ-tlse2.fr\/tact\/lassociation\/bureau-et-college-de-lassociation-20122013\/","title":{"rendered":"Bureau et coll\u00e8ge de l&rsquo;association 2012\/2013"},"content":{"rendered":"<p><strong>Le bureau :\u00a0<\/strong><\/p>\n<p><em>Pr\u00e9sident<\/em> : <a href=\"http:\/\/framespa.univ-tlse2.fr\/actualites\/pratique\/annuaire\/poublanc-sebastien-68642.kjsp?STNAV=&amp;RUBNAV=&amp;RH=annuaire_framespa\">S\u00e9bastien Poublanc<\/a> (Tesc, FRAMESPA) ;<strong><em>\u00a0<\/em><\/strong><em>Vices-pr\u00e9sident(e)<\/em><em>s<\/em> : <a href=\"http:\/\/w3.erss.univ-tlse2.fr:8080\/index.jsp?perso=lalleman&amp;subURL=index.html\">Fanny Lalleman<\/a> (Clesco, CLLE), <a href=\"http:\/\/w3.cas.univ-tlse2.fr\/spip.php?article244\">\u00c9tienne F\u00e9vrier<\/a> (Allph@, CAS)<\/p>\n<p><em>Tr\u00e9sorier<\/em> : <a href=\"http:\/\/traces.univ-tlse2.fr\/accueil-traces\/equipes-de-recherche\/equipe-4-protohistoire-mondes-anciens-cultures-et-societes\/soler-matthieu-55842.kjsp?RH=protohistoire_traces\">Matthieu Soler<\/a> (Tesc,TRACES &amp; PHL)<\/p>\n<p><em>Secr\u00e9taire<\/em> : <a href=\"http:\/\/framespa.univ-tlse2.fr\/actualites\/pratique\/annuaire\/annuaire-des-doctorants\/rodrigo-annelise-204118.kjsp?RH=annuaire_framespa\">Annelise Rodrigo<\/a> (Tesc, FRAMESPA)<\/p>\n<p>&nbsp;<\/p>\n<p><strong>Le Coll\u00e8ge de l&rsquo;association (les membres du bureau sont membres du Coll\u00e8ge) :\u00a0<\/strong><\/p>\n<p><a href=\"http:\/\/framespa.univ-tlse2.fr\/actualites\/pratique\/annuaire\/roby-agathe-152104.kjsp?RH=annuaire_framespa\">Agathe Roby<\/a>\u00a0(Tesc, FRAMESPA),\u00a0<a href=\"http:\/\/plh.univ-tlse2.fr\/accueil-plh\/pratique\/l-annuaire\/scapin-mathieu-80968.kjsp?RH=annuaire_PLH\">Mathieu Scapin<\/a> (Tesc, PHL).<\/p>\n<p>&nbsp;<\/p>\n<p>&nbsp;<\/p>\n","protected":false},"excerpt":{"rendered":"<p>Le bureau :\u00a0 Pr\u00e9sident : S\u00e9bastien Poublanc (Tesc, FRAMESPA) ;\u00a0Vices-pr\u00e9sident(e)s : Fanny Lalleman (Clesco, CLLE), \u00c9tienne F\u00e9vrier (Allph@, CAS) Tr\u00e9sorier : Matthieu Soler (Tesc,TRACES &amp; PHL) Secr\u00e9taire : Annelise Rodrigo (Tesc, FRAMESPA) &nbsp; Le Coll\u00e8ge de l&rsquo;association (les membres du bureau sont membres du Coll\u00e8ge) :\u00a0 Agathe Roby\u00a0(Tesc, FRAMESPA),\u00a0Mathieu Scapin (Tesc, PHL). &nbsp; &nbsp;<\/p>\n","protected":false},"author":86,"featured_media":0,"parent":38,"menu_order":2,"comment_status":"open","ping_status":"open","template":"","meta":{"footnotes":""},"class_list":["post-53","page","type-page","status-publish","hentry"],"_links":{"self":[{"href":"https:\/\/blogs.univ-tlse2.fr\/tact\/wp-json\/wp\/v2\/pages\/53","targetHints":{"allow":["GET"]}}],"collection":[{"href":"https:\/\/blogs.univ-tlse2.fr\/tact\/wp-json\/wp\/v2\/pages"}],"about":[{"href":"https:\/\/blogs.univ-tlse2.fr\/tact\/wp-json\/wp\/v2\/types\/page"}],"author":[{"embeddable":true,"href":"https:\/\/blogs.univ-tlse2.fr\/tact\/wp-json\/wp\/v2\/users\/86"}],"replies":[{"embeddable":true,"href":"https:\/\/blogs.univ-tlse2.fr\/tact\/wp-json\/wp\/v2\/comments?post=53"}],"version-history":[{"count":9,"href":"https:\/\/blogs.univ-tlse2.fr\/tact\/wp-json\/wp\/v2\/pages\/53\/revisions"}],"predecessor-version":[{"id":60,"href":"https:\/\/blogs.univ-tlse2.fr\/tact\/wp-json\/wp\/v2\/pages\/53\/revisions\/60"}],"up":[{"embeddable":true,"href":"https:\/\/blogs.univ-tlse2.fr\/tact\/wp-json\/wp\/v2\/pages\/38"}],"wp:attachment":[{"href":"https:\/\/blogs.univ-tlse2.fr\/tact\/wp-json\/wp\/v2\/media?parent=53"}],"curies":[{"name":"wp","href":"https:\/\/api.w.org\/{rel}","templated":true}]}}