 {"id":54,"date":"2012-10-30T23:18:32","date_gmt":"2012-10-30T22:18:32","guid":{"rendered":"https:\/\/blogs.univ-tlse2.fr\/tact\/?page_id=54"},"modified":"2012-11-05T18:07:28","modified_gmt":"2012-11-05T17:07:28","slug":"adherer","status":"publish","type":"page","link":"https:\/\/blogs.univ-tlse2.fr\/tact\/adherer\/","title":{"rendered":"Adh\u00e9rer"},"content":{"rendered":"<p><strong>Pourquoi ?<\/strong><\/p>\n<p>Adh\u00e9rer \u00e0 TACT? permet de participer activement \u00e0 la vie universitaire en collaborant \u00e0 l\u2019organisation de nos conf\u00e9rences ou s\u00e9minaires\u2026 ou de toute autre activit\u00e9 dont\u00a0<em>vous<\/em>\u00a0pourriez avoir l\u2019id\u00e9e.<\/p>\n<p>Mais c\u2019est aussi \u2014 et avant tout \u2014 l\u2019occasion de rompre la solitude du doctorant en rencontrant des th\u00e9sards et des docteurs de toutes ann\u00e9es, de toutes disciplines en LSHS et des 3 ED. Et ce, g\u00e9n\u00e9ralement autour d&rsquo;un verre afin de briser la glace \ud83d\ude09<\/p>\n<p><strong>Qui ?<\/strong><\/p>\n<p>Tous les doctorants des \u00e9coles doctorales <a href=\"http:\/\/allpha.univ-tlse2.fr\/\">Allph@<\/a>, <a href=\"http:\/\/clesco.univ-tlse2.fr\/\">Clesco <\/a>et<a href=\"http:\/\/tesc.univ-tlse2.fr\/\"> Tesc<\/a>. Ainsi que tous les th\u00e9sards de passage au Mirail. Sans oublier les docteurs, jeunes ou moins jeunes, dipl\u00f4m\u00e9s du Mirail.<\/p>\n<p><strong>Comment ?<\/strong><\/p>\n<p>L\u2019adh\u00e9sion est payante : 5 euros pour les doctorants et 10 euros pour les docteurs. Quelle que soit votre situation, il vous suffit de :<\/p>\n<p>&#8211; nous envoyer un ch\u00e8que \u00a0adress\u00e9 \u00e0 l&rsquo;association \u00e0 l&rsquo;adresse suivante : Association Trois Ans et C&rsquo;est Tout ? (TACT?), Maison de la Recherche, 5 all\u00e9e Antonio Machado, 31058 Toulouse Cedex 9.<\/p>\n<p>&#8211; remplir le formulaire suivant et l&rsquo;envoyer \u00e0 l&rsquo;adresse suivante : &#8230; (en cours de cr\u00e9ation&#8230;)<\/p>\n","protected":false},"excerpt":{"rendered":"<p>Pourquoi ? Adh\u00e9rer \u00e0 TACT? permet de participer activement \u00e0 la vie universitaire en collaborant \u00e0 l\u2019organisation de nos conf\u00e9rences ou s\u00e9minaires\u2026 ou de toute autre activit\u00e9 dont\u00a0vous\u00a0pourriez avoir l\u2019id\u00e9e. Mais c\u2019est aussi \u2014 et avant tout \u2014 l\u2019occasion de rompre la solitude du doctorant en rencontrant des th\u00e9sards et des docteurs de toutes ann\u00e9es, &hellip; <a href=\"https:\/\/blogs.univ-tlse2.fr\/tact\/adherer\/\" class=\"more-link\">Continuer la lecture de <span class=\"screen-reader-text\">Adh\u00e9rer<\/span>  <span class=\"meta-nav\">&rarr;<\/span><\/a><\/p>\n","protected":false},"author":145,"featured_media":0,"parent":0,"menu_order":1,"comment_status":"open","ping_status":"open","template":"","meta":{"footnotes":""},"class_list":["post-54","page","type-page","status-publish","hentry"],"_links":{"self":[{"href":"https:\/\/blogs.univ-tlse2.fr\/tact\/wp-json\/wp\/v2\/pages\/54","targetHints":{"allow":["GET"]}}],"collection":[{"href":"https:\/\/blogs.univ-tlse2.fr\/tact\/wp-json\/wp\/v2\/pages"}],"about":[{"href":"https:\/\/blogs.univ-tlse2.fr\/tact\/wp-json\/wp\/v2\/types\/page"}],"author":[{"embeddable":true,"href":"https:\/\/blogs.univ-tlse2.fr\/tact\/wp-json\/wp\/v2\/users\/145"}],"replies":[{"embeddable":true,"href":"https:\/\/blogs.univ-tlse2.fr\/tact\/wp-json\/wp\/v2\/comments?post=54"}],"version-history":[{"count":8,"href":"https:\/\/blogs.univ-tlse2.fr\/tact\/wp-json\/wp\/v2\/pages\/54\/revisions"}],"predecessor-version":[{"id":89,"href":"https:\/\/blogs.univ-tlse2.fr\/tact\/wp-json\/wp\/v2\/pages\/54\/revisions\/89"}],"wp:attachment":[{"href":"https:\/\/blogs.univ-tlse2.fr\/tact\/wp-json\/wp\/v2\/media?parent=54"}],"curies":[{"name":"wp","href":"https:\/\/api.w.org\/{rel}","templated":true}]}}