 {"id":2,"date":"2014-09-23T13:27:59","date_gmt":"2014-09-23T13:27:59","guid":{"rendered":"https:\/\/blogs.univ-tlse2.fr\/tempushistoriae\/?page_id=2"},"modified":"2017-02-23T12:06:08","modified_gmt":"2017-02-23T11:06:08","slug":"contact","status":"publish","type":"page","link":"https:\/\/blogs.univ-tlse2.fr\/tempushistoriae\/contact\/","title":{"rendered":"Nous contacter"},"content":{"rendered":"<p>Pour discuter avec nous en-dehors de nos \u00e9v\u00e9nements publics, rendez-vous au <strong>bureau 124<\/strong>, au 1er \u00e9tage de la <strong>Maison des Initiatives Etudiantes<\/strong> de l&rsquo;Universit\u00e9 Toulouse 2 Jean-Jaur\u00e8s, o\u00f9 nous tenons une permanence chaque <strong>jeudi de 12h30 \u00e0 14h<\/strong>.<\/p>\n<p id=\"formulaire\">Pour toute question ou suggestion, ou pour vous inscrire \u00e0 notre <strong>lettre d&rsquo;information<\/strong>, vous pouvez \u00e9galement utiliser\u00a0le formulaire ci-dessous :<\/p>\n\n<div class=\"wpcf7 no-js\" id=\"wpcf7-f188-o1\" lang=\"fr-FR\" dir=\"ltr\" data-wpcf7-id=\"188\">\n<div class=\"screen-reader-response\"><p role=\"status\" aria-live=\"polite\" aria-atomic=\"true\"><\/p> <ul><\/ul><\/div>\n<form action=\"\/tempushistoriae\/wp-json\/wp\/v2\/pages\/2#wpcf7-f188-o1\" method=\"post\" class=\"wpcf7-form init\" aria-label=\"Formulaire de contact\" novalidate=\"novalidate\" data-status=\"init\">\n<fieldset class=\"hidden-fields-container\"><input type=\"hidden\" name=\"_wpcf7\" value=\"188\" \/><input type=\"hidden\" name=\"_wpcf7_version\" value=\"6.1.5\" \/><input type=\"hidden\" name=\"_wpcf7_locale\" value=\"fr_FR\" \/><input type=\"hidden\" name=\"_wpcf7_unit_tag\" value=\"wpcf7-f188-o1\" \/><input type=\"hidden\" name=\"_wpcf7_container_post\" value=\"0\" \/><input type=\"hidden\" name=\"_wpcf7_posted_data_hash\" value=\"\" \/>\n<\/fieldset>\n<p>Votre nom (obligatoire)\n<\/p>\n<p><span class=\"wpcf7-form-control-wrap\" data-name=\"your-name\"><input size=\"40\" maxlength=\"400\" class=\"wpcf7-form-control wpcf7-text wpcf7-validates-as-required\" aria-required=\"true\" aria-invalid=\"false\" value=\"\" type=\"text\" name=\"your-name\" \/><\/span>\n<\/p>\n<p>Votre email (obligatoire)\n<\/p>\n<p><span class=\"wpcf7-form-control-wrap\" data-name=\"your-email\"><input size=\"40\" maxlength=\"400\" class=\"wpcf7-form-control wpcf7-email wpcf7-validates-as-required wpcf7-text wpcf7-validates-as-email\" aria-required=\"true\" aria-invalid=\"false\" value=\"\" type=\"email\" name=\"your-email\" \/><\/span>\n<\/p>\n<p>Sujet\n<\/p>\n<p><span class=\"wpcf7-form-control-wrap\" data-name=\"your-subject\"><select class=\"wpcf7-form-control wpcf7-select wpcf7-validates-as-required\" aria-required=\"true\" aria-invalid=\"false\" name=\"your-subject\"><option value=\"S&#039;abonner \u00e0 la liste de diffusion\">S&#039;abonner \u00e0 la liste de diffusion<\/option><option value=\"Se d\u00e9sabonner de la liste de diffusion\">Se d\u00e9sabonner de la liste de diffusion<\/option><option value=\"Proposer un sujet \/ une intervention\">Proposer un sujet \/ une intervention<\/option><option value=\"Proposer un partenariat\">Proposer un partenariat<\/option><option value=\"Faire une suggestion\">Faire une suggestion<\/option><option value=\"Poser une question\">Poser une question<\/option><\/select><\/span>\n<\/p>\n<p>Votre message\n<\/p>\n<p><span class=\"wpcf7-form-control-wrap\" data-name=\"your-message\"><textarea cols=\"40\" rows=\"10\" maxlength=\"2000\" class=\"wpcf7-form-control wpcf7-textarea\" aria-invalid=\"false\" name=\"your-message\"><\/textarea><\/span>\n<\/p>\n<p><input class=\"wpcf7-form-control wpcf7-submit has-spinner\" type=\"submit\" value=\"Envoyer\" \/>\n<\/p><div class=\"wpcf7-response-output\" aria-hidden=\"true\"><\/div>\n<\/form>\n<\/div>\n\n<p>Enfin, vous\u00a0pouvez tout simplement envoyer un courriel \u00e0 : <a href=\"ma&#x69;&#x6c;&#x74;o:&#116;&#x65;&#x6d;pu&#115;&#x68;&#x69;st&#111;&#x72;&#x69;&#x61;e&#64;&#x67;&#x6d;&#x61;il&#46;&#x63;&#x6f;m\">tempu&#115;&#104;&#x69;&#x73;&#x74;&#x6f;&#x72;&#x69;&#x61;e&#64;gma&#105;&#108;&#46;&#x63;&#x6f;&#x6d;<\/a><\/p>\n<h3 id=\"join\">Comment nous rejoindre ?<\/h3>\n<p>Afin de soutenir les actions de l&rsquo;Association, vous pouvez choisir de devenir membre de cette derni\u00e8re. Le montant de la cotisation est laiss\u00e9 \u00e0 la libre appr\u00e9ciation de chacun, bien qu&rsquo;un montant de 5\u20ac soit pr\u00e9conis\u00e9. On rappelle que les membres agissent b\u00e9n\u00e9volement.<\/p>\n<p>Vous pouvez t\u00e9l\u00e9charger ici le <a href=\"https:\/\/blogs.univ-tlse2.fr\/tempushistoriae\/files\/2014\/09\/Bulletin-dadh\u00e9sion-2016-2017.pdf\">bulletin d&rsquo;adhesion<\/a>, compl\u00e9ter ses deux volets et nous le renvoyer <strong>int\u00e9gralement et\u00a0avec votre r\u00e8glement<\/strong> par courrier \u00e0 l&rsquo;adresse indiqu\u00e9e sur le formulaire, ou le d\u00e9poser \u00e0 la MIE. Nous vous renverrons par voie postale la seconde moiti\u00e9 du bulletin sign\u00e9e par nos soins, preuve de votre adh\u00e9sion.<\/p>\n<div id='gallery-1' class='gallery galleryid-2 gallery-columns-2 gallery-size-thumbnail'><dl class='gallery-item'>\n\t\t\t<dt class='gallery-icon landscape'>\n\t\t\t\t<a href='https:\/\/blogs.univ-tlse2.fr\/tempushistoriae\/forum-des-initiatives-etudiantes-2015\/'><img loading=\"lazy\" decoding=\"async\" width=\"150\" height=\"150\" src=\"https:\/\/blogs.univ-tlse2.fr\/tempushistoriae\/files\/2014\/10\/Forum-des-initiatives-\u00e9tudiantes-2015-150x150.jpg\" class=\"attachment-thumbnail size-thumbnail\" alt=\"\" \/><\/a>\n\t\t\t<\/dt><\/dl><dl class='gallery-item'>\n\t\t\t<dt class='gallery-icon portrait'>\n\t\t\t\t<a href='https:\/\/blogs.univ-tlse2.fr\/tempushistoriae\/contact\/forum-2016\/'><img loading=\"lazy\" decoding=\"async\" width=\"150\" height=\"150\" src=\"https:\/\/blogs.univ-tlse2.fr\/tempushistoriae\/files\/2014\/09\/forum-2016-150x150.jpg\" class=\"attachment-thumbnail size-thumbnail\" alt=\"\" \/><\/a>\n\t\t\t<\/dt><\/dl><br style=\"clear: both\" \/>\n\t\t<\/div>\n\n<p>Int\u00e9ress\u00e9 par les statuts de l&rsquo;association ? Ceux-ci sont d\u00e9sormais disponibles au t\u00e9l\u00e9chargement \u00e0 partir de ce lien : <a href=\"https:\/\/blogs.univ-tlse2.fr\/tempushistoriae\/files\/2015\/09\/Statuts-Tempus-Historiae.pdf\">statuts de <em>Tempus Historiae<\/em>.<\/a><\/p>\n<h3 id=\"talk\">Pourquoi et comment intervenir ?<\/h3>\n<p>Intervenir lors d&rsquo;un caf\u00e9-d\u00e9bat de <em>Tempus Historiae<\/em>, c&rsquo;est d&rsquo;abord et avant tout se faire plaisir et parler de son objet de recherche favori, ce qu&rsquo;un jeune chercheur n&rsquo;a pas souvent l&rsquo;occasion de faire. L&rsquo;exercice n&rsquo;est pas aussi cadr\u00e9 qu&rsquo;un \u00e9v\u00e9nement scientifique, ce qui rend possible une grande libert\u00e9 dans le choix du sujet et le ton adopt\u00e9 pour le traiter.<\/p>\n<p>Intervenir, c&rsquo;est aussi aller \u00e0 la rencontre du grand public, \u00e9tudiants et habitants du quartier Saint-Cyprien, autrement dit des non-sp\u00e9cialistes. C&rsquo;est donc \u00e0 la fois partager sa passion et r\u00e9pondre \u00e0 une curiosit\u00e9 d\u00e9nu\u00e9e d&rsquo;arri\u00e8re-pens\u00e9e, et s&rsquo;entra\u00eener \u00e0 la vulgarisation du savoir scientifique.<\/p>\n<p>Intervenir, c&rsquo;est \u00e9galement rencontrer une \u00e9quipe et un bin\u00f4me avec lesquels \u00e9changer, peut-\u00eatre durablement. <strong>Intervenir, c&rsquo;est enfin, pour les doctorants rattach\u00e9s \u00e0 l&rsquo;ED TESC de l&rsquo;UT2J, la possibilit\u00e9 de valider 10% du parcours de leur formation obligatoire<\/strong>, soit 10h hors programme dans les cat\u00e9gories Interdisciplinarit\u00e9, Outils de la th\u00e8se ou Professionnalisation. Le cas \u00e9ch\u00e9ant, l&rsquo;\u00e9quipe vous fournira les attestations n\u00e9cessaires.<\/p>\n<p>Nous vous avons convaincu et vous souhaitez nous proposer un sujet d&rsquo;intervention ? Utilisez le formulaire de contact ou l&rsquo;adresse e-mail mentionn\u00e9e <a href=\"#formulaire\">en haut de cette page<\/a> !<\/p>\n","protected":false},"excerpt":{"rendered":"<p>Pour discuter avec nous en-dehors de nos \u00e9v\u00e9nements publics, rendez-vous au bureau 124, au 1er \u00e9tage de la Maison des Initiatives Etudiantes de l&rsquo;Universit\u00e9 Toulouse 2 Jean-Jaur\u00e8s, o\u00f9 nous tenons une permanence chaque jeudi de 12h30 \u00e0 14h. Pour toute question ou suggestion, ou pour vous inscrire \u00e0 notre lettre d&rsquo;information, vous pouvez \u00e9galement utiliser\u00a0le [&hellip;]<\/p>\n","protected":false},"author":249,"featured_media":0,"parent":0,"menu_order":2,"comment_status":"closed","ping_status":"closed","template":"","meta":{"footnotes":""},"class_list":["post-2","page","type-page","status-publish","hentry"],"_links":{"self":[{"href":"https:\/\/blogs.univ-tlse2.fr\/tempushistoriae\/wp-json\/wp\/v2\/pages\/2","targetHints":{"allow":["GET"]}}],"collection":[{"href":"https:\/\/blogs.univ-tlse2.fr\/tempushistoriae\/wp-json\/wp\/v2\/pages"}],"about":[{"href":"https:\/\/blogs.univ-tlse2.fr\/tempushistoriae\/wp-json\/wp\/v2\/types\/page"}],"author":[{"embeddable":true,"href":"https:\/\/blogs.univ-tlse2.fr\/tempushistoriae\/wp-json\/wp\/v2\/users\/249"}],"replies":[{"embeddable":true,"href":"https:\/\/blogs.univ-tlse2.fr\/tempushistoriae\/wp-json\/wp\/v2\/comments?post=2"}],"version-history":[{"count":21,"href":"https:\/\/blogs.univ-tlse2.fr\/tempushistoriae\/wp-json\/wp\/v2\/pages\/2\/revisions"}],"predecessor-version":[{"id":482,"href":"https:\/\/blogs.univ-tlse2.fr\/tempushistoriae\/wp-json\/wp\/v2\/pages\/2\/revisions\/482"}],"wp:attachment":[{"href":"https:\/\/blogs.univ-tlse2.fr\/tempushistoriae\/wp-json\/wp\/v2\/media?parent=2"}],"curies":[{"name":"wp","href":"https:\/\/api.w.org\/{rel}","templated":true}]}}