 {"id":28,"date":"2014-09-26T10:55:34","date_gmt":"2014-09-26T08:55:34","guid":{"rendered":"https:\/\/blogs.univ-tlse2.fr\/tempushistoriae\/?page_id=28"},"modified":"2016-09-17T16:52:45","modified_gmt":"2016-09-17T14:52:45","slug":"nos-partenaires","status":"publish","type":"page","link":"https:\/\/blogs.univ-tlse2.fr\/tempushistoriae\/nos-partenaires\/","title":{"rendered":"Nos partenaires"},"content":{"rendered":"<h3>Le Bistrot 12<\/h3>\n<p>La plupart des caf\u00e9s se d\u00e9roulent au Bistrot 12, 12 place int\u00e9rieure Saint-Cyprien, au croisement de la rue du Pont Saint-Pierre et de l&rsquo;avenue de la R\u00e9publique.<\/p>\n<p>En sortant du m\u00e9tro, apr\u00e8s les tourniquets, prendre le couloir de droite et de nouveau \u00e0 droite pour les escaliers.<\/p>\n<p><code><div id=\"flxmap-69e04685c5545\" class='flxmap-container' data-flxmap='flxmap_69e04685c5545' style=\"width:100%;height:400px;\"><\/div>\n<script data-noptimize=\"1\">\n\/* <![CDATA[ *\/\n(function(w, fn) {\n if (w.addEventListener) w.addEventListener(\"DOMContentLoaded\", fn, false);\n else if (w.attachEvent) w.attachEvent(\"onload\", fn);\n})(window, function() {\n var f = new FlexibleMap();\n f.setlocale(\"fr-FR\");\n f.markerTitle = \"Bistrot 12\";\n f.showAddress(\"flxmap-69e04685c5545\", \"12 place int\u00e9rieure Saint Cyprien, 31100 Toulouse, France\");\n window.flxmap_69e04685c5545 = f;\n});\n\/* ]]> *\/\n<\/script>\n<\/code><\/p>\n<p><a href=\"https:\/\/www.google.fr\/maps\/place\/12+Place+Int%C3%A9rieure+Saint-Cyprien,+31300+Toulouse\/@43.5978792,1.431843,193m\/data=!3m1!1e3!4m2!3m1!1s0x12aebb7048d62877:0x307a79bef7a769b1?hl=fr\" target=\"_blank\">Cliquez ici pour afficher le plan sur Google Maps.<\/a><\/p>\n<h3>Partenaires institutionnels<\/h3>\n<div id='gallery-1' class='gallery galleryid-28 gallery-columns-7 gallery-size-medium'><dl class='gallery-item'>\n\t\t\t<dt class='gallery-icon portrait'>\n\t\t\t\t<img loading=\"lazy\" decoding=\"async\" width=\"254\" height=\"300\" src=\"https:\/\/blogs.univ-tlse2.fr\/tempushistoriae\/files\/2014\/09\/Framespa-254x300.png\" class=\"attachment-medium size-medium\" alt=\"\" srcset=\"https:\/\/blogs.univ-tlse2.fr\/tempushistoriae\/files\/2014\/09\/Framespa-254x300.png 254w, https:\/\/blogs.univ-tlse2.fr\/tempushistoriae\/files\/2014\/09\/Framespa.png 340w\" sizes=\"auto, (max-width: 254px) 100vw, 254px\" \/>\n\t\t\t<\/dt><\/dl><dl class='gallery-item'>\n\t\t\t<dt class='gallery-icon portrait'>\n\t\t\t\t<img loading=\"lazy\" decoding=\"async\" width=\"281\" height=\"300\" src=\"https:\/\/blogs.univ-tlse2.fr\/tempushistoriae\/files\/2014\/09\/FSDIE-281x300.png\" class=\"attachment-medium size-medium\" alt=\"\" srcset=\"https:\/\/blogs.univ-tlse2.fr\/tempushistoriae\/files\/2014\/09\/FSDIE-281x300.png 281w, https:\/\/blogs.univ-tlse2.fr\/tempushistoriae\/files\/2014\/09\/FSDIE.png 534w\" sizes=\"auto, (max-width: 281px) 100vw, 281px\" \/>\n\t\t\t<\/dt><\/dl><dl class='gallery-item'>\n\t\t\t<dt class='gallery-icon landscape'>\n\t\t\t\t<img loading=\"lazy\" decoding=\"async\" width=\"300\" height=\"298\" src=\"https:\/\/blogs.univ-tlse2.fr\/tempushistoriae\/files\/2014\/09\/PLH-300x298.png\" class=\"attachment-medium size-medium\" alt=\"\" srcset=\"https:\/\/blogs.univ-tlse2.fr\/tempushistoriae\/files\/2014\/09\/PLH-300x298.png 300w, https:\/\/blogs.univ-tlse2.fr\/tempushistoriae\/files\/2014\/09\/PLH-150x150.png 150w, https:\/\/blogs.univ-tlse2.fr\/tempushistoriae\/files\/2014\/09\/PLH-768x763.png 768w, https:\/\/blogs.univ-tlse2.fr\/tempushistoriae\/files\/2014\/09\/PLH.png 792w\" sizes=\"auto, (max-width: 300px) 100vw, 300px\" \/>\n\t\t\t<\/dt><\/dl><dl class='gallery-item'>\n\t\t\t<dt class='gallery-icon landscape'>\n\t\t\t\t<img loading=\"lazy\" decoding=\"async\" width=\"300\" height=\"72\" src=\"https:\/\/blogs.univ-tlse2.fr\/tempushistoriae\/files\/2014\/09\/UT2-300x72.png\" class=\"attachment-medium size-medium\" alt=\"\" srcset=\"https:\/\/blogs.univ-tlse2.fr\/tempushistoriae\/files\/2014\/09\/UT2-300x72.png 300w, https:\/\/blogs.univ-tlse2.fr\/tempushistoriae\/files\/2014\/09\/UT2-768x183.png 768w, https:\/\/blogs.univ-tlse2.fr\/tempushistoriae\/files\/2014\/09\/UT2-1024x244.png 1024w, https:\/\/blogs.univ-tlse2.fr\/tempushistoriae\/files\/2014\/09\/UT2.png 1040w\" sizes=\"auto, (max-width: 300px) 100vw, 300px\" \/>\n\t\t\t<\/dt><\/dl><dl class='gallery-item'>\n\t\t\t<dt class='gallery-icon portrait'>\n\t\t\t\t<img loading=\"lazy\" decoding=\"async\" width=\"253\" height=\"300\" src=\"https:\/\/blogs.univ-tlse2.fr\/tempushistoriae\/files\/2014\/09\/logo-uftmp_0-253x300.png\" class=\"attachment-medium size-medium\" alt=\"\" srcset=\"https:\/\/blogs.univ-tlse2.fr\/tempushistoriae\/files\/2014\/09\/logo-uftmp_0-253x300.png 253w, https:\/\/blogs.univ-tlse2.fr\/tempushistoriae\/files\/2014\/09\/logo-uftmp_0.png 555w\" sizes=\"auto, (max-width: 253px) 100vw, 253px\" \/>\n\t\t\t<\/dt><\/dl>\n\t\t\t<br style='clear: both' \/>\n\t\t<\/div>\n\n<h3>Associations partenaires<\/h3>\n<div id='gallery-2' class='gallery galleryid-28 gallery-columns-7 gallery-size-thumbnail'><dl class='gallery-item'>\n\t\t\t<dt class='gallery-icon landscape'>\n\t\t\t\t<img loading=\"lazy\" decoding=\"async\" width=\"150\" height=\"150\" src=\"https:\/\/blogs.univ-tlse2.fr\/tempushistoriae\/files\/2014\/09\/Periples-150x150.png\" class=\"attachment-thumbnail size-thumbnail\" alt=\"\" srcset=\"https:\/\/blogs.univ-tlse2.fr\/tempushistoriae\/files\/2014\/09\/Periples-150x150.png 150w, https:\/\/blogs.univ-tlse2.fr\/tempushistoriae\/files\/2014\/09\/Periples-300x300.png 300w, https:\/\/blogs.univ-tlse2.fr\/tempushistoriae\/files\/2014\/09\/Periples-768x768.png 768w, https:\/\/blogs.univ-tlse2.fr\/tempushistoriae\/files\/2014\/09\/Periples.png 960w\" sizes=\"auto, (max-width: 150px) 100vw, 150px\" \/>\n\t\t\t<\/dt><\/dl><dl class='gallery-item'>\n\t\t\t<dt class='gallery-icon portrait'>\n\t\t\t\t<img loading=\"lazy\" decoding=\"async\" width=\"150\" height=\"150\" src=\"https:\/\/blogs.univ-tlse2.fr\/tempushistoriae\/files\/2014\/09\/logo-ANAJ-150x150.png\" class=\"attachment-thumbnail size-thumbnail\" alt=\"\" \/>\n\t\t\t<\/dt><\/dl><dl class='gallery-item'>\n\t\t\t<dt class='gallery-icon landscape'>\n\t\t\t\t<img loading=\"lazy\" decoding=\"async\" width=\"150\" height=\"150\" src=\"https:\/\/blogs.univ-tlse2.fr\/tempushistoriae\/files\/2014\/09\/logo-APAREA-150x150.gif\" class=\"attachment-thumbnail size-thumbnail\" alt=\"\" \/>\n\t\t\t<\/dt><\/dl><dl class='gallery-item'>\n\t\t\t<dt class='gallery-icon portrait'>\n\t\t\t\t<img loading=\"lazy\" decoding=\"async\" width=\"150\" height=\"150\" src=\"https:\/\/blogs.univ-tlse2.fr\/tempushistoriae\/files\/2014\/09\/logo_gargouille-150x150.gif\" class=\"attachment-thumbnail size-thumbnail\" alt=\"\" \/>\n\t\t\t<\/dt><\/dl>\n\t\t\t<br style='clear: both' \/>\n\t\t<\/div>\n\n<p>&nbsp;<\/p>\n","protected":false},"excerpt":{"rendered":"<p>Le Bistrot 12 La plupart des caf\u00e9s se d\u00e9roulent au Bistrot 12, 12 place int\u00e9rieure Saint-Cyprien, au croisement de la rue du Pont Saint-Pierre et de l&rsquo;avenue de la R\u00e9publique. En sortant du m\u00e9tro, apr\u00e8s les tourniquets, prendre le couloir de droite et de nouveau \u00e0 droite pour les escaliers. Cliquez ici pour afficher le [&hellip;]<\/p>\n","protected":false},"author":249,"featured_media":0,"parent":0,"menu_order":1,"comment_status":"closed","ping_status":"closed","template":"","meta":{"footnotes":""},"class_list":["post-28","page","type-page","status-publish","hentry"],"_links":{"self":[{"href":"https:\/\/blogs.univ-tlse2.fr\/tempushistoriae\/wp-json\/wp\/v2\/pages\/28","targetHints":{"allow":["GET"]}}],"collection":[{"href":"https:\/\/blogs.univ-tlse2.fr\/tempushistoriae\/wp-json\/wp\/v2\/pages"}],"about":[{"href":"https:\/\/blogs.univ-tlse2.fr\/tempushistoriae\/wp-json\/wp\/v2\/types\/page"}],"author":[{"embeddable":true,"href":"https:\/\/blogs.univ-tlse2.fr\/tempushistoriae\/wp-json\/wp\/v2\/users\/249"}],"replies":[{"embeddable":true,"href":"https:\/\/blogs.univ-tlse2.fr\/tempushistoriae\/wp-json\/wp\/v2\/comments?post=28"}],"version-history":[{"count":16,"href":"https:\/\/blogs.univ-tlse2.fr\/tempushistoriae\/wp-json\/wp\/v2\/pages\/28\/revisions"}],"predecessor-version":[{"id":386,"href":"https:\/\/blogs.univ-tlse2.fr\/tempushistoriae\/wp-json\/wp\/v2\/pages\/28\/revisions\/386"}],"wp:attachment":[{"href":"https:\/\/blogs.univ-tlse2.fr\/tempushistoriae\/wp-json\/wp\/v2\/media?parent=28"}],"curies":[{"name":"wp","href":"https:\/\/api.w.org\/{rel}","templated":true}]}}