 {"id":17,"date":"2011-08-01T20:49:21","date_gmt":"2011-08-01T18:49:21","guid":{"rendered":"https:\/\/blogs.univ-tlse2.fr\/tesc-doctorants\/?page_id=17"},"modified":"2021-04-23T17:48:15","modified_gmt":"2021-04-23T15:48:15","slug":"qui-sommes-nous","status":"publish","type":"page","link":"https:\/\/blogs.univ-tlse2.fr\/tesc-doctorants\/qui-sommes-nous\/","title":{"rendered":"Qui sommes-nous ?"},"content":{"rendered":"<p>Doctorants comme vous, nous avons \u00e9t\u00e9 \u00e9lus le 31 mars 2021, pour une dur\u00e9e de deux ans. D&rsquo;autres \u00e9lections suivront.<\/p>\n<p>Gr\u00e2ce \u00e0 vous, nous avons l&rsquo;insigne honneur de vous repr\u00e9senter au conseil de l&rsquo;\u00c9cole Doctorale. \u00c0 ce titre, c&rsquo;est \u00e0 nous qu&rsquo;il incombe de faire le lien entre les doctorants et l&rsquo;administration : <strong>nous sommes donc vos porte-paroles<\/strong>.<\/p>\n<p>Pour ce faire, nous disposons de<strong> 5 si\u00e8ges au sein du conseil de l&rsquo;ED avec droit de vote<\/strong>. C&rsquo;est pour nous l&rsquo;occasion de faire remonter vos demandes, vos propositions, mais aussi vos critiques vis-\u00e0-vis de l&rsquo;ED, que ce soit au sujet des financements, des formations ou de l&rsquo;animation scientifique.<\/p>\n<p><strong>Nous participons aussi aux commissions qui accordent les d\u00e9rogations pour poursuivre la th\u00e8se au-del\u00e0 de la 3<sup>\u00e8me<\/sup> ann\u00e9e<\/strong>. Nous demandons donc aux doctorants de 3\u00e8me et 4\u00e8me ann\u00e9e et plus de prendre contact avec nous si la d\u00e9rogation est susceptible de poser probl\u00e8me.<\/p>\n<p>Ce blog est un espace pour vous et nous aimerions que vous nous aidiez \u00e0 le faire vivre. N&rsquo;h\u00e9sitez pas \u00e0 nous envoyer des infos concernant des sites internet pouvant \u00eatre utiles, des manifestations scientifiques et culturelles, des animations, nous nous ferons un plaisir de les relayer! Merci!<\/p>\n<p style=\"text-align: center\"><strong>Contactez-nous ici : <\/strong><\/p>\n<p style=\"text-align: center\"><a href=\"&#x6d;a&#x69;l&#x74;&#111;:&#x65;l&#x75;s&#x2d;&#100;o&#x63;t&#x6f;&#114;a&#x6e;t&#x73;-&#x74;&#101;s&#x63;&#64;&#x75;&#110;&#x69;&#x76;-&#x74;l&#x73;&#101;2&#x2e;f&#x72;\">&#x65;&#x64;&#x6f;&#99;tes&#x63;&#x40;&#x75;&#110;iv-&#x74;&#x6c;&#x73;&#101;2&#46;f&#x72;<\/a><\/p>\n","protected":false},"excerpt":{"rendered":"<p>Doctorants comme vous, nous avons \u00e9t\u00e9 \u00e9lus le 31 mars 2021, pour une dur\u00e9e de deux ans. D&rsquo;autres \u00e9lections suivront. Gr\u00e2ce \u00e0 vous, nous avons l&rsquo;insigne honneur de vous repr\u00e9senter au conseil de l&rsquo;\u00c9cole Doctorale. \u00c0 ce titre, c&rsquo;est \u00e0 &hellip; <a href=\"https:\/\/blogs.univ-tlse2.fr\/tesc-doctorants\/qui-sommes-nous\/\">Continuer la lecture <span class=\"meta-nav\">&rarr;<\/span><\/a><\/p>\n","protected":false},"author":86,"featured_media":0,"parent":0,"menu_order":0,"comment_status":"open","ping_status":"open","template":"","meta":{"footnotes":""},"class_list":["post-17","page","type-page","status-publish","hentry"],"_links":{"self":[{"href":"https:\/\/blogs.univ-tlse2.fr\/tesc-doctorants\/wp-json\/wp\/v2\/pages\/17","targetHints":{"allow":["GET"]}}],"collection":[{"href":"https:\/\/blogs.univ-tlse2.fr\/tesc-doctorants\/wp-json\/wp\/v2\/pages"}],"about":[{"href":"https:\/\/blogs.univ-tlse2.fr\/tesc-doctorants\/wp-json\/wp\/v2\/types\/page"}],"author":[{"embeddable":true,"href":"https:\/\/blogs.univ-tlse2.fr\/tesc-doctorants\/wp-json\/wp\/v2\/users\/86"}],"replies":[{"embeddable":true,"href":"https:\/\/blogs.univ-tlse2.fr\/tesc-doctorants\/wp-json\/wp\/v2\/comments?post=17"}],"version-history":[{"count":14,"href":"https:\/\/blogs.univ-tlse2.fr\/tesc-doctorants\/wp-json\/wp\/v2\/pages\/17\/revisions"}],"predecessor-version":[{"id":1623,"href":"https:\/\/blogs.univ-tlse2.fr\/tesc-doctorants\/wp-json\/wp\/v2\/pages\/17\/revisions\/1623"}],"wp:attachment":[{"href":"https:\/\/blogs.univ-tlse2.fr\/tesc-doctorants\/wp-json\/wp\/v2\/media?parent=17"}],"curies":[{"name":"wp","href":"https:\/\/api.w.org\/{rel}","templated":true}]}}