 {"id":33,"date":"2011-08-02T15:59:58","date_gmt":"2011-08-02T13:59:58","guid":{"rendered":"https:\/\/blogs.univ-tlse2.fr\/tesc-doctorants\/?page_id=33"},"modified":"2011-09-23T15:24:50","modified_gmt":"2011-09-23T13:24:50","slug":"financements","status":"publish","type":"page","link":"https:\/\/blogs.univ-tlse2.fr\/tesc-doctorants\/financements\/","title":{"rendered":"Financements"},"content":{"rendered":"<p><strong><a href=\"https:\/\/blogs.univ-tlse2.fr\/tesc-doctorants\/files\/2011\/08\/bourse-cuir.jpg\"><img loading=\"lazy\" decoding=\"async\" class=\"alignleft size-full wp-image-175\" src=\"https:\/\/blogs.univ-tlse2.fr\/tesc-doctorants\/files\/2011\/08\/bourse-cuir.jpg\" alt=\"\" width=\"258\" height=\"252\" \/><\/a>Comment financer sa th\u00e8se???<\/strong><\/p>\n<p>Voil\u00e0 bien la question que tous les doctorants, sans exception,\u00a0 se posent. Bien-entendu, et comme nous le soulignons dans la rubrique \u00ab\u00a0Futurs doctorants\u00a0\u00bb, il faut se la poser avant m\u00eame s&rsquo;\u00eatre inscrit en doctorat car il existe encore bien trop d&rsquo;abandons de th\u00e8se dus \u00e0 un manque de fonds personnels. Financer sa th\u00e8se c&rsquo;est payer son loyer, sa pitance, ses livres et autre mat\u00e9riel indispensable, ses abonnements de transports et d\u00e9placements divers (\u00e0 l&rsquo;\u00e9tranger ou non), l&rsquo;impression des manuscrits de la th\u00e8se, sans oublier le budget photocopies qui est, soyons honn\u00eate, assez cons\u00e9quent.<\/p>\n<p>Or, en Sciences Humaines et Sociales, nous ne vous apprendrons rien en vous disant que les financements sont rares&#8230; En effet, contrairement aux universit\u00e9s ax\u00e9es sur les sciences \u00ab\u00a0dures\u00a0\u00bb dont certaines refusent m\u00eame des doctorants sans financements \u00ab\u00a0officiels\u00a0\u00bb, les disciplines des SHS int\u00e9ressent moins les investissements priv\u00e9s et publiques car elles sont consid\u00e9r\u00e9es comme moins rentables. Des efforts sont tout de m\u00eame faits chaque ann\u00e9e afin d&rsquo;aider les nouveaux th\u00e9sards, mais les informations et les droits auxquels les doctorants peuvent pr\u00e9tendre sont souvent difficiles \u00e0 d\u00e9nicher&#8230; En SHS, faute de financement suffisant propos\u00e9 par les universit\u00e9s, les \u00e9tudiants sont contraints de se tourner vers des bourses priv\u00e9es, du m\u00e9c\u00e9nat ou autres. Il est donc compliqu\u00e9 de se retrouver dans la masse de financements possibles et nous ne pouvons donc pr\u00e9tendre vous donner ici une liste exhaustive.<\/p>\n<p>Le mieux est d&rsquo;abord de se renseigner aupr\u00e8s de son directeur de recherche (mais il faut \u00eatre conscient que certains sont tr\u00e8s mal inform\u00e9s \u00e0 ce sujet) et aupr\u00e8s de son \u00c9cole Doctorale. Le TESC publie tout au long de l&rsquo;ann\u00e9e des appels \u00e0 candidature pour des bourses et concours priv\u00e9s ou publiques. Bien entendu, ces offres concernent des sujets souvent tr\u00e8s pr\u00e9cis et ne s&rsquo;adressent donc qu&rsquo;\u00e0 un nombre restreint de candidats. Mais il y a bien des heureux \u00e9lus, alors pourquoi pas vous?<\/p>\n<p>Voici quelques informations pour commencer vos recherches. Nous vous conseillons aussi vivement la lecture du guide des <em>Aventures du doctorants <\/em>(chapitre \u00ab\u00a0Financer sa th\u00e8se?\u00a0\u00bb) t\u00e9l\u00e9chargeable sur la page d&rsquo;accueil du <a href=\"http:\/\/tesc.univ-tlse2.fr\/\">site de TESC<\/a>. Bien entendu nous compl\u00e8terons cette rubrique au fil du temps.<\/p>\n<ul>\n<li><strong>Le CDU (Contrat Doctoral Unique)<\/strong> : depuis la r\u00e9forme des universit\u00e9s et du monde de la recherche publique, l&rsquo;allocation de recherche attribu\u00e9e aux doctorants par leur \u00c9cole Doctorale est devenue le CDU. Il faut savoir qu&rsquo;il existe deux sortes de CDU : celui de type 1 ax\u00e9 sur les activit\u00e9s de recherche uniquement , et celui de type 2 permettant au doctorant d&rsquo;effectuer des activit\u00e9s compl\u00e9mentaires (enseignement, valorisation de la recherche etc.). Il est \u00e9vident qu&rsquo;au vu des exigences du CNU et du CNRS, le contrat de type 2 s&rsquo;av\u00e8re bien plus int\u00e9ressant pour le doctorant concernant son recrutement futur. Le TESC a d&rsquo;ailleurs d\u00e9cid\u00e9 de concentrer son budget sur ce dernier. L&rsquo;obtention du CDU se fait par concours sur dossier \u00e0 d\u00e9poser aupr\u00e8s de son \u00c9cole Doctorale <span style=\"text-decoration: underline\">avant <\/span>l&rsquo;inscription en th\u00e8se. Attention \u00e0 bien se renseigner concernant la date limite de d\u00e9p\u00f4t des candidatures (24 juin\u00a0 2011 pour le TESC). Il s&rsquo;agit donc de pr\u00e9parer son dossier avant m\u00eame la soutenance de son m\u00e9moire de Master 2. Apr\u00e8s, il est malheureusement trop tard&#8230; Sachez aussi que le CDU ne dure que 3 ans. Attention donc si vous d\u00e9passez ce d\u00e9lais. Des informations plus d\u00e9taill\u00e9es se trouvent dans les <em>Aventures du doctorant<\/em>.<\/li>\n<\/ul>\n<ul>\n<li><strong>Le CIFRE (Convention Industrielle de Formation par la Recherche) :<\/strong> il s&rsquo;agit d&rsquo;un contrat entre un doctorant, un partenaire public ou priv\u00e9 et une unit\u00e9 de recherche pour une th\u00e8se de 3 ans. Le salaire du doctorant est \u00e0 d\u00e9finir avec l&#8217;employeur mais il ne peut \u00eatre inf\u00e9rieur \u00e0 23 484 euros (brut) par an. Ce type de contrat doit \u00eatre sign\u00e9 <span style=\"text-decoration: underline\">avant<\/span> la 2\u00e8me ann\u00e9e de doctorat. Toutes les infos sur le site de l&rsquo;<a href=\"http:\/\/www.anrt.asso.fr\/\" target=\"_blank\">ANRT<\/a>. Sachez que le TESC encourage vivement les Master 2 \u00e0 rechercher ce type de financement.<\/li>\n<\/ul>\n<ul>\n<li><strong>le M\u00e9c\u00e9nat : <\/strong>une entreprise d\u00e9sirant financer un projet de th\u00e8se dans le cadre de la loi <em>Libert\u00e9s et Responsabilit\u00e9s des Universit\u00e9s<\/em> b\u00e9n\u00e9ficie d&rsquo;une r\u00e9duction d&rsquo;imp\u00f4t de 60% des versements effectu\u00e9s. Int\u00e9ressant donc! L\u2019\u00c9cole Doctorale publie le sujet de th\u00e8se et l&rsquo;entreprise verse les fonds aupr\u00e8s de l&rsquo;\u00e9tablissement d\u00e9livrant le dipl\u00f4me de doctorat. Autant dire qu&rsquo;il est encore difficile de d\u00e9nicher ce type de financement. Cependant on peut toujours aller faire un tour sur le portail <a href=\"http:\/\/www.fondations.org\/\" target=\"_blank\">Fondations et M\u00e9c\u00e9nat<\/a>.<\/li>\n<\/ul>\n<ul>\n<li><strong>Le financement personnel :<\/strong> mieux vaut ne pas se voiler la face! De tr\u00e8s nombreux doctorants de SHS, ne b\u00e9n\u00e9ficiant d&rsquo;aucune aide financi\u00e8re, sont contraints de trouver un travail en parall\u00e8le \u00e0 leur th\u00e8se&#8230; Mais attention! C&rsquo;est \u00e0 chacun de mesurer objectivement ses capacit\u00e9s. Il faut se sentir capable d&rsquo;assumer cette double casquette et certains jobs permettent plus facilement de le faire. Le m\u00e9tier d&rsquo;Assistant d\u2019\u00c9ducation est id\u00e9al dans le sens qu&rsquo;il autorise une certaine souplesse (am\u00e9nagement de l&#8217;emploi du temps, jour de cong\u00e9s offerts pour passer les concours, autorisations d&rsquo;absences donn\u00e9es facilement, mais attention \u00e0 bien rattraper les heures manqu\u00e9es!), que les vacances scolaires sont pay\u00e9es et que c&rsquo;est un boulot stable (limit\u00e9 \u00e0 6 ans d&rsquo;activit\u00e9). Chaque ann\u00e9e les Biblioth\u00e8ques Universitaires recrutent aussi des moniteurs pour travailler au sein de leurs structures. Le type de contrat peut varier, il faut donc voir avec les responsables du recrutement. Les appels \u00e0 candidatures sont publi\u00e9s chaque ann\u00e9e sur le site de la <a href=\"http:\/\/bu-centrale.univ-tlse2.fr\/53215505\/0\/fiche___pagelibre\/&amp;RH=infosprat_BUC?RF=recrutbuc_infosprat\" target=\"_blank\">BU du Mirail<\/a>. Il existe aussi un panel de jobs \u00e9tudiants, mais \u00e9vitez tout de m\u00eame d&rsquo;effectuer un emploi trop prenant ou \u00e9puisant (\u00e0 moins d&rsquo;en avoir la force!).<\/li>\n<\/ul>\n<p>Il convient d&rsquo;ajouter \u00e0 cette liste des informations sur des financements ponctuels.<\/p>\n<ul>\n<li><strong>Charg\u00e9s d&rsquo;enseignement, Vacataires et Contractuels : <\/strong>impossible de vivre de ce type d&#8217;emploi car le salari\u00e9 est limit\u00e9 l\u00e9galement \u00e0 96h eqTD. Cependant cela peut faire un bon apport financier tout en am\u00e9liorant votre CV et vos comp\u00e9tences de futur enseignant-chercheur. Charg\u00e9s d&rsquo;enseignement et vacataires sont cependant soumis \u00e0 certaines exigences : soit avoir une activit\u00e9 professionnelle principale (d&rsquo;au moins 900h de travail ou 300h d&rsquo;enseignement), soit \u00eatre \u00e2g\u00e9 de moins de 28 ans, soit \u00eatre retrait\u00e9 de l&rsquo;UTM.<\/li>\n<\/ul>\n<ul>\n<li><strong>ATER (Attach\u00e9 Temporaire d&rsquo;Enseignement et de Recherche) :<\/strong> tout est dans le titre : \u00ab\u00a0temporaire\u00a0\u00bb. En effet, les ATER exercent une charge d&rsquo;enseignement et de recherche (s&rsquo;ils le peuvent, autant \u00eatre honn\u00eate car la pr\u00e9paration des cours prend \u00e9nooooorm\u00e9ment de temps!) tout en pr\u00e9parant un doctorat, une HDR ou un concours. Cependant ce contrat ne peut \u00eatre renouvel\u00e9 qu&rsquo;une seule fois! Il peut \u00eatre \u00e0 temps plein ou \u00e0 mi-temps (les universit\u00e9s pr\u00e9f\u00e9rant clairement le temps plein car \u00e7a leur co\u00fbte bien moins chers!). Bien s\u00fbr un poste d&rsquo;ATER est tr\u00e8s bien vu dans un CV de chercheur mais les places sont ch\u00e8res et la liste de candidats souvent assez longue&#8230;<\/li>\n<\/ul>\n<ul>\n<li><strong>Prix et concours :<\/strong> de nombreuses fondations et institutions fran\u00e7aises et internationales d\u00e9cernent chaque ann\u00e9e des prix scientifiques r\u00e9compensant les travaux de recherche de doctorants ou post-doctorants. Il convient de consulter les sites de ces institutions mais sachez que TESC publie r\u00e9guli\u00e8rement des informations concernant ces concours. A vous de saisir votre chance!<\/li>\n<\/ul>\n<ul>\n<li><strong>Bourses sur fonds propres des laboratoires :<\/strong> depuis 2000 ces bourses sont attribu\u00e9es par l&rsquo;UTM aux doctorants ayant d\u00e9pos\u00e9 une demande \u00e0 la rentr\u00e9e. Le financement ne peut exc\u00e9der 4 573,47 euros et l&rsquo;attribution est d\u00e9cid\u00e9e en commission. Sont prises en compte : les ressources personnelles du  doctorant et la qualit\u00e9 de recherche attest\u00e9e par le Directeur de la  formation doctorale et le Directeur de l\u2019\u00e9quipe d\u2019accueil. Le dossier est \u00e0 t\u00e9l\u00e9charger chaque ann\u00e9e sur le site de l&rsquo;UTM ou sur l&rsquo;ENT.<\/li>\n<\/ul>\n<p>Pour les salari\u00e9s souhaitant reprendre des \u00e9tudes et effectuer un doctorat, sachez qu&rsquo;il existe une diversit\u00e9 de dispositifs qui peuvent aider en mati\u00e8re de financement (le DIF et autres). Pour les salari\u00e9s et agents de la fonction publique vous pouvez obtenir une prise en charge dans le cadre du droit \u00e0 la formation continue (accord avec l&#8217;employeur, CIF). Enfin pour les demandeurs d&#8217;emploi il est important de savoir que vous pouvez conserver vos allocations le temps de la th\u00e8se (se renseigner aupr\u00e8s de votre conseiller P\u00f4le Emploi). Dans tous les cas il convient de prendre contact avec le Service Commun de la Formation Continue, secteur <a href=\"http:\/\/sfc.univ-tlse2.fr\/00500787\/0\/fiche___pagelibre\/&amp;RH=1265021438001?RF=1262700470031#KLINK\" target=\"_blank\">Reprise d\u2019\u00c9tude<\/a>.<\/p>\n","protected":false},"excerpt":{"rendered":"<p>Comment financer sa th\u00e8se??? Voil\u00e0 bien la question que tous les doctorants, sans exception,\u00a0 se posent. Bien-entendu, et comme nous le soulignons dans la rubrique \u00ab\u00a0Futurs doctorants\u00a0\u00bb, il faut se la poser avant m\u00eame s&rsquo;\u00eatre inscrit en doctorat car il &hellip; <a href=\"https:\/\/blogs.univ-tlse2.fr\/tesc-doctorants\/financements\/\">Continuer la lecture <span class=\"meta-nav\">&rarr;<\/span><\/a><\/p>\n","protected":false},"author":85,"featured_media":0,"parent":0,"menu_order":0,"comment_status":"open","ping_status":"open","template":"","meta":{"footnotes":""},"class_list":["post-33","page","type-page","status-publish","hentry"],"_links":{"self":[{"href":"https:\/\/blogs.univ-tlse2.fr\/tesc-doctorants\/wp-json\/wp\/v2\/pages\/33","targetHints":{"allow":["GET"]}}],"collection":[{"href":"https:\/\/blogs.univ-tlse2.fr\/tesc-doctorants\/wp-json\/wp\/v2\/pages"}],"about":[{"href":"https:\/\/blogs.univ-tlse2.fr\/tesc-doctorants\/wp-json\/wp\/v2\/types\/page"}],"author":[{"embeddable":true,"href":"https:\/\/blogs.univ-tlse2.fr\/tesc-doctorants\/wp-json\/wp\/v2\/users\/85"}],"replies":[{"embeddable":true,"href":"https:\/\/blogs.univ-tlse2.fr\/tesc-doctorants\/wp-json\/wp\/v2\/comments?post=33"}],"version-history":[{"count":8,"href":"https:\/\/blogs.univ-tlse2.fr\/tesc-doctorants\/wp-json\/wp\/v2\/pages\/33\/revisions"}],"predecessor-version":[{"id":49,"href":"https:\/\/blogs.univ-tlse2.fr\/tesc-doctorants\/wp-json\/wp\/v2\/pages\/33\/revisions\/49"}],"wp:attachment":[{"href":"https:\/\/blogs.univ-tlse2.fr\/tesc-doctorants\/wp-json\/wp\/v2\/media?parent=33"}],"curies":[{"name":"wp","href":"https:\/\/api.w.org\/{rel}","templated":true}]}}