 {"id":35,"date":"2011-08-02T16:01:07","date_gmt":"2011-08-02T14:01:07","guid":{"rendered":"https:\/\/blogs.univ-tlse2.fr\/tesc-doctorants\/?page_id=35"},"modified":"2011-08-31T11:18:02","modified_gmt":"2011-08-31T09:18:02","slug":"ressources","status":"publish","type":"page","link":"https:\/\/blogs.univ-tlse2.fr\/tesc-doctorants\/ressources\/","title":{"rendered":"Ressources"},"content":{"rendered":"<div id=\"attachment_68\" style=\"width: 310px\" class=\"wp-caption alignleft\"><a href=\"https:\/\/blogs.univ-tlse2.fr\/tesc-doctorants\/files\/2011\/08\/portada_biblio.jpg\"><img loading=\"lazy\" decoding=\"async\" aria-describedby=\"caption-attachment-68\" class=\"size-medium wp-image-68\" src=\"https:\/\/blogs.univ-tlse2.fr\/tesc-doctorants\/files\/2011\/08\/portada_biblio-300x224.jpg\" alt=\"\" width=\"300\" height=\"224\" srcset=\"https:\/\/blogs.univ-tlse2.fr\/tesc-doctorants\/files\/2011\/08\/portada_biblio-300x224.jpg 300w, https:\/\/blogs.univ-tlse2.fr\/tesc-doctorants\/files\/2011\/08\/portada_biblio.jpg 448w\" sizes=\"auto, (max-width: 300px) 100vw, 300px\" \/><\/a><p id=\"caption-attachment-68\" class=\"wp-caption-text\">Biblioth\u00e8que des \u00c9tudes M\u00e9ridionales de Toulouse<\/p><\/div>\n<p>Il est vrai qu&rsquo;on nous a tous appris \u00e0 chercher d&rsquo;abord dans les livres. C&rsquo;est une r\u00e8gle d&rsquo;or qu&rsquo;il ne faut jamais oublier. Cependant la technologie nous facilite aujourd&rsquo;hui beaucoup les choses et notamment internet. Le web est en effet devenu une mine d&rsquo;or pour les chercheurs de tous horizons, notamment depuis la num\u00e9risation des livres et autres sources textuelles mais aussi la mise en ligne de nombreuses revues scientifiques et bases de donn\u00e9es diverses. Encore faut-il savoir o\u00f9 chercher. Nous essaierons ici de compl\u00e9ter autant que faire ce peut une liste de ressources \u00e9lectroniques accessibles gratuitement. Bien entendu il est difficile de TOUT r\u00e9pertorier car le TESC regroupe de nombreuses sp\u00e9cialit\u00e9s tr\u00e8s diff\u00e9rentes. Nous en appelons donc \u00e0 votre participation pour enrichir cette rubrique. Cela facilitera le travail de tous! Nous vous encourageons aussi \u00e0 consulter les informations donn\u00e9es sur les sites de vos laboratoires respectifs.<\/p>\n<p><span style=\"text-decoration: underline\"><strong>OUTILS INFORMATIQUES<\/strong><\/span><\/p>\n<ul>\n<li><strong><a href=\"http:\/\/www.boiteaoutils.info\/\" target=\"_blank\">La bo\u00eete \u00e0 outils des Historiens<\/a> : <\/strong>mais  qui n&rsquo;est pas destin\u00e9 seulement aux historiens mais \u00e0 toutes les SHS.  Il s&rsquo;agit d&rsquo;un site aidant les chercheurs \u00e0 ma\u00eetriser des logiciels tr\u00e8s  pratiques et les informant des nouveaut\u00e9s en la mati\u00e8re.<\/li>\n<li><strong><a href=\"http:\/\/philcarto.free.fr\/\" target=\"_blank\">Philcarto <\/a>: <\/strong>un logiciel de cartographie simple d&rsquo;utilisation et gratuit.<\/li>\n<li><strong><a href=\"http:\/\/www.zotero.org\/\" target=\"_blank\">ZOTERO<\/a> :<\/strong> logiciel gratuit pour l&rsquo;organisation des bibliographies.<\/li>\n<\/ul>\n<p><span style=\"text-decoration: underline\"><strong>RESSOURCES G\u00c9N\u00c9RALES<br \/>\n<\/strong><\/span><\/p>\n<p>Vous trouverez sur le site de l&rsquo;<a href=\"http:\/\/www.univ-tlse2.fr\/01411354\/0\/fiche___pagelibre\/&amp;RH=ACCUEIL?RF=03EnvMultimedia\" target=\"_blank\">UTM<\/a> une bonne base concernant les ressources g\u00e9n\u00e9rales en SHS.<\/p>\n<ul>\n<li><strong><a href=\"http:\/\/www.uoh.fr\/uoh\/sections\/documents-divers\/presentation\/projet\" target=\"_blank\">UOH (Universit\u00e9 Ouverte des Humanit\u00e9s)<\/a> : <\/strong>s\u00e9rie de conf\u00e9rences, le\u00e7ons, articles concernant les SHS.<\/li>\n<li><strong><a href=\"http:\/\/www.canal-u.tv\/\" target=\"_blank\">Canal-U<\/a> :<\/strong> il s&rsquo;agit d&rsquo;une vid\u00e9oth\u00e8que num\u00e9rique concernant l&rsquo;enseignement sup\u00e9rieur. Il y existe d&rsquo;ailleurs une <a href=\"http:\/\/www.canal-u.tv\/producteurs\/universite_toulouse_ii_le_mirail\" target=\"_blank\">cha\u00eene de l&rsquo;UTM<\/a>. Le site de notre universit\u00e9 conseille aussi la cha\u00eene <a href=\"http:\/\/www.canal-u.tv\/producteurs\/vo_universite_toulouse_le_mirail\" target=\"_blank\">VO <\/a>et <a href=\"http:\/\/www.canal-u.tv\/producteurs\/canal_geo_universite_toulouse_ii_le_mirail\" target=\"_blank\">Canal Geo<\/a> mais il en existe bien d&rsquo;autres.<\/li>\n<li><strong><a href=\"http:\/\/bibliotheques.univ-tlse2.fr\/02613623\/0\/fiche___pagelibre\/&amp;RH=chercher_SCD?RF=chercher_SCD\" target=\"_blank\">Biblioth\u00e8que num\u00e9rique de l&rsquo;UTM<\/a> : <\/strong>notre BU poss\u00e8de un fonds num\u00e9rique consultable en ligne. On y trouve des bases de donn\u00e9es, des revues, des livres, des dico, des cours, des archives et des th\u00e8ses.<\/li>\n<li><strong><a href=\"http:\/\/gallica.bnf.fr\/?lang=FR\" target=\"_blank\">Gallica<\/a> : <\/strong>c&rsquo;est la biblioth\u00e8que num\u00e9rique en ligne de la BNF. Vous y trouverez des livres, des revues, des manuscrits, des cartes, des partitions musicales, des images etc.<\/li>\n<li><strong><a href=\"http:\/\/www.persee.fr\/web\/guest\/home\" target=\"_blank\">Pers\u00e9e<\/a> : <\/strong>publication \u00e9lectronique de revues en SHS.<\/li>\n<li><strong><a href=\"http:\/\/www.cairn.info\/\" target=\"_blank\">Cairn.info<\/a> : <\/strong>m\u00eame principe de Pers\u00e9e.<\/li>\n<li><strong><a href=\"http:\/\/www.revues.org\/\" target=\"_blank\">Revues.org<\/a> : <\/strong>c&rsquo;est un site favorisant l&rsquo;\u00e9dition num\u00e9rique ouverte. On y trouve des collections de revues et de livres, mais aussi <a href=\"http:\/\/calenda.revues.org\/\" target=\"_blank\">Calenda<\/a>, le calendrier des manifestations de SHS (indispensable!).<\/li>\n<li><strong><a href=\"http:\/\/www.jstor.org\/\" target=\"_blank\">JSTOR<\/a> :<\/strong> bouquet anglo-saxon regroupant les articles de plus de 600 revues.<\/li>\n<li><strong><a href=\"http:\/\/www.erudit.org\/\" target=\"_blank\">\u00c9rudit <\/a>: <\/strong>organisme qu\u00e9b\u00e9cois \u00e0 but non lucratif dont l&rsquo;objectif est de promouvoir et diffuser la recherche en SHS. Vous y trouverez revues, th\u00e8ses, livres, documents et donn\u00e9es.<\/li>\n<li><strong><a href=\"http:\/\/muse.jhu.edu\/\" target=\"_blank\">Project MUSE <\/a>:<\/strong> une collaboration entre biblioth\u00e8ques et \u00e9diteurs donnant acc\u00e8s \u00e0 plus de 400 revues am\u00e9ricaines en lignes sur les SHS.<\/li>\n<li><strong><a href=\"http:\/\/pao.chadwyck.co.uk\/setLanguage.do?language=fr\" target=\"_blank\">Periodicals Archive Online<\/a> : <\/strong>plus de 340 textes num\u00e9ris\u00e9s disponibles en plus de 40 langues.<\/li>\n<li><strong><a href=\"http:\/\/cassini.ehess.fr\/cassini\/fr\/html\/\" target=\"_blank\">Cassini <\/a>: <\/strong>pour consulter les fameuses cartes de Cassini en ligne.<\/li>\n<li><strong><a href=\"http:\/\/brepols.metapress.com\/home\/main.mpx\" target=\"_blank\">Brepols<\/a> :<\/strong> vous y trouverez livres et revues en ligne des \u00e9ditions du m\u00eame nom.<\/li>\n<li><strong><a href=\"http:\/\/www.science.gouv.fr\/fr\/ressources-web\/bdd\/t\/8\/web\/sciences-humaines-et-sociales\" target=\"_blank\">Sciences.gouv.fr<\/a> :<\/strong> le site du gouvernement consacr\u00e9 \u00e0 la science. Vous y trouverez dans la rubrique <em>Sciences Humaines<\/em> une liste de sites recommand\u00e9s selon les disciplines. Certains sites sont assez g\u00e9n\u00e9ralistes mais d&rsquo;autres proposent un acc\u00e8s \u00e0 des sources diverses et des bases de donn\u00e9es. A explorer donc.<\/li>\n<li><strong><a href=\"http:\/\/www.netvibes.com\/espace_documentation_recherche#Presentation\">EDR (Espace Documentation et Recherche)<\/a> :<\/strong> r\u00e9pertorie des liens vers divers sites de ressources \u00e9lectroniques selon chaque laboratoire de l&rsquo;UTM. 10 laboratoires y sont repr\u00e9sent\u00e9s.<\/li>\n<li><strong><a href=\"http:\/\/www.college-de-france.fr\/default\/EN\/all\/college\/\" target=\"_blank\">Coll\u00e8ge de France<\/a> :<\/strong> une institution! Un site tr\u00e8s bien con\u00e7u renfermant une mine de conf\u00e9rences en ligne, cours, articles et entretiens divers.<\/li>\n<li><strong><a href=\"http:\/\/artfl-project.uchicago.edu\/node\/17\" target=\"_blank\">The ARTFL Project<\/a> : <\/strong>dictionnaires en ligne pour les XVIIe, XVIIIe, XIXe et XXe si\u00e8cles.<\/li>\n<li><strong><a href=\"http:\/\/www.theses.fr\/\" target=\"_blank\">Th\u00e8ses.fr<\/a> : <\/strong>catalogue en ligne donnant acc\u00e8s \u00e0 la description ou le texte int\u00e9gral de plus de 5 000 th\u00e8ses soutenues en France depuis 2006.<\/li>\n<li><strong><a href=\"http:\/\/www.calames.abes.fr\/pub\/#culture%3dfr\" target=\"_blank\">Calames<\/a> :<\/strong> catalogue des archives et des manuscrits de l&rsquo;enseignement sup\u00e9rieur.<\/li>\n<\/ul>\n<p><span style=\"text-decoration: underline\"><strong>RESSOURCES EN G\u00c9OGRAPHIE<br \/>\n<\/strong><\/span><\/p>\n<ul>\n<li><strong><a href=\"http:\/\/w3.msh.univ-tlse2.fr\/bipt\/\" target=\"_blank\">BIPT (Banque d&rsquo;Images des Patrimoines et Territoires)<\/a> : <\/strong>d\u00e9velopp\u00e9 par des chercheurs de l&rsquo;UTM, ce site a pour objectif de d\u00e9velopper une base de donn\u00e9es iconographiques num\u00e9riques \u00e0 partir de fonds analogiques sur les th\u00e8mes du patrimoine, du territoire, du paysage et de l&rsquo;environnement.<\/li>\n<li><strong><a href=\"http:\/\/www.geoportail.fr\/\" target=\"_blank\">G\u00e9oportail<\/a> : <\/strong>catalogue des cartes IGN, de photographies a\u00e9riennes, regitre du parcellaire, cartographie foresti\u00e8re etc.<\/li>\n<\/ul>\n<p><span style=\"text-decoration: underline\"><strong>RESSOURCES EN HISTOIRE DE L&rsquo;ART<\/strong><\/span><\/p>\n<ul>\n<li><strong><a href=\"http:\/\/www.latribunedelart.com\/spip.php\" target=\"_blank\">La Tribune de l&rsquo;Art<\/a> : <\/strong>un site d&rsquo;information sur l&rsquo;histoire de l&rsquo;art en g\u00e9n\u00e9ral mais vous y trouverez surtout des \u00e9tudes r\u00e9alis\u00e9es sur des th\u00e8mes ou des artistes.<\/li>\n<\/ul>\n<p><span style=\"text-decoration: underline\"><strong>RESSOURCES EN HISTOIRE M\u00c9DI\u00c9VALE<br \/>\n<\/strong><\/span><\/p>\n<ul>\n<li><strong><a href=\"http:\/\/lemo.irht.cnrs.fr\/\" target=\"_blank\">Le M\u00e9di\u00e9viste et l&rsquo;Ordinateur<\/a> :<\/strong> une revue originale et pour le moment suspendue faute de bonnes volont\u00e9s&#8230; Cependant tous les num\u00e9ros sont disponibles en ligne.<\/li>\n<li><strong><a href=\"http:\/\/www.menestrel.fr\/\" target=\"_blank\">M\u00e9nestrel<\/a> : <\/strong>un site internet consacr\u00e9 au d\u00e9veloppement d&rsquo;un r\u00e9seau documentaire pour les m\u00e9di\u00e9vistes.<\/li>\n<li><strong><a href=\"http:\/\/mandragore.bnf.fr\/html\/accueil.html\" target=\"_blank\">Mandragore<\/a> : <\/strong>base num\u00e9rique des manuscrits enlumin\u00e9s de la BNF.<\/li>\n<\/ul>\n<p><strong><span style=\"text-decoration: underline\"><span style=\"color: #000000\">RESSOURCES EN HISTOIRE ANCIENNE<\/span><\/span><\/strong><\/p>\n<ul>\n<li><strong><a href=\"http:\/\/frantiq.mom.fr\/fr\" target=\"_blank\">FRANTIQ (F\u00e9d\u00e9ration et Ressources sur l&rsquo;Antiquit\u00e9)<\/a> : <\/strong>un site consacr\u00e9 \u00e0 l&rsquo;histoire de l&rsquo;Antiquit\u00e9. Vous y trouverez un vaste r\u00e9pertoire de liens vers des sites sp\u00e9cialis\u00e9s, des catalogues, des revues et des sources num\u00e9ris\u00e9es.<\/li>\n<li><strong><a href=\"http:\/\/sda.univ-tlse2.fr\/69530885\/0\/fiche___pagelibre\/&amp;RH=MSA_accueil?RF=MSA_sites\">Master Sciences de l&rsquo;Antiquit\u00e9<\/a> : <\/strong> le site du Master de l&rsquo;UTM dispose d&rsquo;une liste de liens vers des sites int\u00e9ressants et notamment vers des sources textuelles en ligne.<\/li>\n<\/ul>\n<p><span style=\"text-decoration: underline\"><strong><span style=\"color: #000000\">RESSOURCES EN ARCH\u00c9OLOGIE<br \/>\n<\/span><\/strong><\/span><\/p>\n<ul>\n<li><strong><a href=\"http:\/\/atoz.ebsco.com\/CustomTab.asp?id=11480&amp;sid=225619616&amp;lang=fr&amp;TabID=5672\" target=\"_blank\">Maison Ren\u00e9-Ginouv\u00e9s (Portail\u00a0 des revues d&rsquo;arch\u00e9ologie et d&rsquo;ethnologie)<\/a> : <\/strong>mais ce site n&rsquo;est pas seulement un portail, il indique aussi lorsque les revues sont consultables en ligne et en donne le lien.<\/li>\n<li><strong><a href=\"http:\/\/ressource-archeologiques.blogspot.com\/2006\/11\/bases-de-donnes-archives.html\" target=\"_blank\">Ressources arch\u00e9ologiques<\/a> : <\/strong>recense une s\u00e9rie de liens vers des sites francophones et internationaux sp\u00e9cialis\u00e9s en arch\u00e9ologie mais aussi des revues et des bases de donn\u00e9es.<\/li>\n<li><strong><a href=\"http:\/\/w3.modele-espace.univ-tlse2.fr\/\">Modelespace (mod\u00e9lisation des espaces pr\u00e9industriels)<\/a> : <\/strong>n\u00e9 d&rsquo;un projet interdisciplinaire, ce site r\u00e9pertorie des catalogues et des bases de donn\u00e9es concernant les dynamiques spatiales de peuplement.<\/li>\n<li><strong><a href=\"http:\/\/www.geoportail.fr\/\" target=\"_blank\">G\u00e9oportail<\/a> :<\/strong> cartes d&rsquo;arch\u00e9ologie pr\u00e9ventive.<\/li>\n<\/ul>\n<p><span style=\"text-decoration: underline\"><strong>RESSOURCES EN SOCIOLOGIE<\/strong><\/span><\/p>\n<ul>\n<li><strong><a href=\"http:\/\/www.ceped.org\/documentation\/sommaire.php3\" target=\"_blank\">CePeD (Centre Population et D\u00e9veloppement) <\/a>: <\/strong>un site donnant acc\u00e8s \u00e0 une s\u00e9rie d&rsquo;enqu\u00eates r\u00e9alis\u00e9es dans le monde entier, des recensements, des conf\u00e9rences en ligne et autres bases de donn\u00e9es.<\/li>\n<li><strong><a href=\"http:\/\/classiques.uqac.ca\/\" target=\"_blank\">UQAC (Universit\u00e9 de Qu\u00e9bec \u00e0 Chicoutimi)<\/a> : <\/strong>le  site met \u00e0 disposition en version t\u00e9l\u00e9chargeable et imprimable plus de  2100 livres. Les autres disciplines des SHS peuvent aussi y trouver des  choses tr\u00e8s int\u00e9ressantes.<\/li>\n<\/ul>\n<p><span style=\"text-decoration: underline\"><strong>RESSOURCES EN ANTHROPOLOGIE<\/strong><\/span><\/p>\n<ul>\n<li><strong><a href=\"http:\/\/www.anthropoweb.com\/\" target=\"_blank\">AntropoWeb<\/a> :<\/strong> un site qui met \u00e0 disposition des articles d&rsquo;anthropologie sur des sujets tr\u00e8s divers. Il aborde aussi toutes les autres SHS.<\/li>\n<li><strong><a href=\"http:\/\/www.vjf.cnrs.fr\/clt\/html\/presentation.htm\" target=\"_blank\">Cultures, Langues, Textes, La Revue des Sommaires<\/a> :<\/strong> un site qui est le fruit d&rsquo;une collaboration entre plusieurs unit\u00e9s de recherche concernant l&rsquo;anthropologie, la litt\u00e9rature, la philosophie, l&rsquo;histoire, la sociologie et la linguistique. On y trouve des conf\u00e9rences en ligne, des catalogues et, prochainement, la revue.<\/li>\n<li><strong><a href=\"http:\/\/www.rap.prd.fr\/ressources\/vod.php?videotheque=mnhn\/smm\" target=\"_blank\">Vid\u00e9oth\u00e8que Sant\u00e9-Maladie-Malheur (UMR 7206)<\/a> : <\/strong>le laboratoire <em>Eco-anthropologie et Ethnobiologie<\/em> du CNRS a mis en ligne sa vid\u00e9oth\u00e8que sur le <em>R\u00e9seau Acad\u00e9mique Parisien<\/em>.<\/li>\n<li><strong><a href=\"http:\/\/classiques.uqac.ca\/\" target=\"_blank\">UQAC (Universit\u00e9 de Qu\u00e9bec \u00e0 Chicoutimi)<\/a> : <\/strong>le site met \u00e0 disposition en version t\u00e9l\u00e9chargeable et imprimable plus de 2100 livres. Les autres disciplines des SHS peuvent aussi y trouver des choses tr\u00e8s int\u00e9ressantes.<\/li>\n<\/ul>\n<p>&nbsp;<\/p>\n","protected":false},"excerpt":{"rendered":"<p>Il est vrai qu&rsquo;on nous a tous appris \u00e0 chercher d&rsquo;abord dans les livres. C&rsquo;est une r\u00e8gle d&rsquo;or qu&rsquo;il ne faut jamais oublier. Cependant la technologie nous facilite aujourd&rsquo;hui beaucoup les choses et notamment internet. Le web est en effet &hellip; <a href=\"https:\/\/blogs.univ-tlse2.fr\/tesc-doctorants\/ressources\/\">Continuer la lecture <span class=\"meta-nav\">&rarr;<\/span><\/a><\/p>\n","protected":false},"author":85,"featured_media":0,"parent":0,"menu_order":0,"comment_status":"open","ping_status":"open","template":"","meta":{"footnotes":""},"class_list":["post-35","page","type-page","status-publish","hentry"],"_links":{"self":[{"href":"https:\/\/blogs.univ-tlse2.fr\/tesc-doctorants\/wp-json\/wp\/v2\/pages\/35","targetHints":{"allow":["GET"]}}],"collection":[{"href":"https:\/\/blogs.univ-tlse2.fr\/tesc-doctorants\/wp-json\/wp\/v2\/pages"}],"about":[{"href":"https:\/\/blogs.univ-tlse2.fr\/tesc-doctorants\/wp-json\/wp\/v2\/types\/page"}],"author":[{"embeddable":true,"href":"https:\/\/blogs.univ-tlse2.fr\/tesc-doctorants\/wp-json\/wp\/v2\/users\/85"}],"replies":[{"embeddable":true,"href":"https:\/\/blogs.univ-tlse2.fr\/tesc-doctorants\/wp-json\/wp\/v2\/comments?post=35"}],"version-history":[{"count":22,"href":"https:\/\/blogs.univ-tlse2.fr\/tesc-doctorants\/wp-json\/wp\/v2\/pages\/35\/revisions"}],"predecessor-version":[{"id":67,"href":"https:\/\/blogs.univ-tlse2.fr\/tesc-doctorants\/wp-json\/wp\/v2\/pages\/35\/revisions\/67"}],"wp:attachment":[{"href":"https:\/\/blogs.univ-tlse2.fr\/tesc-doctorants\/wp-json\/wp\/v2\/media?parent=35"}],"curies":[{"name":"wp","href":"https:\/\/api.w.org\/{rel}","templated":true}]}}