 {"id":41,"date":"2011-08-02T16:39:11","date_gmt":"2011-08-02T14:39:11","guid":{"rendered":"https:\/\/blogs.univ-tlse2.fr\/tesc-doctorants\/?page_id=41"},"modified":"2013-02-24T22:09:49","modified_gmt":"2013-02-24T20:09:49","slug":"liens-utiles","status":"publish","type":"page","link":"https:\/\/blogs.univ-tlse2.fr\/tesc-doctorants\/liens-utiles\/","title":{"rendered":"Associations"},"content":{"rendered":"<p><a href=\"https:\/\/blogs.univ-tlse2.fr\/tesc-doctorants\/files\/2011\/08\/internet.jpg\"><img loading=\"lazy\" decoding=\"async\" class=\"size-full wp-image-116 alignleft\" alt=\"\" src=\"https:\/\/blogs.univ-tlse2.fr\/tesc-doctorants\/files\/2011\/08\/internet.jpg\" width=\"290\" height=\"232\" \/><\/a>Il s&rsquo;agit ici de r\u00e9pertorier les sites des associations et autres blogs de doctorants. Vous trouverez aussi une liste compl\u00e8te des associations \u00e9tudiantes de l&rsquo;UTM sur <a href=\"http:\/\/www.univ-tlse2.fr\/14962948\/0\/fiche___pagelibre\/&amp;RH=ACCUEIL?RF=05AssocSyndic\" target=\"_blank\">son site<\/a>.<\/p>\n<p>Sur Toulouse :<\/p>\n<ul>\n<li><strong><a href=\"https:\/\/blogs.univ-tlse2.fr\/tact\/\">TACT? : Trois ans et c&rsquo;est tout ?<\/a> : <\/strong>association cr\u00e9\u00e9e en 2012 pour favoriser l&rsquo;entraide entre doctorants des 3 ED du Mirail. Elle organise des ap\u00e9ritifs mensuels et des manifestations scientifiques\u00a0transversales.<\/li>\n<li><strong><a href=\"http:\/\/www.atria-amdoc.org\/\" target=\"_blank\">ATRIA (Association Toulousaine pour la Recherche Interdisciplinaire sur les Am\u00e9riques)<\/a> : <\/strong>son objectif est de promouvoir les \u00e9tudes am\u00e9ricanistes sur Toulouse et notamment en organisant des colloques, journ\u00e9es d&rsquo;\u00e9tudes, publications et projets divers.<\/li>\n<li><strong><a href=\"http:\/\/www.amesat.cict.fr\/\" target=\"_blank\">AMESAT (Activit\u00e9s, M\u00e9diation, \u00c9changes, Supports et Amusement entre Th\u00e9sards)<\/a> :<\/strong> voil\u00e0 une association de doctorants et moniteurs bien active! Les membres de l&rsquo;AMESAT organisent tout au long de l&rsquo;ann\u00e9e des sorties sympathiques dont l&rsquo;agenda est disponible sur leur site.<\/li>\n<li><strong><a href=\"http:\/\/adtsic.free.fr\/?cat=3\" target=\"_blank\">ADT-SIC (Association des Doctorants Toulousains en Sciences de l&rsquo;Information et de la Communication)<\/a> :<\/strong> l&rsquo;association organise une r\u00e9union de travail par mois sur un th\u00e8me particulier.<\/li>\n<\/ul>\n<p>Et ailleurs :<\/p>\n<ul>\n<li><strong><a href=\"http:\/\/cjc.jeunes-chercheurs.org\/\" target=\"_blank\">CJC (Conf\u00e9d\u00e9ration des Jeunes Chercheurs)<\/a> :<\/strong> une conf\u00e9d\u00e9ration regroupant 40 associations adh\u00e9rentes. Le but est de d\u00e9fendre les int\u00e9r\u00eats des jeunes chercheurs et de promouvoir le doctorat.<\/li>\n<li><strong><a href=\"http:\/\/docteursetcompagnie.blogspot.com\/\" target=\"_blank\">Docteurs et compagnie (blog du magazine <em>Intelligence(s)<\/em> anciennement <em>Docteurs&amp;Co<\/em>)<\/a> : <\/strong>un tas d&rsquo;articles int\u00e9ressants sur l&rsquo;insertion des jeunes docteurs de toutes disciplines!<\/li>\n<li><strong><a href=\"http:\/\/questes.free.fr\/index.php?option=com_frontpage&amp;Itemid=1\" target=\"_blank\">Questes (association de doctorants m\u00e9di\u00e9vistes)<\/a> :<\/strong> cette association n\u00e9e dans les locaux de la Sorbonne organise aujourd&rsquo;hui des s\u00e9minaires mensuels et des journ\u00e9es d&rsquo;\u00e9tudes. Des appels \u00e0 contributions sont r\u00e9guli\u00e8rement publi\u00e9s.<\/li>\n<li><strong><a href=\"http:\/\/www.diwan.info\/\" target=\"_blank\">Diwan (Association de doctorants en histoire des mondes musulmans m\u00e9di\u00e9vaux)<\/a> : <\/strong>association tr\u00e8s active! Elle organise de multiples rencontres (colloques, journ\u00e9es d&rsquo;\u00e9tudes, s\u00e9minaires etc.) et lance r\u00e9guli\u00e8rement des appels \u00e0 contribution.<strong><br \/>\n<\/strong><\/li>\n<li><strong><a href=\"http:\/\/www.emploi-scientifique.info\/intelliagence\/\" target=\"_blank\">ABG-Intelli&rsquo;agence <\/a>:<\/strong> le but de cette association est de favoriser la formation, la professionnalisation, et l&#8217;emploi des jeunes chercheurs. On y trouve des offres d&#8217;emplois cibl\u00e9es, une CVth\u00e8que, des formations et des informations s&rsquo;adressant aux docteurs.<\/li>\n<li><strong><a href=\"http:\/\/tetes-chercheuses.com\/association.php\" target=\"_blank\">T\u00eates Chercheuses, Lettres, Linguistique, Langue, Arts<\/a> :<\/strong> association nationale de doctorants qui organise des r\u00e9unions mensuelles, des journ\u00e9es d&rsquo;\u00e9tudes, des aides \u00e0 la relecture d&rsquo;article ou de th\u00e8se etc. Leur site propose un fonctionnement par forum afin de faciliter les interactions.<\/li>\n<li><strong><a href=\"http:\/\/act.hypotheses.org\/\" target=\"_blank\">Les aspects concrets de la th\u00e8se<\/a> : <\/strong>c&rsquo;est un blog collaboratif qui donne un tas d&rsquo;informations et de tr\u00e8s bons conseils sur le d\u00e9roulement de la th\u00e8se.<\/li>\n<\/ul>\n","protected":false},"excerpt":{"rendered":"<p>Il s&rsquo;agit ici de r\u00e9pertorier les sites des associations et autres blogs de doctorants. Vous trouverez aussi une liste compl\u00e8te des associations \u00e9tudiantes de l&rsquo;UTM sur son site. Sur Toulouse : TACT? : Trois ans et c&rsquo;est tout ? : &hellip; <a href=\"https:\/\/blogs.univ-tlse2.fr\/tesc-doctorants\/liens-utiles\/\">Continuer la lecture <span class=\"meta-nav\">&rarr;<\/span><\/a><\/p>\n","protected":false},"author":85,"featured_media":0,"parent":0,"menu_order":0,"comment_status":"open","ping_status":"open","template":"","meta":{"footnotes":""},"class_list":["post-41","page","type-page","status-publish","hentry"],"_links":{"self":[{"href":"https:\/\/blogs.univ-tlse2.fr\/tesc-doctorants\/wp-json\/wp\/v2\/pages\/41","targetHints":{"allow":["GET"]}}],"collection":[{"href":"https:\/\/blogs.univ-tlse2.fr\/tesc-doctorants\/wp-json\/wp\/v2\/pages"}],"about":[{"href":"https:\/\/blogs.univ-tlse2.fr\/tesc-doctorants\/wp-json\/wp\/v2\/types\/page"}],"author":[{"embeddable":true,"href":"https:\/\/blogs.univ-tlse2.fr\/tesc-doctorants\/wp-json\/wp\/v2\/users\/85"}],"replies":[{"embeddable":true,"href":"https:\/\/blogs.univ-tlse2.fr\/tesc-doctorants\/wp-json\/wp\/v2\/comments?post=41"}],"version-history":[{"count":9,"href":"https:\/\/blogs.univ-tlse2.fr\/tesc-doctorants\/wp-json\/wp\/v2\/pages\/41\/revisions"}],"predecessor-version":[{"id":115,"href":"https:\/\/blogs.univ-tlse2.fr\/tesc-doctorants\/wp-json\/wp\/v2\/pages\/41\/revisions\/115"}],"wp:attachment":[{"href":"https:\/\/blogs.univ-tlse2.fr\/tesc-doctorants\/wp-json\/wp\/v2\/media?parent=41"}],"curies":[{"name":"wp","href":"https:\/\/api.w.org\/{rel}","templated":true}]}}