 {"id":43,"date":"2011-08-02T16:40:11","date_gmt":"2011-08-02T14:40:11","guid":{"rendered":"https:\/\/blogs.univ-tlse2.fr\/tesc-doctorants\/?page_id=43"},"modified":"2011-10-04T11:48:24","modified_gmt":"2011-10-04T09:48:24","slug":"boite-a-idees","status":"publish","type":"page","link":"https:\/\/blogs.univ-tlse2.fr\/tesc-doctorants\/boite-a-idees\/","title":{"rendered":"Bo\u00eete \u00e0 id\u00e9es"},"content":{"rendered":"<p style=\"text-align: left\">Autant vous avez besoin de nous (et oui!) pour d\u00e9fendre vos int\u00e9r\u00eats aupr\u00e8s de l\u2019\u00c9cole Doctorale, autant nous avons aussi besoin de vous, de conna\u00eetre vos id\u00e9es et suggestions. Le but est d&rsquo;am\u00e9liorer ce blog afin qu&rsquo;il r\u00e9ponde \u00e0 tous vos besoins mais aussi de faire remonter vos paroles aux int\u00e9ress\u00e9s.<\/p>\n<p style=\"text-align: center\"><strong>Contactez -nous \u00e0 cette adresse :<\/strong><\/p>\n<p style=\"text-align: center\"><strong> <\/strong><a href=\"&#x6d;a&#x69;&#x6c;t&#x6f;&#58;e&#x6c;&#117;s&#x2d;&#100;o&#x63;&#116;o&#x72;a&#x6e;&#x74;s&#x2d;&#x74;e&#x73;&#99;&#64;&#x75;&#110;i&#x76;&#45;t&#x6c;&#115;e&#x32;&#46;&#x66;&#x72;\">el&#117;&#x73;&#x2d;doc&#116;&#x6f;&#x72;ant&#115;&#x2d;&#x74;es&#99;&#x40;&#x75;&#x6e;iv&#45;&#x74;&#x6c;&#x73;e2&#46;&#x66;&#x72;<\/a><\/p>\n<p style=\"text-align: left\">&nbsp;<\/p>\n","protected":false},"excerpt":{"rendered":"<p>Autant vous avez besoin de nous (et oui!) pour d\u00e9fendre vos int\u00e9r\u00eats aupr\u00e8s de l\u2019\u00c9cole Doctorale, autant nous avons aussi besoin de vous, de conna\u00eetre vos id\u00e9es et suggestions. Le but est d&rsquo;am\u00e9liorer ce blog afin qu&rsquo;il r\u00e9ponde \u00e0 tous &hellip; <a href=\"https:\/\/blogs.univ-tlse2.fr\/tesc-doctorants\/boite-a-idees\/\">Continuer la lecture <span class=\"meta-nav\">&rarr;<\/span><\/a><\/p>\n","protected":false},"author":85,"featured_media":0,"parent":0,"menu_order":0,"comment_status":"open","ping_status":"open","template":"","meta":{"footnotes":""},"class_list":["post-43","page","type-page","status-publish","hentry"],"_links":{"self":[{"href":"https:\/\/blogs.univ-tlse2.fr\/tesc-doctorants\/wp-json\/wp\/v2\/pages\/43","targetHints":{"allow":["GET"]}}],"collection":[{"href":"https:\/\/blogs.univ-tlse2.fr\/tesc-doctorants\/wp-json\/wp\/v2\/pages"}],"about":[{"href":"https:\/\/blogs.univ-tlse2.fr\/tesc-doctorants\/wp-json\/wp\/v2\/types\/page"}],"author":[{"embeddable":true,"href":"https:\/\/blogs.univ-tlse2.fr\/tesc-doctorants\/wp-json\/wp\/v2\/users\/85"}],"replies":[{"embeddable":true,"href":"https:\/\/blogs.univ-tlse2.fr\/tesc-doctorants\/wp-json\/wp\/v2\/comments?post=43"}],"version-history":[{"count":4,"href":"https:\/\/blogs.univ-tlse2.fr\/tesc-doctorants\/wp-json\/wp\/v2\/pages\/43\/revisions"}],"predecessor-version":[{"id":47,"href":"https:\/\/blogs.univ-tlse2.fr\/tesc-doctorants\/wp-json\/wp\/v2\/pages\/43\/revisions\/47"}],"wp:attachment":[{"href":"https:\/\/blogs.univ-tlse2.fr\/tesc-doctorants\/wp-json\/wp\/v2\/media?parent=43"}],"curies":[{"name":"wp","href":"https:\/\/api.w.org\/{rel}","templated":true}]}}