 {"id":45,"date":"2011-08-02T16:40:50","date_gmt":"2011-08-02T14:40:50","guid":{"rendered":"https:\/\/blogs.univ-tlse2.fr\/tesc-doctorants\/?page_id=45"},"modified":"2011-08-03T13:03:08","modified_gmt":"2011-08-03T11:03:08","slug":"futurs-doctorants","status":"publish","type":"page","link":"https:\/\/blogs.univ-tlse2.fr\/tesc-doctorants\/futurs-doctorants\/","title":{"rendered":"Futurs doctorants"},"content":{"rendered":"<p><a href=\"https:\/\/blogs.univ-tlse2.fr\/tesc-doctorants\/files\/2011\/08\/livres-cdf04.jpg\"><img loading=\"lazy\" decoding=\"async\" class=\"alignleft size-medium wp-image-64\" src=\"https:\/\/blogs.univ-tlse2.fr\/tesc-doctorants\/files\/2011\/08\/livres-cdf04-153x300.jpg\" alt=\"\" width=\"153\" height=\"300\" \/><\/a>Cette rubrique s&rsquo;adresse aux \u00e9tudiants d\u00e9sireux d&rsquo;effectuer une th\u00e8se mais qui se posent encore pas mal de questions. Car oui, on ne peut d\u00e9finitivement pas savoir ce que c&rsquo;est que de se lancer dans un travail aussi long et difficile avant d&rsquo;y \u00eatre. La d\u00e9sillusion peut \u00eatre au rendez-vous et il convient de peser le pour et le contre.<\/p>\n<p>C&rsquo;est en Master Recherche que vous saurez r\u00e9ellement si le monde de la recherche vous attire ou non. Mieux vaut que vous ayez pris un maximum de plaisir \u00e0 l&rsquo;\u00e9laboration de votre m\u00e9moire car si ce n&rsquo;est pas le cas, inutile de penser \u00e0 faire une th\u00e8se. Pour tenir sur la dur\u00e9e (3, 4 ou 5 ans) il vous faut aussi \u00eatre r\u00e9ellement passionn\u00e9 par votre discipline. Pas de th\u00e8se sans passion!<\/p>\n<p>Sachez aussi que la situation d&rsquo;un th\u00e9sard en Sciences Humaines et Sociales est, la plupart du temps, pr\u00e9caire. Il rel\u00e8ve d&rsquo;un v\u00e9ritable parcours du combattant de trouver des financements et beaucoup de doctorants sont contraints d&rsquo;effectuer un ou plusieurs jobs en parall\u00e8le (voir la rubrique <a title=\"Financements\" href=\"https:\/\/blogs.univ-tlse2.fr\/tesc-doctorants\/financements\/\" target=\"_blank\">Financements<\/a>). Une fois la th\u00e8se soutenue, les ennuis sont loin de se terminer puisqu&rsquo;il vous faut \u00e0 pr\u00e9sent passer la qualification de Ma\u00eetre de Conf\u00e9rence et trouver un poste dans une universit\u00e9. Et l\u00e0 autant vous dire que c&rsquo;est une lutte de tous les instants. Les SHS offrant peu de postes il vous faudra patienter quelques ann\u00e9es, encha\u00eener les CDD de post-doc, ATER et autres statuts divers et vari\u00e9s&#8230; Autant vous le dire franchement : pas mal de jeunes docteurs finissent par abandonner leur qu\u00eate du Graal&#8230; Mais certains s&rsquo;en sortent tr\u00e8s bien! A vous de voir si vous \u00eates pr\u00eats \u00e0 en baver pendant quelques ann\u00e9es pour vivre de votre passion, tout en ayant bien en t\u00eate que peut-\u00eatre il n&rsquo;y aura pas de place pour vous \u00e0 l&rsquo;arriv\u00e9e. Il s&rsquo;agit donc bien d&rsquo;\u00eatre pers\u00e9v\u00e9rant, brillant et <span style=\"text-decoration: underline\">r\u00e9aliste<\/span>!<\/p>\n<p>S&rsquo;il est vrai que des docteurs ne trouvent jamais de postes ou choisissent d&rsquo;eux-m\u00eame de quitter le monde universitaire, que deviennent-ils? Il faut que vous ayez en t\u00eate que le monde ne s&rsquo;effondre pas si vous ne trouvez pas de postes apr\u00e8s votre doctorat. Les docteurs sont de plus en plus appr\u00e9ci\u00e9s dans les entreprises priv\u00e9es (il \u00e9tait temps!). Souvent sous-pay\u00e9s par rapport \u00e0 leur dipl\u00f4me, ils sont recherch\u00e9s pour leurs comp\u00e9tences exceptionnelles : grande rigueur au travail, autonomie, organisation, aptitudes r\u00e9dactionnelles, capacit\u00e9s d&rsquo;analyse et de synth\u00e8se tr\u00e8s pouss\u00e9es, esprit critique tr\u00e8s d\u00e9velopp\u00e9, bonnes dispositions pour les communications orales, adaptabilit\u00e9 sans oublier la ma\u00eetrise de divers outils informatiques. C&rsquo;est donc loin d&rsquo;\u00eatre n\u00e9gligeable!<\/p>\n<p>Ca y est maintenant vous avez pris votre d\u00e9cision : ce sera la th\u00e8se! Mais comment s&rsquo;y prendre? Que faut-il faire? A qui s&rsquo;adresser?<\/p>\n<ul>\n<li><strong>\u00c9laboration du projet de th\u00e8se : <\/strong>vous \u00eates en Master 2, vous n&rsquo;avez m\u00eame pas termin\u00e9 votre m\u00e9moire, que l&rsquo;on vous demande d\u00e9j\u00e0 de r\u00e9fl\u00e9chir \u00e0 votre th\u00e8se! Libre \u00e0 vous de le faire ou non, mais mieux vaut avoir un projet clair en t\u00eate afin d&rsquo;\u00e9viter les mauvaises surprises par la suite&#8230; D&rsquo;abord sur quoi voulez-vous travailler? La plupart des doctorants continuent leur sujet de m\u00e9moire de Master et l&rsquo;approfondissent. L&rsquo;int\u00e9r\u00eat? La bibliographie est faite, beaucoup de sources sont d\u00e9j\u00e0 dans vos classeurs et vous avez un bon aper\u00e7u du sujet. Vous savez o\u00f9 vous allez! Mais vous pouvez aussi avoir envie de vous lancer dans un autre sujet qui vous tient \u00e0 c\u0153ur. Dans ce cas essayez de vous renseigner sur celui-ci, mettez par \u00e9crit l&rsquo;int\u00e9r\u00eat \u00ab\u00a0scientifique\u00a0\u00bb qu&rsquo;il peut avoir. Bref, pr\u00e9parez un petit quelque chose afin que vous puissiez d\u00e9fendre votre projet face au professeur qui est susceptible de vous suivre. Derni\u00e8re option : r\u00e9pondre \u00e0 un appel pour un sujet de th\u00e8se. L&rsquo;int\u00e9r\u00eat r\u00e9side dans le fait que lorsqu&rsquo;il y a publication d&rsquo;un appel pour une th\u00e8se, cela veut dire qu&rsquo;il y a des financements derri\u00e8re! A m\u00e9diter donc&#8230;<\/li>\n<\/ul>\n<ul>\n<li><strong>le Directeur de recherche : <\/strong>en Master il est votre premier interlocuteur. C&rsquo;est donc avec lui que vous devez discuter avant tout de votre projet de th\u00e8se. Si vous avez choisi de vous lancer sur un th\u00e8me diff\u00e9rent de celui de votre m\u00e9moire de Master, votre Directeur de recherche ne sera peut-\u00eatre pas capable de discuter avec vous de votre nouveau projet (il n&rsquo;est pas forc\u00e9ment sp\u00e9cialiste en ce domaine). Si vous avez un bon contact avec lui il vous aiguillera certainement vers un professeur susceptible de vous conseiller ou vous dira carr\u00e9ment qui est le sp\u00e9cialiste auquel vous devez vous adresser. A vous donc de contacter les personnes concern\u00e9es (vous pouvez tr\u00e8s bien demander \u00e0 votre Directeur de recherche de vous faire une petite lettre de recommandation, \u00e7a aide toujours!). Si vous d\u00e9cidez de conserver votre sujet de Master, alors tout se passera avec votre Directeur de recherche actuel. Il vous expliquera les d\u00e9marches \u00e0 effectuer.<\/li>\n<\/ul>\n<ul>\n<li><strong>la recherche de financements : <\/strong>sujet \u00e9pineux! Voil\u00e0 un autre parcours du combattant et nous vous renvoyons \u00e0 la rubrique <a title=\"Financements\" href=\"https:\/\/blogs.univ-tlse2.fr\/tesc-doctorants\/financements\/\" target=\"_blank\">Financements<\/a> pour que vous ayez conscience de la complexit\u00e9 de la chose&#8230; La question du financement doit imp\u00e9rativement se poser <span style=\"text-decoration: underline\">avant<\/span> l&rsquo;inscription en doctorat! Ceux qui ont la chance de d\u00e9crocher un CDU se comptent sur les doigts de la main mais il ne faut pas vous d\u00e9courager pour autant! Ceux qui vous disent qu&rsquo;il est inutile de postuler pour d\u00e9crocher l&rsquo;allocation ne doivent pas \u00eatre \u00e9cout\u00e9. Qui ne tente rien n&rsquo;a rien! Postulez partout o\u00f9 vous pouvez, on se sait jamais. Il est inutile de vous cacher que pour obtenir un financement il vous faut un dossier de Master excellent et d\u00e9j\u00e0 quelques r\u00e9seaux (une bonne connaissance du laboratoire de recherche et de ceux qui le font vivre est souhaitable). Si vous pouvez aussi faire quelques publications d&rsquo;articles avant m\u00eame d&rsquo;\u00eatre en th\u00e8se, c&rsquo;est aussi un point positif pour votre dossier.<\/li>\n<\/ul>\n<ul>\n<li><strong>\u00e0 la recherche d&rsquo;informations : <\/strong>vous le savez \u00e0 la fac les informations ne viennent pas \u00e0 vous! Il faut donc faire preuve d&rsquo;esprit d&rsquo;initiative et aller les chercher au bon endroit : la <a href=\"http:\/\/w3.msh.univ-tlse2.fr\/spip\/\" target=\"_blank\">Maison de la Recherche<\/a>. Pourquoi ne pas aller assister \u00e0 une soutenance de th\u00e8se pour vous faire une id\u00e9e de ce qui vous attend? Pourquoi ne pas suivre quelques s\u00e9minaires, ateliers ou journ\u00e9es d&rsquo;\u00e9tudes organis\u00e9s tout au long de l&rsquo;ann\u00e9e? La MSHS de Toulouse est tr\u00e8s active et vous y trouverez certainement votre bonheur. Rien ne vous emp\u00eache aussi d&rsquo;aller d\u00e9couvrir votre futur laboratoire de recherche afin de vous familiariser avec les lieux. Sachez aussi que chaque ann\u00e9e est organis\u00e9e une r\u00e9union d&rsquo;information pour les Master concernant les financements de la th\u00e8se. Nous vous encourageons \u00e0 y assister. Une fois inscrit en doctorat, n&rsquo;oubliez pas de vous rendre \u00e0 la r\u00e9union de rentr\u00e9e pour faire connaissance avec vos coll\u00e8gues.<\/li>\n<\/ul>\n<p>Vous voici maintenant pr\u00eat \u00e0 faire face au monde de la recherche universitaire. Toute nouvelle information pouvant vous \u00eatre utile sera bien entendu publi\u00e9e sur le blog.<\/p>\n","protected":false},"excerpt":{"rendered":"<p>Cette rubrique s&rsquo;adresse aux \u00e9tudiants d\u00e9sireux d&rsquo;effectuer une th\u00e8se mais qui se posent encore pas mal de questions. Car oui, on ne peut d\u00e9finitivement pas savoir ce que c&rsquo;est que de se lancer dans un travail aussi long et difficile &hellip; <a href=\"https:\/\/blogs.univ-tlse2.fr\/tesc-doctorants\/futurs-doctorants\/\">Continuer la lecture <span class=\"meta-nav\">&rarr;<\/span><\/a><\/p>\n","protected":false},"author":85,"featured_media":0,"parent":0,"menu_order":0,"comment_status":"open","ping_status":"open","template":"","meta":{"footnotes":""},"class_list":["post-45","page","type-page","status-publish","hentry"],"_links":{"self":[{"href":"https:\/\/blogs.univ-tlse2.fr\/tesc-doctorants\/wp-json\/wp\/v2\/pages\/45","targetHints":{"allow":["GET"]}}],"collection":[{"href":"https:\/\/blogs.univ-tlse2.fr\/tesc-doctorants\/wp-json\/wp\/v2\/pages"}],"about":[{"href":"https:\/\/blogs.univ-tlse2.fr\/tesc-doctorants\/wp-json\/wp\/v2\/types\/page"}],"author":[{"embeddable":true,"href":"https:\/\/blogs.univ-tlse2.fr\/tesc-doctorants\/wp-json\/wp\/v2\/users\/85"}],"replies":[{"embeddable":true,"href":"https:\/\/blogs.univ-tlse2.fr\/tesc-doctorants\/wp-json\/wp\/v2\/comments?post=45"}],"version-history":[{"count":4,"href":"https:\/\/blogs.univ-tlse2.fr\/tesc-doctorants\/wp-json\/wp\/v2\/pages\/45\/revisions"}],"predecessor-version":[{"id":63,"href":"https:\/\/blogs.univ-tlse2.fr\/tesc-doctorants\/wp-json\/wp\/v2\/pages\/45\/revisions\/63"}],"wp:attachment":[{"href":"https:\/\/blogs.univ-tlse2.fr\/tesc-doctorants\/wp-json\/wp\/v2\/media?parent=45"}],"curies":[{"name":"wp","href":"https:\/\/api.w.org\/{rel}","templated":true}]}}