 {"id":66,"date":"2024-10-01T18:42:14","date_gmt":"2024-10-01T16:42:14","guid":{"rendered":"https:\/\/blogs.univ-tlse2.fr\/thchefs\/?page_id=66"},"modified":"2024-10-02T09:24:33","modified_gmt":"2024-10-02T07:24:33","slug":"qui-sommes-nous","status":"publish","type":"page","link":"https:\/\/blogs.univ-tlse2.fr\/thchefs\/qui-sommes-nous\/","title":{"rendered":"Qui sommes-nous?"},"content":{"rendered":"\n<h2 class=\"wp-block-heading\">Promotion 2024-2025<\/h2>\n\n\n\n<p>Karine Arzumanyan<\/p>\n\n\n\n<p>Djalel Benachi<\/p>\n\n\n\n<p>L\u00e9a Clochard<\/p>\n\n\n\n<p>Victorine Faureil<\/p>\n\n\n\n<p>Manon Garcia<\/p>\n\n\n\n<p>Lucie Lebon<\/p>\n\n\n\n<p>Manuiki Mahutatua<\/p>\n\n\n\n<p>Carla Mercadier<\/p>\n\n\n\n<p>L\u00e9a Poirrotte<\/p>\n\n\n\n<p>Fanny Ramanitrera<\/p>\n\n\n\n<p>Kenza Saoudi-Mear<\/p>\n\n\n\n<p>Nune Torossian<\/p>\n\n\n\n<p>Laura Trontin<\/p>\n\n\n\n<p>C\u00e9lia Verwaerde<\/p>\n\n\n\n<p>Winny<\/p>\n\n\n\n<p>Laura Zarate Escobar<\/p>\n","protected":false},"excerpt":{"rendered":"<p>Promotion 2024-2025 Karine Arzumanyan Djalel Benachi L\u00e9a Clochard Victorine Faureil Manon Garcia Lucie Lebon Manuiki Mahutatua Carla Mercadier L\u00e9a Poirrotte Fanny Ramanitrera Kenza Saoudi-Mear Nune Torossian Laura Trontin C\u00e9lia Verwaerde Winny Laura Zarate Escobar<\/p>\n","protected":false},"author":1364,"featured_media":0,"parent":0,"menu_order":0,"comment_status":"closed","ping_status":"closed","template":"","meta":{"footnotes":""},"class_list":["post-66","page","type-page","status-publish","hentry"],"_links":{"self":[{"href":"https:\/\/blogs.univ-tlse2.fr\/thchefs\/wp-json\/wp\/v2\/pages\/66","targetHints":{"allow":["GET"]}}],"collection":[{"href":"https:\/\/blogs.univ-tlse2.fr\/thchefs\/wp-json\/wp\/v2\/pages"}],"about":[{"href":"https:\/\/blogs.univ-tlse2.fr\/thchefs\/wp-json\/wp\/v2\/types\/page"}],"author":[{"embeddable":true,"href":"https:\/\/blogs.univ-tlse2.fr\/thchefs\/wp-json\/wp\/v2\/users\/1364"}],"replies":[{"embeddable":true,"href":"https:\/\/blogs.univ-tlse2.fr\/thchefs\/wp-json\/wp\/v2\/comments?post=66"}],"version-history":[{"count":3,"href":"https:\/\/blogs.univ-tlse2.fr\/thchefs\/wp-json\/wp\/v2\/pages\/66\/revisions"}],"predecessor-version":[{"id":84,"href":"https:\/\/blogs.univ-tlse2.fr\/thchefs\/wp-json\/wp\/v2\/pages\/66\/revisions\/84"}],"wp:attachment":[{"href":"https:\/\/blogs.univ-tlse2.fr\/thchefs\/wp-json\/wp\/v2\/media?parent=66"}],"curies":[{"name":"wp","href":"https:\/\/api.w.org\/{rel}","templated":true}]}}