 {"id":200,"date":"2024-04-08T10:42:08","date_gmt":"2024-04-08T08:42:08","guid":{"rendered":"https:\/\/blogs.univ-tlse2.fr\/toulameriquelatine\/?page_id=200"},"modified":"2024-04-24T14:16:15","modified_gmt":"2024-04-24T12:16:15","slug":"a-propos-du-toulouse-hispano-americain","status":"publish","type":"page","link":"https:\/\/blogs.univ-tlse2.fr\/toulameriquelatine\/a-propos-du-toulouse-hispano-americain\/","title":{"rendered":"\u00c0 propos du Toulouse hispano-am\u00e9ricain"},"content":{"rendered":"\n<p class=\"has-text-align-center\"><em>La ville de Toulouse est un lieu o\u00f9 se rencontrent diverses cultures de divers horizons. Les cultures latino-am\u00e9ricaines n&rsquo;y font pas exception. La Ville Rose jouit d&rsquo;un fort brassage issu du continent hispano-am\u00e9ricain et de fait, des \u00e9v\u00e9nements d\u00e9coulent de cette pr\u00e9sence. Nous aimerions, par cette rubrique, partager avec vous deux aspects de cette pr\u00e9sence. <\/em><\/p>\n\n\n\n<p><\/p>\n\n\n\n<figure class=\"wp-block-image alignwide size-large\"><img loading=\"lazy\" decoding=\"async\" width=\"1024\" height=\"660\" src=\"https:\/\/blogs.univ-tlse2.fr\/toulameriquelatine\/files\/2024\/04\/toulouse-france-aerial-view-1024x660.jpg\" alt=\"\" class=\"wp-image-34\" srcset=\"https:\/\/blogs.univ-tlse2.fr\/toulameriquelatine\/files\/2024\/04\/toulouse-france-aerial-view-1024x660.jpg 1024w, https:\/\/blogs.univ-tlse2.fr\/toulameriquelatine\/files\/2024\/04\/toulouse-france-aerial-view-300x193.jpg 300w, https:\/\/blogs.univ-tlse2.fr\/toulameriquelatine\/files\/2024\/04\/toulouse-france-aerial-view-768x495.jpg 768w, https:\/\/blogs.univ-tlse2.fr\/toulameriquelatine\/files\/2024\/04\/toulouse-france-aerial-view-1536x990.jpg 1536w, https:\/\/blogs.univ-tlse2.fr\/toulameriquelatine\/files\/2024\/04\/toulouse-france-aerial-view.jpg 2000w\" sizes=\"auto, (max-width: 1024px) 100vw, 1024px\" \/><figcaption class=\"wp-element-caption\">Toulouse and Garonne river aerial panoramic view. Toulouse is the capital of Haute Garonne department and Occitanie region in France.<\/figcaption><\/figure>\n","protected":false},"excerpt":{"rendered":"<p>La ville de Toulouse est un lieu o\u00f9 se rencontrent diverses cultures de divers horizons. Les cultures latino-am\u00e9ricaines n&rsquo;y font pas exception. La Ville Rose jouit d&rsquo;un fort brassage issu du continent hispano-am\u00e9ricain et de fait, des \u00e9v\u00e9nements d\u00e9coulent de cette pr\u00e9sence. Nous aimerions, par cette rubrique, partager avec vous deux aspects de cette pr\u00e9sence.<\/p>\n","protected":false},"author":1339,"featured_media":0,"parent":0,"menu_order":0,"comment_status":"closed","ping_status":"closed","template":"","meta":{"footnotes":""},"class_list":["post-200","page","type-page","status-publish","hentry"],"_links":{"self":[{"href":"https:\/\/blogs.univ-tlse2.fr\/toulameriquelatine\/wp-json\/wp\/v2\/pages\/200","targetHints":{"allow":["GET"]}}],"collection":[{"href":"https:\/\/blogs.univ-tlse2.fr\/toulameriquelatine\/wp-json\/wp\/v2\/pages"}],"about":[{"href":"https:\/\/blogs.univ-tlse2.fr\/toulameriquelatine\/wp-json\/wp\/v2\/types\/page"}],"author":[{"embeddable":true,"href":"https:\/\/blogs.univ-tlse2.fr\/toulameriquelatine\/wp-json\/wp\/v2\/users\/1339"}],"replies":[{"embeddable":true,"href":"https:\/\/blogs.univ-tlse2.fr\/toulameriquelatine\/wp-json\/wp\/v2\/comments?post=200"}],"version-history":[{"count":7,"href":"https:\/\/blogs.univ-tlse2.fr\/toulameriquelatine\/wp-json\/wp\/v2\/pages\/200\/revisions"}],"predecessor-version":[{"id":452,"href":"https:\/\/blogs.univ-tlse2.fr\/toulameriquelatine\/wp-json\/wp\/v2\/pages\/200\/revisions\/452"}],"wp:attachment":[{"href":"https:\/\/blogs.univ-tlse2.fr\/toulameriquelatine\/wp-json\/wp\/v2\/media?parent=200"}],"curies":[{"name":"wp","href":"https:\/\/api.w.org\/{rel}","templated":true}]}}