 {"id":203,"date":"2024-04-08T10:43:19","date_gmt":"2024-04-08T08:43:19","guid":{"rendered":"https:\/\/blogs.univ-tlse2.fr\/toulameriquelatine\/?page_id=203"},"modified":"2024-04-24T10:06:37","modified_gmt":"2024-04-24T08:06:37","slug":"a-propos-de-lut2j-comme-richesses-hispano-americaines","status":"publish","type":"page","link":"https:\/\/blogs.univ-tlse2.fr\/toulameriquelatine\/a-propos-de-lut2j-comme-richesses-hispano-americaines\/","title":{"rendered":"\u00c0 propos de l&rsquo;UT2J comme richesses hispano-am\u00e9ricaines"},"content":{"rendered":"\n<p class=\"has-text-align-center\"><em>La Ville Rose poss\u00e8de l&rsquo;un des plus grands d\u00e9partements d&rsquo;\u00e9tudes hispaniques et hispano-am\u00e9ricaines de France. Au sein de l&rsquo;UT2J, ce d\u00e9partement dispense un enseignement qui se veut le plus complet possible et adopte une vision collaborative de la vie universitaire. Dans cette rubrique, vous trouverez des \u00e9changes men\u00e9s \u00e0 diff\u00e9rentes \u00e9chelles \u00e0 l&rsquo;UT2J.<\/em><\/p>\n\n\n\n<p><\/p>\n\n\n\n<figure class=\"wp-block-image alignwide size-large\"><img loading=\"lazy\" decoding=\"async\" width=\"1024\" height=\"473\" src=\"https:\/\/blogs.univ-tlse2.fr\/toulameriquelatine\/files\/2024\/04\/universite-toulouse-jean-jaures-1-thegem-blog-default-1024x473.jpg\" alt=\"\" class=\"wp-image-427\" srcset=\"https:\/\/blogs.univ-tlse2.fr\/toulameriquelatine\/files\/2024\/04\/universite-toulouse-jean-jaures-1-thegem-blog-default-1024x473.jpg 1024w, https:\/\/blogs.univ-tlse2.fr\/toulameriquelatine\/files\/2024\/04\/universite-toulouse-jean-jaures-1-thegem-blog-default-300x138.jpg 300w, https:\/\/blogs.univ-tlse2.fr\/toulameriquelatine\/files\/2024\/04\/universite-toulouse-jean-jaures-1-thegem-blog-default-768x354.jpg 768w, https:\/\/blogs.univ-tlse2.fr\/toulameriquelatine\/files\/2024\/04\/universite-toulouse-jean-jaures-1-thegem-blog-default.jpg 1170w\" sizes=\"auto, (max-width: 1024px) 100vw, 1024px\" \/><figcaption class=\"wp-element-caption\">Universit\u00e9-Toulouse-II-Jean-Jaur\u00e8s<\/figcaption><\/figure>\n","protected":false},"excerpt":{"rendered":"<p>La Ville Rose poss\u00e8de l&rsquo;un des plus grands d\u00e9partements d&rsquo;\u00e9tudes hispaniques et hispano-am\u00e9ricaines de France. Au sein de l&rsquo;UT2J, ce d\u00e9partement dispense un enseignement qui se veut le plus complet possible et adopte une vision collaborative de la vie universitaire. Dans cette rubrique, vous trouverez des \u00e9changes men\u00e9s \u00e0 diff\u00e9rentes \u00e9chelles \u00e0 l&rsquo;UT2J.<\/p>\n","protected":false},"author":1339,"featured_media":0,"parent":0,"menu_order":0,"comment_status":"closed","ping_status":"closed","template":"","meta":{"footnotes":""},"class_list":["post-203","page","type-page","status-publish","hentry"],"_links":{"self":[{"href":"https:\/\/blogs.univ-tlse2.fr\/toulameriquelatine\/wp-json\/wp\/v2\/pages\/203","targetHints":{"allow":["GET"]}}],"collection":[{"href":"https:\/\/blogs.univ-tlse2.fr\/toulameriquelatine\/wp-json\/wp\/v2\/pages"}],"about":[{"href":"https:\/\/blogs.univ-tlse2.fr\/toulameriquelatine\/wp-json\/wp\/v2\/types\/page"}],"author":[{"embeddable":true,"href":"https:\/\/blogs.univ-tlse2.fr\/toulameriquelatine\/wp-json\/wp\/v2\/users\/1339"}],"replies":[{"embeddable":true,"href":"https:\/\/blogs.univ-tlse2.fr\/toulameriquelatine\/wp-json\/wp\/v2\/comments?post=203"}],"version-history":[{"count":5,"href":"https:\/\/blogs.univ-tlse2.fr\/toulameriquelatine\/wp-json\/wp\/v2\/pages\/203\/revisions"}],"predecessor-version":[{"id":429,"href":"https:\/\/blogs.univ-tlse2.fr\/toulameriquelatine\/wp-json\/wp\/v2\/pages\/203\/revisions\/429"}],"wp:attachment":[{"href":"https:\/\/blogs.univ-tlse2.fr\/toulameriquelatine\/wp-json\/wp\/v2\/media?parent=203"}],"curies":[{"name":"wp","href":"https:\/\/api.w.org\/{rel}","templated":true}]}}