 {"id":212,"date":"2024-04-08T11:13:38","date_gmt":"2024-04-08T09:13:38","guid":{"rendered":"https:\/\/blogs.univ-tlse2.fr\/toulameriquelatine\/?page_id=212"},"modified":"2024-04-24T16:02:01","modified_gmt":"2024-04-24T14:02:01","slug":"accueil","status":"publish","type":"page","link":"https:\/\/blogs.univ-tlse2.fr\/toulameriquelatine\/accueil\/","title":{"rendered":"\u00c0 propos de Toul&rsquo;Am\u00e9rique latine"},"content":{"rendered":"\n<p>Bienvenue sur le blog <strong><em>Toul\u2019Am\u00e9rique latine<\/em><\/strong> ! Cette plateforme est d\u00e9velopp\u00e9e par les \u00e9tudiant.e.s du Master II \u00c9tudes romanes et a pour but de mettre en valeur les cultures latino-am\u00e9ricaines pr\u00e9sentes \u00e0 Toulouse. Sur ce blog, vous retrouverez diverses rubriques traitant de la vie culturelle hispano-am\u00e9ricaine dans la ville de Toulouse, en plus de retrouver des rubriques illustrant comment se transmet le savoir au travers de l\u2019UT2J.<\/p>\n\n\n\n<p>Nous aimerions cependant pr\u00e9ciser que m\u00eame si nous travaillons sur les cultures latino-am\u00e9ricaines pr\u00e9sentes \u00e0 Toulouse, nous ne pourrons traiter de toute l\u2019aire hispano-am\u00e9ricaine. Cependant, \u00e9tant dans une d\u00e9marche de transmission, nous esp\u00e9rons qu\u2019ann\u00e9es apr\u00e8s ann\u00e9es, ce blog s\u2019affinera afin de couvrir toutes les parties de cette aire culturelle et g\u00e9ographique qui a tant \u00e0 nous faire d\u00e9couvrir.&nbsp;<\/p>\n\n\n\n<p>Nous pr\u00e9cisons que nous optons pour l\u2019\u00e9criture inclusive afin que chacun.e se sente concern\u00e9.e.<\/p>\n\n\n\n<p>\u00cates-vous pr\u00eat.e.s pour un voyage au c\u0153ur des cultures hispano-am\u00e9ricaines ?<\/p>\n","protected":false},"excerpt":{"rendered":"<p>Bienvenue sur le blog Toul\u2019Am\u00e9rique latine ! Cette plateforme est d\u00e9velopp\u00e9e par les \u00e9tudiant.e.s du Master II \u00c9tudes romanes et a pour but de mettre en valeur les cultures latino-am\u00e9ricaines pr\u00e9sentes \u00e0 Toulouse. Sur ce blog, vous retrouverez diverses rubriques traitant de la vie culturelle hispano-am\u00e9ricaine dans la ville de Toulouse, en plus de retrouver [&hellip;]<\/p>\n","protected":false},"author":1339,"featured_media":92,"parent":0,"menu_order":0,"comment_status":"closed","ping_status":"closed","template":"","meta":{"footnotes":""},"class_list":["post-212","page","type-page","status-publish","has-post-thumbnail","hentry"],"_links":{"self":[{"href":"https:\/\/blogs.univ-tlse2.fr\/toulameriquelatine\/wp-json\/wp\/v2\/pages\/212","targetHints":{"allow":["GET"]}}],"collection":[{"href":"https:\/\/blogs.univ-tlse2.fr\/toulameriquelatine\/wp-json\/wp\/v2\/pages"}],"about":[{"href":"https:\/\/blogs.univ-tlse2.fr\/toulameriquelatine\/wp-json\/wp\/v2\/types\/page"}],"author":[{"embeddable":true,"href":"https:\/\/blogs.univ-tlse2.fr\/toulameriquelatine\/wp-json\/wp\/v2\/users\/1339"}],"replies":[{"embeddable":true,"href":"https:\/\/blogs.univ-tlse2.fr\/toulameriquelatine\/wp-json\/wp\/v2\/comments?post=212"}],"version-history":[{"count":10,"href":"https:\/\/blogs.univ-tlse2.fr\/toulameriquelatine\/wp-json\/wp\/v2\/pages\/212\/revisions"}],"predecessor-version":[{"id":464,"href":"https:\/\/blogs.univ-tlse2.fr\/toulameriquelatine\/wp-json\/wp\/v2\/pages\/212\/revisions\/464"}],"wp:featuredmedia":[{"embeddable":true,"href":"https:\/\/blogs.univ-tlse2.fr\/toulameriquelatine\/wp-json\/wp\/v2\/media\/92"}],"wp:attachment":[{"href":"https:\/\/blogs.univ-tlse2.fr\/toulameriquelatine\/wp-json\/wp\/v2\/media?parent=212"}],"curies":[{"name":"wp","href":"https:\/\/api.w.org\/{rel}","templated":true}]}}