 {"id":112,"date":"2017-11-23T13:58:33","date_gmt":"2017-11-23T12:58:33","guid":{"rendered":"https:\/\/blogs.univ-tlse2.fr\/toulouse-facelab\/?page_id=112"},"modified":"2017-11-23T14:23:33","modified_gmt":"2017-11-23T13:23:33","slug":"etude-sur-le-campus","status":"publish","type":"page","link":"https:\/\/blogs.univ-tlse2.fr\/toulouse-facelab\/etude-sur-le-campus\/","title":{"rendered":"Etude sur le campus"},"content":{"rendered":"<h2><span style=\"color: #ff6600\"><strong>Etudes en cours<\/strong><\/span><\/h2>\n<p>&nbsp;<\/p>\n<p style=\"text-align: left\"><img loading=\"lazy\" decoding=\"async\" class=\"\" src=\"https:\/\/blogs.univ-tlse2.fr\/toulouse-facelab\/files\/2017\/11\/Sans-titre.jpg\" alt=\"dilemme\" width=\"237\" height=\"103\" \/><span style=\"color: #3366ff\"><b>Ah l\u00e0 <\/b><b>l\u00e0<\/b><b>, quel dilemme !<\/b><\/span><\/p>\n<p>Dans le cadre d\u2019une \u00e9tude sur la perception faciale et les dilemmes moraux, on a besoin de votre aide !<br \/>\n&#8211;<b> O\u00f9 : <\/b><i>campus Universit\u00e9 Jean Jaur\u00e8s<\/i><br \/>\n&#8211;<b> Dur\u00e9e : <\/b><i>2 sessions de 15 min s\u00e9par\u00e9es de quelques jours<\/i><br \/>\n&#8211;<b> Indemnisation :<\/b> <i>MUG ou t-shirt<\/i><br \/>\n&#8211;<b> Aucune restriction de participation<\/b><br \/>\n&#8211;<b> Quand : <\/b><i>n<\/i><i>ovembre 2017 \u2013 f\u00e9vrier 2018<\/i><br \/>\n&#8211;<b> Nous contacter pour participer<\/b><\/p>\n","protected":false},"excerpt":{"rendered":"<p>Etudes en cours &nbsp; Ah l\u00e0 l\u00e0, quel dilemme ! Dans le cadre d\u2019une \u00e9tude sur la perception faciale et les dilemmes moraux, on a besoin de votre aide ! &#8211; O\u00f9 : campus Universit\u00e9 Jean Jaur\u00e8s &#8211; Dur\u00e9e : 2 sessions de 15 min s\u00e9par\u00e9es de quelques jours &#8211; Indemnisation : MUG ou t-shirt\u2026<\/p>\n","protected":false},"author":416,"featured_media":0,"parent":0,"menu_order":0,"comment_status":"closed","ping_status":"closed","template":"fullwidth.php","meta":{"footnotes":""},"class_list":["post-112","page","type-page","status-publish","hentry"],"_links":{"self":[{"href":"https:\/\/blogs.univ-tlse2.fr\/toulouse-facelab\/wp-json\/wp\/v2\/pages\/112","targetHints":{"allow":["GET"]}}],"collection":[{"href":"https:\/\/blogs.univ-tlse2.fr\/toulouse-facelab\/wp-json\/wp\/v2\/pages"}],"about":[{"href":"https:\/\/blogs.univ-tlse2.fr\/toulouse-facelab\/wp-json\/wp\/v2\/types\/page"}],"author":[{"embeddable":true,"href":"https:\/\/blogs.univ-tlse2.fr\/toulouse-facelab\/wp-json\/wp\/v2\/users\/416"}],"replies":[{"embeddable":true,"href":"https:\/\/blogs.univ-tlse2.fr\/toulouse-facelab\/wp-json\/wp\/v2\/comments?post=112"}],"version-history":[{"count":10,"href":"https:\/\/blogs.univ-tlse2.fr\/toulouse-facelab\/wp-json\/wp\/v2\/pages\/112\/revisions"}],"predecessor-version":[{"id":137,"href":"https:\/\/blogs.univ-tlse2.fr\/toulouse-facelab\/wp-json\/wp\/v2\/pages\/112\/revisions\/137"}],"wp:attachment":[{"href":"https:\/\/blogs.univ-tlse2.fr\/toulouse-facelab\/wp-json\/wp\/v2\/media?parent=112"}],"curies":[{"name":"wp","href":"https:\/\/api.w.org\/{rel}","templated":true}]}}