 {"id":151,"date":"2017-11-25T16:30:12","date_gmt":"2017-11-25T15:30:12","guid":{"rendered":"https:\/\/blogs.univ-tlse2.fr\/toulouse-facelab\/?page_id=151"},"modified":"2017-11-28T09:03:28","modified_gmt":"2017-11-28T08:03:28","slug":"nous-trouver","status":"publish","type":"page","link":"https:\/\/blogs.univ-tlse2.fr\/toulouse-facelab\/nous-trouver\/","title":{"rendered":"Nous trouver"},"content":{"rendered":"<p><span style=\"color: #333333\">\u00a0Toulouse Facelab est facilement accessible :<\/span><\/p>\n<ul>\n<li><span style=\"color: #333333\">en <strong>m\u00e9tro<\/strong> (ligne A, arr\u00eat Mirail Universit\u00e9), \u00a0puis 5 min \u00e0 pied<\/span><\/li>\n<li><span style=\"color: #333333\">par la <strong>rocade <\/strong>(sortie n\u00b026 &#8211; La Faourette ou sortie n\u00b027 &#8211; La C\u00e9pi\u00e8re), \u00a0plusieurs parkings gratuits sont disponibles \u00e0 l&rsquo;entr\u00e9e de universit\u00e9.<\/span><\/li>\n<\/ul>\n<p style=\"text-align: left\"><div id=\"flxmap-69d8bd5d94300\" class='flxmap-container' data-flxmap='flxmap_69d8bd5d94300' style=\"width:100%;height:400px;\"><\/div>\n<script data-noptimize=\"1\">\n\/* <![CDATA[ *\/\n(function(w, fn) {\n if (w.addEventListener) w.addEventListener(\"DOMContentLoaded\", fn, false);\n else if (w.attachEvent) w.attachEvent(\"onload\", fn);\n})(window, function() {\n var f = new FlexibleMap();\n f.setlocale(\"fr-FR\");\n f.zoom = 14;\n f.markerTitle = \"Maison de la recherche\";\n f.markerDescription = \"Toulouse FaceLab\";\n f.showAddress(\"flxmap-69d8bd5d94300\", \"Maison de la recherche 5, all\u00e9es Antonio Machado 31058 Toulouse\");\n window.flxmap_69d8bd5d94300 = f;\n});\n\/* ]]> *\/\n<\/script>\n<\/p>\n<p><span style=\"color: #333333\">Toulouse Facelab se trouve au sein de la plateforme Cognition, Comportement, Usages, au rez-de-chauss\u00e9e de la nouvelle Maison de la Recherche.<\/span><\/p>\n","protected":false},"excerpt":{"rendered":"<p>\u00a0Toulouse Facelab est facilement accessible : en m\u00e9tro (ligne A, arr\u00eat Mirail Universit\u00e9), \u00a0puis 5 min \u00e0 pied par la rocade (sortie n\u00b026 &#8211; La Faourette ou sortie n\u00b027 &#8211; La C\u00e9pi\u00e8re), \u00a0plusieurs parkings gratuits sont disponibles \u00e0 l&rsquo;entr\u00e9e de universit\u00e9. Toulouse Facelab se trouve au sein de la plateforme Cognition, Comportement, Usages, au rez-de-chauss\u00e9e\u2026<\/p>\n","protected":false},"author":416,"featured_media":0,"parent":0,"menu_order":0,"comment_status":"closed","ping_status":"closed","template":"fullwidth.php","meta":{"footnotes":""},"class_list":["post-151","page","type-page","status-publish","hentry"],"_links":{"self":[{"href":"https:\/\/blogs.univ-tlse2.fr\/toulouse-facelab\/wp-json\/wp\/v2\/pages\/151","targetHints":{"allow":["GET"]}}],"collection":[{"href":"https:\/\/blogs.univ-tlse2.fr\/toulouse-facelab\/wp-json\/wp\/v2\/pages"}],"about":[{"href":"https:\/\/blogs.univ-tlse2.fr\/toulouse-facelab\/wp-json\/wp\/v2\/types\/page"}],"author":[{"embeddable":true,"href":"https:\/\/blogs.univ-tlse2.fr\/toulouse-facelab\/wp-json\/wp\/v2\/users\/416"}],"replies":[{"embeddable":true,"href":"https:\/\/blogs.univ-tlse2.fr\/toulouse-facelab\/wp-json\/wp\/v2\/comments?post=151"}],"version-history":[{"count":9,"href":"https:\/\/blogs.univ-tlse2.fr\/toulouse-facelab\/wp-json\/wp\/v2\/pages\/151\/revisions"}],"predecessor-version":[{"id":175,"href":"https:\/\/blogs.univ-tlse2.fr\/toulouse-facelab\/wp-json\/wp\/v2\/pages\/151\/revisions\/175"}],"wp:attachment":[{"href":"https:\/\/blogs.univ-tlse2.fr\/toulouse-facelab\/wp-json\/wp\/v2\/media?parent=151"}],"curies":[{"name":"wp","href":"https:\/\/api.w.org\/{rel}","templated":true}]}}