 {"id":167,"date":"2017-11-28T08:59:27","date_gmt":"2017-11-28T07:59:27","guid":{"rendered":"https:\/\/blogs.univ-tlse2.fr\/toulouse-facelab\/?page_id=167"},"modified":"2017-11-28T10:04:16","modified_gmt":"2017-11-28T09:04:16","slug":"clic-clac","status":"publish","type":"page","link":"https:\/\/blogs.univ-tlse2.fr\/toulouse-facelab\/clic-clac\/","title":{"rendered":"Clic-Clac"},"content":{"rendered":"<h3><img loading=\"lazy\" decoding=\"async\" class=\"alignleft\" src=\"https:\/\/blogs.univ-tlse2.fr\/toulouse-facelab\/files\/2017\/11\/base2.jpg\" alt=\"parent\" width=\"270\" height=\"346\" \/><strong><span style=\"color: #ff6600\">Vous \u00eates parents\u00a0<\/span><\/strong><\/h3>\n<p>Nous cherchons des <strong>familles avec enfants<\/strong> (de tout \u00e2ge) pour constituer une base de donn\u00e9es faciales dans le cadre d&rsquo;\u00e9tudes sur les ressemblances familiales.<\/p>\n<p><strong>Prise de photo chez vous<\/strong> ou \u00e0 <strong>universit\u00e9 de Toulouse Jean Jaures<\/strong><\/p>\n<p>Un cadeau est offert pour les enfants<\/p>\n<p><strong><a href=\"&#109;&#x61;&#105;&#x6c;&#116;&#x6f;:&#x74;o&#x75;l&#x6f;u&#x73;e&#x2e;f&#x61;c&#x65;l&#x61;b&#64;&#x75;&#110;&#x69;&#118;&#x2d;&#116;&#x6c;s&#x65;2&#x2e;f&#x72;\">Contactez-nous<\/a><\/strong><\/p>\n<p>&nbsp;<\/p>\n<p>&nbsp;<\/p>\n<p>&nbsp;<\/p>\n<h3><\/h3>\n<h3><\/h3>\n<h2><strong style=\"font-size: 23px\"><span style=\"color: #ff6600\">Tout au long de l&rsquo;ann\u00e9e, venez alimenter notre base de donn\u00e9e \u00ab\u00a0Visages\u00a0\u00bb<\/span><\/strong><\/h2>\n<p style=\"text-align: left;padding-left: 120px\"><img loading=\"lazy\" decoding=\"async\" class=\"alignleft\" src=\"https:\/\/blogs.univ-tlse2.fr\/toulouse-facelab\/files\/2017\/11\/Average_ImNum_Fem_86-faces-e1511857406413.jpg\" alt=\"average female\" width=\"209\" height=\"279\" \/><img loading=\"lazy\" decoding=\"async\" class=\"alignright\" src=\"https:\/\/blogs.univ-tlse2.fr\/toulouse-facelab\/files\/2017\/11\/Average_ImNum_Mal_32_faces.jpg\" alt=\"homme\" width=\"209\" height=\"279\" \/>Vos photos sont <strong>anonymes<\/strong> et <strong>confidentielles<\/strong><\/p>\n<p style=\"text-align: left;padding-left: 120px\">Vous pouvez <strong>d\u00e9terminez leur diffusion<\/strong><\/p>\n<p style=\"text-align: left;padding-left: 120px\">Vous permettez \u00e0 la recherche sur la perception faciale de progresser<\/p>\n<p style=\"text-align: left;padding-left: 120px\">Pour en faire partie,\u00a0<a href=\"&#109;a&#x69;l&#x74;o&#x3a;t&#x6f;u&#x6c;o&#x75;&#115;&#x65;&#46;f&#97;c&#x65;l&#x61;b&#x40;u&#x6e;i&#x76;-&#x74;&#108;&#x73;&#101;2&#46;f&#x72;\"><strong>contactez-nous<\/strong><\/a><\/p>\n<p>&nbsp;<\/p>\n","protected":false},"excerpt":{"rendered":"<p>Vous \u00eates parents\u00a0 Nous cherchons des familles avec enfants (de tout \u00e2ge) pour constituer une base de donn\u00e9es faciales dans le cadre d&rsquo;\u00e9tudes sur les ressemblances familiales. Prise de photo chez vous ou \u00e0 universit\u00e9 de Toulouse Jean Jaures Un cadeau est offert pour les enfants Contactez-nous &nbsp; &nbsp; &nbsp; Tout au long de l&rsquo;ann\u00e9e,\u2026<\/p>\n","protected":false},"author":416,"featured_media":0,"parent":0,"menu_order":0,"comment_status":"closed","ping_status":"closed","template":"fullwidth.php","meta":{"footnotes":""},"class_list":["post-167","page","type-page","status-publish","hentry"],"_links":{"self":[{"href":"https:\/\/blogs.univ-tlse2.fr\/toulouse-facelab\/wp-json\/wp\/v2\/pages\/167","targetHints":{"allow":["GET"]}}],"collection":[{"href":"https:\/\/blogs.univ-tlse2.fr\/toulouse-facelab\/wp-json\/wp\/v2\/pages"}],"about":[{"href":"https:\/\/blogs.univ-tlse2.fr\/toulouse-facelab\/wp-json\/wp\/v2\/types\/page"}],"author":[{"embeddable":true,"href":"https:\/\/blogs.univ-tlse2.fr\/toulouse-facelab\/wp-json\/wp\/v2\/users\/416"}],"replies":[{"embeddable":true,"href":"https:\/\/blogs.univ-tlse2.fr\/toulouse-facelab\/wp-json\/wp\/v2\/comments?post=167"}],"version-history":[{"count":32,"href":"https:\/\/blogs.univ-tlse2.fr\/toulouse-facelab\/wp-json\/wp\/v2\/pages\/167\/revisions"}],"predecessor-version":[{"id":207,"href":"https:\/\/blogs.univ-tlse2.fr\/toulouse-facelab\/wp-json\/wp\/v2\/pages\/167\/revisions\/207"}],"wp:attachment":[{"href":"https:\/\/blogs.univ-tlse2.fr\/toulouse-facelab\/wp-json\/wp\/v2\/media?parent=167"}],"curies":[{"name":"wp","href":"https:\/\/api.w.org\/{rel}","templated":true}]}}