 {"id":84,"date":"2017-11-23T11:14:40","date_gmt":"2017-11-23T10:14:40","guid":{"rendered":"https:\/\/blogs.univ-tlse2.fr\/toulouse-facelab\/?page_id=84"},"modified":"2017-11-28T09:01:34","modified_gmt":"2017-11-28T08:01:34","slug":"etudes-en-ligne","status":"publish","type":"page","link":"https:\/\/blogs.univ-tlse2.fr\/toulouse-facelab\/etudes-en-ligne\/","title":{"rendered":"Etudes en Lignes"},"content":{"rendered":"<p><img loading=\"lazy\" decoding=\"async\" class=\"\" src=\"https:\/\/blogs.univ-tlse2.fr\/toulouse-facelab\/files\/2017\/11\/piercing2.png\" alt=\"piercing\" width=\"125\" height=\"110\" \/>\u00a0 \u00a0<a href=\"https:\/\/toulousepsychology.eu.qualtrics.com\/jfe\/form\/SV_00N96rZnMncfdPv\">Perc\u00e9s ou non, que vous aimiez ou d\u00e9testiez, venez participer \u00e0 notre \u00e9tude !<\/a> le 28 novembre 2017\u00a0(env. 10 min)<\/p>\n<p><img loading=\"lazy\" decoding=\"async\" class=\"\" src=\"https:\/\/blogs.univ-tlse2.fr\/toulouse-facelab\/files\/2017\/11\/choix_societe-f8ac0.jpg\" alt=\"commission\" width=\"130\" height=\"130\" \/>\u00a0 \u00a0<a href=\"https:\/\/toulousepsychology.eu.qualtrics.com\/jfe\/form\/SV_43n3Y89x4RIQYQd\">Comment les histoires de vie guident nos prises de d\u00e9cision ?<\/a> Le 22 novembre 2017\u00a0(env. 5-6 min)<\/p>\n<p><img loading=\"lazy\" decoding=\"async\" class=\"\" src=\"https:\/\/blogs.univ-tlse2.fr\/toulouse-facelab\/files\/2017\/06\/button-e1511433183409.png\" alt=\"etudes1\" width=\"128\" height=\"128\" \/>\u00a0 \u00a0<a href=\"https:\/\/toulousepsychology.eu.qualtrics.com\/jfe\/form\/SV_b7xnpNpFA2Npm2V\">Mais quel dilemme !<\/a> Le 14 novembre 2017 (env. 4 min)<\/p>\n","protected":false},"excerpt":{"rendered":"<p>\u00a0 \u00a0Perc\u00e9s ou non, que vous aimiez ou d\u00e9testiez, venez participer \u00e0 notre \u00e9tude ! le 28 novembre 2017\u00a0(env. 10 min) \u00a0 \u00a0Comment les histoires de vie guident nos prises de d\u00e9cision ? Le 22 novembre 2017\u00a0(env. 5-6 min) \u00a0 \u00a0Mais quel dilemme ! Le 14 novembre 2017 (env. 4 min)<\/p>\n","protected":false},"author":416,"featured_media":0,"parent":0,"menu_order":0,"comment_status":"closed","ping_status":"closed","template":"fullwidth.php","meta":{"footnotes":""},"class_list":["post-84","page","type-page","status-publish","hentry"],"_links":{"self":[{"href":"https:\/\/blogs.univ-tlse2.fr\/toulouse-facelab\/wp-json\/wp\/v2\/pages\/84","targetHints":{"allow":["GET"]}}],"collection":[{"href":"https:\/\/blogs.univ-tlse2.fr\/toulouse-facelab\/wp-json\/wp\/v2\/pages"}],"about":[{"href":"https:\/\/blogs.univ-tlse2.fr\/toulouse-facelab\/wp-json\/wp\/v2\/types\/page"}],"author":[{"embeddable":true,"href":"https:\/\/blogs.univ-tlse2.fr\/toulouse-facelab\/wp-json\/wp\/v2\/users\/416"}],"replies":[{"embeddable":true,"href":"https:\/\/blogs.univ-tlse2.fr\/toulouse-facelab\/wp-json\/wp\/v2\/comments?post=84"}],"version-history":[{"count":11,"href":"https:\/\/blogs.univ-tlse2.fr\/toulouse-facelab\/wp-json\/wp\/v2\/pages\/84\/revisions"}],"predecessor-version":[{"id":174,"href":"https:\/\/blogs.univ-tlse2.fr\/toulouse-facelab\/wp-json\/wp\/v2\/pages\/84\/revisions\/174"}],"wp:attachment":[{"href":"https:\/\/blogs.univ-tlse2.fr\/toulouse-facelab\/wp-json\/wp\/v2\/media?parent=84"}],"curies":[{"name":"wp","href":"https:\/\/api.w.org\/{rel}","templated":true}]}}