 {"id":164,"date":"2025-06-04T22:18:22","date_gmt":"2025-06-04T20:18:22","guid":{"rendered":"https:\/\/blogs.univ-tlse2.fr\/transitions-photography\/?page_id=164"},"modified":"2025-06-05T00:24:41","modified_gmt":"2025-06-04T22:24:41","slug":"just-a-perfect-day","status":"publish","type":"page","link":"https:\/\/blogs.univ-tlse2.fr\/transitions-photography\/just-a-perfect-day\/","title":{"rendered":"Just a Perfect Day"},"content":{"rendered":"<p style=\"text-align: center\"><em>J&rsquo;ai pr\u00e9sent\u00e9 cette s\u00e9rie lors de l&rsquo;exposition \u00e9ph\u00e9m\u00e8re \u00e0 la fin du stage avec Claudine Doury en ao\u00fbt 2022 \u00e0 la Croisi\u00e8re \u00e0 Arles. L&rsquo;\u00e9t\u00e9, le fleuve, la jeunesse qui passe son temps en bord de l&rsquo;eau&#8230;<\/em><\/p>\n\n\n<figure class=\"wp-block-gallery alignwide has-nested-images columns-default wp-block-gallery-1 is-layout-flex wp-block-gallery-is-layout-flex\">\n<figure class=\"wp-block-image size-large\"><img loading=\"lazy\" decoding=\"async\" width=\"1024\" height=\"683\" data-id=\"54\" src=\"https:\/\/blogs.univ-tlse2.fr\/transitions-photography\/files\/2025\/06\/HUBER-2022-01-1024x683.jpg\" alt=\"\" class=\"wp-image-54\" srcset=\"https:\/\/blogs.univ-tlse2.fr\/transitions-photography\/files\/2025\/06\/HUBER-2022-01-1024x683.jpg 1024w, https:\/\/blogs.univ-tlse2.fr\/transitions-photography\/files\/2025\/06\/HUBER-2022-01-300x200.jpg 300w, https:\/\/blogs.univ-tlse2.fr\/transitions-photography\/files\/2025\/06\/HUBER-2022-01-768x512.jpg 768w, https:\/\/blogs.univ-tlse2.fr\/transitions-photography\/files\/2025\/06\/HUBER-2022-01-1536x1024.jpg 1536w, https:\/\/blogs.univ-tlse2.fr\/transitions-photography\/files\/2025\/06\/HUBER-2022-01-2048x1365.jpg 2048w\" sizes=\"auto, (max-width: 1024px) 100vw, 1024px\" \/><\/figure>\n\n\n\n<figure class=\"wp-block-image size-large\"><img loading=\"lazy\" decoding=\"async\" width=\"1024\" height=\"683\" data-id=\"62\" src=\"https:\/\/blogs.univ-tlse2.fr\/transitions-photography\/files\/2025\/06\/HUBER-2022-09-1024x683.jpg\" alt=\"\" class=\"wp-image-62\" srcset=\"https:\/\/blogs.univ-tlse2.fr\/transitions-photography\/files\/2025\/06\/HUBER-2022-09-1024x683.jpg 1024w, https:\/\/blogs.univ-tlse2.fr\/transitions-photography\/files\/2025\/06\/HUBER-2022-09-300x200.jpg 300w, https:\/\/blogs.univ-tlse2.fr\/transitions-photography\/files\/2025\/06\/HUBER-2022-09-768x512.jpg 768w, https:\/\/blogs.univ-tlse2.fr\/transitions-photography\/files\/2025\/06\/HUBER-2022-09-1536x1024.jpg 1536w, https:\/\/blogs.univ-tlse2.fr\/transitions-photography\/files\/2025\/06\/HUBER-2022-09-2048x1365.jpg 2048w\" sizes=\"auto, (max-width: 1024px) 100vw, 1024px\" \/><\/figure>\n\n\n\n<figure class=\"wp-block-image size-large\"><img loading=\"lazy\" decoding=\"async\" width=\"683\" height=\"1024\" data-id=\"60\" src=\"https:\/\/blogs.univ-tlse2.fr\/transitions-photography\/files\/2025\/06\/HUBER-2022-07-683x1024.jpg\" alt=\"\" class=\"wp-image-60\" srcset=\"https:\/\/blogs.univ-tlse2.fr\/transitions-photography\/files\/2025\/06\/HUBER-2022-07-683x1024.jpg 683w, https:\/\/blogs.univ-tlse2.fr\/transitions-photography\/files\/2025\/06\/HUBER-2022-07-200x300.jpg 200w, https:\/\/blogs.univ-tlse2.fr\/transitions-photography\/files\/2025\/06\/HUBER-2022-07-768x1152.jpg 768w, https:\/\/blogs.univ-tlse2.fr\/transitions-photography\/files\/2025\/06\/HUBER-2022-07-1024x1536.jpg 1024w, https:\/\/blogs.univ-tlse2.fr\/transitions-photography\/files\/2025\/06\/HUBER-2022-07-1365x2048.jpg 1365w, https:\/\/blogs.univ-tlse2.fr\/transitions-photography\/files\/2025\/06\/HUBER-2022-07-scaled.jpg 1707w\" sizes=\"auto, (max-width: 683px) 100vw, 683px\" \/><\/figure>\n<\/figure>\n\n\n\n<figure class=\"wp-block-gallery alignwide has-nested-images columns-default wp-block-gallery-2 is-layout-flex wp-block-gallery-is-layout-flex\">\n<figure class=\"wp-block-image size-large\"><img loading=\"lazy\" decoding=\"async\" width=\"683\" height=\"1024\" data-id=\"56\" src=\"https:\/\/blogs.univ-tlse2.fr\/transitions-photography\/files\/2025\/06\/HUBER-2022-03-683x1024.jpg\" alt=\"\" class=\"wp-image-56\" srcset=\"https:\/\/blogs.univ-tlse2.fr\/transitions-photography\/files\/2025\/06\/HUBER-2022-03-683x1024.jpg 683w, https:\/\/blogs.univ-tlse2.fr\/transitions-photography\/files\/2025\/06\/HUBER-2022-03-200x300.jpg 200w, https:\/\/blogs.univ-tlse2.fr\/transitions-photography\/files\/2025\/06\/HUBER-2022-03-768x1152.jpg 768w, https:\/\/blogs.univ-tlse2.fr\/transitions-photography\/files\/2025\/06\/HUBER-2022-03-1024x1536.jpg 1024w, https:\/\/blogs.univ-tlse2.fr\/transitions-photography\/files\/2025\/06\/HUBER-2022-03-1365x2048.jpg 1365w, https:\/\/blogs.univ-tlse2.fr\/transitions-photography\/files\/2025\/06\/HUBER-2022-03-scaled.jpg 1707w\" sizes=\"auto, (max-width: 683px) 100vw, 683px\" \/><\/figure>\n\n\n\n<figure class=\"wp-block-image size-large\"><img loading=\"lazy\" decoding=\"async\" width=\"683\" height=\"1024\" data-id=\"59\" src=\"https:\/\/blogs.univ-tlse2.fr\/transitions-photography\/files\/2025\/06\/HUBER-2022-06-683x1024.jpg\" alt=\"\" class=\"wp-image-59\" srcset=\"https:\/\/blogs.univ-tlse2.fr\/transitions-photography\/files\/2025\/06\/HUBER-2022-06-683x1024.jpg 683w, https:\/\/blogs.univ-tlse2.fr\/transitions-photography\/files\/2025\/06\/HUBER-2022-06-200x300.jpg 200w, https:\/\/blogs.univ-tlse2.fr\/transitions-photography\/files\/2025\/06\/HUBER-2022-06-768x1152.jpg 768w, https:\/\/blogs.univ-tlse2.fr\/transitions-photography\/files\/2025\/06\/HUBER-2022-06-1024x1536.jpg 1024w, https:\/\/blogs.univ-tlse2.fr\/transitions-photography\/files\/2025\/06\/HUBER-2022-06-1365x2048.jpg 1365w, https:\/\/blogs.univ-tlse2.fr\/transitions-photography\/files\/2025\/06\/HUBER-2022-06-scaled.jpg 1707w\" sizes=\"auto, (max-width: 683px) 100vw, 683px\" \/><\/figure>\n\n\n\n<figure class=\"wp-block-image size-large\"><img loading=\"lazy\" decoding=\"async\" width=\"1024\" height=\"683\" data-id=\"58\" src=\"https:\/\/blogs.univ-tlse2.fr\/transitions-photography\/files\/2025\/06\/HUBER-2022-05-1024x683.jpg\" alt=\"\" class=\"wp-image-58\" srcset=\"https:\/\/blogs.univ-tlse2.fr\/transitions-photography\/files\/2025\/06\/HUBER-2022-05-1024x683.jpg 1024w, https:\/\/blogs.univ-tlse2.fr\/transitions-photography\/files\/2025\/06\/HUBER-2022-05-300x200.jpg 300w, https:\/\/blogs.univ-tlse2.fr\/transitions-photography\/files\/2025\/06\/HUBER-2022-05-768x512.jpg 768w, https:\/\/blogs.univ-tlse2.fr\/transitions-photography\/files\/2025\/06\/HUBER-2022-05-1536x1024.jpg 1536w, https:\/\/blogs.univ-tlse2.fr\/transitions-photography\/files\/2025\/06\/HUBER-2022-05-2048x1365.jpg 2048w\" sizes=\"auto, (max-width: 1024px) 100vw, 1024px\" \/><\/figure>\n<\/figure>\n\n\n\n<figure class=\"wp-block-gallery alignwide has-nested-images columns-default wp-block-gallery-3 is-layout-flex wp-block-gallery-is-layout-flex\">\n<figure class=\"wp-block-image size-large\"><img loading=\"lazy\" decoding=\"async\" width=\"1024\" height=\"683\" data-id=\"57\" src=\"https:\/\/blogs.univ-tlse2.fr\/transitions-photography\/files\/2025\/06\/HUBER-2022-04-1024x683.jpg\" alt=\"\" class=\"wp-image-57\" srcset=\"https:\/\/blogs.univ-tlse2.fr\/transitions-photography\/files\/2025\/06\/HUBER-2022-04-1024x683.jpg 1024w, https:\/\/blogs.univ-tlse2.fr\/transitions-photography\/files\/2025\/06\/HUBER-2022-04-300x200.jpg 300w, https:\/\/blogs.univ-tlse2.fr\/transitions-photography\/files\/2025\/06\/HUBER-2022-04-768x512.jpg 768w, https:\/\/blogs.univ-tlse2.fr\/transitions-photography\/files\/2025\/06\/HUBER-2022-04-1536x1024.jpg 1536w, https:\/\/blogs.univ-tlse2.fr\/transitions-photography\/files\/2025\/06\/HUBER-2022-04-2048x1365.jpg 2048w\" sizes=\"auto, (max-width: 1024px) 100vw, 1024px\" \/><\/figure>\n\n\n\n<figure class=\"wp-block-image size-large\"><img loading=\"lazy\" decoding=\"async\" width=\"683\" height=\"1024\" data-id=\"61\" src=\"https:\/\/blogs.univ-tlse2.fr\/transitions-photography\/files\/2025\/06\/HUBER-2022-08-683x1024.jpg\" alt=\"\" class=\"wp-image-61\" srcset=\"https:\/\/blogs.univ-tlse2.fr\/transitions-photography\/files\/2025\/06\/HUBER-2022-08-683x1024.jpg 683w, https:\/\/blogs.univ-tlse2.fr\/transitions-photography\/files\/2025\/06\/HUBER-2022-08-200x300.jpg 200w, https:\/\/blogs.univ-tlse2.fr\/transitions-photography\/files\/2025\/06\/HUBER-2022-08-768x1152.jpg 768w, https:\/\/blogs.univ-tlse2.fr\/transitions-photography\/files\/2025\/06\/HUBER-2022-08-1024x1536.jpg 1024w, https:\/\/blogs.univ-tlse2.fr\/transitions-photography\/files\/2025\/06\/HUBER-2022-08-1365x2048.jpg 1365w, https:\/\/blogs.univ-tlse2.fr\/transitions-photography\/files\/2025\/06\/HUBER-2022-08-scaled.jpg 1706w\" sizes=\"auto, (max-width: 683px) 100vw, 683px\" \/><\/figure>\n\n\n\n<figure class=\"wp-block-image size-large\"><img loading=\"lazy\" decoding=\"async\" width=\"683\" height=\"1024\" data-id=\"55\" src=\"https:\/\/blogs.univ-tlse2.fr\/transitions-photography\/files\/2025\/06\/HUBER-2022-02-683x1024.jpg\" alt=\"\" class=\"wp-image-55\" srcset=\"https:\/\/blogs.univ-tlse2.fr\/transitions-photography\/files\/2025\/06\/HUBER-2022-02-683x1024.jpg 683w, https:\/\/blogs.univ-tlse2.fr\/transitions-photography\/files\/2025\/06\/HUBER-2022-02-200x300.jpg 200w, https:\/\/blogs.univ-tlse2.fr\/transitions-photography\/files\/2025\/06\/HUBER-2022-02-768x1152.jpg 768w, https:\/\/blogs.univ-tlse2.fr\/transitions-photography\/files\/2025\/06\/HUBER-2022-02-1024x1536.jpg 1024w, https:\/\/blogs.univ-tlse2.fr\/transitions-photography\/files\/2025\/06\/HUBER-2022-02-1365x2048.jpg 1365w, https:\/\/blogs.univ-tlse2.fr\/transitions-photography\/files\/2025\/06\/HUBER-2022-02-scaled.jpg 1707w\" sizes=\"auto, (max-width: 683px) 100vw, 683px\" \/><\/figure>\n<\/figure>\n","protected":false},"excerpt":{"rendered":"<p>J&rsquo;ai pr\u00e9sent\u00e9 cette s\u00e9rie lors de l&rsquo;exposition \u00e9ph\u00e9m\u00e8re \u00e0 la fin du stage avec Claudine Doury en ao\u00fbt 2022 \u00e0 la Croisi\u00e8re \u00e0 Arles. L&rsquo;\u00e9t\u00e9, le fleuve, la jeunesse qui passe son temps en bord de l&rsquo;eau&#8230;<\/p>\n","protected":false},"author":1529,"featured_media":58,"parent":0,"menu_order":0,"comment_status":"closed","ping_status":"closed","template":"","meta":{"footnotes":""},"class_list":["post-164","page","type-page","status-publish","has-post-thumbnail","hentry"],"_links":{"self":[{"href":"https:\/\/blogs.univ-tlse2.fr\/transitions-photography\/wp-json\/wp\/v2\/pages\/164","targetHints":{"allow":["GET"]}}],"collection":[{"href":"https:\/\/blogs.univ-tlse2.fr\/transitions-photography\/wp-json\/wp\/v2\/pages"}],"about":[{"href":"https:\/\/blogs.univ-tlse2.fr\/transitions-photography\/wp-json\/wp\/v2\/types\/page"}],"author":[{"embeddable":true,"href":"https:\/\/blogs.univ-tlse2.fr\/transitions-photography\/wp-json\/wp\/v2\/users\/1529"}],"replies":[{"embeddable":true,"href":"https:\/\/blogs.univ-tlse2.fr\/transitions-photography\/wp-json\/wp\/v2\/comments?post=164"}],"version-history":[{"count":5,"href":"https:\/\/blogs.univ-tlse2.fr\/transitions-photography\/wp-json\/wp\/v2\/pages\/164\/revisions"}],"predecessor-version":[{"id":204,"href":"https:\/\/blogs.univ-tlse2.fr\/transitions-photography\/wp-json\/wp\/v2\/pages\/164\/revisions\/204"}],"wp:featuredmedia":[{"embeddable":true,"href":"https:\/\/blogs.univ-tlse2.fr\/transitions-photography\/wp-json\/wp\/v2\/media\/58"}],"wp:attachment":[{"href":"https:\/\/blogs.univ-tlse2.fr\/transitions-photography\/wp-json\/wp\/v2\/media?parent=164"}],"curies":[{"name":"wp","href":"https:\/\/api.w.org\/{rel}","templated":true}]}}