 {"id":186,"date":"2025-06-04T23:22:27","date_gmt":"2025-06-04T21:22:27","guid":{"rendered":"https:\/\/blogs.univ-tlse2.fr\/transitions-photography\/?page_id=186"},"modified":"2025-06-05T00:31:57","modified_gmt":"2025-06-04T22:31:57","slug":"invisible","status":"publish","type":"page","link":"https:\/\/blogs.univ-tlse2.fr\/transitions-photography\/invisible\/","title":{"rendered":"Invisible"},"content":{"rendered":"<p style=\"text-align: center\"><em>Extrait d&rsquo;une s\u00e9rie que j&rsquo;ai pr\u00e9sent\u00e9e avec le collectif <\/em>L\u00e9Z\u00e9br\u00e9s<em>, auquel j&rsquo;appartiens, sur le th\u00e8me de l&rsquo;invisible.<\/em><\/p>\n\n\n<figure class=\"wp-block-gallery alignwide has-nested-images columns-default wp-block-gallery-1 is-layout-flex wp-block-gallery-is-layout-flex\">\n<figure class=\"wp-block-image aligncenter size-full\" style=\"margin-top:0;margin-right:var(--wp--preset--spacing--20);margin-bottom:0;margin-left:var(--wp--preset--spacing--20)\"><img loading=\"lazy\" decoding=\"async\" width=\"1920\" height=\"1278\" data-id=\"182\" src=\"https:\/\/blogs.univ-tlse2.fr\/transitions-photography\/files\/2025\/06\/Huber-invisible-08-S1-0002.jpg\" alt=\"\" class=\"wp-image-182\" srcset=\"https:\/\/blogs.univ-tlse2.fr\/transitions-photography\/files\/2025\/06\/Huber-invisible-08-S1-0002.jpg 1920w, https:\/\/blogs.univ-tlse2.fr\/transitions-photography\/files\/2025\/06\/Huber-invisible-08-S1-0002-300x200.jpg 300w, https:\/\/blogs.univ-tlse2.fr\/transitions-photography\/files\/2025\/06\/Huber-invisible-08-S1-0002-1024x682.jpg 1024w, https:\/\/blogs.univ-tlse2.fr\/transitions-photography\/files\/2025\/06\/Huber-invisible-08-S1-0002-150x100.jpg 150w, https:\/\/blogs.univ-tlse2.fr\/transitions-photography\/files\/2025\/06\/Huber-invisible-08-S1-0002-768x511.jpg 768w, https:\/\/blogs.univ-tlse2.fr\/transitions-photography\/files\/2025\/06\/Huber-invisible-08-S1-0002-1536x1022.jpg 1536w\" sizes=\"auto, (max-width: 1920px) 100vw, 1920px\" \/><\/figure>\n\n\n\n<figure class=\"wp-block-image aligncenter size-full\"><img loading=\"lazy\" decoding=\"async\" width=\"1920\" height=\"1278\" data-id=\"179\" src=\"https:\/\/blogs.univ-tlse2.fr\/transitions-photography\/files\/2025\/06\/Huber-invisible-03-S1-0006.jpg\" alt=\"\" class=\"wp-image-179\" srcset=\"https:\/\/blogs.univ-tlse2.fr\/transitions-photography\/files\/2025\/06\/Huber-invisible-03-S1-0006.jpg 1920w, https:\/\/blogs.univ-tlse2.fr\/transitions-photography\/files\/2025\/06\/Huber-invisible-03-S1-0006-300x200.jpg 300w, https:\/\/blogs.univ-tlse2.fr\/transitions-photography\/files\/2025\/06\/Huber-invisible-03-S1-0006-1024x682.jpg 1024w, https:\/\/blogs.univ-tlse2.fr\/transitions-photography\/files\/2025\/06\/Huber-invisible-03-S1-0006-150x100.jpg 150w, https:\/\/blogs.univ-tlse2.fr\/transitions-photography\/files\/2025\/06\/Huber-invisible-03-S1-0006-768x511.jpg 768w, https:\/\/blogs.univ-tlse2.fr\/transitions-photography\/files\/2025\/06\/Huber-invisible-03-S1-0006-1536x1022.jpg 1536w\" sizes=\"auto, (max-width: 1920px) 100vw, 1920px\" \/><\/figure>\n\n\n\n<figure class=\"wp-block-image size-large\"><img loading=\"lazy\" decoding=\"async\" width=\"1024\" height=\"683\" data-id=\"176\" src=\"https:\/\/blogs.univ-tlse2.fr\/transitions-photography\/files\/2025\/06\/invisible-01-IMG_2152-1024x683.jpg\" alt=\"\" class=\"wp-image-176\" srcset=\"https:\/\/blogs.univ-tlse2.fr\/transitions-photography\/files\/2025\/06\/invisible-01-IMG_2152-1024x683.jpg 1024w, https:\/\/blogs.univ-tlse2.fr\/transitions-photography\/files\/2025\/06\/invisible-01-IMG_2152-300x200.jpg 300w, https:\/\/blogs.univ-tlse2.fr\/transitions-photography\/files\/2025\/06\/invisible-01-IMG_2152-150x100.jpg 150w, https:\/\/blogs.univ-tlse2.fr\/transitions-photography\/files\/2025\/06\/invisible-01-IMG_2152-768x512.jpg 768w, https:\/\/blogs.univ-tlse2.fr\/transitions-photography\/files\/2025\/06\/invisible-01-IMG_2152-1536x1024.jpg 1536w, https:\/\/blogs.univ-tlse2.fr\/transitions-photography\/files\/2025\/06\/invisible-01-IMG_2152-2048x1365.jpg 2048w\" sizes=\"auto, (max-width: 1024px) 100vw, 1024px\" \/><\/figure>\n\n\n\n<figure class=\"wp-block-image size-large\"><img loading=\"lazy\" decoding=\"async\" width=\"1024\" height=\"683\" data-id=\"180\" src=\"https:\/\/blogs.univ-tlse2.fr\/transitions-photography\/files\/2025\/06\/Huber-invisible-04-S1-0010-1024x683.jpg\" alt=\"\" class=\"wp-image-180\" srcset=\"https:\/\/blogs.univ-tlse2.fr\/transitions-photography\/files\/2025\/06\/Huber-invisible-04-S1-0010-1024x683.jpg 1024w, https:\/\/blogs.univ-tlse2.fr\/transitions-photography\/files\/2025\/06\/Huber-invisible-04-S1-0010-300x200.jpg 300w, https:\/\/blogs.univ-tlse2.fr\/transitions-photography\/files\/2025\/06\/Huber-invisible-04-S1-0010-150x100.jpg 150w, https:\/\/blogs.univ-tlse2.fr\/transitions-photography\/files\/2025\/06\/Huber-invisible-04-S1-0010-768x512.jpg 768w, https:\/\/blogs.univ-tlse2.fr\/transitions-photography\/files\/2025\/06\/Huber-invisible-04-S1-0010-1536x1024.jpg 1536w, https:\/\/blogs.univ-tlse2.fr\/transitions-photography\/files\/2025\/06\/Huber-invisible-04-S1-0010.jpg 1920w\" sizes=\"auto, (max-width: 1024px) 100vw, 1024px\" \/><\/figure>\n\n\n\n<figure class=\"wp-block-image size-large\"><img loading=\"lazy\" decoding=\"async\" width=\"1024\" height=\"682\" data-id=\"181\" src=\"https:\/\/blogs.univ-tlse2.fr\/transitions-photography\/files\/2025\/06\/Huber-invisible-05-S1-0009-1024x682.jpg\" alt=\"\" class=\"wp-image-181\" srcset=\"https:\/\/blogs.univ-tlse2.fr\/transitions-photography\/files\/2025\/06\/Huber-invisible-05-S1-0009-1024x682.jpg 1024w, https:\/\/blogs.univ-tlse2.fr\/transitions-photography\/files\/2025\/06\/Huber-invisible-05-S1-0009-300x200.jpg 300w, https:\/\/blogs.univ-tlse2.fr\/transitions-photography\/files\/2025\/06\/Huber-invisible-05-S1-0009-150x100.jpg 150w, https:\/\/blogs.univ-tlse2.fr\/transitions-photography\/files\/2025\/06\/Huber-invisible-05-S1-0009-768x511.jpg 768w, https:\/\/blogs.univ-tlse2.fr\/transitions-photography\/files\/2025\/06\/Huber-invisible-05-S1-0009-1536x1022.jpg 1536w, https:\/\/blogs.univ-tlse2.fr\/transitions-photography\/files\/2025\/06\/Huber-invisible-05-S1-0009.jpg 1920w\" sizes=\"auto, (max-width: 1024px) 100vw, 1024px\" \/><\/figure>\n\n\n\n<figure class=\"wp-block-image size-large\"><img loading=\"lazy\" decoding=\"async\" width=\"682\" height=\"1024\" data-id=\"184\" src=\"https:\/\/blogs.univ-tlse2.fr\/transitions-photography\/files\/2025\/06\/Huber-invisible-15-huber-S1-0004-682x1024.jpg\" alt=\"\" class=\"wp-image-184\" srcset=\"https:\/\/blogs.univ-tlse2.fr\/transitions-photography\/files\/2025\/06\/Huber-invisible-15-huber-S1-0004-682x1024.jpg 682w, https:\/\/blogs.univ-tlse2.fr\/transitions-photography\/files\/2025\/06\/Huber-invisible-15-huber-S1-0004-200x300.jpg 200w, https:\/\/blogs.univ-tlse2.fr\/transitions-photography\/files\/2025\/06\/Huber-invisible-15-huber-S1-0004-100x150.jpg 100w, https:\/\/blogs.univ-tlse2.fr\/transitions-photography\/files\/2025\/06\/Huber-invisible-15-huber-S1-0004-768x1154.jpg 768w, https:\/\/blogs.univ-tlse2.fr\/transitions-photography\/files\/2025\/06\/Huber-invisible-15-huber-S1-0004-1022x1536.jpg 1022w, https:\/\/blogs.univ-tlse2.fr\/transitions-photography\/files\/2025\/06\/Huber-invisible-15-huber-S1-0004.jpg 1278w\" sizes=\"auto, (max-width: 682px) 100vw, 682px\" \/><\/figure>\n\n\n\n<figure class=\"wp-block-image size-large\"><img loading=\"lazy\" decoding=\"async\" width=\"1024\" height=\"683\" data-id=\"183\" src=\"https:\/\/blogs.univ-tlse2.fr\/transitions-photography\/files\/2025\/06\/Huber-invisible-14-S1-0008-1024x683.jpg\" alt=\"\" class=\"wp-image-183\" srcset=\"https:\/\/blogs.univ-tlse2.fr\/transitions-photography\/files\/2025\/06\/Huber-invisible-14-S1-0008-1024x683.jpg 1024w, https:\/\/blogs.univ-tlse2.fr\/transitions-photography\/files\/2025\/06\/Huber-invisible-14-S1-0008-300x200.jpg 300w, https:\/\/blogs.univ-tlse2.fr\/transitions-photography\/files\/2025\/06\/Huber-invisible-14-S1-0008-150x100.jpg 150w, https:\/\/blogs.univ-tlse2.fr\/transitions-photography\/files\/2025\/06\/Huber-invisible-14-S1-0008-768x512.jpg 768w, https:\/\/blogs.univ-tlse2.fr\/transitions-photography\/files\/2025\/06\/Huber-invisible-14-S1-0008-1536x1024.jpg 1536w, https:\/\/blogs.univ-tlse2.fr\/transitions-photography\/files\/2025\/06\/Huber-invisible-14-S1-0008.jpg 1920w\" sizes=\"auto, (max-width: 1024px) 100vw, 1024px\" \/><\/figure>\n\n\n\n<figure class=\"wp-block-image size-large\"><img loading=\"lazy\" decoding=\"async\" width=\"1024\" height=\"683\" data-id=\"185\" src=\"https:\/\/blogs.univ-tlse2.fr\/transitions-photography\/files\/2025\/06\/Huber-invisible-16-S1-0013-1024x683.jpg\" alt=\"\" class=\"wp-image-185\" srcset=\"https:\/\/blogs.univ-tlse2.fr\/transitions-photography\/files\/2025\/06\/Huber-invisible-16-S1-0013-1024x683.jpg 1024w, https:\/\/blogs.univ-tlse2.fr\/transitions-photography\/files\/2025\/06\/Huber-invisible-16-S1-0013-300x200.jpg 300w, https:\/\/blogs.univ-tlse2.fr\/transitions-photography\/files\/2025\/06\/Huber-invisible-16-S1-0013-150x100.jpg 150w, https:\/\/blogs.univ-tlse2.fr\/transitions-photography\/files\/2025\/06\/Huber-invisible-16-S1-0013-768x512.jpg 768w, https:\/\/blogs.univ-tlse2.fr\/transitions-photography\/files\/2025\/06\/Huber-invisible-16-S1-0013-1536x1024.jpg 1536w, https:\/\/blogs.univ-tlse2.fr\/transitions-photography\/files\/2025\/06\/Huber-invisible-16-S1-0013.jpg 1920w\" sizes=\"auto, (max-width: 1024px) 100vw, 1024px\" \/><\/figure>\n\n\n\n<figure class=\"wp-block-image size-large\"><img loading=\"lazy\" decoding=\"async\" width=\"1024\" height=\"683\" data-id=\"177\" src=\"https:\/\/blogs.univ-tlse2.fr\/transitions-photography\/files\/2025\/06\/invisible-06-IMG_1944-1024x683.jpg\" alt=\"\" class=\"wp-image-177\" srcset=\"https:\/\/blogs.univ-tlse2.fr\/transitions-photography\/files\/2025\/06\/invisible-06-IMG_1944-1024x683.jpg 1024w, https:\/\/blogs.univ-tlse2.fr\/transitions-photography\/files\/2025\/06\/invisible-06-IMG_1944-300x200.jpg 300w, https:\/\/blogs.univ-tlse2.fr\/transitions-photography\/files\/2025\/06\/invisible-06-IMG_1944-150x100.jpg 150w, https:\/\/blogs.univ-tlse2.fr\/transitions-photography\/files\/2025\/06\/invisible-06-IMG_1944-768x512.jpg 768w, https:\/\/blogs.univ-tlse2.fr\/transitions-photography\/files\/2025\/06\/invisible-06-IMG_1944-1536x1024.jpg 1536w, https:\/\/blogs.univ-tlse2.fr\/transitions-photography\/files\/2025\/06\/invisible-06-IMG_1944-2048x1365.jpg 2048w\" sizes=\"auto, (max-width: 1024px) 100vw, 1024px\" \/><\/figure>\n\n\n\n<figure class=\"wp-block-image size-large\"><img loading=\"lazy\" decoding=\"async\" width=\"1024\" height=\"685\" data-id=\"178\" src=\"https:\/\/blogs.univ-tlse2.fr\/transitions-photography\/files\/2025\/06\/Huber-invisible-01-C065680-R1-00-1-1024x685.jpg\" alt=\"\" class=\"wp-image-178\" srcset=\"https:\/\/blogs.univ-tlse2.fr\/transitions-photography\/files\/2025\/06\/Huber-invisible-01-C065680-R1-00-1-1024x685.jpg 1024w, https:\/\/blogs.univ-tlse2.fr\/transitions-photography\/files\/2025\/06\/Huber-invisible-01-C065680-R1-00-1-300x201.jpg 300w, https:\/\/blogs.univ-tlse2.fr\/transitions-photography\/files\/2025\/06\/Huber-invisible-01-C065680-R1-00-1-150x100.jpg 150w, https:\/\/blogs.univ-tlse2.fr\/transitions-photography\/files\/2025\/06\/Huber-invisible-01-C065680-R1-00-1-768x514.jpg 768w, https:\/\/blogs.univ-tlse2.fr\/transitions-photography\/files\/2025\/06\/Huber-invisible-01-C065680-R1-00-1-1536x1027.jpg 1536w, https:\/\/blogs.univ-tlse2.fr\/transitions-photography\/files\/2025\/06\/Huber-invisible-01-C065680-R1-00-1.jpg 1920w\" sizes=\"auto, (max-width: 1024px) 100vw, 1024px\" \/><\/figure>\n<\/figure>\n","protected":false},"excerpt":{"rendered":"<p>Extrait d&rsquo;une s\u00e9rie que j&rsquo;ai pr\u00e9sent\u00e9e avec le collectif L\u00e9Z\u00e9br\u00e9s, auquel j&rsquo;appartiens, sur le th\u00e8me de l&rsquo;invisible.<\/p>\n","protected":false},"author":1529,"featured_media":182,"parent":0,"menu_order":0,"comment_status":"closed","ping_status":"closed","template":"","meta":{"footnotes":""},"class_list":["post-186","page","type-page","status-publish","has-post-thumbnail","hentry"],"_links":{"self":[{"href":"https:\/\/blogs.univ-tlse2.fr\/transitions-photography\/wp-json\/wp\/v2\/pages\/186","targetHints":{"allow":["GET"]}}],"collection":[{"href":"https:\/\/blogs.univ-tlse2.fr\/transitions-photography\/wp-json\/wp\/v2\/pages"}],"about":[{"href":"https:\/\/blogs.univ-tlse2.fr\/transitions-photography\/wp-json\/wp\/v2\/types\/page"}],"author":[{"embeddable":true,"href":"https:\/\/blogs.univ-tlse2.fr\/transitions-photography\/wp-json\/wp\/v2\/users\/1529"}],"replies":[{"embeddable":true,"href":"https:\/\/blogs.univ-tlse2.fr\/transitions-photography\/wp-json\/wp\/v2\/comments?post=186"}],"version-history":[{"count":7,"href":"https:\/\/blogs.univ-tlse2.fr\/transitions-photography\/wp-json\/wp\/v2\/pages\/186\/revisions"}],"predecessor-version":[{"id":206,"href":"https:\/\/blogs.univ-tlse2.fr\/transitions-photography\/wp-json\/wp\/v2\/pages\/186\/revisions\/206"}],"wp:featuredmedia":[{"embeddable":true,"href":"https:\/\/blogs.univ-tlse2.fr\/transitions-photography\/wp-json\/wp\/v2\/media\/182"}],"wp:attachment":[{"href":"https:\/\/blogs.univ-tlse2.fr\/transitions-photography\/wp-json\/wp\/v2\/media?parent=186"}],"curies":[{"name":"wp","href":"https:\/\/api.w.org\/{rel}","templated":true}]}}