 {"id":69,"date":"2021-09-10T12:29:29","date_gmt":"2021-09-10T10:29:29","guid":{"rendered":"https:\/\/blogs.univ-tlse2.fr\/velo\/?page_id=69"},"modified":"2023-05-05T13:54:40","modified_gmt":"2023-05-05T11:54:40","slug":"participants","status":"publish","type":"page","link":"https:\/\/blogs.univ-tlse2.fr\/velo\/participants\/","title":{"rendered":"Participants"},"content":{"rendered":"\n<p><mark style=\"color:#1b1a1a\" class=\"has-inline-color\"><strong>Chercheur\u00b7e\u00b7s titulaires<\/strong><\/mark><mark class=\"has-inline-color has-blue-color\"><\/mark><\/p>\n\n\n\n<ul class=\"wp-block-list\">\n<li>Fr\u00e9d\u00e9ric Amblard (informaticien) &#8211; Professeur &#8211; Universit\u00e9 Toulouse Capitole &#8211; IRIT &#8211; Toulouse &#8211; France<\/li>\n\n\n\n<li>Nawel Ayadi (gestion) &#8211; Ma\u00eetre Assistante &#8211; Institut Sup\u00e9rieur de Gestion &#8211; Universit\u00e9 de Tunis &amp; Universit\u00e9 Paris Cit\u00e9 &#8211; CEDAG &#8211; Tunis &#8211; Tunisie<\/li>\n\n\n\n<li>Nahla Ben Amor (informaticienne) &#8211; Professeure &#8211; Institut Sup\u00e9rieur de Gestion &#8211; Universit\u00e9 de Tunis &#8211; LARODEC &#8211; Tunis &#8211; Tunisie<\/li>\n\n\n\n<li>Souhir Bouzid (g\u00e9ographe-urbaniste) &#8211; Ma\u00eetre Assistante &#8211; Institut Sup\u00e9rieur des Technologies de l\u2019Environnement de l\u2019Urbanisme et du b\u00e2timent &#8211; Laboratoire GDT &#8211; Tunis &#8211; Tunisie<\/li>\n\n\n\n<li>Angelo Furno (math\u00e9maticien) &#8211; Chercheur &#8211; Universit\u00e9 Gustave Eiffel et Ecole Nationale des Travaux Publics de l&rsquo;Etat &#8211; LICIT &#8211; Lyon &#8211; France<\/li>\n\n\n\n<li>Marc Ivaldi (\u00e9conomiste) &#8211; Directeur d&rsquo;Etude &#8211; Ecole des Hautes Etudes en Sciences Sociales et Ecole d&rsquo;Economie de Toulouse &#8211; Toulouse &#8211; France<\/li>\n\n\n\n<li>Wilda Jean-Baptiste (analyste de donn\u00e9es) &#8211; Ing\u00e9nieure &#8211; Universit\u00e9 Toulouse Jean Jaur\u00e8s &#8211; LISST &#8211; Toulouse &#8211; France<\/li>\n\n\n\n<li><a href=\"https:\/\/blogs.univ-tlse2.fr\/jouve\" data-type=\"URL\" data-id=\"https:\/\/blogs.univ-tlse2.fr\/jouve\">Bertrand Jouve<\/a> (math\u00e9maticien, coordonnateur) &#8211; Directeur de Recherche CNRS &#8211; LISST &#8211; Toulouse &#8211; France (coordinateur du projet)<\/li>\n\n\n\n<li>Bruno Revelli (g\u00e9ographie am\u00e9nagement) &#8211; Ma\u00eetre de Conf\u00e9rences &#8211; Universit\u00e9 Toulouse Jean Jaur\u00e8s &#8211; LISST &#8211; Toulouse &#8211; France<\/li>\n\n\n\n<li>Paul Rochet (math\u00e9maticien) &#8211; Enseignant chercheur &#8211; Ecole Nationale de l&rsquo;Aviation Civile &#8211; Toulouse &#8211; France<\/li>\n\n\n\n<li>Najla Touati (g\u00e9omaticienne) &#8211; Ing\u00e9nieure &#8211; Universit\u00e9 Toulouse Jean Jaur\u00e8s &#8211; LISST &#8211; Toulouse- France<\/li>\n\n\n\n<li>Yassine Turki (g\u00e9ographe-urbaniste) &#8211; Ma\u00eetre de Conf\u00e9rences &#8211; Institut Sup\u00e9rieur des Technologies de l\u2019Environnement de l\u2019Urbanisme et du b\u00e2timent &#8211; Laboratoire GDT &#8211; Tunis &#8211; Tunisie<\/li>\n<\/ul>\n\n\n\n<p><mark style=\"color:#1b1a1a\" class=\"has-inline-color\"><strong>Chercheur\u00b7e\u00b7s contractuel\u00b7le\u00b7s<\/strong><\/mark><mark style=\"color:#1b1a1a\" class=\"has-inline-color\"><\/mark><mark class=\"has-inline-color has-blue-color\"><\/mark><\/p>\n\n\n\n<ul class=\"wp-block-list\">\n<li>Walter N\u00fa\u00f1ez (\u00e9conomiste) &#8211; Stagiaire Master 2 &#8211; Ecole d&rsquo;Economie de Toulouse &#8211; Toulouse &#8211; 1\/3\/2022-31\/08\/2022<\/li>\n\n\n\n<li>Alix Rigal (math\u00e9maticien) &#8211; Post-doctorant &#8211; CNRS &#8211; Universit\u00e9 Jean Jaur\u00e8s &#8211; LISST &#8211; Toulouse &#8211; 1\/07\/2021 &#8211; 28\/02\/2022<\/li>\n\n\n\n<li>Camille Vigue (g\u00e9ographie am\u00e9nagement) &#8211; Stagiaire Master 2 &#8211; Universit\u00e9 Toulouse Jean Jaur\u00e8s &#8211; LISST &#8211; Toulouse &#8211; 1\/4\/2021 &#8211; 30\/9\/2021<\/li>\n\n\n\n<li>Tom Escudie (informaticien) &#8211; Stagiaire DUT Informatique &#8211;  Universit\u00e9 Toulouse Jean Jaur\u00e8s &#8211; LISST &#8211; Toulouse &#8211; 11\/04\/2021 &#8211; 22\/06\/2021<\/li>\n\n\n\n<li>Matt\u00e9o Camin (informaticien) &#8211; Stagiaire DUT Informatique &#8211;  Universit\u00e9 Toulouse Jean Jaur\u00e8s &#8211; LISST &#8211; Toulouse &#8211; 11\/04\/2021 &#8211; 22\/06\/2021<\/li>\n\n\n\n<li>Elian Tijou (g\u00e9ographe am\u00e9nagement) &#8211; Stagiaire Master 1 &#8211; Universit\u00e9 Toulouse Jean Jaur\u00e8s &#8211; LISST &#8211; 1\/04\/2022 &#8211; 31\/07\/2022<\/li>\n\n\n\n<li>Malek Ben Hamed (g\u00e9ographie am\u00e9nagement) &#8211; stagiaire Master 1 &#8211; IRMC &#8211; Tunis &#8211; 11\/05\/2023 &#8211; 11\/08\/2023<\/li>\n\n\n\n<li>Lucas Boudier (g\u00e9ographie am\u00e9nagement) &#8211; stagiaire Master 1 &#8211; LISST Toulouse &amp; IRMC Tunis &#8211; 11\/04\/2023 &#8211; 11\/07\/2023<\/li>\n<\/ul>\n\n\n\n<p><mark style=\"color:#1b1a1a\" class=\"has-inline-color\"><strong>Collaborateurs et collaboratrices ext\u00e9rieurs<\/strong><\/mark><mark style=\"color:#1b1a1a\" class=\"has-inline-color\"><\/mark><mark class=\"has-inline-color has-blue-color\"><\/mark><\/p>\n\n\n\n<ul class=\"wp-block-list\">\n<li>Jeremy Pasini (g\u00e9ographe-urbaniste) &#8211; Toulouse M\u00e9tropole &#8211; Toulouse<\/li>\n\n\n\n<li>Robin Puchaczewski (g\u00e9ographie am\u00e9nagement) &#8211; Toulouse M\u00e9tropole &#8211; Toulouse <\/li>\n<\/ul>\n","protected":false},"excerpt":{"rendered":"<p>Chercheur\u00b7e\u00b7s titulaires Chercheur\u00b7e\u00b7s contractuel\u00b7le\u00b7s Collaborateurs et collaboratrices ext\u00e9rieurs<\/p>\n","protected":false},"author":254,"featured_media":0,"parent":0,"menu_order":0,"comment_status":"closed","ping_status":"closed","template":"","meta":{"footnotes":""},"class_list":["post-69","page","type-page","status-publish","hentry"],"_links":{"self":[{"href":"https:\/\/blogs.univ-tlse2.fr\/velo\/wp-json\/wp\/v2\/pages\/69","targetHints":{"allow":["GET"]}}],"collection":[{"href":"https:\/\/blogs.univ-tlse2.fr\/velo\/wp-json\/wp\/v2\/pages"}],"about":[{"href":"https:\/\/blogs.univ-tlse2.fr\/velo\/wp-json\/wp\/v2\/types\/page"}],"author":[{"embeddable":true,"href":"https:\/\/blogs.univ-tlse2.fr\/velo\/wp-json\/wp\/v2\/users\/254"}],"replies":[{"embeddable":true,"href":"https:\/\/blogs.univ-tlse2.fr\/velo\/wp-json\/wp\/v2\/comments?post=69"}],"version-history":[{"count":26,"href":"https:\/\/blogs.univ-tlse2.fr\/velo\/wp-json\/wp\/v2\/pages\/69\/revisions"}],"predecessor-version":[{"id":271,"href":"https:\/\/blogs.univ-tlse2.fr\/velo\/wp-json\/wp\/v2\/pages\/69\/revisions\/271"}],"wp:attachment":[{"href":"https:\/\/blogs.univ-tlse2.fr\/velo\/wp-json\/wp\/v2\/media?parent=69"}],"curies":[{"name":"wp","href":"https:\/\/api.w.org\/{rel}","templated":true}]}}