 {"id":71,"date":"2021-09-10T12:29:51","date_gmt":"2021-09-10T10:29:51","guid":{"rendered":"https:\/\/blogs.univ-tlse2.fr\/velo\/?page_id=71"},"modified":"2024-06-03T14:25:39","modified_gmt":"2024-06-03T12:25:39","slug":"ressources","status":"publish","type":"page","link":"https:\/\/blogs.univ-tlse2.fr\/velo\/ressources\/","title":{"rendered":"Production"},"content":{"rendered":"<h2>Rapports de stage<\/h2>\n<ul>\n<li style=\"list-style-type: none\">\n<ul>\n<li><a href=\"https:\/\/blogs.univ-tlse2.fr\/velo\/files\/2021\/09\/Rapport_M2_MARTINEAU_Dorian.pdf\">Effet de la COVID-19 sur l&rsquo;utilisation des v\u00e9los en libre-service : approche par la physique statistique<\/a> (1\/3\/2021 &#8211; 31\/08\/2021) <a href=\"https:\/\/www.univ-tlse3.fr\/master-parcours-physique-et-mecanique-du-vivant-pmv\">Master 2 Physique du vivant<\/a> (Toulouse) Rapport de stage de Dorian Martineau.<\/li>\n<li><a href=\"https:\/\/blogs.univ-tlse2.fr\/velo\/files\/2022\/07\/Me\u0301moire_Master2_Vigue_Camille.pdf\">L&rsquo;\u00e9volution d&rsquo;un r\u00e9seau de v\u00e9los en libre-service au prisme de la crise sanitaire : l&rsquo;exemple de Vel\u00d4Toulouse<\/a> (1\/4\/2021-30\/09\/2021) Master 2 Transports Mobilit\u00e9s (Toulouse) Rapport de stage de Camille Vigu\u00e9.<\/li>\n<li><a href=\"https:\/\/blogs.univ-tlse2.fr\/velo\/files\/2022\/06\/walter_Nunez_VeloToulouse.pdf\">Covid-19 impact on Bike-sharing systems: an analysis for Toulouse, Lyon, and Montreal<\/a> (1\/3\/2021-31\/07\/2021) Master 2 Economie (Toulouse) Rapport de stage de Walter Nu\u00f1ez.<\/li>\n<li><a href=\"https:\/\/blogs.univ-tlse2.fr\/velo\/files\/2022\/06\/rapport_M1_SIGMA.pdf\">Etude de faisabilit\u00e9 d&rsquo;une plateforme WebSIG d&rsquo;exploration des donn\u00e9es d&rsquo;usages de VLS<\/a> (oct-dec 2021) projet de groupe <a href=\"http:\/\/sigma.univ-toulouse.fr\/\">Master 1 SIGMA<\/a> (Toulouse) &#8211; Alix\/Arrive\/Lebigre-Riou\/Ramos Sevillano.<\/li>\n<li>\u00a0<a href=\"https:\/\/blogs.univ-tlse2.fr\/velo\/files\/2022\/08\/rapport_M2_SIGMA.pdf\">Plateforme WebSIG d&rsquo;exploration des donn\u00e9es d&rsquo;usages de VLS : cahier des charges et premi\u00e8res propositions<\/a>\u00a0 (24\/01\/2022-24\/02\/2022) Atelier g\u00e9omatique du <a href=\"http:\/\/sigma.univ-toulouse.fr\/\">Master 2 SIGMA<\/a> (Toulouse) &#8211; Khlifi\/Faucher\/Haddouche.<\/li>\n<li><a href=\"https:\/\/blogs.univ-tlse2.fr\/velo\/files\/2022\/06\/rapport_stage_iut_escudie_tom.pdf\">Elaboration d&rsquo;un prototype de WebSIG pour l&rsquo;exploration de donn\u00e9es de mobilit\u00e9s<\/a> 1 (11\/04\/2022-22\/06\/2022) &#8211; Tom Escudi\u00e9.<\/li>\n<li><a href=\"https:\/\/blogs.univ-tlse2.fr\/velo\/files\/2022\/06\/CAMIN_Matteo_Rapport_Stage_LISST.pdf\">Elaboration d&rsquo;un prototype de WebSIG pour l&rsquo;exploration de donn\u00e9es de mobilit\u00e9s<\/a> 2 (11\/04\/2022-22\/06\/2022) &#8211; Matt\u00e9o Camin.<\/li>\n<li><a href=\"https:\/\/blogs.univ-tlse2.fr\/velo\/files\/2022\/07\/MEMOIRE-Elian-Tijou.pdf\">Quelles \u00e9volutions dans les usages des V\u00e9los en Libre-Service apr\u00e8s la pand\u00e9mie COVID-19 ?<\/a> (1\/04\/2022-29\/07\/2022) Master 1 Transports Mobilit\u00e9s (Toulouse) Rapport de stage de Elian Tijou.<\/li>\n<li><a href=\"https:\/\/blogs.univ-tlse2.fr\/velo\/files\/2024\/05\/Me\u0301moire-Lucas-Boudier.pdf\">Les mobilit\u00e9s urbaines dans le Grand Tunis : quelle place pour le v\u00e9lo ?<\/a> (11\/04\/2023-13\/07\/2023) Master 1 Transports Mobilit\u00e9s (Toulouse) Rapport de stage de Lucas Boudier.<\/li>\n<li><a href=\"https:\/\/blogs.univ-tlse2.fr\/velo\/files\/2024\/05\/MOMIDs_EXP_Monographie-des-trois-quartiers-dans-le-Grand-Tunis-.pdf\">Monographie de trois quartiers dans le Grand Tunis\u00a0: Charguia 2, Centre Urbain Nord et le Bardo<\/a> , rapport interne, Malek Ben Hassen et Lucas Boudier (Master 1) (<a href=\"https:\/\/blogs.univ-tlse2.fr\/velo\/files\/2024\/06\/Presentation.pdf\">pptx)<\/li>\n<\/ul>\n<\/li>\n<\/ul>\n<h2>Publications scientifiques et Pr\u00e9sentations<\/h2>\n<ul>\n<li style=\"list-style-type: none\">\n<ul>\n<li>F. Amblard, N. Ayadi, N. Ben Amor, M. Ben Hamed, L. Boudier, S. Bouzid, B. Jouve, J. Pasini, B. Revelli, P. Rochet, Y. Turki (2023) <a href=\"https:\/\/blogs.univ-tlse2.fr\/velo\/files\/2023\/05\/28-Avril-2023-se%CC%81minaire-GB-V2.pdf\">Urban Mobility Modelling for a better sustainability in the Greater Tunis.<\/a> <em><a href=\"http:\/\/conferencetunisia.weebly.com\/\">Cities and territories in the developing world facing the challenges of ecological and digital transitions.<\/a> A South-North perspective, 28-29 April 2023, Hammamet, Tunisia.<\/em><\/li>\n<li>B. Jouve, S.Y. Turki, N. Ben Amor, N. Ayadi, S. Bouzid (2023) Mod\u00e9lisation des Mobilit\u00e9s Urbaines pour une meilleure durabilit\u00e9\u00a0dans le grand Tunis &#8211; S\u00e9minaire\u00a0\u00ab\u00a0Fel Studio\u00a0\u00bb de l&rsquo;Institut de Recherche sur le Maghreb Contemporain &#8211; Tunis, 26\/01\/2023.<\/li>\n<li>\n<div id=\"selectable\" class=\"suggested-citation\">Marc Ivaldi and Walter N\u00fa\u00f1ez (2022) <a href=\"https:\/\/www.tse-fr.eu\/sites\/default\/files\/TSE\/documents\/doc\/wp\/2022\/tse_wp_1317.pdf\">COVID-19 Impact on Bike-Sharing Systems: An Analysis for Toulouse, Lyon, and Montreal<\/a>. <em>ITEA Annual Conference, 15-17 June 2022, Toulouse<\/em>.<\/div>\n<\/li>\n<li><span dir=\"ltr\" role=\"presentation\">Angelo Furno<\/span><span dir=\"ltr\" role=\"presentation\">, Bertrand Jouve<\/span><span dir=\"ltr\" role=\"presentation\">, Bruno Revelli<\/span><span dir=\"ltr\" role=\"presentation\">, Paul Rochet<\/span><span dir=\"ltr\" role=\"presentation\">, Alix Rigal<\/span><span dir=\"ltr\" role=\"presentation\">, and Najla<\/span><br role=\"presentation\" \/><span dir=\"ltr\" role=\"presentation\">Touati (2022) <a href=\"https:\/\/arxiv.org\/pdf\/2206.06286.pdf\">Impact of the COVID-19 pandemic on bike-sharing uses in two french towns<\/a>. <em>(submitted)<\/em><\/span><\/li>\n<li><span dir=\"ltr\" role=\"presentation\">Angelo Furno<\/span><span dir=\"ltr\" role=\"presentation\">, <span style=\"text-decoration: underline\">Bertrand Jouve<\/span><\/span><span dir=\"ltr\" role=\"presentation\">, Bruno Revelli<\/span><span dir=\"ltr\" role=\"presentation\">, Paul Rochet<\/span><span dir=\"ltr\" role=\"presentation\">, Alix Rigal<\/span><span dir=\"ltr\" role=\"presentation\">, and Najla<\/span><br role=\"presentation\" \/><span dir=\"ltr\" role=\"presentation\">Touati<\/span>(2022) Utilisation des Ve\u0301los en Libre Service durant la pand\u00e9mie : quels changements\u00a0? Le cas de Toulouse et Lyon<em>. S\u00e9minaire Villes Vecteurs et Mobilit\u00e9s, EKKE, Ath\u00e8nes, Gr\u00e8ce, 3 mai 2022.<\/em><\/li>\n<\/ul>\n<\/li>\n<\/ul>\n<h2>Interface d&rsquo;exploration des donn\u00e9es<\/h2>\n<ul>\n<li style=\"list-style-type: none\">\n<ul>\n<li><a href=\"https:\/\/analytics.huma-num.fr\/Matteo.Camin\/Transition-Velo\/\">https:\/\/analytics.huma-num.fr\/Matteo.Camin\/Transition-Velo\/<\/a><\/li>\n<\/ul>\n<\/li>\n<\/ul>\n<h2>Communication grand public<\/h2>\n<ul>\n<li style=\"list-style-type: none\">\n<ul>\n<li>Brigitte Perucca (2021) <a href=\"https:\/\/lejournal.cnrs.fr\/articles\/la-bicyclette-petite-reine-de-la-ville\">La bicyclette petite reine de la ville<\/a>. CNRS Le Journal.<\/li>\n<\/ul>\n<\/li>\n<\/ul>\n\n\n<p><\/p>\n","protected":false},"excerpt":{"rendered":"<p>Rapports de stage Effet de la COVID-19 sur l&rsquo;utilisation des v\u00e9los en libre-service : approche par la physique statistique (1\/3\/2021 &#8211; 31\/08\/2021) Master 2 Physique du vivant (Toulouse) Rapport de stage de Dorian Martineau. L&rsquo;\u00e9volution d&rsquo;un r\u00e9seau de v\u00e9los en &hellip; <a href=\"https:\/\/blogs.univ-tlse2.fr\/velo\/ressources\/\">Continuer la lecture <span class=\"meta-nav\">&rarr;<\/span><\/a><\/p>\n","protected":false},"author":254,"featured_media":0,"parent":0,"menu_order":0,"comment_status":"closed","ping_status":"closed","template":"","meta":{"footnotes":""},"class_list":["post-71","page","type-page","status-publish","hentry"],"_links":{"self":[{"href":"https:\/\/blogs.univ-tlse2.fr\/velo\/wp-json\/wp\/v2\/pages\/71","targetHints":{"allow":["GET"]}}],"collection":[{"href":"https:\/\/blogs.univ-tlse2.fr\/velo\/wp-json\/wp\/v2\/pages"}],"about":[{"href":"https:\/\/blogs.univ-tlse2.fr\/velo\/wp-json\/wp\/v2\/types\/page"}],"author":[{"embeddable":true,"href":"https:\/\/blogs.univ-tlse2.fr\/velo\/wp-json\/wp\/v2\/users\/254"}],"replies":[{"embeddable":true,"href":"https:\/\/blogs.univ-tlse2.fr\/velo\/wp-json\/wp\/v2\/comments?post=71"}],"version-history":[{"count":47,"href":"https:\/\/blogs.univ-tlse2.fr\/velo\/wp-json\/wp\/v2\/pages\/71\/revisions"}],"predecessor-version":[{"id":343,"href":"https:\/\/blogs.univ-tlse2.fr\/velo\/wp-json\/wp\/v2\/pages\/71\/revisions\/343"}],"wp:attachment":[{"href":"https:\/\/blogs.univ-tlse2.fr\/velo\/wp-json\/wp\/v2\/media?parent=71"}],"curies":[{"name":"wp","href":"https:\/\/api.w.org\/{rel}","templated":true}]}}