 {"id":102,"date":"2016-11-18T11:57:47","date_gmt":"2016-11-18T10:57:47","guid":{"rendered":"http:\/\/dev12-adim.univ-tlse2.fr\/exposition-virtuelle\/?page_id=102"},"modified":"2017-03-14T22:06:14","modified_gmt":"2017-03-14T21:06:14","slug":"lembarquement-a-marseille","status":"publish","type":"page","link":"https:\/\/blogs.univ-tlse2.fr\/voyage-cartailhac-grece-expo-virtuelle\/lembarquement-a-marseille\/","title":{"rendered":"L&#8217;embarquement"},"content":{"rendered":"<figure id=\"attachment_641\" aria-describedby=\"caption-attachment-641\" style=\"width: 212px\" class=\"wp-caption alignleft\"><a href=\"https:\/\/blogs.univ-tlse2.fr\/voyage-cartailhac-grece-expo-virtuelle\/files\/2016\/11\/DSC_0414-S.jpg\" rel=\"lightbox[102]\"><img loading=\"lazy\" decoding=\"async\" class=\"wp-image-641\" src=\"https:\/\/blogs.univ-tlse2.fr\/exposition-virtuelle\/files\/2016\/11\/DSC_0414-S-300x274.jpg\" alt=\"\" width=\"212\" height=\"193\" srcset=\"https:\/\/blogs.univ-tlse2.fr\/voyage-cartailhac-grece-expo-virtuelle\/files\/2016\/11\/DSC_0414-S-300x274.jpg 300w, https:\/\/blogs.univ-tlse2.fr\/voyage-cartailhac-grece-expo-virtuelle\/files\/2016\/11\/DSC_0414-S-768x701.jpg 768w, https:\/\/blogs.univ-tlse2.fr\/voyage-cartailhac-grece-expo-virtuelle\/files\/2016\/11\/DSC_0414-S.jpg 900w\" sizes=\"auto, (max-width: 212px) 100vw, 212px\" \/><\/a><figcaption id=\"caption-attachment-641\" class=\"wp-caption-text\">Vue de la cath\u00e9drale Sainte-Marie-Majeure, Marseille.<\/figcaption><\/figure>\n<p style=\"text-align: justify\"><em>\u00ab Nous sommes donc arriv\u00e9s \u00e0 Marseille le dimanche des Rameaux. Dans les trains, les h\u00f4tels, les rues m\u00eames, on se rencontrait, on se devinait passagers du S\u00e9n\u00e9gal. N\u00e9 dans la rue Saint-Ferr\u00e9ol, \u00e0 deux pas de la Cannebi\u00e8re, je ne fus pas surpris de l\u2019accueil que nous avait r\u00e9serv\u00e9 le mistral ; mes compagnons le trouv\u00e8rent un peu glacial et de mani\u00e8res par trop brusques. Les Toulousains regrettaient le vent d\u2019autan. Le fait est qu\u2019avec la poussi\u00e8re, les cailloux aussi tourbillonnent, et qu\u2019\u00e0 Notre-Dame-de-la-Garde, au tournant de l\u2019\u00e9glise, nous sommes saisis avec violence et dispers\u00e9s, flanqu\u00e9s les uns \u00e0 quatre pattes, les autres contre les murs dans des situations \u00e9galement bizarres. \u00bb<\/em><br \/>\n<em>\u00ab Un peu de mistral, c\u2019est bien. Mais celui que nous avons, c\u2019est trop. Nous l\u2019apprenons en arrivant au port de la Joliette et sur notre paquebot : La mer au large est d\u00e9mont\u00e9e, et nous ne pouvons pas sortir de la rade !<\/em><br \/>\n<em>[\u2026] Le commandant du S\u00e9n\u00e9gal, MM. Bourgeois et Monceaux tinrent conseil et un nouvel ordre de marche, bas\u00e9 sur douze heures de retard, fut transmis par le t\u00e9l\u00e9graphe \u00e0 nos correspondants en Gr\u00e8ce : le navire forcera une nuit sa vapeur, nous nous l\u00e8verons \u00e0 l\u2019aurore plusieurs jours de suite, mais le programme tout entier sera ex\u00e9cut\u00e9.\u00bb<\/em><\/p>\n<p>&nbsp;<\/p>\n<p>&nbsp;<\/p>\n<p style=\"text-align: left\"><strong>Le paquebot S\u00e9n\u00e9gal<\/strong><\/p>\n<p style=\"text-align: left\"><em> \u00ab Les Messageries nous ont livr\u00e9 un de leurs meilleurs paquebots. Ce n\u2019est pas le dernier type, mais le S\u00e9n\u00e9gal est tr\u00e8s grand, solide et bon marcheur. \u00bb<\/em><\/p>\n<figure id=\"attachment_645\" aria-describedby=\"caption-attachment-645\" style=\"width: 212px\" class=\"wp-caption alignleft\"><a href=\"https:\/\/blogs.univ-tlse2.fr\/voyage-cartailhac-grece-expo-virtuelle\/files\/2016\/11\/DSC_0415-S-100-dpi.jpg\" rel=\"lightbox[102]\"><img loading=\"lazy\" decoding=\"async\" class=\"wp-image-645\" src=\"https:\/\/blogs.univ-tlse2.fr\/exposition-virtuelle\/files\/2016\/11\/DSC_0415-S-100-dpi-300x272.jpg\" alt=\"\" width=\"212\" height=\"192\" srcset=\"https:\/\/blogs.univ-tlse2.fr\/voyage-cartailhac-grece-expo-virtuelle\/files\/2016\/11\/DSC_0415-S-100-dpi-300x272.jpg 300w, https:\/\/blogs.univ-tlse2.fr\/voyage-cartailhac-grece-expo-virtuelle\/files\/2016\/11\/DSC_0415-S-100-dpi-768x697.jpg 768w, https:\/\/blogs.univ-tlse2.fr\/voyage-cartailhac-grece-expo-virtuelle\/files\/2016\/11\/DSC_0415-S-100-dpi.jpg 800w\" sizes=\"auto, (max-width: 212px) 100vw, 212px\" \/><\/a><figcaption id=\"caption-attachment-645\" class=\"wp-caption-text\">Embarquement sur le port de Marseille. 1896<\/figcaption><\/figure>\n<figure id=\"attachment_646\" aria-describedby=\"caption-attachment-646\" style=\"width: 260px\" class=\"wp-caption alignleft\"><a href=\"https:\/\/blogs.univ-tlse2.fr\/voyage-cartailhac-grece-expo-virtuelle\/files\/2016\/11\/DSC_0438-S-100-dpi.jpg\" rel=\"lightbox[102]\"><img loading=\"lazy\" decoding=\"async\" class=\"wp-image-646\" src=\"https:\/\/blogs.univ-tlse2.fr\/exposition-virtuelle\/files\/2016\/11\/DSC_0438-S-100-dpi-300x225.jpg\" alt=\"\" width=\"260\" height=\"195\" srcset=\"https:\/\/blogs.univ-tlse2.fr\/voyage-cartailhac-grece-expo-virtuelle\/files\/2016\/11\/DSC_0438-S-100-dpi-300x225.jpg 300w, https:\/\/blogs.univ-tlse2.fr\/voyage-cartailhac-grece-expo-virtuelle\/files\/2016\/11\/DSC_0438-S-100-dpi-768x577.jpg 768w, https:\/\/blogs.univ-tlse2.fr\/voyage-cartailhac-grece-expo-virtuelle\/files\/2016\/11\/DSC_0438-S-100-dpi.jpg 900w\" sizes=\"auto, (max-width: 260px) 100vw, 260px\" \/><\/a><figcaption id=\"caption-attachment-646\" class=\"wp-caption-text\">Vue du \u00ab\u00a0S\u00e9n\u00e9gal\u00a0\u00bb. 1896.<\/figcaption><\/figure>\n<p>&nbsp;<\/p>\n<p>&nbsp;<\/p>\n<p>&nbsp;<\/p>\n<p>&nbsp;<\/p>\n<p>&nbsp;<\/p>\n<p>&nbsp;<\/p>\n<p><strong>Les \u00ab S\u00e9n\u00e9galais \u00bb<\/strong><\/p>\n<figure id=\"attachment_47\" aria-describedby=\"caption-attachment-47\" style=\"width: 230px\" class=\"wp-caption alignright\"><a href=\"https:\/\/blogs.univ-tlse2.fr\/voyage-cartailhac-grece-expo-virtuelle\/files\/2016\/06\/lettre-compagnie-messageries-maritimes-1896.png\" rel=\"lightbox[102]\"><img loading=\"lazy\" decoding=\"async\" class=\"wp-image-47 size-medium\" src=\"https:\/\/blogs.univ-tlse2.fr\/voyage-cartailhac-grece-expo-virtuelle\/files\/2016\/06\/lettre-compagnie-messageries-maritimes-1896-230x300.png\" alt=\"\" width=\"230\" height=\"300\" srcset=\"https:\/\/blogs.univ-tlse2.fr\/voyage-cartailhac-grece-expo-virtuelle\/files\/2016\/06\/lettre-compagnie-messageries-maritimes-1896-230x300.png 230w, https:\/\/blogs.univ-tlse2.fr\/voyage-cartailhac-grece-expo-virtuelle\/files\/2016\/06\/lettre-compagnie-messageries-maritimes-1896-768x1001.png 768w, https:\/\/blogs.univ-tlse2.fr\/voyage-cartailhac-grece-expo-virtuelle\/files\/2016\/06\/lettre-compagnie-messageries-maritimes-1896-785x1024.png 785w, https:\/\/blogs.univ-tlse2.fr\/voyage-cartailhac-grece-expo-virtuelle\/files\/2016\/06\/lettre-compagnie-messageries-maritimes-1896.png 853w\" sizes=\"auto, (max-width: 230px) 100vw, 230px\" \/><\/a><figcaption id=\"caption-attachment-47\" class=\"wp-caption-text\">Lettre de la Compagnie des Messageries maritimes \u00e0 Emile Cartailhac, Paris, 18 mars 1896 (FCB 84-2)<\/figcaption><\/figure>\n<p style=\"text-align: justify\"><em>\u00ab Nous voyons, sur la liste imprim\u00e9e qui vient de nous \u00eatre remise, les noms de MM. Larroumet et Poincar\u00e9 de l\u2019Institut ; Salomon Reinach, des mus\u00e9es nationaux ; Lefranc, du Coll\u00e8ge de France, l\u2019heureux inventeur des po\u00e8mes de Marguerite de Navarre ; puis, des professeurs de la Sorbonne, des lyc\u00e9es de Paris, de Versailles, de Troyes, de Brest, de Grenoble, d\u2019autres de Gen\u00e8ve, de Neuch\u00e2tel, de Li\u00e8ge. Il y a treize docteurs en m\u00e9decine, autant d\u2019avocats de tous pays et, parmi eux, le s\u00e9nateur Janson, chef du parti radical en Belgique ; cinq ou six pr\u00eatres, dont un professeur de l\u2019Institut catholique de Paris. Chose \u00e9trange, un seul artiste !<\/em><\/p>\n<p style=\"text-align: justify\"><em>Trente dames am\u00e9ricaines, anglaises, belges, suisses et fran\u00e7aises ; parmi ces derni\u00e8res, deux professeurs agr\u00e9g\u00e9es des lyc\u00e9es de jeunes filles d\u2019Auxerre et de Toulouse.<br \/>\nSi l\u2019on note les origines, on observe que Paris a fourni le plus grand nombre de ces passagers ; Rouen, Lyon et Toulouse ont envoy\u00e9 de forts contingents ; le reste de la France de rares isol\u00e9s. La Belgique et surtout la Suisse ont des repr\u00e9sentants assez nombreux.<br \/>\nEnfin, parmi les jeunes gens, tout un groupe est attir\u00e9 uniquement par les jeux olympiques. L\u2019Acropole d\u2019Ath\u00e8nes, les tr\u00e9sors de Myc\u00e8nes, l\u2019Herm\u00e8s de Praxit\u00e8le, ils ignorent tout cela, et le reste ; mais parlez-leur du stade des courses, des luttes, des assauts.<br \/>\nVoil\u00e0 donc les \u00e9l\u00e9ments de notre compagnie, une belle compagnie, certes ! Quel charme, quel profit les conversations nous promettent ! \u00bb<br \/>\n<\/em><\/p>\n<p>&nbsp;<\/p>\n<p style=\"text-align: justify\"><a href=\"https:\/\/blogs.univ-tlse2.fr\/voyage-cartailhac-grece-expo-virtuelle\/files\/2016\/11\/frontispice-tour-monde-hachette.jpg\" rel=\"lightbox[102]\"><img loading=\"lazy\" decoding=\"async\" class=\"aligncenter wp-image-166 size-full\" src=\"https:\/\/blogs.univ-tlse2.fr\/voyage-cartailhac-grece-expo-virtuelle\/files\/2016\/11\/frontispice-tour-monde-hachette.jpg\" alt=\"\" width=\"681\" height=\"306\" srcset=\"https:\/\/blogs.univ-tlse2.fr\/voyage-cartailhac-grece-expo-virtuelle\/files\/2016\/11\/frontispice-tour-monde-hachette.jpg 681w, https:\/\/blogs.univ-tlse2.fr\/voyage-cartailhac-grece-expo-virtuelle\/files\/2016\/11\/frontispice-tour-monde-hachette-300x135.jpg 300w\" sizes=\"auto, (max-width: 681px) 100vw, 681px\" \/><\/a><\/p>\n<p>&nbsp;<\/p>\n<p style=\"text-align: justify\"><strong>La vie \u00e0 bord du S\u00e9n\u00e9gal<\/strong><\/p>\n<p style=\"text-align: justify\"><em>\u00ab On sait quelle place importante la cuisine tient \u00e0 bord. La mer donne grand app\u00e9tit ; puis un estomac bien lest\u00e9 est encore ce qu\u2019on a trouv\u00e9 de mieux pour r\u00e9sister au roulis. Entre six et sept heures, th\u00e9, chocolat, caf\u00e9 ; de neuf \u00e0 onze, d\u00e9jeuner s\u00e9rieux ; de une \u00e0 deux, lunch massif ; \u00e0 quatre, du th\u00e9 ; de six \u00e0 huit, d\u00eener ; \u00e0 dix, encore du th\u00e9 ; la journ\u00e9e est bien remplie.<\/em><br \/>\n<em>Les b\u0153ufs, les veaux, les moutons, les agneaux, les poules, malheureuses victimes destin\u00e9es \u00e0 une fin prochaine, sont entass\u00e9s \u00e0 l\u2019avant dans des compartiments \u00e0 claires-voies. Le S\u00e9n\u00e9gal emporte en outre pour 30,000 francs de conserves. Le pain sera cuit chaque matin.<\/em><br \/>\n<em>Dans le fumoir sont affich\u00e9es les cartes g\u00e9ographiques en rapport avec notre voyage et les avis officiels : programme des excursions, annonce des messes, liste des objets trouv\u00e9s et perdus, etc., etc. Dix fois par jour on va voir s\u2019il y a quelque chose de nouveau !<\/em><br \/>\n<em>A c\u00f4t\u00e9, on sert un d\u00e9licieux caf\u00e9 turc et la raki, cette anisette m\u00e9diocre affectionn\u00e9e de l\u2019Orient. Ici on fait un wisth, l\u00e0 on joue au trictrac. D\u2019autres mieux inspir\u00e9s, \u00e9coutent, fixent l\u2019horizon, r\u00eavent !<\/em><br \/>\n<em>Le salon des secondes est transform\u00e9 en cabinet de travail et, par les soins de la maison Hachette, une petite biblioth\u00e8que y est install\u00e9e : <\/em>L\u2019Histoire de l\u2019Art<em> dans l\u2019Antiquit\u00e9, de Perrot et Chipiez ; <\/em>La Sculpture grecque<em>, de Collignon, <\/em>La G\u00e9ographie<em> de Reclus et d\u2019autres bons ouvrages. Est-ce bien le moment de travailler ? Assur\u00e9ment non ; mais on regarde les images, on rappelle ses souvenirs, et au retour des excursions on les pr\u00e9cise.<br \/>\n<\/em><\/p>\n<p style=\"text-align: justify\"><em>Les sons du piano nous ont quelquefois appel\u00e9s au salon ; de belles voix y chantaient des airs classiques ou \u00e0 la mode. Et, \u00e0 ce propos, je dois faire l\u2019aveu qu\u2019il ne s\u2019est pas trouv\u00e9 l\u00e0 un M\u00e9ridional capable de faire entendre la Coupe Sainte ou la Toulousaine.<\/em><br \/>\n<em>Le soir, le salon est envahi par un public \u00e9l\u00e9gant et par\u00e9. Plusieurs de nos belles dames, invisibles dans la journ\u00e9e, font alors assaut de toilettes, comme aux eaux ou sur la plage. Nos Anglaises et nos Am\u00e9ricaines ont le prix dans ce jeu-l\u00e0. Les Fran\u00e7aises sont plus mod\u00e9r\u00e9es, elles savent que leurs m\u00e9rites personnels et la gr\u00e2ce de leur esprit valent mieux qu\u2019un changement \u00e0 vue de costume. A nos soir\u00e9es, surtout vers la fin du voyage, apparaissaient mutines, des figures, d\u2019ailleurs jolies, qui n\u2019avaient certainement d\u00e9barqu\u00e9 ni \u00e0 Delphes, ni \u00e0 Olympie, ni surtout \u00e0 D\u00e9los. Myst\u00e8re et jeux olympiques !<\/em><br \/>\n<em>Ce ne sont pas elles, non plus, qu\u2019on voyait \u00e0 nos r\u00e9unions savantes ; car nous avons eu des conf\u00e9rences avec projections photographiques. Deux ont \u00e9t\u00e9 faites par M. Monceaux et une troisi\u00e8me par M. Homolle<sup><a id=\"ref1\" href=\"#fn1\">1<\/a><\/sup>, le directeur de l\u2019\u00c9cole d\u2019Ath\u00e8nes et des fouilles de Delphes et de D\u00e9los.<\/em><br \/>\n<em>La plupart des clich\u00e9s avaient \u00e9t\u00e9 confi\u00e9s par la Facult\u00e9 des lettres de Toulouse, et M. Fontaine, professeur au lyc\u00e9e de Versailles, a bien voulu man\u0153uvrer l\u2019appareil. \u00bb<\/em><\/p>\n<p><strong>Les jours et les nuits \u00e0 bord du S\u00e9n\u00e9gal<\/strong><\/p>\n<p><em>\u00ab [La premi\u00e8re] soir\u00e9e\u00a0 s\u2019ach\u00e8ve plus gaiement du c\u00f4t\u00e9 des M\u00e9ridionaux et vers dix heures nous sommes au repos dans nos couchettes. Elles sont dures, \u00e9troites, mais qu\u2019importe \u00e0 des Gaulois qui vont au temple de Delphes. \u00bb<\/em><br \/>\n<em>\u00ab Une seule fois, pendant ces quinze jours, nous avons vu les dauphins, si communs d\u2019ordinaire dans la M\u00e9diterran\u00e9e. \u00bb<\/em><\/p>\n<p><em>\u00ab De nuit nous franchissons le d\u00e9troit de Bonifacio. [\u2026] Dans l\u2019apr\u00e8s-midi, nous passons en vue des petites \u00eeles Lipari, que S.A.I. et R. l\u2019archiduc, Louis Salvator, le prince hospitalier de Majorque, vient de d\u00e9crire dans sept grands et beaux volumes.<\/em><\/p>\n<p><em>\u00ab Nous cinglons vers le golfe de L\u00e9pante. Au fond surgissent les pics neigeux de l\u2019Albanie ; au premier plan, d\u2019un c\u00f4t\u00e9 le cap de Leucade o\u00f9 les amants d\u00e9sesp\u00e9r\u00e9s, comme Sapho, cherchaient la mort qui fait tout oublier ; de l\u2019autre, le massif de C\u00e9phalonie aux cimes perdues dans les nuages. \u00bb<\/em><\/p>\n<p><em>\u00ab Pendant deux heures nous avons navigu\u00e9 le long de l\u2019\u00eele ; le soleil a fini sa course et la nuit ombrage la terre. Un paisible sommeil coule dans tous nos membres, comme disait Hom\u00e8re. Demain nous serons r\u00e9veill\u00e9s \u00e0 quatre heures, \u00e0 Itea, dans le golfe, au pied des montagnes de Delphes et du Parnasse. \u00bb<\/em><\/p>\n<p>&nbsp;<\/p>\n<p>&nbsp;<\/p>\n<p>&nbsp;<\/p>\n<p>&nbsp;<\/p>\n<p><sup id=\"fn1\">1. [<em>Notice sur la vie et les travaux de M. Th\u00e9ophile Homolle par M. Ren\u00e9 Cagnat<\/em>, Comptes-rendus de l&rsquo;Acad\u00e9mie des Inscriptions, Ann\u00e9e 1927, Volume 71, Num\u00e9ro 4, pp. 296-313. Disponible en ligne sur Pers\u00e9e : <a href=\"http:\/\/www.persee.fr\/doc\/crai_0065-0536_1927_num_71_4_75520\" target=\"_blank\">http:\/\/www.persee.fr\/doc\/crai_0065-0536_1927_num_71_4_75520<\/a> <a href=\"#ref1\">\u21a9<\/a><\/sup><\/p>\n","protected":false},"excerpt":{"rendered":"<p>\u00ab Nous sommes donc arriv\u00e9s \u00e0 Marseille le dimanche des Rameaux. Dans les trains, les h\u00f4tels, les rues m\u00eames, on se rencontrait, on se devinait passagers du S\u00e9n\u00e9gal. N\u00e9 dans la rue Saint-Ferr\u00e9ol, \u00e0 deux pas de la Cannebi\u00e8re, je ne fus pas surpris de l\u2019accueil que nous avait r\u00e9serv\u00e9 le mistral ; mes compagnons &hellip; <\/p>\n<p class=\"link-more\"><a href=\"https:\/\/blogs.univ-tlse2.fr\/voyage-cartailhac-grece-expo-virtuelle\/lembarquement-a-marseille\/\" class=\"more-link\">Continuer la lecture<span class=\"screen-reader-text\"> de &laquo;&nbsp;L&#8217;embarquement&nbsp;&raquo;<\/span><\/a><\/p>\n","protected":false},"author":393,"featured_media":0,"parent":0,"menu_order":0,"comment_status":"closed","ping_status":"closed","template":"","meta":{"footnotes":""},"class_list":["post-102","page","type-page","status-publish","hentry"],"_links":{"self":[{"href":"https:\/\/blogs.univ-tlse2.fr\/voyage-cartailhac-grece-expo-virtuelle\/wp-json\/wp\/v2\/pages\/102","targetHints":{"allow":["GET"]}}],"collection":[{"href":"https:\/\/blogs.univ-tlse2.fr\/voyage-cartailhac-grece-expo-virtuelle\/wp-json\/wp\/v2\/pages"}],"about":[{"href":"https:\/\/blogs.univ-tlse2.fr\/voyage-cartailhac-grece-expo-virtuelle\/wp-json\/wp\/v2\/types\/page"}],"author":[{"embeddable":true,"href":"https:\/\/blogs.univ-tlse2.fr\/voyage-cartailhac-grece-expo-virtuelle\/wp-json\/wp\/v2\/users\/393"}],"replies":[{"embeddable":true,"href":"https:\/\/blogs.univ-tlse2.fr\/voyage-cartailhac-grece-expo-virtuelle\/wp-json\/wp\/v2\/comments?post=102"}],"version-history":[{"count":12,"href":"https:\/\/blogs.univ-tlse2.fr\/voyage-cartailhac-grece-expo-virtuelle\/wp-json\/wp\/v2\/pages\/102\/revisions"}],"predecessor-version":[{"id":957,"href":"https:\/\/blogs.univ-tlse2.fr\/voyage-cartailhac-grece-expo-virtuelle\/wp-json\/wp\/v2\/pages\/102\/revisions\/957"}],"wp:attachment":[{"href":"https:\/\/blogs.univ-tlse2.fr\/voyage-cartailhac-grece-expo-virtuelle\/wp-json\/wp\/v2\/media?parent=102"}],"curies":[{"name":"wp","href":"https:\/\/api.w.org\/{rel}","templated":true}]}}