 {"id":138,"date":"2016-11-22T11:02:21","date_gmt":"2016-11-22T10:02:21","guid":{"rendered":"http:\/\/dev12-adim.univ-tlse2.fr\/exposition-virtuelle\/?page_id=138"},"modified":"2017-03-14T22:12:19","modified_gmt":"2017-03-14T21:12:19","slug":"nauplie","status":"publish","type":"page","link":"https:\/\/blogs.univ-tlse2.fr\/voyage-cartailhac-grece-expo-virtuelle\/nauplie\/","title":{"rendered":"Nauplie"},"content":{"rendered":"<p><em>\u00ab La ville est en f\u00eate. Nombre de camarades croient que c\u2019est en notre honneur. Illusion vite dissip\u00e9e ; on leur rappelle que le 6 avril l\u2019ind\u00e9pendance de la Gr\u00e8ce fut proclam\u00e9e et le gouvernement provisoire install\u00e9 \u00e0 Nauplie ; c\u2019est aussi le samedi de la sainte semaine qui co\u00efncide exceptionnellement cette ann\u00e9e dans les deux rites, grec et latin. \u00bb<\/em><\/p>\n<figure id=\"attachment_582\" aria-describedby=\"caption-attachment-582\" style=\"width: 239px\" class=\"wp-caption alignleft\"><a href=\"https:\/\/blogs.univ-tlse2.fr\/voyage-cartailhac-grece-expo-virtuelle\/files\/2016\/11\/DSC_0411-S.jpg\" rel=\"lightbox[138]\"><img loading=\"lazy\" decoding=\"async\" class=\"wp-image-582\" src=\"https:\/\/blogs.univ-tlse2.fr\/exposition-virtuelle\/files\/2016\/11\/DSC_0411-S-300x235.jpg\" alt=\"\" width=\"239\" height=\"187\" srcset=\"https:\/\/blogs.univ-tlse2.fr\/voyage-cartailhac-grece-expo-virtuelle\/files\/2016\/11\/DSC_0411-S-300x235.jpg 300w, https:\/\/blogs.univ-tlse2.fr\/voyage-cartailhac-grece-expo-virtuelle\/files\/2016\/11\/DSC_0411-S-768x601.jpg 768w, https:\/\/blogs.univ-tlse2.fr\/voyage-cartailhac-grece-expo-virtuelle\/files\/2016\/11\/DSC_0411-S.jpg 1000w\" sizes=\"auto, (max-width: 239px) 100vw, 239px\" \/><\/a><figcaption id=\"caption-attachment-582\" class=\"wp-caption-text\">\u00ab Nauplie. 11 \u00bb. 1896<\/figcaption><\/figure>\n<figure id=\"attachment_583\" aria-describedby=\"caption-attachment-583\" style=\"width: 249px\" class=\"wp-caption alignleft\"><a href=\"https:\/\/blogs.univ-tlse2.fr\/voyage-cartailhac-grece-expo-virtuelle\/files\/2016\/11\/DSC_0434-S.jpg\" rel=\"lightbox[138]\"><img loading=\"lazy\" decoding=\"async\" class=\"wp-image-583\" src=\"https:\/\/blogs.univ-tlse2.fr\/exposition-virtuelle\/files\/2016\/11\/DSC_0434-S-300x233.jpg\" alt=\"\" width=\"249\" height=\"194\" srcset=\"https:\/\/blogs.univ-tlse2.fr\/voyage-cartailhac-grece-expo-virtuelle\/files\/2016\/11\/DSC_0434-S-300x233.jpg 300w, https:\/\/blogs.univ-tlse2.fr\/voyage-cartailhac-grece-expo-virtuelle\/files\/2016\/11\/DSC_0434-S-768x595.jpg 768w, https:\/\/blogs.univ-tlse2.fr\/voyage-cartailhac-grece-expo-virtuelle\/files\/2016\/11\/DSC_0434-S.jpg 868w\" sizes=\"auto, (max-width: 249px) 100vw, 249px\" \/><\/a><figcaption id=\"caption-attachment-583\" class=\"wp-caption-text\">\u00ab L\u2019accueil \u00e0 Nauplie. 3 \u00bb. 1896<\/figcaption><\/figure>\n<p>&nbsp;<\/p>\n<p>&nbsp;<\/p>\n<p>&nbsp;<\/p>\n<p>&nbsp;<\/p>\n<p>&nbsp;<\/p>\n<p>&nbsp;<\/p>\n<p><em>\u00ab Dans les rues, sur les places, une foule heureuse de vivre. Selon la mode locale, et au m\u00e9pris des arr\u00eat\u00e9s municipaux, &#8211; tout comme chez nous \u00e0 la Saint-Jean et au 14 Juillet, &#8211; on lance de gros pois fulminants et de dangereux serpenteaux qui font fuir les gens. On rit, mais ce n\u2019est gu\u00e8re amusant pour ceux qui attrapent les coups de feu sur leurs habits.<\/em><\/p>\n<p><em>Les maisons, \u00e0 la fois italiennes et orientales, aux persiennes vertes et mi-closes, aux balcons saillants, sont pavois\u00e9es. La population nous regarde avec de gracieux sourires, qui sont la plus cordiale des bienvenues. \u00bb<\/em><\/p>\n<p><em>\u00ab Les gens de l\u2019Argolide sont venus avec leurs troupeaux et leurs montures charg\u00e9es de choses bien diverses. Au pied des platanes encore sans feuilles, contre les talus escarp\u00e9s sem\u00e9s de cactus et de cistes, dans la splendeur d\u2019une belle lumi\u00e8re, leurs groupes s\u2019exposent \u00e0 nos regards et \u00e0 nos appareils photographiques.<\/em><br \/>\n<em>Avec quelle bonne volont\u00e9 tout ce monde pose et seconde nos d\u00e9sirs. Nous trouverons partout en Gr\u00e8ce cette amabilit\u00e9 sans r\u00e9serves. \u00bb<\/em><\/p>\n<figure id=\"attachment_584\" aria-describedby=\"caption-attachment-584\" style=\"width: 744px\" class=\"wp-caption aligncenter\"><a href=\"https:\/\/blogs.univ-tlse2.fr\/voyage-cartailhac-grece-expo-virtuelle\/files\/2016\/11\/DSC_0444-S.jpg\" rel=\"lightbox[138]\"><img loading=\"lazy\" decoding=\"async\" class=\"wp-image-584 size-full\" src=\"https:\/\/blogs.univ-tlse2.fr\/voyage-cartailhac-grece-expo-virtuelle\/files\/2016\/11\/DSC_0444-S.jpg\" alt=\"\" width=\"744\" height=\"636\" srcset=\"https:\/\/blogs.univ-tlse2.fr\/voyage-cartailhac-grece-expo-virtuelle\/files\/2016\/11\/DSC_0444-S.jpg 744w, https:\/\/blogs.univ-tlse2.fr\/voyage-cartailhac-grece-expo-virtuelle\/files\/2016\/11\/DSC_0444-S-300x256.jpg 300w\" sizes=\"auto, (max-width: 706px) 89vw, (max-width: 767px) 82vw, 740px\" \/><\/a><figcaption id=\"caption-attachment-584\" class=\"wp-caption-text\">\u00ab Nauplie porteur d\u2019agneaux de P\u00e2ques. 26 \u00bb. 1896<\/figcaption><\/figure>\n<p>&nbsp;<\/p>\n","protected":false},"excerpt":{"rendered":"<p>\u00ab La ville est en f\u00eate. Nombre de camarades croient que c\u2019est en notre honneur. Illusion vite dissip\u00e9e ; on leur rappelle que le 6 avril l\u2019ind\u00e9pendance de la Gr\u00e8ce fut proclam\u00e9e et le gouvernement provisoire install\u00e9 \u00e0 Nauplie ; c\u2019est aussi le samedi de la sainte semaine qui co\u00efncide exceptionnellement cette ann\u00e9e dans les &hellip; <\/p>\n<p class=\"link-more\"><a href=\"https:\/\/blogs.univ-tlse2.fr\/voyage-cartailhac-grece-expo-virtuelle\/nauplie\/\" class=\"more-link\">Continuer la lecture<span class=\"screen-reader-text\"> de &laquo;&nbsp;Nauplie&nbsp;&raquo;<\/span><\/a><\/p>\n","protected":false},"author":393,"featured_media":0,"parent":0,"menu_order":0,"comment_status":"closed","ping_status":"closed","template":"","meta":{"footnotes":""},"class_list":["post-138","page","type-page","status-publish","hentry"],"_links":{"self":[{"href":"https:\/\/blogs.univ-tlse2.fr\/voyage-cartailhac-grece-expo-virtuelle\/wp-json\/wp\/v2\/pages\/138","targetHints":{"allow":["GET"]}}],"collection":[{"href":"https:\/\/blogs.univ-tlse2.fr\/voyage-cartailhac-grece-expo-virtuelle\/wp-json\/wp\/v2\/pages"}],"about":[{"href":"https:\/\/blogs.univ-tlse2.fr\/voyage-cartailhac-grece-expo-virtuelle\/wp-json\/wp\/v2\/types\/page"}],"author":[{"embeddable":true,"href":"https:\/\/blogs.univ-tlse2.fr\/voyage-cartailhac-grece-expo-virtuelle\/wp-json\/wp\/v2\/users\/393"}],"replies":[{"embeddable":true,"href":"https:\/\/blogs.univ-tlse2.fr\/voyage-cartailhac-grece-expo-virtuelle\/wp-json\/wp\/v2\/comments?post=138"}],"version-history":[{"count":3,"href":"https:\/\/blogs.univ-tlse2.fr\/voyage-cartailhac-grece-expo-virtuelle\/wp-json\/wp\/v2\/pages\/138\/revisions"}],"predecessor-version":[{"id":961,"href":"https:\/\/blogs.univ-tlse2.fr\/voyage-cartailhac-grece-expo-virtuelle\/wp-json\/wp\/v2\/pages\/138\/revisions\/961"}],"wp:attachment":[{"href":"https:\/\/blogs.univ-tlse2.fr\/voyage-cartailhac-grece-expo-virtuelle\/wp-json\/wp\/v2\/media?parent=138"}],"curies":[{"name":"wp","href":"https:\/\/api.w.org\/{rel}","templated":true}]}}