 {"id":153,"date":"2016-11-22T11:11:56","date_gmt":"2016-11-22T10:11:56","guid":{"rendered":"http:\/\/dev12-adim.univ-tlse2.fr\/exposition-virtuelle\/?page_id=153"},"modified":"2017-03-27T16:30:09","modified_gmt":"2017-03-27T14:30:09","slug":"athenes","status":"publish","type":"page","link":"https:\/\/blogs.univ-tlse2.fr\/voyage-cartailhac-grece-expo-virtuelle\/athenes\/","title":{"rendered":"Ath\u00e8nes"},"content":{"rendered":"<p><em>J\u2019ai t\u00e2ch\u00e9 de voir tous les vestiges de la grande Ath\u00e8nes et je dois d\u00e9clarer qu\u2019ils m\u2019ont paru quelque peu abandonn\u00e9s. On all\u00e8guera peut-\u00eatre que l\u2019entretien des ruines en bon \u00e9tat, si je puis parler ainsi, exigerait des fonds que l\u2019on n\u2019a pas. Cette raison n\u2019est pas une excuse dans un pays o\u00f9 l\u2019on consacre deux millions \u00e0 reb\u00e2tir un stade en marbre pent\u00e9lique !<\/em><br \/>\n<em> Je sais bien que la Soci\u00e9t\u00e9 arch\u00e9ologique \u2013 dont les services d\u2019ailleurs sont inoubliables \u2013 est en train de faire place nette autour du gymnase d\u2019Adrien. Il est un peu tard, l\u2019incendie du bazar ayant atteint fortement les ruines elles-m\u00eames. Aupr\u00e8s de la tour des vents, au Dipylon, quel d\u00e9sordre !<\/em><\/p>\n<figure id=\"attachment_807\" aria-describedby=\"caption-attachment-807\" style=\"width: 450px\" class=\"wp-caption aligncenter\"><a href=\"https:\/\/blogs.univ-tlse2.fr\/voyage-cartailhac-grece-expo-virtuelle\/files\/2016\/11\/DSC_0423-S-90-dpi.jpg\" rel=\"lightbox[153]\"><img loading=\"lazy\" decoding=\"async\" class=\"wp-image-807\" src=\"https:\/\/blogs.univ-tlse2.fr\/voyage-cartailhac-grece-expo-virtuelle\/files\/2016\/11\/DSC_0423-S-90-dpi-300x267.jpg\" alt=\"\" width=\"450\" height=\"400\" srcset=\"https:\/\/blogs.univ-tlse2.fr\/voyage-cartailhac-grece-expo-virtuelle\/files\/2016\/11\/DSC_0423-S-90-dpi-300x267.jpg 300w, https:\/\/blogs.univ-tlse2.fr\/voyage-cartailhac-grece-expo-virtuelle\/files\/2016\/11\/DSC_0423-S-90-dpi-768x684.jpg 768w, https:\/\/blogs.univ-tlse2.fr\/voyage-cartailhac-grece-expo-virtuelle\/files\/2016\/11\/DSC_0423-S-90-dpi.jpg 1000w\" sizes=\"auto, (max-width: 450px) 100vw, 450px\" \/><\/a><figcaption id=\"caption-attachment-807\" class=\"wp-caption-text\">\u00ab Ath\u00e8nes (la tour des vents). 11 \u00bb. 1896<\/figcaption><\/figure>\n<p><em>Et le temple de Th\u00e9s\u00e9e, le seul qu\u2019ont \u00e9pargn\u00e9 par hasard les incendies, les destructions aveugles, les ma\u00e7ons et les barbares, isol\u00e9 dans un grand espace vide aux limites de la ville, n\u2019est-il pas un d\u00e9p\u00f4t de la voirie !<\/em><br \/>\n<em> L\u2019\u00e9phore g\u00e9n\u00e9ral des antiquit\u00e9s, M. Cawadias qui a d\u00e9j\u00e0 tant fait, n\u2019est pas toujours assez puissant.<\/em><\/p>\n<p>&nbsp;<\/p>\n<figure id=\"attachment_808\" aria-describedby=\"caption-attachment-808\" style=\"width: 500px\" class=\"wp-caption aligncenter\"><a href=\"https:\/\/blogs.univ-tlse2.fr\/voyage-cartailhac-grece-expo-virtuelle\/files\/2016\/11\/DSC_0426-S-90-dpi.jpg\" rel=\"lightbox[153]\"><img loading=\"lazy\" decoding=\"async\" class=\"wp-image-808\" src=\"https:\/\/blogs.univ-tlse2.fr\/voyage-cartailhac-grece-expo-virtuelle\/files\/2016\/11\/DSC_0426-S-90-dpi-300x251.jpg\" alt=\"\" width=\"500\" height=\"418\" srcset=\"https:\/\/blogs.univ-tlse2.fr\/voyage-cartailhac-grece-expo-virtuelle\/files\/2016\/11\/DSC_0426-S-90-dpi-300x251.jpg 300w, https:\/\/blogs.univ-tlse2.fr\/voyage-cartailhac-grece-expo-virtuelle\/files\/2016\/11\/DSC_0426-S-90-dpi-768x641.jpg 768w, https:\/\/blogs.univ-tlse2.fr\/voyage-cartailhac-grece-expo-virtuelle\/files\/2016\/11\/DSC_0426-S-90-dpi.jpg 1000w\" sizes=\"auto, (max-width: 500px) 100vw, 500px\" \/><\/a><figcaption id=\"caption-attachment-808\" class=\"wp-caption-text\">\u00ab Ath\u00e8nes, le Theseion. 15 \u00bb. 1896<\/figcaption><\/figure>\n<p>&nbsp;<\/p>\n<p><em>Sur l\u2019Acropole, rocher isol\u00e9, s\u00e9par\u00e9 comme Tirynthe par une distance rassurante de la mer et des pirates, une tr\u00e8s antique peuplade avait \u00e9tabli son camp retranch\u00e9. Plus tard, la population s\u2019\u00e9tant multipli\u00e9e, s\u2019installa dans la plaine sauf \u00e0 revenir dans la forteresse aux jours de danger. Sous la protection de ses remparts cyclop\u00e9ens, on pla\u00e7a les idoles et les tr\u00e9sors. Peu \u00e0 peu le temple prit de l\u2019importance, et mille ans peut-\u00eatre avant notre \u00e8re, l\u2019enceinte fut uniquement consacr\u00e9e \u00e0 la religion. Apr\u00e8s la d\u00e9faite des Asiatiques, les ruines dont ils avaient jonch\u00e9 la terre disparurent, et dans de nouvelles constructions l\u2019art fit de tels prodiges que l\u2019humanit\u00e9 enti\u00e8re en eut le bienfait. Aujourd\u2019hui encore nous jouissons du rayonnement parti de cette colline sainte, le c\u0153ur de la Gr\u00e8ce.<\/em><\/p>\n<figure id=\"attachment_828\" aria-describedby=\"caption-attachment-828\" style=\"width: 250px\" class=\"wp-caption alignleft\"><a href=\"https:\/\/blogs.univ-tlse2.fr\/voyage-cartailhac-grece-expo-virtuelle\/files\/2016\/11\/DSC_0381-S-e1488892272483.jpg\" rel=\"lightbox[153]\"><img loading=\"lazy\" decoding=\"async\" class=\"wp-image-828\" src=\"https:\/\/blogs.univ-tlse2.fr\/voyage-cartailhac-grece-expo-virtuelle\/files\/2016\/11\/DSC_0381-S-300x234.jpg\" alt=\"\" width=\"250\" height=\"195\" \/><\/a><figcaption id=\"caption-attachment-828\" class=\"wp-caption-text\">\u00ab L\u2019Acropole vue prise du temple de Th\u00e9s\u00e9e. 10 \u00bb. 1896<\/figcaption><\/figure>\n<figure id=\"attachment_842\" aria-describedby=\"caption-attachment-842\" style=\"width: 250px\" class=\"wp-caption alignleft\"><a href=\"https:\/\/blogs.univ-tlse2.fr\/voyage-cartailhac-grece-expo-virtuelle\/files\/2016\/11\/DSC_0459-S.jpg\" rel=\"lightbox[153]\"><img loading=\"lazy\" decoding=\"async\" class=\"wp-image-842\" src=\"https:\/\/blogs.univ-tlse2.fr\/voyage-cartailhac-grece-expo-virtuelle\/files\/2016\/11\/DSC_0459-S-300x241.jpg\" alt=\"\" width=\"250\" height=\"201\" srcset=\"https:\/\/blogs.univ-tlse2.fr\/voyage-cartailhac-grece-expo-virtuelle\/files\/2016\/11\/DSC_0459-S-300x241.jpg 300w, https:\/\/blogs.univ-tlse2.fr\/voyage-cartailhac-grece-expo-virtuelle\/files\/2016\/11\/DSC_0459-S-768x618.jpg 768w, https:\/\/blogs.univ-tlse2.fr\/voyage-cartailhac-grece-expo-virtuelle\/files\/2016\/11\/DSC_0459-S.jpg 814w\" sizes=\"auto, (max-width: 250px) 100vw, 250px\" \/><\/a><figcaption id=\"caption-attachment-842\" class=\"wp-caption-text\">\u00ab Erecht\u00e9ion. Conf\u00e9rence de M. Salomon Reinach. 50 \u00bb. 1896<\/figcaption><\/figure>\n<p>&nbsp;<\/p>\n<p>&nbsp;<\/p>\n<p>&nbsp;<\/p>\n<p>&nbsp;<\/p>\n<p>&nbsp;<\/p>\n<p>&nbsp;<\/p>\n<p>&nbsp;<\/p>\n<p><em>C\u2019est assez dire dans quel esprit nous la consid\u00e9rons, tandis que M. Salomon Reinach et MM. Perdriset et Fournier<sup><a id=\"ref1\" href=\"#fn1\">1<\/a><\/sup>, membres actuels de l\u2019\u00c9cole fran\u00e7aise, nous expliquent ses diverses parties, retracent leur histoire et nous font visiter le mus\u00e9e.\u00a0 Nous avons alors joui de quelques heures d\u00e9licieuses. La nuit arriv\u00e9e, tandis que les r\u00e9verb\u00e8res s\u2019allumaient sur les avenues et que les chants tristes retentissaient dans le faubourg populaire du voisinage, nous errions encore aupr\u00e8s des ruines dont les masses sombres gardaient un attrait irr\u00e9sistible. Il va sans dire que tous les jours nous sommes revenus l\u00e0.<\/em><\/p>\n<figure id=\"attachment_829\" aria-describedby=\"caption-attachment-829\" style=\"width: 250px\" class=\"wp-caption alignleft\"><a href=\"https:\/\/blogs.univ-tlse2.fr\/voyage-cartailhac-grece-expo-virtuelle\/files\/2016\/11\/DSC_0425-S-90-dpi-e1488892302837.jpg\" rel=\"lightbox[153]\"><img loading=\"lazy\" decoding=\"async\" class=\"wp-image-829\" src=\"https:\/\/blogs.univ-tlse2.fr\/voyage-cartailhac-grece-expo-virtuelle\/files\/2016\/11\/DSC_0425-S-90-dpi-300x250.jpg\" alt=\"\" width=\"250\" height=\"208\" \/><\/a><figcaption id=\"caption-attachment-829\" class=\"wp-caption-text\">\u00ab Le Parth\u00e9non. Fa\u00e7ade orientale. 13 \u00bb. 1896<\/figcaption><\/figure>\n<figure id=\"attachment_831\" aria-describedby=\"caption-attachment-831\" style=\"width: 250px\" class=\"wp-caption alignleft\"><a href=\"https:\/\/blogs.univ-tlse2.fr\/voyage-cartailhac-grece-expo-virtuelle\/files\/2016\/11\/DSC_0374-S-e1488892606661.jpg\" rel=\"lightbox[153]\"><img loading=\"lazy\" decoding=\"async\" class=\"wp-image-831\" src=\"https:\/\/blogs.univ-tlse2.fr\/voyage-cartailhac-grece-expo-virtuelle\/files\/2016\/11\/DSC_0374-S-300x241.jpg\" alt=\"\" width=\"250\" height=\"201\" \/><\/a><figcaption id=\"caption-attachment-831\" class=\"wp-caption-text\">\u00ab Les Caryatides. 14 \u00bb. 1896<\/figcaption><\/figure>\n<p>&nbsp;<\/p>\n<p>&nbsp;<\/p>\n<p>&nbsp;<\/p>\n<p>&nbsp;<\/p>\n<p>&nbsp;<\/p>\n<p>&nbsp;<\/p>\n<p>&nbsp;<\/p>\n<p><em>En v\u00e9rit\u00e9, j\u2019ai trouv\u00e9 [en Gr\u00e8ce] un ciel et une mer bien connus. C\u2019est la M\u00e9diterran\u00e9e avec ses bleus changeants, c\u2019est le m\u00eame beau ciel qui se mire partout dans ses eaux. Cette terre rocheuse, aride, st\u00e9rile, \u00e9mergeant des plaines vertes et fleuries, que de fois je l\u2019ai rencontr\u00e9e sur nos rivages m\u00e9ridionaux, dans la Provence, le Narbonnais, le Roussillon. Qu\u2019elle est s\u00e9duisante avec ses couleurs infiniment vari\u00e9es aux diverses heures du jour, et ses lointains admirables, violets et roses.<\/em><br \/>\n<em>Mais autour de la Gr\u00e8ce, plus que nulle autre part, les rivages offrent des golfes profonds et sinueux, capricieusement sem\u00e9s d\u2019\u00eeles gracieuses ; de tous les c\u00f4t\u00e9s la terre se pr\u00e9sente avec la plus douce gradation des plans ; les montagnes ont \u00e0 l\u2019horizon des lignes si harmonieuses qu\u2019on dirait des monuments. Selon le mot d\u2019Amp\u00e8re, dans ce pays o\u00f9 l\u2019art est si naturel, il y a de l\u2019art dans la nature.<\/em><br \/>\n<em>Ce paysage d\u00e9j\u00e0 exceptionnel, et nous l\u2019avions ainsi jug\u00e9 d\u00e8s Ithaque, animez-le par la magie des souvenirs et au travers des ruines dont le sol est partout sem\u00e9, vous voyez le pass\u00e9 rena\u00eetre, les hommes, les h\u00e9ros et les dieux !<\/em><br \/>\n<em>Voil\u00e0 pourquoi notre visite \u00e0 l\u2019Acropole restera comme le meilleur \u00e9pisode d\u2019un voyage enchant\u00e9. Les propyl\u00e9es, les temples de la Victoire et d\u2019\u00c9recht\u00e9e, le Parth\u00e9non, puis, au pied de la muraille, l\u2019od\u00e9on d\u2019H\u00e9rode Atticus, le th\u00e9\u00e2tre de Dionysos ; plus loin, la double terrasse du Pnyx, le rocher de l\u2019Ar\u00e9opage, au-del\u00e0, vers les limites de la plaine, Salamine, \u00c9leusis, la route de Marathon, nous reconnaissons tout avec une joie profonde. Nous avons aussi une satisfaction intime et fi\u00e8re d\u2019\u00e9prouver ces sentiments qui d\u00e9coulent de notre modeste \u00e9ducation classique. La Gr\u00e8ce moderne, le monde actuel s\u2019effacent de notre esprit et lui laissent toute libert\u00e9 de vivre quelques instants au milieu de l\u2019Ath\u00e8nes antique, dans son activit\u00e9 f\u00e9conde, glorieuse, immortelle.<\/em><\/p>\n<p>&nbsp;<\/p>\n<figure id=\"attachment_860\" aria-describedby=\"caption-attachment-860\" style=\"width: 250px\" class=\"wp-caption alignleft\"><a href=\"https:\/\/blogs.univ-tlse2.fr\/voyage-cartailhac-grece-expo-virtuelle\/files\/2016\/11\/DSC_0471-S.jpg\" rel=\"lightbox[153]\"><img loading=\"lazy\" decoding=\"async\" class=\"wp-image-860\" src=\"https:\/\/blogs.univ-tlse2.fr\/voyage-cartailhac-grece-expo-virtuelle\/files\/2016\/11\/DSC_0471-S-300x233.jpg\" alt=\"\" width=\"250\" height=\"194\" srcset=\"https:\/\/blogs.univ-tlse2.fr\/voyage-cartailhac-grece-expo-virtuelle\/files\/2016\/11\/DSC_0471-S-300x233.jpg 300w, https:\/\/blogs.univ-tlse2.fr\/voyage-cartailhac-grece-expo-virtuelle\/files\/2016\/11\/DSC_0471-S-768x596.jpg 768w, https:\/\/blogs.univ-tlse2.fr\/voyage-cartailhac-grece-expo-virtuelle\/files\/2016\/11\/DSC_0471-S.jpg 1000w\" sizes=\"auto, (max-width: 250px) 100vw, 250px\" \/><\/a><figcaption id=\"caption-attachment-860\" class=\"wp-caption-text\">\u00ab La vieille cath\u00e9drale (Ath\u00e8nes). 35 \u00bb. 1896<\/figcaption><\/figure>\n<figure id=\"attachment_857\" aria-describedby=\"caption-attachment-857\" style=\"width: 250px\" class=\"wp-caption alignleft\"><a href=\"https:\/\/blogs.univ-tlse2.fr\/voyage-cartailhac-grece-expo-virtuelle\/files\/2016\/11\/DSC_0472-S.jpg\" rel=\"lightbox[153]\"><img loading=\"lazy\" decoding=\"async\" class=\"wp-image-857\" src=\"https:\/\/blogs.univ-tlse2.fr\/voyage-cartailhac-grece-expo-virtuelle\/files\/2016\/11\/DSC_0472-S-300x250.jpg\" alt=\"\" width=\"250\" height=\"208\" srcset=\"https:\/\/blogs.univ-tlse2.fr\/voyage-cartailhac-grece-expo-virtuelle\/files\/2016\/11\/DSC_0472-S-300x250.jpg 300w, https:\/\/blogs.univ-tlse2.fr\/voyage-cartailhac-grece-expo-virtuelle\/files\/2016\/11\/DSC_0472-S-768x640.jpg 768w, https:\/\/blogs.univ-tlse2.fr\/voyage-cartailhac-grece-expo-virtuelle\/files\/2016\/11\/DSC_0472-S.jpg 974w\" sizes=\"auto, (max-width: 250px) 100vw, 250px\" \/><\/a><figcaption id=\"caption-attachment-857\" class=\"wp-caption-text\">\u00ab Ath\u00e8nes. Une \u00e9glise. 24 \u00bb. 1896<\/figcaption><\/figure>\n<p>&nbsp;<\/p>\n<p>&nbsp;<\/p>\n<p>&nbsp;<\/p>\n<p>&nbsp;<\/p>\n<p>&nbsp;<\/p>\n<p>&nbsp;<\/p>\n<figure id=\"attachment_858\" aria-describedby=\"caption-attachment-858\" style=\"width: 300px\" class=\"wp-caption alignleft\"><a href=\"https:\/\/blogs.univ-tlse2.fr\/voyage-cartailhac-grece-expo-virtuelle\/files\/2016\/11\/DSC_0387-S.jpg\" rel=\"lightbox[153]\"><img loading=\"lazy\" decoding=\"async\" class=\"wp-image-858 size-medium\" src=\"https:\/\/blogs.univ-tlse2.fr\/voyage-cartailhac-grece-expo-virtuelle\/files\/2016\/11\/DSC_0387-S-300x268.jpg\" alt=\"\" width=\"300\" height=\"268\" srcset=\"https:\/\/blogs.univ-tlse2.fr\/voyage-cartailhac-grece-expo-virtuelle\/files\/2016\/11\/DSC_0387-S-300x268.jpg 300w, https:\/\/blogs.univ-tlse2.fr\/voyage-cartailhac-grece-expo-virtuelle\/files\/2016\/11\/DSC_0387-S-768x687.jpg 768w, https:\/\/blogs.univ-tlse2.fr\/voyage-cartailhac-grece-expo-virtuelle\/files\/2016\/11\/DSC_0387-S.jpg 1000w\" sizes=\"auto, (max-width: 300px) 100vw, 300px\" \/><\/a><figcaption id=\"caption-attachment-858\" class=\"wp-caption-text\">\u00ab Les compagnes et compagnon de voyage. 79 \u00bb. 1896<\/figcaption><\/figure>\n<p><strong>Les mus\u00e9es d\u2019Ath\u00e8nes<\/strong><\/p>\n<p><em>\u00ab Ath\u00e8nes poss\u00e8de deux collections principales : l\u2019une au Mus\u00e9e national, l\u2019autre au mus\u00e9e de l\u2019Acropole. [\u2026] Les principaux fonctionnaires \u00e9taient \u00e9galement l\u00e0, et, \u00e0 leur t\u00eate, M. Cawadias, \u00ab \u00e9phore \u00bb ou directeur g\u00e9n\u00e9ral des antiquit\u00e9s. Ce savant est un \u00e9l\u00e8ve des universit\u00e9s de France et d\u2019Allemagne, et, avant sa nomination (1886), il \u00e9tait connu par son habile exploration du sanctuaire d\u2019Esculape \u00e0 \u00c9pidaure et par des publications qui t\u00e9moignaient d\u00e9j\u00e0 d\u2019une rare connaissance de l\u2019histoire de l\u2019art grec et de l\u2019\u00e9pigraphie. [\u2026.] M. Cawadias a l\u2019air d\u2019\u00eatre un tr\u00e8s brave homme, d\u2019allure modeste et tout \u00e0 fait serviable ; il est un de ces peu nombreux conservateurs de mus\u00e9e qui pensent que les collections appartiennent au public.<\/em><br \/>\n<em>J\u2019aurais bien quelques observations \u00e0 faire sur les d\u00e9tails de ces mus\u00e9es. D\u2019abord, les antiquit\u00e9s primitives y sont encore d\u00e9daign\u00e9es. L\u2019\u00e2ge de la pierre en Gr\u00e8ce, si int\u00e9ressant puisqu\u2019il a des legs notables dans l\u2019art myc\u00e9nien, devrait y \u00eatre mieux repr\u00e9sent\u00e9. Le temps est pass\u00e9 o\u00f9 l\u2019on pouvait n\u00e9gliger cette phase de la civilisation, dont les fouilles de Troie ont montr\u00e9 le r\u00f4le consid\u00e9rable et la longue dur\u00e9e.<\/em><br \/>\n<em>La salle myc\u00e9nienne elle-m\u00eame n\u2019est pas ce qu\u2019elle devrait \u00eatre. Je rends hommage \u00e0 la d\u00e9coration murale de cette belle galerie ; mais les tr\u00e9sors f\u00e9eriques qu\u2019elle renferme pourraient \u00eatre, ce me semble, mieux class\u00e9s et mieux pr\u00e9sent\u00e9s. Il est vrai que la salle est d\u00e9j\u00e0 petite pour tant de richesses et qu\u2019en outre il y a un bon catalogue de tout l\u2019ensemble du mus\u00e9e.<\/em><br \/>\n<em>Les antiquit\u00e9s myc\u00e9niennes, fruits des fouilles de Schliemann poursuivies \u00e0 Myc\u00e8nes et sur divers points de la Gr\u00e8ce par la Soci\u00e9t\u00e9 arch\u00e9ologique d\u2019Ath\u00e8nes, ne peuvent \u00eatre d\u00e9crites ici. Il faut voir ces masques et ces parures d\u2019or, ces poignards de bronze avec leurs incrustations d\u2019ors teint\u00e9s et d\u2019argent, figurant des sc\u00e8nes d\u2019une vie intense, ce fragment de vase d\u2019argent avec la repr\u00e9sentation du si\u00e8ge d\u2019une ville, ces gemmes grav\u00e9es, enfin ces coupes d\u2019or, trouvaille de M. Tsoundas, o\u00f9 sont estamp\u00e9s et cisel\u00e9s en beau relief sur l\u2019une la capture des taureaux, sur l\u2019autre les taureaux dompt\u00e9s (I). \u00bb<\/em><\/p>\n<p><em>(I) \u0152uvres capitales dont Toulouse (Mus\u00e9e Saint-Raymond) poss\u00e8de le fac-simil\u00e9, gr\u00e2ce \u00e0 l\u2019entremise de M. S. Reinach.<\/em><\/p>\n<p><strong>L\u2019\u00c9cole fran\u00e7aise d\u2019Ath\u00e8nes<\/strong><\/p>\n<p><em>\u00ab On conna\u00eet fort peu chez nous, en dehors de l\u2019Universit\u00e9, l\u2019\u00c9cole fran\u00e7aise d\u2019Ath\u00e8nes. N\u2019est-ce pas, d\u2019ailleurs, la faute de l\u2019\u00c9cole et des siens ? Vit-on jamais un pareil souci de faire le bien obscur\u00e9ment. Il n\u2019existe pas une notice sur l\u2019\u00c9cole d\u2019Ath\u00e8nes, et, s\u2019il est question d\u2019elle dans le volume publi\u00e9 l\u2019autre ann\u00e9e \u00e0 propos du centenaire de l\u2019\u00c9cole normale, ces quatre pages sont cach\u00e9es dans le chapitre intitul\u00e9 : Les Normaliens en Voyage.<\/em><br \/>\n<em>[\u2026] M. Homolle fit ex\u00e9cuter [l\u2019hymne \u00e0 Apollon] dans une soir\u00e9e donn\u00e9e \u00e0 l\u2019\u00c9cole. Le roi, sa famille, tout le corps diplomatique \u00e9taient pr\u00e9sents. Ce fut vraiment une f\u00eate nationale pour la Gr\u00e8ce et, d\u2019autre part, l\u2019expos\u00e9 des d\u00e9couvertes de Delphes fut un triomphe pour la science fran\u00e7aise.<\/em><br \/>\n<em>[\u2026] La bri\u00e8vet\u00e9 de mon s\u00e9jour ne m\u2019a permis que d\u2019entrevoir la maison o\u00f9 est install\u00e9e cette ruche laborieuse, au pied du Lycab\u00e8te. C\u2019est une demeure pareille \u00e0 celle d\u2019un simple particulier, modeste dans ses go\u00fbts et jouissant d\u2019une petite aisance. Il y a quarante ans, elle \u00e9tait isol\u00e9e \u00e0 l\u2019extr\u00e9mit\u00e9 de la ville neuve, en pleine campagne, et, dans ces derniers temps, les constructions se sont multipli\u00e9es autour d\u2019elle comme par enchantement. \u00bb<\/em><\/p>\n<p><em>\u00ab Nous nous sommes \u00e9loign\u00e9s d\u2019Ath\u00e8nes avec un profond regret. J\u2019y ai entrevu seulement des jouissances dont je n\u2019avais pas soup\u00e7onn\u00e9 l\u2019\u00e9tendue.<\/em><br \/>\n<em>Ainsi, je croyais qu\u2019il me suffirait de passer rapidement \u00e0 travers les mus\u00e9es, que j\u2019y retrouverais des \u0153uvres bien connues. <\/em><br \/>\n<em>La v\u00e9rit\u00e9 est que ces \u0153uvres sont bien au-dessus des copies et des reproductions quelles qu\u2019elles soient ! En face des marbres de Paros avec leur teinte aim\u00e9e des dieux, comme disait Platon, avec leur transparence et leur lustre, on prend le pl\u00e2tre banal en horreur.<\/em><br \/>\n<em>D\u2019autre part, il est difficile de voir de plus mauvaises photographies que celles des marchands. Les monuments sont reproduits sans aucun souci de l\u2019\u00e9clairage, de l\u2019\u00e9tat du ciel. L\u2019entourage est sacrifi\u00e9, comme s\u2019il n\u2019\u00e9tait pas souvent n\u00e9cessaire \u00e0 leur genre de beaut\u00e9. Les statues surtout sont maltrait\u00e9es ; on ne s\u2019est nullement pr\u00e9occup\u00e9 de leur mod\u00e8le merveilleux. Je sais bien qu\u2019on peut transporter ces grosses pi\u00e8ces dans un atelier sp\u00e9cial ; mais, en employant rideaux, r\u00e9flecteurs, lumi\u00e8re artificielle, etc, on pourrait obtenir un bon r\u00e9sultat. Les objectifs sont souvent insuffisants, la mise au point fausse. Enfin, pour les sculptures comme pour les \u00e9difices, les fonds sont refaits et, par suite, les contours de l\u2019\u0153uvre odieusement outrag\u00e9s.<\/em><br \/>\n<em>Les livres, les plus beaux et les meilleurs, o\u00f9 ces vues insuffisantes ont \u00e9t\u00e9 reproduites en subissant des alt\u00e9rations nouvelles, ne nous donnent qu\u2019une id\u00e9e pauvre et inexacte de l\u2019art grec.<\/em><br \/>\n<em>Si je n\u2019avais pas consid\u00e9r\u00e9 l\u2019excursion de D\u00e9los, sous la conduite de M. Homolle, comme une des parties essentielles de notre programme, j\u2019aurais laiss\u00e9 le S\u00e9n\u00e9gal rentrer sans moi et Ath\u00e8nes m\u2019aurait gard\u00e9 longtemps. Quinze de nos compagnons \u2013 la plupart de nos m\u00e9ridionaux \u2013 nous quitt\u00e8rent, s\u00e9duits par les perspectives de Constantinople et du Bosphore et fil\u00e8rent au nord, tandis que nous descendions \u00e0 l\u2019est. Je reprenais mon rang dans notre phalange o\u00f9 l\u2019intimit\u00e9 devenait plus grande, et, dans ma cabine d\u00e9peupl\u00e9e de Toulousains, o\u00f9 ne restait que le plus aimable des \u00e9tudiants marseillais, j\u2019abaissais avec satisfaction ma couchette d\u2019un \u00e9tage. \u00bb<\/em><\/p>\n<p><strong>\u00c9leusis<\/strong><\/p>\n<figure id=\"attachment_862\" aria-describedby=\"caption-attachment-862\" style=\"width: 220px\" class=\"wp-caption alignleft\"><a href=\"https:\/\/blogs.univ-tlse2.fr\/voyage-cartailhac-grece-expo-virtuelle\/files\/2016\/11\/DSC_0364-S-e1488987500671.jpg\" rel=\"lightbox[153]\"><img loading=\"lazy\" decoding=\"async\" class=\"wp-image-862\" src=\"https:\/\/blogs.univ-tlse2.fr\/voyage-cartailhac-grece-expo-virtuelle\/files\/2016\/11\/DSC_0364-S-300x225.jpg\" alt=\"\" width=\"220\" height=\"165\" \/><\/a><figcaption id=\"caption-attachment-862\" class=\"wp-caption-text\">\u00ab Le temple d\u2019\u00c9leusis. 56 \u00bb. 1896<\/figcaption><\/figure>\n<figure id=\"attachment_863\" aria-describedby=\"caption-attachment-863\" style=\"width: 220px\" class=\"wp-caption alignleft\"><a href=\"https:\/\/blogs.univ-tlse2.fr\/voyage-cartailhac-grece-expo-virtuelle\/files\/2016\/11\/DSC_0461-S-e1488987525744.jpg\" rel=\"lightbox[153]\"><img loading=\"lazy\" decoding=\"async\" class=\"wp-image-863\" src=\"https:\/\/blogs.univ-tlse2.fr\/voyage-cartailhac-grece-expo-virtuelle\/files\/2016\/11\/DSC_0461-S-300x221.jpg\" alt=\"\" width=\"220\" height=\"162\" \/><\/a><figcaption id=\"caption-attachment-863\" class=\"wp-caption-text\">\u00ab Sur le pas d&rsquo;une porte \u00e0 \u00c9leusis. 55 \u00bb. 1896<\/figcaption><\/figure>\n<p>&nbsp;<\/p>\n<p>&nbsp;<\/p>\n<p>&nbsp;<\/p>\n<p>&nbsp;<\/p>\n<p>&nbsp;<\/p>\n<p>&nbsp;<\/p>\n<figure id=\"attachment_865\" aria-describedby=\"caption-attachment-865\" style=\"width: 525px\" class=\"wp-caption alignleft\"><a href=\"https:\/\/blogs.univ-tlse2.fr\/voyage-cartailhac-grece-expo-virtuelle\/files\/2016\/11\/DSC_0417-S-90-dpi-e1488987730907.jpg\" rel=\"lightbox[153]\"><img loading=\"lazy\" decoding=\"async\" class=\"wp-image-865 size-large\" src=\"https:\/\/blogs.univ-tlse2.fr\/voyage-cartailhac-grece-expo-virtuelle\/files\/2016\/11\/DSC_0417-S-90-dpi-1024x826.jpg\" alt=\"\" width=\"525\" height=\"423\" \/><\/a><figcaption id=\"caption-attachment-865\" class=\"wp-caption-text\">\u00ab Temple d\u2019Aphrodite \u00e0 Daphni. Niches des ex votos. Mur cyclop\u00e9en au 1er plan \u00bb. 1896<\/figcaption><\/figure>\n<p>&nbsp;<\/p>\n<p>&nbsp;<\/p>\n<p>&nbsp;<\/p>\n<p>&nbsp;<\/p>\n<p>&nbsp;<\/p>\n<p>&nbsp;<\/p>\n<p>&nbsp;<\/p>\n<p>&nbsp;<\/p>\n<p>&nbsp;<\/p>\n<p>&nbsp;<\/p>\n<p>&nbsp;<\/p>\n<p>&nbsp;<\/p>\n<p>&nbsp;<\/p>\n<p>&nbsp;<\/p>\n<p>&nbsp;<\/p>\n<p>&nbsp;<\/p>\n<p>&nbsp;<\/p>\n<p>&nbsp;<\/p>\n<p><sup id=\"fn1\">1. Paul Perdrizet (1870-1938) : normalien, ancien membre de l\u2019\u00c9cole fran\u00e7aise d\u2019Ath\u00e8nes, professeur d\u2019arch\u00e9ologie et de langue grecque \u00e0 la Facult\u00e9 des lettres de Nancy, membre de l\u2019Acad\u00e9mie des Inscriptions et Belles Lettres. Paul Fournier (1853-1935) : archiviste-pal\u00e9ographe, m\u00e9di\u00e9viste, professeur de droit \u00e0 la Facult\u00e9 de droit de Grenoble.<a href=\"#ref1\">\u21a9<\/a><\/sup><\/p>\n","protected":false},"excerpt":{"rendered":"<p>J\u2019ai t\u00e2ch\u00e9 de voir tous les vestiges de la grande Ath\u00e8nes et je dois d\u00e9clarer qu\u2019ils m\u2019ont paru quelque peu abandonn\u00e9s. On all\u00e8guera peut-\u00eatre que l\u2019entretien des ruines en bon \u00e9tat, si je puis parler ainsi, exigerait des fonds que l\u2019on n\u2019a pas. Cette raison n\u2019est pas une excuse dans un pays o\u00f9 l\u2019on consacre &hellip; <\/p>\n<p class=\"link-more\"><a href=\"https:\/\/blogs.univ-tlse2.fr\/voyage-cartailhac-grece-expo-virtuelle\/athenes\/\" class=\"more-link\">Continuer la lecture<span class=\"screen-reader-text\"> de &laquo;&nbsp;Ath\u00e8nes&nbsp;&raquo;<\/span><\/a><\/p>\n","protected":false},"author":393,"featured_media":0,"parent":0,"menu_order":0,"comment_status":"closed","ping_status":"closed","template":"","meta":{"footnotes":""},"class_list":["post-153","page","type-page","status-publish","hentry"],"_links":{"self":[{"href":"https:\/\/blogs.univ-tlse2.fr\/voyage-cartailhac-grece-expo-virtuelle\/wp-json\/wp\/v2\/pages\/153","targetHints":{"allow":["GET"]}}],"collection":[{"href":"https:\/\/blogs.univ-tlse2.fr\/voyage-cartailhac-grece-expo-virtuelle\/wp-json\/wp\/v2\/pages"}],"about":[{"href":"https:\/\/blogs.univ-tlse2.fr\/voyage-cartailhac-grece-expo-virtuelle\/wp-json\/wp\/v2\/types\/page"}],"author":[{"embeddable":true,"href":"https:\/\/blogs.univ-tlse2.fr\/voyage-cartailhac-grece-expo-virtuelle\/wp-json\/wp\/v2\/users\/393"}],"replies":[{"embeddable":true,"href":"https:\/\/blogs.univ-tlse2.fr\/voyage-cartailhac-grece-expo-virtuelle\/wp-json\/wp\/v2\/comments?post=153"}],"version-history":[{"count":55,"href":"https:\/\/blogs.univ-tlse2.fr\/voyage-cartailhac-grece-expo-virtuelle\/wp-json\/wp\/v2\/pages\/153\/revisions"}],"predecessor-version":[{"id":1002,"href":"https:\/\/blogs.univ-tlse2.fr\/voyage-cartailhac-grece-expo-virtuelle\/wp-json\/wp\/v2\/pages\/153\/revisions\/1002"}],"wp:attachment":[{"href":"https:\/\/blogs.univ-tlse2.fr\/voyage-cartailhac-grece-expo-virtuelle\/wp-json\/wp\/v2\/media?parent=153"}],"curies":[{"name":"wp","href":"https:\/\/api.w.org\/{rel}","templated":true}]}}