 {"id":156,"date":"2016-11-22T11:12:08","date_gmt":"2016-11-22T10:12:08","guid":{"rendered":"http:\/\/dev12-adim.univ-tlse2.fr\/exposition-virtuelle\/?page_id=156"},"modified":"2017-03-13T16:27:25","modified_gmt":"2017-03-13T15:27:25","slug":"credits","status":"publish","type":"page","link":"https:\/\/blogs.univ-tlse2.fr\/voyage-cartailhac-grece-expo-virtuelle\/credits\/","title":{"rendered":"Cr\u00e9dits"},"content":{"rendered":"<p><strong>Direction scientifique<\/strong><\/p>\n<p>Sandra P\u00e9r\u00e9-Nogu\u00e8s, ma\u00eetre de conf\u00e9rences (UT2J-TRACES)<\/p>\n<p><strong>R\u00e9alisation du site Internet<br \/>\n<\/strong><\/p>\n<p>St\u00e9phanie Delaguette, responsable des humanit\u00e9s num\u00e9riques (TRACES)<\/p>\n<p><strong>Cr\u00e9dits photographiques<\/strong><\/p>\n<p>Les photographies sont la propri\u00e9t\u00e9 de l&rsquo;<a href=\"http:\/\/cavernesduvolp.com\/\" target=\"_blank\">Association Louis Begou\u00ebn<\/a> &#8211; 09200 Montesquieu-Avant\u00e8s.<\/p>\n<p>Les reproductions de la correspondance d&rsquo;\u00c9mile Cartailhac sont issues du <a href=\"http:\/\/tolosana.univ-toulouse.fr\/fr\/corpus\/archives-prehistoriens\" target=\"_blank\">site internet <em>Tolosana<\/em><\/a>.<\/p>\n<p>Le texte est issu de l&rsquo;article de E. Cartailhac, \u00ab Huit jours en Gr\u00e8ce \u00bb, paru dans le <em>Bulletin de la Soci\u00e9t\u00e9 de g\u00e9ographie de Toulouse<\/em>, 1896, 15, p. 421-453 et p. 533-576. Disponible sur <a href=\"http:\/\/gallica.bnf.fr\/ark:\/12148\/cb344279962\/date1896\" target=\"_blank\">Gallica Num\u00e9rique<\/a>.<\/p>\n<p><strong>Remerciements<\/strong><\/p>\n<p>L&rsquo;\u00e9quipe remercie pour leur collaboration M. Robert Begou\u00ebn (Association Louis Begou\u00ebn) et Mme Nadine Auri\u00e8res (SCD, UT2J).<\/p>\n","protected":false},"excerpt":{"rendered":"<p>Direction scientifique Sandra P\u00e9r\u00e9-Nogu\u00e8s, ma\u00eetre de conf\u00e9rences (UT2J-TRACES) R\u00e9alisation du site Internet St\u00e9phanie Delaguette, responsable des humanit\u00e9s num\u00e9riques (TRACES) Cr\u00e9dits photographiques Les photographies sont la propri\u00e9t\u00e9 de l&rsquo;Association Louis Begou\u00ebn &#8211; 09200 Montesquieu-Avant\u00e8s. Les reproductions de la correspondance d&rsquo;\u00c9mile Cartailhac sont issues du site internet Tolosana. Le texte est issu de l&rsquo;article de E. Cartailhac, &hellip; <\/p>\n<p class=\"link-more\"><a href=\"https:\/\/blogs.univ-tlse2.fr\/voyage-cartailhac-grece-expo-virtuelle\/credits\/\" class=\"more-link\">Continuer la lecture<span class=\"screen-reader-text\"> de &laquo;&nbsp;Cr\u00e9dits&nbsp;&raquo;<\/span><\/a><\/p>\n","protected":false},"author":393,"featured_media":0,"parent":0,"menu_order":0,"comment_status":"closed","ping_status":"closed","template":"","meta":{"footnotes":""},"class_list":["post-156","page","type-page","status-publish","hentry"],"_links":{"self":[{"href":"https:\/\/blogs.univ-tlse2.fr\/voyage-cartailhac-grece-expo-virtuelle\/wp-json\/wp\/v2\/pages\/156","targetHints":{"allow":["GET"]}}],"collection":[{"href":"https:\/\/blogs.univ-tlse2.fr\/voyage-cartailhac-grece-expo-virtuelle\/wp-json\/wp\/v2\/pages"}],"about":[{"href":"https:\/\/blogs.univ-tlse2.fr\/voyage-cartailhac-grece-expo-virtuelle\/wp-json\/wp\/v2\/types\/page"}],"author":[{"embeddable":true,"href":"https:\/\/blogs.univ-tlse2.fr\/voyage-cartailhac-grece-expo-virtuelle\/wp-json\/wp\/v2\/users\/393"}],"replies":[{"embeddable":true,"href":"https:\/\/blogs.univ-tlse2.fr\/voyage-cartailhac-grece-expo-virtuelle\/wp-json\/wp\/v2\/comments?post=156"}],"version-history":[{"count":3,"href":"https:\/\/blogs.univ-tlse2.fr\/voyage-cartailhac-grece-expo-virtuelle\/wp-json\/wp\/v2\/pages\/156\/revisions"}],"predecessor-version":[{"id":946,"href":"https:\/\/blogs.univ-tlse2.fr\/voyage-cartailhac-grece-expo-virtuelle\/wp-json\/wp\/v2\/pages\/156\/revisions\/946"}],"wp:attachment":[{"href":"https:\/\/blogs.univ-tlse2.fr\/voyage-cartailhac-grece-expo-virtuelle\/wp-json\/wp\/v2\/media?parent=156"}],"curies":[{"name":"wp","href":"https:\/\/api.w.org\/{rel}","templated":true}]}}