 {"id":19,"date":"2016-10-07T14:30:57","date_gmt":"2016-10-07T12:30:57","guid":{"rendered":"http:\/\/dev12-adim.univ-tlse2.fr\/exposition-virtuelle\/?page_id=19"},"modified":"2017-03-27T16:41:54","modified_gmt":"2017-03-27T14:41:54","slug":"delphes","status":"publish","type":"page","link":"https:\/\/blogs.univ-tlse2.fr\/voyage-cartailhac-grece-expo-virtuelle\/delphes\/","title":{"rendered":"Delphes"},"content":{"rendered":"<p style=\"text-align: justify\"><em>\u00ab Tous les auteurs, \u00e0 la suite de Chateaubriand et d\u2019Edmond About, ont fait \u00e0 l\u2019envi, des mulets et des \u00e2nes de la Gr\u00e8ce, de leurs caprices, de leurs sentiments originaux, un tel tableau, que mes craintes \u00e9taient excusables, car je n\u2019ai jamais pens\u00e9 qu\u2019il y ait quelque gloire \u00e0 se casser la t\u00eate dans une excursion et \u00e0 se faire rapporter en morceaux \u00e0 la famille \u00e9plor\u00e9e. Pour en finir avec mes incertitudes, constatant d\u2019ailleurs que tous les harnachements sont \u00e9galement primitifs, j\u2019opte pour le premier bourricaud venu et je l\u2019enfourche.<\/em><br \/>\n<em>Eh bien ! j\u2019ai le devoir de rendre \u00e0 cet animal et \u00e0 ses fr\u00e8res, un public hommage de reconnaissance. Le nombre des mal \u00e9lev\u00e9s a \u00e9t\u00e9 d\u2019un et demi pour cent. La proportion fait honte \u00e0 l\u2019esp\u00e8ce humaine. Mon camarade a \u00e9t\u00e9 parfait ! et si j\u2019ai rapport\u00e9 un p\u00e9nible souvenir de sa compagnie, je le dois uniquement \u00e0 de menus d\u00e9tails de la selle fort originale de bois sculpt\u00e9 : j\u2019aime l\u2019ethnographie et les reliques des vieux \u00e2ges, le hasard m\u2019a servi \u00e0 souhaits. \u00bb <\/em><\/p>\n<figure id=\"attachment_477\" aria-describedby=\"caption-attachment-477\" style=\"width: 500px\" class=\"wp-caption aligncenter\"><a href=\"https:\/\/blogs.univ-tlse2.fr\/voyage-cartailhac-grece-expo-virtuelle\/files\/2017\/01\/DSC_0427-S-90-dpi-e1490110840750.jpg\" rel=\"lightbox[19]\"><img loading=\"lazy\" decoding=\"async\" class=\"wp-image-477\" src=\"https:\/\/blogs.univ-tlse2.fr\/voyage-cartailhac-grece-expo-virtuelle\/files\/2017\/01\/DSC_0427-S-90-dpi-300x248.jpg\" alt=\"\" width=\"500\" height=\"414\" \/><\/a><figcaption id=\"caption-attachment-477\" class=\"wp-caption-text\">\u00ab\u00a0Delphes- Vue d&rsquo;ensemble. 13\u00a0\u00bb 1896<\/figcaption><\/figure>\n<p style=\"text-align: justify\"><em>\u00ab Si la pente est g\u00e9n\u00e9ralement mod\u00e9r\u00e9e, parfois elle prend l\u2019allure du plus raide escalier, et m\u00eame, dans le dernier village travers\u00e9, nous montons v\u00e9ritablement \u00e0 pic. Je fr\u00e9mis \u00e0 l\u2019id\u00e9e qu\u2019un des cinq ou six cavaliers qui zigzaguent sur ma t\u00eate peut tomber avec sa b\u00eate et entra\u00eener les autres sur mes chers appareils photographiques. A quel p\u00e9ril ne sont-ils pas expos\u00e9s ! Enfin, eux et moi, nous sommes hors de danger, et nous passons sous les arcs de triomphe champ\u00eatres que la population de Kastri a dress\u00e9s en l\u2019honneur des Fran\u00e7ais. \u00bb<sup><a id=\"ref1\" href=\"#fn1\">1<\/a><\/sup><\/em><\/p>\n<p><em>\u00ab Apr\u00e8s deux heures de mont\u00e9e, voici Delphes ! [\u2026]<\/em><\/p>\n<p><em>Aucune photographie, aucun dessin, aucune peinture ne peut donner une id\u00e9e suffisante de ces vastes paysages que l\u2019on admire dans leur ensemble en parcourant l\u2019horizon du regard. \u00bb<\/em><\/p>\n<p><em>\u00ab Depuis trois ans, [Delphes] sort de son linceul. On a d\u00e9plac\u00e9 Kastri, on a enlev\u00e9 70,000 m\u00e8tres cubes de terre ; ces travaux ont exig\u00e9 3 kilom\u00e8tres de voie ferr\u00e9e, 220 terrassiers par jour, grecs, italiens et ottomans. Les recherches seront termin\u00e9es en 1897.<\/em><\/p>\n<p><em>M. Homolle nous a fait l\u2019honneur de venir nous recevoir et nous guider au milieu de toutes ses d\u00e9couvertes. Les pr\u00e9sentations faites rapidement, la visite commence. \u00bb<\/em><br \/>\n<em> \u00ab Au pied des roches Phaedriades, qui sont \u00e0 l\u2019oppos\u00e9 de notre point d\u2019arriv\u00e9e, au seuil m\u00eame de la gorge qui les partage, est la fontaine de Castalie, un des s\u00e9jours pr\u00e9f\u00e9r\u00e9s des muses dont quelques pauvres femmes, en train de laver des nippes, occupent la place ! L\u00e0 les p\u00e8lerins se purifiaient avant de p\u00e9n\u00e9trer dans l\u2019enceinte r\u00e9serv\u00e9e aux choses divines. La source \u00e9tait habilement capt\u00e9e : on voit l\u2019empreinte des robinets de bronze appliqu\u00e9s aux rochers, mais de ce qu\u2019on avait \u00e9difi\u00e9 sur ce point il ne reste rien. \u00bb<\/em><\/p>\n<figure id=\"attachment_681\" aria-describedby=\"caption-attachment-681\" style=\"width: 525px\" class=\"wp-caption aligncenter\"><a href=\"https:\/\/blogs.univ-tlse2.fr\/voyage-cartailhac-grece-expo-virtuelle\/files\/2016\/10\/DSC_0430-S-90-dpi-e1490625471620.jpg\" rel=\"lightbox[19]\"><img loading=\"lazy\" decoding=\"async\" class=\"wp-image-681 size-large\" src=\"https:\/\/blogs.univ-tlse2.fr\/voyage-cartailhac-grece-expo-virtuelle\/files\/2016\/10\/DSC_0430-S-90-dpi-1024x856.jpg\" alt=\"\" width=\"525\" height=\"439\" \/><\/a><figcaption id=\"caption-attachment-681\" class=\"wp-caption-text\">\u00ab La fontaine de Castalie, les roches Phoedriades. 14 \u00bb.<\/figcaption><\/figure>\n<p style=\"text-align: justify\"><em>\u00ab [<\/em>La voie sacr\u00e9e<em>] monte par trois grands lacets vers le temple du dieu principal, toute bord\u00e9e de monuments offerts par la pi\u00e9t\u00e9 orgueilleuse des Hell\u00e8nes. M. Homolle nous les signale au passage. D\u00e8s l\u2019entr\u00e9e, nous rencontrons ces \u00e9dicules o\u00f9 chaque nation abritait les dons faits par elle dans les plus solennelles circonstances ; voici, face \u00e0 face, les tr\u00e9sors d\u2019Ath\u00e8nes et de Lac\u00e9d\u00e9mone\u2026 \u00bb<\/em><\/p>\n<p style=\"text-align: justify\"><em>\u00ab C\u2019est dans ce quartier [<\/em>celui du tr\u00e9sor de Syracuse<em>] que les fouilles, peu de jours apr\u00e8s notre passage, mirent \u00e0 d\u00e9couvert une admirable statue de bronze et des fragments d\u2019un char qui est probablement celui de Hi\u00e9ron Ier, tyran de Syracuse, dont Pindare a chant\u00e9 les victoires aux jeux olympiques. Nulle part, nous dit M. Homolle, nulle part les statues ni les bronzes ne sont sortis de terre en aussi grand nombre. On \u00e9tait l\u00e0 plus pr\u00e8s du Dieu ; plus press\u00e9es et plus somptueuses \u00e9taient les offrandes.<\/em><\/p>\n<figure id=\"attachment_684\" aria-describedby=\"caption-attachment-684\" style=\"width: 150px\" class=\"wp-caption alignleft\"><a href=\"https:\/\/blogs.univ-tlse2.fr\/voyage-cartailhac-grece-expo-virtuelle\/files\/2016\/10\/DSC_0358-S-e1490625540873.jpg\" rel=\"lightbox[19]\"><img loading=\"lazy\" decoding=\"async\" class=\"wp-image-684 size-thumbnail\" src=\"https:\/\/blogs.univ-tlse2.fr\/voyage-cartailhac-grece-expo-virtuelle\/files\/2016\/10\/DSC_0358-S-150x150.jpg\" alt=\"\" width=\"150\" height=\"150\" \/><\/a><figcaption id=\"caption-attachment-684\" class=\"wp-caption-text\">\u00ab Delphes tr\u00e9sor \u00bb 1896<\/figcaption><\/figure>\n<figure id=\"attachment_687\" aria-describedby=\"caption-attachment-687\" style=\"width: 150px\" class=\"wp-caption alignleft\"><a href=\"https:\/\/blogs.univ-tlse2.fr\/voyage-cartailhac-grece-expo-virtuelle\/files\/2016\/10\/DSC_0380-S-e1490625567192.jpg\" rel=\"lightbox[19]\"><img loading=\"lazy\" decoding=\"async\" class=\"wp-image-687 size-thumbnail\" src=\"https:\/\/blogs.univ-tlse2.fr\/voyage-cartailhac-grece-expo-virtuelle\/files\/2016\/10\/DSC_0380-S-150x150.jpg\" alt=\"\" width=\"150\" height=\"150\" \/><\/a><figcaption id=\"caption-attachment-687\" class=\"wp-caption-text\">\u00ab Le temple d\u2019Apollon, Delphes, ensemble des ruines. 20 \u00bb<\/figcaption><\/figure>\n<figure id=\"attachment_688\" aria-describedby=\"caption-attachment-688\" style=\"width: 150px\" class=\"wp-caption alignleft\"><a href=\"https:\/\/blogs.univ-tlse2.fr\/voyage-cartailhac-grece-expo-virtuelle\/files\/2016\/10\/DSC_0378-S-e1490625598461.jpg\" rel=\"lightbox[19]\"><img loading=\"lazy\" decoding=\"async\" class=\"wp-image-688 size-thumbnail\" src=\"https:\/\/blogs.univ-tlse2.fr\/voyage-cartailhac-grece-expo-virtuelle\/files\/2016\/10\/DSC_0378-S-150x150.jpg\" alt=\"\" width=\"150\" height=\"150\" \/><\/a><figcaption id=\"caption-attachment-688\" class=\"wp-caption-text\">\u00ab Le temple d\u2019Apollon \u00e0 Delphes, un angle du soubassement. 18 \u00bb<\/figcaption><\/figure>\n<figure id=\"attachment_690\" aria-describedby=\"caption-attachment-690\" style=\"width: 150px\" class=\"wp-caption alignleft\"><a href=\"https:\/\/blogs.univ-tlse2.fr\/voyage-cartailhac-grece-expo-virtuelle\/files\/2016\/10\/DSC_0377-S-e1490625623312.jpg\" rel=\"lightbox[19]\"><img loading=\"lazy\" decoding=\"async\" class=\"wp-image-690 size-thumbnail\" src=\"https:\/\/blogs.univ-tlse2.fr\/voyage-cartailhac-grece-expo-virtuelle\/files\/2016\/10\/DSC_0377-S-150x150.jpg\" alt=\"\" width=\"150\" height=\"150\" \/><\/a><figcaption id=\"caption-attachment-690\" class=\"wp-caption-text\">\u00ab Delphes, Les rochers de la Pythie. 18 \u00bb<\/figcaption><\/figure>\n<p style=\"text-align: justify\"><em>En effet, voici le temple couvrant de ses ruines une large et longue terrasse. Il g\u00eet \u00e9croul\u00e9 sur le sol, mais les bases de la construction, des murs et des colonnes, le pav\u00e9 de ses diverses parties, les degr\u00e9s demeur\u00e9s en place, les ouvertures b\u00e9antes du souterrain, s\u00e9jour de la Pythie, sont nettement d\u00e9gag\u00e9s \u00e0 la surface d\u2019un soubassement \u00e9norme et le plan g\u00e9n\u00e9ral s\u2019\u00e9tale \u00e0 nos yeux. \u00bb<\/em><\/p>\n<p>&nbsp;<\/p>\n<p>&nbsp;<\/p>\n<p style=\"text-align: justify\"><em>\u00ab Le th\u00e9\u00e2tre, comme tous ceux que nous verrons en Gr\u00e8ce, est creus\u00e9 dans la montagne m\u00eame. De tous les points de l\u2019enceinte o\u00f9 notre troupe para\u00eet clairsem\u00e9e, nous ne perdons pas un mot des conversations qu\u2019on tient sur la sc\u00e8ne. Tout \u00e0 coup, une voix fait entendre le No\u00ebl de Massenet et un air d\u2019Orph\u00e9e de Gluck. C\u2019est \u00e0 la fois le triomphe de Mme F\u2026, que nous avions d\u00e9j\u00e0 applaudie \u00e0 bord, et du th\u00e9\u00e2tre, dont les qualit\u00e9s parfaites ne pouvaient \u00eatre mieux d\u00e9montr\u00e9es. Assis sur les gradins sup\u00e9rieurs, nous avons devant nous le majestueux horizon que les spectateurs antiques recherchaient, et \u00e0 nos pieds l\u2019ensemble des ruines que nous venons de passer en revue. \u00bb<\/em><\/p>\n<p>&nbsp;<\/p>\n<figure id=\"attachment_692\" aria-describedby=\"caption-attachment-692\" style=\"width: 500px\" class=\"wp-caption aligncenter\"><a href=\"https:\/\/blogs.univ-tlse2.fr\/voyage-cartailhac-grece-expo-virtuelle\/files\/2016\/10\/DSC_0399-S.jpg\" rel=\"lightbox[19]\"><img loading=\"lazy\" decoding=\"async\" class=\"wp-image-692\" src=\"https:\/\/blogs.univ-tlse2.fr\/voyage-cartailhac-grece-expo-virtuelle\/files\/2016\/10\/DSC_0399-S-300x260.jpg\" alt=\"\" width=\"500\" height=\"433\" srcset=\"https:\/\/blogs.univ-tlse2.fr\/voyage-cartailhac-grece-expo-virtuelle\/files\/2016\/10\/DSC_0399-S-300x260.jpg 300w, https:\/\/blogs.univ-tlse2.fr\/voyage-cartailhac-grece-expo-virtuelle\/files\/2016\/10\/DSC_0399-S-768x665.jpg 768w, https:\/\/blogs.univ-tlse2.fr\/voyage-cartailhac-grece-expo-virtuelle\/files\/2016\/10\/DSC_0399-S.jpg 938w\" sizes=\"auto, (max-width: 500px) 100vw, 500px\" \/><\/a><figcaption id=\"caption-attachment-692\" class=\"wp-caption-text\">\u00ab Th\u00e9\u00e2tre de Delphes, au bas les ruines du temple d\u2019Apollon, plus bas le bois sacr\u00e9. 17 \u00bb<\/figcaption><\/figure>\n<p>&nbsp;<\/p>\n<figure id=\"attachment_903\" aria-describedby=\"caption-attachment-903\" style=\"width: 500px\" class=\"wp-caption aligncenter\"><a href=\"https:\/\/blogs.univ-tlse2.fr\/voyage-cartailhac-grece-expo-virtuelle\/files\/2016\/10\/DSC_0475-S.jpg\" rel=\"lightbox[19]\"><img loading=\"lazy\" decoding=\"async\" class=\"wp-image-903\" src=\"https:\/\/blogs.univ-tlse2.fr\/voyage-cartailhac-grece-expo-virtuelle\/files\/2016\/10\/DSC_0475-S-300x247.jpg\" alt=\"\" width=\"500\" height=\"412\" srcset=\"https:\/\/blogs.univ-tlse2.fr\/voyage-cartailhac-grece-expo-virtuelle\/files\/2016\/10\/DSC_0475-S-300x247.jpg 300w, https:\/\/blogs.univ-tlse2.fr\/voyage-cartailhac-grece-expo-virtuelle\/files\/2016\/10\/DSC_0475-S.jpg 702w\" sizes=\"auto, (max-width: 500px) 100vw, 500px\" \/><\/a><figcaption id=\"caption-attachment-903\" class=\"wp-caption-text\">\u00a0\u00a0\u00a0\u00a0\u00a0\u00a0\u00a0\u00a0\u00a0\u00a0\u00a0\u00a0\u00a0\u00a0\u00a0\u00a0\u00a0\u00a0\u00a0\u00a0\u00a0\u00a0\u00a0\u00a0\u00a0\u00a0\u00a0\u00a0\u00a0\u00a0\u00a0\u00a0\u00a0\u00a0\u00a0\u00a0 \u00ab Conf\u00e9rence de M. Homolle \u00e0 Delphes \u00bb. 1896<\/figcaption><\/figure>\n<p style=\"text-align: justify\"><em>\u00ab M. Homolle a pu dire, avec une satisfaction bien l\u00e9gitime, que l\u2019histoire de la sculpture archa\u00efque, si r\u00e9cemment transform\u00e9e\u00a0\u00a0 par les d\u00e9couvertes d\u2019Olympie et d\u2019Ath\u00e8nes, est \u00e0 refaire depuis les fouilles de Delphes. Ici, nous avons des renseignements pr\u00e9cis, des inscriptions, des dates et la lumi\u00e8re acquise rayonne sur le P\u00e9loponn\u00e8se, l\u2019Attique, les \u00eeles. \u00bb<\/em><br \/>\n<em>\u00ab Nous sommes r\u00e9unis \u00e0 sept heures sur le S\u00e9n\u00e9gal ; tout va bien. Dieu ! qu\u2019il a pass\u00e9 vite ce premier jour de bonheur ! \u00bb<\/em><\/p>\n<p>&nbsp;<\/p>\n<p>&nbsp;<\/p>\n<p>&nbsp;<\/p>\n<p>&nbsp;<\/p>\n<p>&nbsp;<\/p>\n<p>&nbsp;<\/p>\n<p>&nbsp;<\/p>\n<p>&nbsp;<\/p>\n<p><sup id=\"fn1\">1. \u00ab Il y a quatre ans, lorsqu\u2019on faisait les expropriations pour commencer les fouilles, ces m\u00eames gens qui nous saluent s\u2019\u00e9taient insurg\u00e9s et recevaient \u00e0 coups de fusil les mandataires de la France et les autorit\u00e9s hell\u00e9niques ! \u00bb<a href=\"#ref1\">\u21a9<\/a><\/sup><\/p>\n","protected":false},"excerpt":{"rendered":"<p>\u00ab Tous les auteurs, \u00e0 la suite de Chateaubriand et d\u2019Edmond About, ont fait \u00e0 l\u2019envi, des mulets et des \u00e2nes de la Gr\u00e8ce, de leurs caprices, de leurs sentiments originaux, un tel tableau, que mes craintes \u00e9taient excusables, car je n\u2019ai jamais pens\u00e9 qu\u2019il y ait quelque gloire \u00e0 se casser la t\u00eate dans &hellip; <\/p>\n<p class=\"link-more\"><a href=\"https:\/\/blogs.univ-tlse2.fr\/voyage-cartailhac-grece-expo-virtuelle\/delphes\/\" class=\"more-link\">Continuer la lecture<span class=\"screen-reader-text\"> de &laquo;&nbsp;Delphes&nbsp;&raquo;<\/span><\/a><\/p>\n","protected":false},"author":393,"featured_media":0,"parent":0,"menu_order":0,"comment_status":"closed","ping_status":"closed","template":"","meta":{"footnotes":""},"class_list":["post-19","page","type-page","status-publish","hentry"],"_links":{"self":[{"href":"https:\/\/blogs.univ-tlse2.fr\/voyage-cartailhac-grece-expo-virtuelle\/wp-json\/wp\/v2\/pages\/19","targetHints":{"allow":["GET"]}}],"collection":[{"href":"https:\/\/blogs.univ-tlse2.fr\/voyage-cartailhac-grece-expo-virtuelle\/wp-json\/wp\/v2\/pages"}],"about":[{"href":"https:\/\/blogs.univ-tlse2.fr\/voyage-cartailhac-grece-expo-virtuelle\/wp-json\/wp\/v2\/types\/page"}],"author":[{"embeddable":true,"href":"https:\/\/blogs.univ-tlse2.fr\/voyage-cartailhac-grece-expo-virtuelle\/wp-json\/wp\/v2\/users\/393"}],"replies":[{"embeddable":true,"href":"https:\/\/blogs.univ-tlse2.fr\/voyage-cartailhac-grece-expo-virtuelle\/wp-json\/wp\/v2\/comments?post=19"}],"version-history":[{"count":52,"href":"https:\/\/blogs.univ-tlse2.fr\/voyage-cartailhac-grece-expo-virtuelle\/wp-json\/wp\/v2\/pages\/19\/revisions"}],"predecessor-version":[{"id":988,"href":"https:\/\/blogs.univ-tlse2.fr\/voyage-cartailhac-grece-expo-virtuelle\/wp-json\/wp\/v2\/pages\/19\/revisions\/988"}],"wp:attachment":[{"href":"https:\/\/blogs.univ-tlse2.fr\/voyage-cartailhac-grece-expo-virtuelle\/wp-json\/wp\/v2\/media?parent=19"}],"curies":[{"name":"wp","href":"https:\/\/api.w.org\/{rel}","templated":true}]}}