 {"id":272,"date":"2016-11-24T17:27:11","date_gmt":"2016-11-24T16:27:11","guid":{"rendered":"http:\/\/dev12-adim.univ-tlse2.fr\/exposition-virtuelle\/?page_id=272"},"modified":"2022-06-23T16:41:14","modified_gmt":"2022-06-23T14:41:14","slug":"delos","status":"publish","type":"page","link":"https:\/\/blogs.univ-tlse2.fr\/voyage-cartailhac-grece-expo-virtuelle\/delos\/","title":{"rendered":"D\u00e9los"},"content":{"rendered":"<em>\u00ab Une fois de plus, nous avons march\u00e9 de nuit, et, au matin, nous \u00e9tions au c\u0153ur de la mer \u00c9g\u00e9e, au milieu de l\u2019archipel dont plusieurs \u00eelots tiennent une si grande place dans l\u2019histoire. \u00bb<\/em>\r\n\r\n<a href=\"https:\/\/blogs.univ-tlse2.fr\/voyage-cartailhac-grece-expo-virtuelle\/files\/2016\/11\/DSC_0419-S-90-dpi-e1489075196263.jpg\" rel=\"lightbox[272]\"><img loading=\"lazy\" decoding=\"async\" class=\"alignnone wp-image-908 \" src=\"https:\/\/blogs.univ-tlse2.fr\/voyage-cartailhac-grece-expo-virtuelle\/files\/2016\/11\/DSC_0419-S-90-dpi-300x262.jpg\" alt=\"\" width=\"224\" height=\"196\" \/><\/a>\r\n\r\n<em>\u00ab D\u00e9los est double, deux \u00eeles portent le m\u00eame nom. <\/em>\r\n<em>Nous contournons la grande et d\u00e9couvrons, \u00e0 ses c\u00f4t\u00e9s, la petite, la terre sainte, but de notre p\u00e8lerinage. Un chenal \u00e9troit et assez long les s\u00e9pare, rendu dangereux par deux \u00e9cueils contre lesquels se brisent les vagues. Le vent du nord souffle avec une violence extr\u00eame, et malgr\u00e9 la profondeur de la mer, notre vaisseau ne s\u2019aventure qu\u2019avec de s\u00e9rieuses pr\u00e9cautions. C\u2019est probablement le plus grand navire qui ait jet\u00e9 l\u2019ancre aupr\u00e8s de ces \u00eelots d\u00e9serts. Nous devions mouiller au nord, dans le port qui fut jadis tr\u00e8s vivant et populeux, en vue des ruines du temple principal, force nous est de rester \u00e0 l\u2019abri de la grande D\u00e9los.<\/em>\r\n<em>Notre administration avait pr\u00e9venu les bateliers de l\u2019\u00eele voisine de Syra et deux grandes barques ont pu parvenir au rendez-vous. La mer avait emport\u00e9 un matelot presque au d\u00e9part !<\/em>\r\n\r\n<em>Cependant, le transbordement s\u2019accomplit. Il est malais\u00e9 de descendre de notre \u00e9chelle dans des bateaux qui dansent ferme contre le S\u00e9n\u00e9gal, et surtout de les quitter lorsqu\u2019ils touchent \u00e0 terre, sautant bien mieux encore contre les rochers. <\/em>\r\n\r\n<figure id=\"attachment_938\" aria-describedby=\"caption-attachment-938\" style=\"width: 258px\" class=\"wp-caption alignleft\"><a href=\"https:\/\/blogs.univ-tlse2.fr\/voyage-cartailhac-grece-expo-virtuelle\/files\/2016\/11\/DSC_0371-S-e1489416046402.jpg\" rel=\"lightbox[272]\"><img loading=\"lazy\" decoding=\"async\" class=\"wp-image-938\" src=\"https:\/\/blogs.univ-tlse2.fr\/voyage-cartailhac-grece-expo-virtuelle\/files\/2016\/11\/DSC_0371-S-300x252.jpg\" alt=\"\" width=\"258\" height=\"217\" \/><\/a><figcaption id=\"caption-attachment-938\" class=\"wp-caption-text\">Descente du bateau dans les barques. 1896<\/figcaption><\/figure>\r\n\r\n<figure id=\"attachment_910\" aria-describedby=\"caption-attachment-910\" style=\"width: 270px\" class=\"wp-caption alignleft\"><a href=\"https:\/\/blogs.univ-tlse2.fr\/voyage-cartailhac-grece-expo-virtuelle\/files\/2016\/11\/DSC_0356-S-e1489075274818.jpg\" rel=\"lightbox[272]\"><img loading=\"lazy\" decoding=\"async\" class=\"wp-image-910\" src=\"https:\/\/blogs.univ-tlse2.fr\/voyage-cartailhac-grece-expo-virtuelle\/files\/2016\/11\/DSC_0356-S-300x239.jpg\" alt=\"\" width=\"270\" height=\"215\" \/><\/a><figcaption id=\"caption-attachment-910\" class=\"wp-caption-text\">\u00ab Le D\u00e9barquement des S\u00e9n\u00e9galais \u00e0 D\u00e9los, un jour de temp\u00eate. 64 \u00bb 1896<\/figcaption><\/figure>\r\n\r\n&nbsp;\r\n\r\n&nbsp;\r\n\r\n&nbsp;\r\n\r\n&nbsp;\r\n\r\n&nbsp;\r\n\r\n&nbsp;\r\n\r\n&nbsp;\r\n\r\n<em>Il faut toute la vigueur des matelots grecs pour nous aider \u00e0 sortir de ce mauvais pas. La pierre est corrod\u00e9e et sem\u00e9e d\u2019asp\u00e9rit\u00e9s aigu\u00ebs. Plusieurs d\u2019entre nous poussent de br\u00e8ves exclamations, que le vent heureusement emporte\u2026 avec un ou deux chapeaux.<\/em>\r\n<em>On tient un rapide conseil, et, avec une rare unanimit\u00e9, on d\u00e9cide de renoncer \u00e0 d\u00e9jeuner \u00ab sur l\u2019herbe. \u00bb On \u00e9pargne ainsi \u00e0 la vaisselle du S\u00e9n\u00e9gal le d\u00e9barquement et un d\u00e9sastre.<\/em>\r\n<em>La t\u00eate encapuchonn\u00e9e, fortement sangl\u00e9s, nous commen\u00e7ons, en d\u00e9pit du vent sonore, la visite m\u00e9thodique de D\u00e9los, ar\u00eate de terre de cinq kilom\u00e8tres de long sur un de large, qui s\u2019\u00e9l\u00e8ve au centre, \u00e0 106 m\u00e8tres de hauteur. Cette \u00e9minence est le Cynthe, autour duquel, surtout \u00e0 l\u2019ouest, s\u2019\u00e9chelonnaient les monuments et les maisons. La plage en \u00e9tait couverte.<\/em>\r\n\r\n<figure id=\"attachment_911\" aria-describedby=\"caption-attachment-911\" style=\"width: 500px\" class=\"wp-caption aligncenter\"><a href=\"https:\/\/blogs.univ-tlse2.fr\/voyage-cartailhac-grece-expo-virtuelle\/files\/2016\/11\/DSC_0445-S.jpg\" rel=\"lightbox[272]\"><img loading=\"lazy\" decoding=\"async\" class=\"wp-image-911\" src=\"https:\/\/blogs.univ-tlse2.fr\/voyage-cartailhac-grece-expo-virtuelle\/files\/2016\/11\/DSC_0445-S-300x229.jpg\" alt=\"\" width=\"500\" height=\"382\" srcset=\"https:\/\/blogs.univ-tlse2.fr\/voyage-cartailhac-grece-expo-virtuelle\/files\/2016\/11\/DSC_0445-S-300x229.jpg 300w, https:\/\/blogs.univ-tlse2.fr\/voyage-cartailhac-grece-expo-virtuelle\/files\/2016\/11\/DSC_0445-S-768x586.jpg 768w, https:\/\/blogs.univ-tlse2.fr\/voyage-cartailhac-grece-expo-virtuelle\/files\/2016\/11\/DSC_0445-S.jpg 900w\" sizes=\"auto, (max-width: 500px) 100vw, 500px\" \/><\/a><figcaption id=\"caption-attachment-911\" class=\"wp-caption-text\">\u00ab\u00a0D\u00e9los. Le cynthe\u00a0\u00bb 1896<\/figcaption><\/figure>\r\n\r\n<em>Dans une de ces conf\u00e9rences faites \u00e0 bord et qui ont \u00e9t\u00e9 si instructives, M. Homolle nous avait mis au courant de l\u2019historique des fouilles et de leurs r\u00e9sultats. A cet avantage, j\u2019en joignais, pour ma part, un autre. J\u2019ai eu la bonne fortune d\u2019\u00eatre li\u00e9 d\u2019amiti\u00e9, pendant plus de quinze ans, avec ce bon et loyal Albert Leb\u00e8gue, qui commen\u00e7a l\u2019exploration et ouvrit la voie aux d\u00e9couvertes.<\/em>\r\n<em> Membre de l\u2019\u00c9cole d\u2019Ath\u00e8nes (promotion de 1870), il avait pris D\u00e9los comme but de ses travaux, et il fit para\u00eetre, en 1876, ses Recherches, ouvrage remarquable, qui vint d\u00e9ranger les th\u00e9ories admises. A cette \u00e9poque, trouver du nouveau n\u2019\u00e9tait pas toujours un titre dans le monde universitaire. Leb\u00e8gue fut condamn\u00e9 \u00e0 la province et il eut l\u2019honneur d\u2019inaugurer \u00e0 la Facult\u00e9 de Toulouse le cours d\u2019antiquit\u00e9s grecque et latine.<\/em>\r\n<em> On sait sa fin pr\u00e9matur\u00e9e au lendemain de ses belles fouilles \u00e0 Martres-Tolosane, qui ont enrichi notre Mus\u00e9e gallo-romain de monuments figur\u00e9s du plus haut int\u00e9r\u00eat.<\/em>\r\n<em> J\u2019avais donc bien souvent caus\u00e9 de D\u00e9los avec lui, et tous ces souvenirs, on le comprend, \u00e9taient \u00e0 cette heure \u00e0 la fois p\u00e9nibles et doux. J\u2019ai eu la satisfaction de voir d\u2019abord que justice \u00e9tait rendue \u00e0 l\u2019\u0153uvre de Leb\u00e8gue. Lorsque mes compagnons r\u00e9unis sur les pentes du Cynthe ont d\u00e9bouch\u00e9 sur le ressaut de terrain qui poss\u00e8de le monument principal d\u00e9couvert par lui, tous ont manifest\u00e9 leur \u00e9tonnement et leur admiration.<\/em>\r\n\r\n<figure id=\"attachment_914\" aria-describedby=\"caption-attachment-914\" style=\"width: 500px\" class=\"wp-caption aligncenter\"><a href=\"https:\/\/blogs.univ-tlse2.fr\/voyage-cartailhac-grece-expo-virtuelle\/files\/2016\/11\/DSC_0462-S.jpg\" rel=\"lightbox[272]\"><img loading=\"lazy\" decoding=\"async\" class=\"wp-image-914\" src=\"https:\/\/blogs.univ-tlse2.fr\/voyage-cartailhac-grece-expo-virtuelle\/files\/2016\/11\/DSC_0462-S-300x244.jpg\" alt=\"\" width=\"500\" height=\"407\" srcset=\"https:\/\/blogs.univ-tlse2.fr\/voyage-cartailhac-grece-expo-virtuelle\/files\/2016\/11\/DSC_0462-S-300x244.jpg 300w, https:\/\/blogs.univ-tlse2.fr\/voyage-cartailhac-grece-expo-virtuelle\/files\/2016\/11\/DSC_0462-S-768x626.jpg 768w, https:\/\/blogs.univ-tlse2.fr\/voyage-cartailhac-grece-expo-virtuelle\/files\/2016\/11\/DSC_0462-S.jpg 788w\" sizes=\"auto, (max-width: 500px) 100vw, 500px\" \/><\/a><figcaption id=\"caption-attachment-914\" class=\"wp-caption-text\">\u00ab\u00a0L&rsquo;adyton primitif d&rsquo;Apollon\u00a0\u00bb 1896<\/figcaption><\/figure>\r\n\r\n<em>Imaginez une large fente dans la montagne. Les flancs de granit s\u2019\u00e9l\u00e8vent droit et l\u2019homme a jet\u00e9 sur l\u2019espace un toit colossal de dix \u00e9normes dalles arc-bout\u00e9es deux \u00e0 deux. Ces blocs, d\u00e9grossis \u00e0 peine, sont tr\u00e8s exactement assembl\u00e9s. On avait ainsi une caverne majestueuse qui correspond \u00e0 la premi\u00e8re p\u00e9riode des constructions p\u00e9lasgiques, au d\u00e9but pr\u00e9historique des acropoles.<\/em>\r\n<em>C\u2019est sans doute plus tard que ce lieu devint un temple. On construisit une fa\u00e7ade en pierres s\u00e8ches, puissante et rudimentaire. Une statue dont Leb\u00e8gue a retrouv\u00e9 le pi\u00e9destal encore en place, fut dress\u00e9e dans le sanctuaire et, devant la porte, s\u2019\u00e9leva le tr\u00e9pied dont le support de marbre est aussi conserv\u00e9. \u00bb<\/em>\r\n<em>\u00ab Pour D\u00e9los, pas plus que pour Delphes, M. Homolle et ses collaborateurs (I) n\u2019ont fait aucune r\u00e9clame. La foule qui conna\u00eet le moindre vaudevilliste, ignore leurs noms. De rares amis de l\u2019antiquit\u00e9 classique appr\u00e9cient seuls l\u2019importance de leurs d\u00e9couvertes\u2026<\/em>\r\n\r\n<em>(I) Parmi lesquels je citerai M. Georges Doublet, professeur au lyc\u00e9e de Nice et M. Durrbach, professeur \u00e0 la Facult\u00e9 des lettres de Toulouse, tous deux membres de notre Soci\u00e9t\u00e9 arch\u00e9ologique du midi de la France.<\/em>\r\n\r\n<figure id=\"attachment_917\" aria-describedby=\"caption-attachment-917\" style=\"width: 220px\" class=\"wp-caption alignleft\"><a href=\"https:\/\/blogs.univ-tlse2.fr\/voyage-cartailhac-grece-expo-virtuelle\/files\/2016\/11\/DSC_0420-S-90-dpi-e1489075935969.jpg\" rel=\"lightbox[272]\"><img loading=\"lazy\" decoding=\"async\" class=\"wp-image-917\" src=\"https:\/\/blogs.univ-tlse2.fr\/voyage-cartailhac-grece-expo-virtuelle\/files\/2016\/11\/DSC_0420-S-90-dpi-300x255.jpg\" alt=\"\" width=\"220\" height=\"187\" \/><\/a><figcaption id=\"caption-attachment-917\" class=\"wp-caption-text\">\u00ab Maison exhum\u00e9e \u00e0 D\u00e9los. 66 \u00bb 1896<\/figcaption><\/figure>\r\n\r\n<figure id=\"attachment_916\" aria-describedby=\"caption-attachment-916\" style=\"width: 220px\" class=\"wp-caption alignleft\"><a href=\"https:\/\/blogs.univ-tlse2.fr\/voyage-cartailhac-grece-expo-virtuelle\/files\/2016\/11\/DSC_0408-S.jpg\" rel=\"lightbox[272]\"><img loading=\"lazy\" decoding=\"async\" class=\"wp-image-916\" src=\"https:\/\/blogs.univ-tlse2.fr\/voyage-cartailhac-grece-expo-virtuelle\/files\/2016\/11\/DSC_0408-S-300x250.jpg\" alt=\"\" width=\"220\" height=\"184\" srcset=\"https:\/\/blogs.univ-tlse2.fr\/voyage-cartailhac-grece-expo-virtuelle\/files\/2016\/11\/DSC_0408-S-300x250.jpg 300w, https:\/\/blogs.univ-tlse2.fr\/voyage-cartailhac-grece-expo-virtuelle\/files\/2016\/11\/DSC_0408-S-768x641.jpg 768w, https:\/\/blogs.univ-tlse2.fr\/voyage-cartailhac-grece-expo-virtuelle\/files\/2016\/11\/DSC_0408-S.jpg 900w\" sizes=\"auto, (max-width: 220px) 100vw, 220px\" \/><\/a><figcaption id=\"caption-attachment-916\" class=\"wp-caption-text\">\u00ab D\u00e9los. Maison au Nord du lac sacr\u00e9. 23 \u00bb 1896<\/figcaption><\/figure>\r\n\r\n&nbsp;\r\n\r\n&nbsp;\r\n\r\n&nbsp;\r\n\r\n&nbsp;\r\n\r\n&nbsp;\r\n\r\n&nbsp;\r\n\r\n<em>Il reste encore dans l\u2019\u00eele de grandes surfaces \u00e0 fouiller : la ville dont j\u2019ai parl\u00e9 et le lac sacr\u00e9 qui doit contenir des statues. Ce lac m\u2019a fait, je l\u2019avoue, \u00e9prouver une certaine d\u00e9ception. Imaginez une mare semblable \u00e0 celle que nous avons souvent \u00e0 c\u00f4t\u00e9 de nos m\u00e9tairies ! Pour compl\u00e9ter la ressemblance, quelques b\u0153ufs paissaient aux alentours, fort surpris de notre arriv\u00e9e et nous fixant longuement de leurs yeux sans expression, tandis que des cochons noirs s\u2019\u00e9loignaient en grognant.<\/em>\r\n\r\n<figure id=\"attachment_923\" aria-describedby=\"caption-attachment-923\" style=\"width: 500px\" class=\"wp-caption aligncenter\"><a href=\"https:\/\/blogs.univ-tlse2.fr\/voyage-cartailhac-grece-expo-virtuelle\/files\/2016\/11\/DSC_0442-S.jpg\" rel=\"lightbox[272]\"><img loading=\"lazy\" decoding=\"async\" class=\"wp-image-923\" src=\"https:\/\/blogs.univ-tlse2.fr\/voyage-cartailhac-grece-expo-virtuelle\/files\/2016\/11\/DSC_0442-S-300x227.jpg\" alt=\"\" width=\"500\" height=\"378\" srcset=\"https:\/\/blogs.univ-tlse2.fr\/voyage-cartailhac-grece-expo-virtuelle\/files\/2016\/11\/DSC_0442-S-300x227.jpg 300w, https:\/\/blogs.univ-tlse2.fr\/voyage-cartailhac-grece-expo-virtuelle\/files\/2016\/11\/DSC_0442-S-768x580.jpg 768w, https:\/\/blogs.univ-tlse2.fr\/voyage-cartailhac-grece-expo-virtuelle\/files\/2016\/11\/DSC_0442-S.jpg 900w\" sizes=\"auto, (max-width: 500px) 100vw, 500px\" \/><\/a><figcaption id=\"caption-attachment-923\" class=\"wp-caption-text\">\u00ab D\u00e9los. Le Lac Sacr\u00e9. 64 \u00bb 1896<\/figcaption><\/figure>\r\n\r\n<em>Disparue la majest\u00e9 du lac aux ondes \u00e9blouissantes, disparu le palmier aux feuilles d\u2019or, au pied duquel Latone se reposa ; disparu le fleuve, l\u2019Inopus, qui jadis coulait \u00e0 plein bords.<\/em>\r\n<em>Cependant le soleil est d\u00e9j\u00e0 haut et la sir\u00e8ne du S\u00e9n\u00e9gal fait entendre ses appels retentissants. Nous revenons lentement, \u00e0 travers de maigres p\u00e2tures, l\u2019\u0153il attentif \u00e0 nos pas, car nous avons aper\u00e7u une grosse vip\u00e8re immobile parmi les marbres \u00e9pars, et un de nos camarades, entomologiste z\u00e9l\u00e9, a fait ample moisson de scorpions. Il se r\u00e9jouit m\u00eame de la capture de la grande scolopendre dont la piq\u00fbre est mortelle dans ces climats. Ces vilaines b\u00eates se cachent sous de larges et beaux pieds de mandragore, qui s\u2019\u00e9talent parmi les an\u00e9mones rouges et jaunes, les \u0153illets roses, les coquelicots volumineux.<\/em>\r\n<em>Nous quittons D\u00e9los. De nouveau nous sommes secou\u00e9s par les vagues aux pointes blanches dont les embruns s\u2019envolent et se parent des couleurs fugitives de l\u2019arc-en-ciel. On hisse nos barques et, pendant notre tardif d\u00e9jeuner, le S\u00e9n\u00e9gal \u00e9volue pour sortir du d\u00e9troit. Bient\u00f4t il peut mettre le cap sur Syra. \u00bb<\/em>\r\n\r\n<img loading=\"lazy\" decoding=\"async\" class=\"alignnone size-medium wp-image-1020\" src=\"https:\/\/blogs.univ-tlse2.fr\/voyage-cartailhac-grece-expo-virtuelle\/files\/2022\/06\/Ticket-Delos-300x287.jpg\" alt=\"\" width=\"300\" height=\"287\" srcset=\"https:\/\/blogs.univ-tlse2.fr\/voyage-cartailhac-grece-expo-virtuelle\/files\/2022\/06\/Ticket-Delos-300x287.jpg 300w, https:\/\/blogs.univ-tlse2.fr\/voyage-cartailhac-grece-expo-virtuelle\/files\/2022\/06\/Ticket-Delos-1024x979.jpg 1024w, https:\/\/blogs.univ-tlse2.fr\/voyage-cartailhac-grece-expo-virtuelle\/files\/2022\/06\/Ticket-Delos-768x734.jpg 768w, https:\/\/blogs.univ-tlse2.fr\/voyage-cartailhac-grece-expo-virtuelle\/files\/2022\/06\/Ticket-Delos.jpg 1269w\" sizes=\"auto, (max-width: 300px) 100vw, 300px\" \/>\r\n\r\n<em>Ticket Excursion D\u00e9los (Archives B\u00e9gou\u00ebn)<\/em>\r\n\r\n<!-- \/wp:post-content -->","protected":false},"excerpt":{"rendered":"<p>\u00ab Une fois de plus, nous avons march\u00e9 de nuit, et, au matin, nous \u00e9tions au c\u0153ur de la mer \u00c9g\u00e9e, au milieu de l\u2019archipel dont plusieurs \u00eelots tiennent une si grande place dans l\u2019histoire. \u00bb \u00ab D\u00e9los est double, deux \u00eeles portent le m\u00eame nom. Nous contournons la grande et d\u00e9couvrons, \u00e0 ses c\u00f4t\u00e9s, &hellip; <\/p>\n<p class=\"link-more\"><a href=\"https:\/\/blogs.univ-tlse2.fr\/voyage-cartailhac-grece-expo-virtuelle\/delos\/\" class=\"more-link\">Continuer la lecture<span class=\"screen-reader-text\"> de &laquo;&nbsp;D\u00e9los&nbsp;&raquo;<\/span><\/a><\/p>\n","protected":false},"author":19,"featured_media":0,"parent":0,"menu_order":0,"comment_status":"closed","ping_status":"closed","template":"","meta":{"footnotes":""},"class_list":["post-272","page","type-page","status-publish","hentry"],"_links":{"self":[{"href":"https:\/\/blogs.univ-tlse2.fr\/voyage-cartailhac-grece-expo-virtuelle\/wp-json\/wp\/v2\/pages\/272","targetHints":{"allow":["GET"]}}],"collection":[{"href":"https:\/\/blogs.univ-tlse2.fr\/voyage-cartailhac-grece-expo-virtuelle\/wp-json\/wp\/v2\/pages"}],"about":[{"href":"https:\/\/blogs.univ-tlse2.fr\/voyage-cartailhac-grece-expo-virtuelle\/wp-json\/wp\/v2\/types\/page"}],"author":[{"embeddable":true,"href":"https:\/\/blogs.univ-tlse2.fr\/voyage-cartailhac-grece-expo-virtuelle\/wp-json\/wp\/v2\/users\/19"}],"replies":[{"embeddable":true,"href":"https:\/\/blogs.univ-tlse2.fr\/voyage-cartailhac-grece-expo-virtuelle\/wp-json\/wp\/v2\/comments?post=272"}],"version-history":[{"count":37,"href":"https:\/\/blogs.univ-tlse2.fr\/voyage-cartailhac-grece-expo-virtuelle\/wp-json\/wp\/v2\/pages\/272\/revisions"}],"predecessor-version":[{"id":1052,"href":"https:\/\/blogs.univ-tlse2.fr\/voyage-cartailhac-grece-expo-virtuelle\/wp-json\/wp\/v2\/pages\/272\/revisions\/1052"}],"wp:attachment":[{"href":"https:\/\/blogs.univ-tlse2.fr\/voyage-cartailhac-grece-expo-virtuelle\/wp-json\/wp\/v2\/media?parent=272"}],"curies":[{"name":"wp","href":"https:\/\/api.w.org\/{rel}","templated":true}]}}