 {"id":381,"date":"2017-01-06T15:31:40","date_gmt":"2017-01-06T14:31:40","guid":{"rendered":"http:\/\/dev12-adim.univ-tlse2.fr\/exposition-virtuelle\/?page_id=381"},"modified":"2022-06-23T16:22:59","modified_gmt":"2022-06-23T14:22:59","slug":"argos","status":"publish","type":"page","link":"https:\/\/blogs.univ-tlse2.fr\/voyage-cartailhac-grece-expo-virtuelle\/argos\/","title":{"rendered":"Argos"},"content":{"rendered":"<div class=\"wp-block-image\">\r\n<figure class=\"aligncenter is-resized\"><img loading=\"lazy\" decoding=\"async\" class=\"wp-image-1010 aligncenter\" src=\"https:\/\/blogs.univ-tlse2.fr\/voyage-cartailhac-grece-expo-virtuelle\/files\/2022\/06\/Ticket-Argos-300x287.jpg\" alt=\"\" width=\"300\" height=\"287\" srcset=\"https:\/\/blogs.univ-tlse2.fr\/voyage-cartailhac-grece-expo-virtuelle\/files\/2022\/06\/Ticket-Argos-300x287.jpg 300w, https:\/\/blogs.univ-tlse2.fr\/voyage-cartailhac-grece-expo-virtuelle\/files\/2022\/06\/Ticket-Argos-1024x980.jpg 1024w, https:\/\/blogs.univ-tlse2.fr\/voyage-cartailhac-grece-expo-virtuelle\/files\/2022\/06\/Ticket-Argos-768x735.jpg 768w, https:\/\/blogs.univ-tlse2.fr\/voyage-cartailhac-grece-expo-virtuelle\/files\/2022\/06\/Ticket-Argos.jpg 1287w\" sizes=\"auto, (max-width: 300px) 100vw, 300px\" \/>\r\n<figcaption><em>Ticket Excursion Argos &#8211; Myc\u00e8nes &#8211; Tirynthe (Archives B\u00e9gou\u00ebn)<\/em><\/figcaption>\r\n<\/figure>\r\n<\/div>\r\n<p><em>Argos ! deux heures d\u2019arr\u00eat ! L\u00e0 aussi, jour de f\u00eate et de grand march\u00e9. La ville est neuve, mais la population para\u00eet tr\u00e8s primitive encore : les costumes locaux, tr\u00e8s vari\u00e9s, dominent dans la rue principale aux boutiques amples et largement ouvertes ; l\u00e0 des oranges, des citrons, des figues et des \u0153ufs rouges, les m\u00eames \u0153ufs que le boulanger a ench\u00e2ss\u00e9 sur ses pains et ses g\u00e2teaux en couronne, des agneaux suspendus en file et \u00e0 moiti\u00e9 d\u00e9v\u00eatus de leur toison noire ou blanche qui pend vers la terre ; ici, encombrant un carrefour, des cordonniers qui raccommodent \u00e0 la h\u00e2te empeignes et semelles sous les yeux du client, ailleurs des \u00e9talages de chaussures en cuir rouge \u00e0 la pointe orn\u00e9e d\u2019une houppette volumineuse de soie, et les devantures des marchands de cierges jaunes, verts et rouges, orn\u00e9s de papillotes en papier<\/em> <em>dor\u00e9. \u00bb<\/em><\/p>\r\n<p>&nbsp;<\/p>\r\n<div class=\"wp-block-image\">\r\n<figure class=\"alignleft\"><a href=\"https:\/\/blogs.univ-tlse2.fr\/voyage-cartailhac-grece-expo-virtuelle\/files\/2017\/01\/DSC_0435-S.jpg\" rel=\"lightbox[381]\"><img loading=\"lazy\" decoding=\"async\" width=\"300\" height=\"245\" class=\"wp-image-572\" src=\"https:\/\/blogs.univ-tlse2.fr\/exposition-virtuelle\/files\/2017\/01\/DSC_0435-S-300x245.jpg\" alt=\"\" srcset=\"https:\/\/blogs.univ-tlse2.fr\/voyage-cartailhac-grece-expo-virtuelle\/files\/2017\/01\/DSC_0435-S-300x245.jpg 300w, https:\/\/blogs.univ-tlse2.fr\/voyage-cartailhac-grece-expo-virtuelle\/files\/2017\/01\/DSC_0435-S-768x627.jpg 768w, https:\/\/blogs.univ-tlse2.fr\/voyage-cartailhac-grece-expo-virtuelle\/files\/2017\/01\/DSC_0435-S.jpg 782w\" sizes=\"auto, (max-width: 300px) 100vw, 300px\" \/><\/a>\r\n<figcaption>\u00ab Rue d\u2019Argos jour de f\u00eate et march\u00e9. 4 \u00bb. 1896<\/figcaption>\r\n<\/figure>\r\n<\/div>\r\n\r\n<div class=\"wp-block-image\">\r\n<figure class=\"alignleft\"><a href=\"https:\/\/blogs.univ-tlse2.fr\/voyage-cartailhac-grece-expo-virtuelle\/files\/2017\/01\/DSC_0402-S-argos.jpg\" rel=\"lightbox[381]\"><img loading=\"lazy\" decoding=\"async\" width=\"300\" height=\"260\" class=\"wp-image-573\" src=\"https:\/\/blogs.univ-tlse2.fr\/exposition-virtuelle\/files\/2017\/01\/DSC_0402-S-argos-300x260.jpg\" alt=\"\" srcset=\"https:\/\/blogs.univ-tlse2.fr\/voyage-cartailhac-grece-expo-virtuelle\/files\/2017\/01\/DSC_0402-S-argos-300x260.jpg 300w, https:\/\/blogs.univ-tlse2.fr\/voyage-cartailhac-grece-expo-virtuelle\/files\/2017\/01\/DSC_0402-S-argos-768x664.jpg 768w, https:\/\/blogs.univ-tlse2.fr\/voyage-cartailhac-grece-expo-virtuelle\/files\/2017\/01\/DSC_0402-S-argos.jpg 1000w\" sizes=\"auto, (max-width: 300px) 100vw, 300px\" \/><\/a>\r\n<figcaption>\u00ab Les cordonniers, un jour de march\u00e9, Argos. 5 \u00bb. 1896<\/figcaption>\r\n<\/figure>\r\n<\/div>\r\n\r\n<div class=\"wp-block-image\">\r\n<figure class=\"alignleft\"><a href=\"https:\/\/blogs.univ-tlse2.fr\/voyage-cartailhac-grece-expo-virtuelle\/files\/2017\/01\/DSC_0404-S.jpg\" rel=\"lightbox[381]\"><img loading=\"lazy\" decoding=\"async\" width=\"300\" height=\"226\" class=\"wp-image-576\" src=\"https:\/\/blogs.univ-tlse2.fr\/exposition-virtuelle\/files\/2017\/01\/DSC_0404-S-300x226.jpg\" alt=\"\" srcset=\"https:\/\/blogs.univ-tlse2.fr\/voyage-cartailhac-grece-expo-virtuelle\/files\/2017\/01\/DSC_0404-S-300x226.jpg 300w, https:\/\/blogs.univ-tlse2.fr\/voyage-cartailhac-grece-expo-virtuelle\/files\/2017\/01\/DSC_0404-S-768x579.jpg 768w, https:\/\/blogs.univ-tlse2.fr\/voyage-cartailhac-grece-expo-virtuelle\/files\/2017\/01\/DSC_0404-S.jpg 1000w\" sizes=\"auto, (max-width: 300px) 100vw, 300px\" \/><\/a>\r\n<figcaption>Sans l\u00e9gende. Rue d\u2019Argos 7. 1896<\/figcaption>\r\n<\/figure>\r\n<\/div>\r\n\r\n<div class=\"wp-block-image\">\r\n<figure class=\"alignleft\"><a href=\"https:\/\/blogs.univ-tlse2.fr\/voyage-cartailhac-grece-expo-virtuelle\/files\/2017\/01\/DSC_0403-S.jpg\" rel=\"lightbox[381]\"><img loading=\"lazy\" decoding=\"async\" width=\"300\" height=\"229\" class=\"wp-image-577\" src=\"https:\/\/blogs.univ-tlse2.fr\/exposition-virtuelle\/files\/2017\/01\/DSC_0403-S-300x229.jpg\" alt=\"\" srcset=\"https:\/\/blogs.univ-tlse2.fr\/voyage-cartailhac-grece-expo-virtuelle\/files\/2017\/01\/DSC_0403-S-300x229.jpg 300w, https:\/\/blogs.univ-tlse2.fr\/voyage-cartailhac-grece-expo-virtuelle\/files\/2017\/01\/DSC_0403-S-768x587.jpg 768w, https:\/\/blogs.univ-tlse2.fr\/voyage-cartailhac-grece-expo-virtuelle\/files\/2017\/01\/DSC_0403-S.jpg 876w\" sizes=\"auto, (max-width: 300px) 100vw, 300px\" \/><\/a>\r\n<figcaption>Sans l\u00e9gende Femmes peignant des tissus 6. 1896<\/figcaption>\r\n<\/figure>\r\n<\/div>\r\n\r\n\r\n<p>&nbsp;<\/p>\r\n<p>&nbsp;<\/p>\r\n<p>&nbsp;<\/p>\r\n<p>&nbsp;<\/p>\r\n<p>&nbsp;<\/p>\r\n<p>&nbsp;<\/p>\r\n<p>&nbsp;<\/p>\r\n<p>&nbsp;<\/p>\r\n<p>&nbsp;<\/p>\r\n<p>&nbsp;<\/p>\r\n<p>&nbsp;<\/p>\r\n<p>&nbsp;<\/p>\r\n<p>&nbsp;<\/p>\r\n<p>&nbsp;<\/p>\r\n<p><em>\u00abNous allons hors la ville, au th\u00e9\u00e2tre antique et c\u00e9l\u00e8bre, taill\u00e9 dans la colline de Larissa. Vingt mille spectateurs y trouvaient place, pouvant partager leur enthousiasme entre les \u0153uvres qui rappelaient leur dramatique histoire et le pays qui \u00e9talait autour d\u2019eux son magique d\u00e9cor. Les lieux m\u00eames t\u00e9moins des grandes trag\u00e9dies \u00e9taient sous leurs regards. Ces gradins \u00e9tag\u00e9s sont \u00e0 peu pr\u00e8s tout ce qui reste d\u2019une ville que Pausanias avait vu encombr\u00e9e de monuments. \u00bb<\/em><\/p>\r\n\r\n\r\n<div class=\"wp-block-image\">\r\n<figure class=\"aligncenter\"><a href=\"https:\/\/blogs.univ-tlse2.fr\/voyage-cartailhac-grece-expo-virtuelle\/files\/2017\/01\/DSC_0394-S-theatre-argos-bis.jpg\" rel=\"lightbox[381]\"><img loading=\"lazy\" decoding=\"async\" width=\"1024\" height=\"831\" class=\"wp-image-579\" src=\"https:\/\/blogs.univ-tlse2.fr\/voyage-cartailhac-grece-expo-virtuelle\/files\/2017\/01\/DSC_0394-S-theatre-argos-bis-1024x831.jpg\" alt=\"\" srcset=\"https:\/\/blogs.univ-tlse2.fr\/voyage-cartailhac-grece-expo-virtuelle\/files\/2017\/01\/DSC_0394-S-theatre-argos-bis-1024x831.jpg 1024w, https:\/\/blogs.univ-tlse2.fr\/voyage-cartailhac-grece-expo-virtuelle\/files\/2017\/01\/DSC_0394-S-theatre-argos-bis-300x243.jpg 300w, https:\/\/blogs.univ-tlse2.fr\/voyage-cartailhac-grece-expo-virtuelle\/files\/2017\/01\/DSC_0394-S-theatre-argos-bis-768x623.jpg 768w, https:\/\/blogs.univ-tlse2.fr\/voyage-cartailhac-grece-expo-virtuelle\/files\/2017\/01\/DSC_0394-S-theatre-argos-bis.jpg 1056w\" sizes=\"auto, (max-width: 706px) 89vw, (max-width: 767px) 82vw, 740px\" \/><\/a>\r\n<figcaption><em>\u00ab Le th\u00e9\u00e2tre d\u2019Argos. 16 \u00bb. 1896<\/em><\/figcaption>\r\n<\/figure>\r\n<\/div>","protected":false},"excerpt":{"rendered":"<p>Argos ! deux heures d\u2019arr\u00eat ! L\u00e0 aussi, jour de f\u00eate et de grand march\u00e9. La ville est neuve, mais la population para\u00eet tr\u00e8s primitive encore : les costumes locaux, tr\u00e8s vari\u00e9s, dominent dans la rue principale aux boutiques amples et largement ouvertes ; l\u00e0 des oranges, des citrons, des figues et des \u0153ufs rouges, &hellip; <\/p>\n<p class=\"link-more\"><a href=\"https:\/\/blogs.univ-tlse2.fr\/voyage-cartailhac-grece-expo-virtuelle\/argos\/\" class=\"more-link\">Continuer la lecture<span class=\"screen-reader-text\"> de &laquo;&nbsp;Argos&nbsp;&raquo;<\/span><\/a><\/p>\n","protected":false},"author":19,"featured_media":0,"parent":0,"menu_order":0,"comment_status":"closed","ping_status":"closed","template":"","meta":{"footnotes":""},"class_list":["post-381","page","type-page","status-publish","hentry"],"_links":{"self":[{"href":"https:\/\/blogs.univ-tlse2.fr\/voyage-cartailhac-grece-expo-virtuelle\/wp-json\/wp\/v2\/pages\/381","targetHints":{"allow":["GET"]}}],"collection":[{"href":"https:\/\/blogs.univ-tlse2.fr\/voyage-cartailhac-grece-expo-virtuelle\/wp-json\/wp\/v2\/pages"}],"about":[{"href":"https:\/\/blogs.univ-tlse2.fr\/voyage-cartailhac-grece-expo-virtuelle\/wp-json\/wp\/v2\/types\/page"}],"author":[{"embeddable":true,"href":"https:\/\/blogs.univ-tlse2.fr\/voyage-cartailhac-grece-expo-virtuelle\/wp-json\/wp\/v2\/users\/19"}],"replies":[{"embeddable":true,"href":"https:\/\/blogs.univ-tlse2.fr\/voyage-cartailhac-grece-expo-virtuelle\/wp-json\/wp\/v2\/comments?post=381"}],"version-history":[{"count":21,"href":"https:\/\/blogs.univ-tlse2.fr\/voyage-cartailhac-grece-expo-virtuelle\/wp-json\/wp\/v2\/pages\/381\/revisions"}],"predecessor-version":[{"id":1042,"href":"https:\/\/blogs.univ-tlse2.fr\/voyage-cartailhac-grece-expo-virtuelle\/wp-json\/wp\/v2\/pages\/381\/revisions\/1042"}],"wp:attachment":[{"href":"https:\/\/blogs.univ-tlse2.fr\/voyage-cartailhac-grece-expo-virtuelle\/wp-json\/wp\/v2\/media?parent=381"}],"curies":[{"name":"wp","href":"https:\/\/api.w.org\/{rel}","templated":true}]}}