 {"id":383,"date":"2017-01-06T15:31:55","date_gmt":"2017-01-06T14:31:55","guid":{"rendered":"http:\/\/dev12-adim.univ-tlse2.fr\/exposition-virtuelle\/?page_id=383"},"modified":"2017-03-27T16:19:49","modified_gmt":"2017-03-27T14:19:49","slug":"mycenes","status":"publish","type":"page","link":"https:\/\/blogs.univ-tlse2.fr\/voyage-cartailhac-grece-expo-virtuelle\/mycenes\/","title":{"rendered":"Myc\u00e8nes"},"content":{"rendered":"<p><em>L\u00e0-haut, contre les montagnes grises et d\u00e9sol\u00e9es qui dressent leurs pointes \u00e0 800 m\u00e8tres, nous entrevoyons Myc\u00e8nes. Le train s\u2019arr\u00eate devant une petite maison qui a l\u2019honneur d\u2019\u00eatre la \u00ab station de Myc\u00e8nes \u00bb. Aux environs, la campagne est d\u00e9peupl\u00e9e, les arbres tr\u00e8s rares, les champs malingres. Tromp\u00e9s par la transparence de l\u2019air, nous pensions arriver en quelques minutes, il faut pr\u00e8s d\u2019une heure pour gagner le village interm\u00e9diaire, Kharvati \u2013 \u00e0 travers ce \u00ab pays de la soif \u00bb, comme on disait du temps d\u2019Hom\u00e8re, alors que se racontaient la dispute de H\u00e9ra et de Neptune, le verdict des juges en faveur de la d\u00e9esse et le d\u00e9pit de Neptune faisant dispara\u00eetre toute l\u2019eau de leur pays. \u2013 L\u2019eau nous importe peu, mais le soleil para\u00eet nous faire sentir qu\u2019il marche sur les rochers, comme disaient les anciens. Je connais des gens de notre caravane qui, la chaleur aidant, excus\u00e9s d\u2019ailleurs par le poids de plusieurs appareils photographiques, regrettent les \u00e2nes de Delphes !<\/em><br \/>\n<em>Enfin, nous sommes en face de la c\u00e9l\u00e8bre citadelle, la seule, fait curieux, que l\u2019antiquit\u00e9 n\u2019a jamais d\u00e9sign\u00e9e sous le nom d\u2019acropole. Elle se profile \u00e0 nos regards, dans un site sauvage et d\u00e9sol\u00e9.<\/em><br \/>\n<em>C\u2019est Myc\u00e8nes, la cit\u00e9 riche en or, \u03c0\u03bf\u03bb\u1f7b\u03c7\u03c1\u03c5\u03c3\u03bf\u03c2 \u039c\u03c5\u03ba\u1f75\u03bd\u03b7, dont les fameuses l\u00e9gendes servent de pr\u00e9face \u00e0 l\u2019histoire et de base aux chants d\u2019Hom\u00e8re, aux trag\u00e9dies de Sophocle, d\u2019Eschyle et d\u2019Euripide ! On sait jusqu\u2019\u00e0 quel point l\u2019arch\u00e9ologie a reconnu dans ces r\u00e9cits de v\u00e9ridiques traditions, si bien qu\u2019on a pu rappeler le mot d\u2019Aristote : il y a plus de v\u00e9rit\u00e9 dans la po\u00e9sie que dans l\u2019histoire.<\/em><\/p>\n<figure id=\"attachment_623\" aria-describedby=\"caption-attachment-623\" style=\"width: 253px\" class=\"wp-caption alignleft\"><a href=\"https:\/\/blogs.univ-tlse2.fr\/voyage-cartailhac-grece-expo-virtuelle\/files\/2017\/01\/DSC_0452-S.jpg\" rel=\"lightbox[383]\"><img loading=\"lazy\" decoding=\"async\" class=\"wp-image-623\" src=\"https:\/\/blogs.univ-tlse2.fr\/exposition-virtuelle\/files\/2017\/01\/DSC_0452-S-300x251.jpg\" alt=\"\" width=\"253\" height=\"212\" srcset=\"https:\/\/blogs.univ-tlse2.fr\/voyage-cartailhac-grece-expo-virtuelle\/files\/2017\/01\/DSC_0452-S-300x251.jpg 300w, https:\/\/blogs.univ-tlse2.fr\/voyage-cartailhac-grece-expo-virtuelle\/files\/2017\/01\/DSC_0452-S.jpg 698w\" sizes=\"auto, (max-width: 253px) 100vw, 253px\" \/><\/a><figcaption id=\"caption-attachment-623\" class=\"wp-caption-text\">\u00ab Myc\u00e8nes. Le revers de la Porte des Lions. N\u00b033. 32 \u00bb. 1896<\/figcaption><\/figure>\n<p><em>Devant l\u2019entr\u00e9e principale, et, comme tous les voyageurs qui nous ont pr\u00e9c\u00e9d\u00e9s, nous sommes fortement impressionn\u00e9s. Les mat\u00e9riaux volumineux et la construction, plus soign\u00e9e que partout ailleurs, ont l\u2019allure d\u2019une \u0153uvre de g\u00e9ants : \u03bf\u1f50\u03c1\u1f71\u03c5\u03bd\u03b9\u03b1 \u03c4\u03b5\u1f77\u03c7\u03b5\u03b1, murailles c\u00e9lestes, disait Euripide. Sur le linteau de la porte, s\u2019appuie le plus ancien monument de la sculpture grecque, bloc \u00e9norme avec ses lions \u00e9tranges et fiers, qui sont comme le blason de la force et de la majest\u00e9.<\/em><\/p>\n<p>&nbsp;<\/p>\n<p>&nbsp;<\/p>\n<p>&nbsp;<\/p>\n<p>&nbsp;<\/p>\n<figure id=\"attachment_622\" aria-describedby=\"caption-attachment-622\" style=\"width: 263px\" class=\"wp-caption alignleft\"><a href=\"https:\/\/blogs.univ-tlse2.fr\/voyage-cartailhac-grece-expo-virtuelle\/files\/2017\/01\/DSC_0449-S.jpg\" rel=\"lightbox[383]\"><img loading=\"lazy\" decoding=\"async\" class=\"wp-image-622\" src=\"https:\/\/blogs.univ-tlse2.fr\/exposition-virtuelle\/files\/2017\/01\/DSC_0449-S-300x187.jpg\" alt=\"\" width=\"263\" height=\"164\" srcset=\"https:\/\/blogs.univ-tlse2.fr\/voyage-cartailhac-grece-expo-virtuelle\/files\/2017\/01\/DSC_0449-S-300x187.jpg 300w, https:\/\/blogs.univ-tlse2.fr\/voyage-cartailhac-grece-expo-virtuelle\/files\/2017\/01\/DSC_0449-S-768x479.jpg 768w, https:\/\/blogs.univ-tlse2.fr\/voyage-cartailhac-grece-expo-virtuelle\/files\/2017\/01\/DSC_0449-S.jpg 792w\" sizes=\"auto, (max-width: 263px) 100vw, 263px\" \/><\/a><figcaption id=\"caption-attachment-622\" class=\"wp-caption-text\">\u00ab Le cercle de Myc\u00e8nes \u00bb. 1896<\/figcaption><\/figure>\n<p><em> Le seuil franchi, nous trouvons devant nous le myst\u00e9rieux Agora, cet enclos entour\u00e9 d\u2019un double cercle de dalles encore droites. Dans Electre, le h\u00e9raut debout pr\u00e8s des degr\u00e9s de pierre, crie \u00e0 haute voix : \u00ab A l\u2019Agora, \u00e0 l\u2019Agora ! Venez, peuple de Myc\u00e8nes, pour voir les pr\u00e9sages et les signes effrayants des rois bienheureux !<\/em><br \/>\n<em>En effet, l\u00e0 \u00e9taient des tombes royales et sacr\u00e9es. Les fosses profondes o\u00f9 elles gisaient sont ouvertes \u00e0 nos pieds. Schliemann, guid\u00e9 par ses \u00e9tudes sp\u00e9ciales, par ses fouilles pr\u00e9liminaires sur tous les points de la ville, par son g\u00e9nie et sa foi, voyait ses morts illustres sous leur \u00e9pais manteau de terre protectrice, et il sut les exhumer en 1876.<\/em><\/p>\n<p><em>Au travers des ruines mises \u00e0 d\u00e9couvert par lui et par ses \u00e9mules, en t\u00eate desquels on doit nommer les \u00e9phores des antiquit\u00e9s, MM. Stamatakis et Tsoundas, nous montons vers le palais des P\u00e9lopides.<\/em><\/p>\n<figure id=\"attachment_628\" aria-describedby=\"caption-attachment-628\" style=\"width: 219px\" class=\"wp-caption alignleft\"><a href=\"https:\/\/blogs.univ-tlse2.fr\/voyage-cartailhac-grece-expo-virtuelle\/files\/2017\/01\/DSC_0466-S.jpg\" rel=\"lightbox[383]\"><img loading=\"lazy\" decoding=\"async\" class=\"wp-image-628\" src=\"https:\/\/blogs.univ-tlse2.fr\/exposition-virtuelle\/files\/2017\/01\/DSC_0466-S-300x260.jpg\" alt=\"\" width=\"219\" height=\"190\" srcset=\"https:\/\/blogs.univ-tlse2.fr\/voyage-cartailhac-grece-expo-virtuelle\/files\/2017\/01\/DSC_0466-S-300x260.jpg 300w, https:\/\/blogs.univ-tlse2.fr\/voyage-cartailhac-grece-expo-virtuelle\/files\/2017\/01\/DSC_0466-S.jpg 704w\" sizes=\"auto, (max-width: 219px) 100vw, 219px\" \/><\/a><figcaption id=\"caption-attachment-628\" class=\"wp-caption-text\">\u00ab Entr\u00e9e de la chambre fun\u00e9raire pr\u00e8s Myc\u00e8nes, restitution. 46 \u00bb. 1896<\/figcaption><\/figure>\n<figure id=\"attachment_633\" aria-describedby=\"caption-attachment-633\" style=\"width: 186px\" class=\"wp-caption alignleft\"><a href=\"https:\/\/blogs.univ-tlse2.fr\/voyage-cartailhac-grece-expo-virtuelle\/files\/2017\/01\/DSC_0469-S.jpg\" rel=\"lightbox[383]\"><img loading=\"lazy\" decoding=\"async\" class=\"wp-image-633\" src=\"https:\/\/blogs.univ-tlse2.fr\/exposition-virtuelle\/files\/2017\/01\/DSC_0469-S-300x300.jpg\" alt=\"\" width=\"186\" height=\"186\" srcset=\"https:\/\/blogs.univ-tlse2.fr\/voyage-cartailhac-grece-expo-virtuelle\/files\/2017\/01\/DSC_0469-S-300x300.jpg 300w, https:\/\/blogs.univ-tlse2.fr\/voyage-cartailhac-grece-expo-virtuelle\/files\/2017\/01\/DSC_0469-S-150x150.jpg 150w, https:\/\/blogs.univ-tlse2.fr\/voyage-cartailhac-grece-expo-virtuelle\/files\/2017\/01\/DSC_0469-S-100x100.jpg 100w, https:\/\/blogs.univ-tlse2.fr\/voyage-cartailhac-grece-expo-virtuelle\/files\/2017\/01\/DSC_0469-S.jpg 578w\" sizes=\"auto, (max-width: 186px) 100vw, 186px\" \/><\/a><figcaption id=\"caption-attachment-633\" class=\"wp-caption-text\">\u00ab Int\u00e9rieur du Tr\u00e9sor d\u2019Atr\u00e9e, Myc\u00e8ne reconstitution. 46 \u00bb. 1896<\/figcaption><\/figure>\n<p>&nbsp;<\/p>\n<p>&nbsp;<\/p>\n<p>&nbsp;<\/p>\n<p>&nbsp;<\/p>\n<p>&nbsp;<\/p>\n<p>&nbsp;<\/p>\n<p>&nbsp;<\/p>\n<p><em>Schliemann a eu le m\u00e9rite d\u2019attirer l\u2019attention sur cette ville, \u00e0 peu pr\u00e8s abandonn\u00e9e, dans son ensemble du moins, 1,200 ans avant notre \u00e8re, date de l\u2019invasion des Doriens. Il a mis au jour, pour en doter les mus\u00e9es d\u2019Ath\u00e8nes, une prodigieuse collection d\u2019objets merveilleux. Il a r\u00e9v\u00e9l\u00e9 au monde savant l\u2019art myc\u00e9nien, une civilisation ayant dur\u00e9 des si\u00e8cles dans la M\u00e9diterran\u00e9e orientale. Il a fait, en outre, d\u00e9finitivement la lumi\u00e8re sur ces monuments tumulaires \u00e9pars aux abords de Myc\u00e8nes et que l\u2019on appelait des tr\u00e9sors, s\u00e9pultures \u00e0 coup s\u00fbr r\u00e9serv\u00e9es \u00e0 de grands personnages. Schliemann raill\u00e9 durant sa vie, surtout en France, est mort en 1889 ; sa m\u00e9moire re\u00e7oit des louanges universelles, il n\u2019a plus que des admirateurs !<\/em><br \/>\n<em>Les attelages d\u2019Argos, charg\u00e9s de notre d\u00e9jeuner, ont trouv\u00e9 la c\u00f4te trop raide. Nous les avons en vain attendus \u00e0 Myc\u00e8nes. Ils ont pu arriver \u00e0 grand peine au tr\u00e9sor d\u2019Atr\u00e9e ou tombeau d\u2019Agamemnon. Dans le vestibule m\u00eame de la crypte, le festin nous est servi et s\u2019ach\u00e8ve au milieu d\u2019une joie exub\u00e9rante dont les \u00e9chos retentissent.<\/em><br \/>\n<em>Nous redescendons, nous reprenons le train et il nous d\u00e9pose \u00e0 Tirynthe, la patrie d\u2019Hercule. Aussi bien les murailles de l\u2019acropole sont-elles les plus colossales de toutes et, par places du moins, mieux conserv\u00e9es que partout ailleurs.<\/em><\/p>\n<p><em>***<\/em><\/p>\n<p><strong><em>De retour \u00e0 Nauplie<\/em><\/strong><\/p>\n<p><em>En gare, nous p\u00e9n\u00e9trons lentement, au milieu d\u2019une foule \u00e9norme, \u00e9clair\u00e9e de la mani\u00e8re la plus \u00e9trange : des centaines de petits cierges brillent entre les mains de ces braves gens. Tout un peuple nous acclame.<\/em><br \/>\n<em>Sur une estrade improvis\u00e9e, que dominent les drapeaux des deux nations, la municipalit\u00e9 nous re\u00e7oit, nous harangue et Larroumet, Monceaux remercient. Aux cris de : \u00ab Vive la France ! Zito i Gallia, \u00bb nous r\u00e9pondons par ceux de : \u00ab Zito i Hellas, Vive la Gr\u00e8ce ! \u00bb La musique municipale joue la Marseillaise (apprise dans la journ\u00e9e !) et l\u2019hymne grec. A sa suite on se range en cort\u00e8ge et nous entrons en ville. Notre marche devient triomphale ; des illuminations, des flammes de bengale, des drapeaux, des troph\u00e9es de verdure \u00e0 profusion partout sur notre chemin ! D\u2019unanimes acclamations nous accueillent.<\/em><br \/>\n<em>La France a l\u00e0 des amis sinc\u00e8res, \u00e0 coup s\u00fbr les plus d\u00e9sint\u00e9ress\u00e9s. Leurs vivats retentissent longtemps encore lorsque nos canots nous ont ramen\u00e9s \u00e0 notre bord.<\/em><\/p>\n","protected":false},"excerpt":{"rendered":"<p>L\u00e0-haut, contre les montagnes grises et d\u00e9sol\u00e9es qui dressent leurs pointes \u00e0 800 m\u00e8tres, nous entrevoyons Myc\u00e8nes. Le train s\u2019arr\u00eate devant une petite maison qui a l\u2019honneur d\u2019\u00eatre la \u00ab station de Myc\u00e8nes \u00bb. Aux environs, la campagne est d\u00e9peupl\u00e9e, les arbres tr\u00e8s rares, les champs malingres. Tromp\u00e9s par la transparence de l\u2019air, nous pensions &hellip; <\/p>\n<p class=\"link-more\"><a href=\"https:\/\/blogs.univ-tlse2.fr\/voyage-cartailhac-grece-expo-virtuelle\/mycenes\/\" class=\"more-link\">Continuer la lecture<span class=\"screen-reader-text\"> de &laquo;&nbsp;Myc\u00e8nes&nbsp;&raquo;<\/span><\/a><\/p>\n","protected":false},"author":393,"featured_media":0,"parent":0,"menu_order":0,"comment_status":"closed","ping_status":"closed","template":"","meta":{"footnotes":""},"class_list":["post-383","page","type-page","status-publish","hentry"],"_links":{"self":[{"href":"https:\/\/blogs.univ-tlse2.fr\/voyage-cartailhac-grece-expo-virtuelle\/wp-json\/wp\/v2\/pages\/383","targetHints":{"allow":["GET"]}}],"collection":[{"href":"https:\/\/blogs.univ-tlse2.fr\/voyage-cartailhac-grece-expo-virtuelle\/wp-json\/wp\/v2\/pages"}],"about":[{"href":"https:\/\/blogs.univ-tlse2.fr\/voyage-cartailhac-grece-expo-virtuelle\/wp-json\/wp\/v2\/types\/page"}],"author":[{"embeddable":true,"href":"https:\/\/blogs.univ-tlse2.fr\/voyage-cartailhac-grece-expo-virtuelle\/wp-json\/wp\/v2\/users\/393"}],"replies":[{"embeddable":true,"href":"https:\/\/blogs.univ-tlse2.fr\/voyage-cartailhac-grece-expo-virtuelle\/wp-json\/wp\/v2\/comments?post=383"}],"version-history":[{"count":3,"href":"https:\/\/blogs.univ-tlse2.fr\/voyage-cartailhac-grece-expo-virtuelle\/wp-json\/wp\/v2\/pages\/383\/revisions"}],"predecessor-version":[{"id":977,"href":"https:\/\/blogs.univ-tlse2.fr\/voyage-cartailhac-grece-expo-virtuelle\/wp-json\/wp\/v2\/pages\/383\/revisions\/977"}],"wp:attachment":[{"href":"https:\/\/blogs.univ-tlse2.fr\/voyage-cartailhac-grece-expo-virtuelle\/wp-json\/wp\/v2\/media?parent=383"}],"curies":[{"name":"wp","href":"https:\/\/api.w.org\/{rel}","templated":true}]}}