 {"id":402,"date":"2017-01-06T16:04:57","date_gmt":"2017-01-06T15:04:57","guid":{"rendered":"http:\/\/dev12-adim.univ-tlse2.fr\/exposition-virtuelle\/?page_id=402"},"modified":"2017-03-27T16:20:33","modified_gmt":"2017-03-27T14:20:33","slug":"le-cap-sounion","status":"publish","type":"page","link":"https:\/\/blogs.univ-tlse2.fr\/voyage-cartailhac-grece-expo-virtuelle\/le-cap-sounion\/","title":{"rendered":"Le cap Sounion"},"content":{"rendered":"<p><em>Si vous avez suivi sur une carte notre itin\u00e9raire, vous vous \u00e9tonnerez de l\u2019ordre de nos \u00e9tapes. Pourquoi donc avons-nous fait le p\u00e9riple du P\u00e9loponn\u00e8se, alors qu\u2019il para\u00eet si simple d\u2019aller de Delphes \u00e0 Ath\u00e8nes par le canal du d\u00e9troit de Corinthe ? Nous aurions gagn\u00e9 du temps et compl\u00e9t\u00e9 fort agr\u00e9ablement notre instruction. Mais pour franchir le canal il faut payer, et un grand paquebot comme le n\u00f4tre serait mis \u00e0 contribution d\u2019une somme absurde. Notre fortune modeste ne nous permet pas d\u2019aller \u00e0 Corinthe\u2026 par cette voie, &#8211; et la plupart des navires agissent comme nous. D\u2019ailleurs, ils ne mettent pas en balance un gain de quelques heures et les risques du passage dans un chenal resserr\u00e9 !<\/em><br \/>\n<em> Nous avons bien d\u2019autres satisfactions et, le ciel aidant, quelques-unes qui n\u2019\u00e9taient pas au programme. Le S\u00e9n\u00e9gal est le navire le plus complaisant qu\u2019on puisse imaginer. Pour nous plaire, il change parfois ses habitudes et abandonne la ligne droite. Il se rapproche des points int\u00e9ressants qui sont aux environs de notre route. Nous allons ainsi rendre visite au fameux promontoire de Sunium, la pointe extr\u00eame \u00e0 l\u2019Orient de la Gr\u00e8ce continentale. Notre h\u00e9lice tourne lentement pour nous permettre de mieux contempler, sous tous les aspects, la haute colonnade blanche qui se dresse au sommet du cap.<\/em><\/p>\n<figure id=\"attachment_472\" aria-describedby=\"caption-attachment-472\" style=\"width: 525px\" class=\"wp-caption aligncenter\"><a href=\"https:\/\/blogs.univ-tlse2.fr\/voyage-cartailhac-grece-expo-virtuelle\/files\/2017\/01\/DSC_0390-S.jpg\" rel=\"lightbox[402]\"><img loading=\"lazy\" decoding=\"async\" class=\"wp-image-472 size-large\" src=\"https:\/\/blogs.univ-tlse2.fr\/voyage-cartailhac-grece-expo-virtuelle\/files\/2017\/01\/DSC_0390-S-1024x825.jpg\" alt=\"\" width=\"525\" height=\"423\" srcset=\"https:\/\/blogs.univ-tlse2.fr\/voyage-cartailhac-grece-expo-virtuelle\/files\/2017\/01\/DSC_0390-S-1024x825.jpg 1024w, https:\/\/blogs.univ-tlse2.fr\/voyage-cartailhac-grece-expo-virtuelle\/files\/2017\/01\/DSC_0390-S-300x242.jpg 300w, https:\/\/blogs.univ-tlse2.fr\/voyage-cartailhac-grece-expo-virtuelle\/files\/2017\/01\/DSC_0390-S-768x619.jpg 768w, https:\/\/blogs.univ-tlse2.fr\/voyage-cartailhac-grece-expo-virtuelle\/files\/2017\/01\/DSC_0390-S.jpg 1100w\" sizes=\"auto, (max-width: 525px) 100vw, 525px\" \/><\/a><figcaption id=\"caption-attachment-472\" class=\"wp-caption-text\">\u00ab Le temple du Cap Sunium. 41 \u00bb. 1896<\/figcaption><\/figure>\n<p><em>Il semble que les Grecs aient partout choisi les plus beaux sites pour les embellir davantage. Platon, assis sur les marches du temple d\u2019Ath\u00e9na, enseignait \u00e0 ses disciples les secrets de la philosophie, le culte de la raison et de la sagesse divine ! Il s\u2019inspirait sans doute de toute l\u2019harmonie du monument, de la terre, de la mer et du ciel.<\/em><\/p>\n","protected":false},"excerpt":{"rendered":"<p>Si vous avez suivi sur une carte notre itin\u00e9raire, vous vous \u00e9tonnerez de l\u2019ordre de nos \u00e9tapes. Pourquoi donc avons-nous fait le p\u00e9riple du P\u00e9loponn\u00e8se, alors qu\u2019il para\u00eet si simple d\u2019aller de Delphes \u00e0 Ath\u00e8nes par le canal du d\u00e9troit de Corinthe ? Nous aurions gagn\u00e9 du temps et compl\u00e9t\u00e9 fort agr\u00e9ablement notre instruction. Mais &hellip; <\/p>\n<p class=\"link-more\"><a href=\"https:\/\/blogs.univ-tlse2.fr\/voyage-cartailhac-grece-expo-virtuelle\/le-cap-sounion\/\" class=\"more-link\">Continuer la lecture<span class=\"screen-reader-text\"> de &laquo;&nbsp;Le cap Sounion&nbsp;&raquo;<\/span><\/a><\/p>\n","protected":false},"author":393,"featured_media":0,"parent":0,"menu_order":0,"comment_status":"closed","ping_status":"closed","template":"","meta":{"footnotes":""},"class_list":["post-402","page","type-page","status-publish","hentry"],"_links":{"self":[{"href":"https:\/\/blogs.univ-tlse2.fr\/voyage-cartailhac-grece-expo-virtuelle\/wp-json\/wp\/v2\/pages\/402","targetHints":{"allow":["GET"]}}],"collection":[{"href":"https:\/\/blogs.univ-tlse2.fr\/voyage-cartailhac-grece-expo-virtuelle\/wp-json\/wp\/v2\/pages"}],"about":[{"href":"https:\/\/blogs.univ-tlse2.fr\/voyage-cartailhac-grece-expo-virtuelle\/wp-json\/wp\/v2\/types\/page"}],"author":[{"embeddable":true,"href":"https:\/\/blogs.univ-tlse2.fr\/voyage-cartailhac-grece-expo-virtuelle\/wp-json\/wp\/v2\/users\/393"}],"replies":[{"embeddable":true,"href":"https:\/\/blogs.univ-tlse2.fr\/voyage-cartailhac-grece-expo-virtuelle\/wp-json\/wp\/v2\/comments?post=402"}],"version-history":[{"count":2,"href":"https:\/\/blogs.univ-tlse2.fr\/voyage-cartailhac-grece-expo-virtuelle\/wp-json\/wp\/v2\/pages\/402\/revisions"}],"predecessor-version":[{"id":978,"href":"https:\/\/blogs.univ-tlse2.fr\/voyage-cartailhac-grece-expo-virtuelle\/wp-json\/wp\/v2\/pages\/402\/revisions\/978"}],"wp:attachment":[{"href":"https:\/\/blogs.univ-tlse2.fr\/voyage-cartailhac-grece-expo-virtuelle\/wp-json\/wp\/v2\/media?parent=402"}],"curies":[{"name":"wp","href":"https:\/\/api.w.org\/{rel}","templated":true}]}}