 {"id":420,"date":"2017-01-09T10:55:47","date_gmt":"2017-01-09T09:55:47","guid":{"rendered":"http:\/\/dev12-adim.univ-tlse2.fr\/exposition-virtuelle\/?page_id=420"},"modified":"2017-03-14T22:09:30","modified_gmt":"2017-03-14T21:09:30","slug":"les-jeux-olympiques","status":"publish","type":"page","link":"https:\/\/blogs.univ-tlse2.fr\/voyage-cartailhac-grece-expo-virtuelle\/les-jeux-olympiques\/","title":{"rendered":"Les premiers jeux olympiques modernes"},"content":{"rendered":"<p><em>Notre arriv\u00e9e ne cause aucune surprise ; nous sommes perdus dans la foule qui encombre la capitale. Les rues sont pavois\u00e9es avec une incroyable prodigalit\u00e9 ; pas un morceau de cet horrible calicot qui est habituel chez nous, partout la noble et co\u00fbteuse \u00e9tamine. Je n\u2019ai vu nulle part de si grands drapeaux en telle quantit\u00e9 ; beaucoup ont deux, trois \u00e9tages de hauteur, et il y en a souvent \u00e0 toutes les fen\u00eatres. Les couleurs grecques, le blanc et le bleu clair dominent, au milieu de tous les pavillons de l\u2019Europe. Ainsi par\u00e9e, Ath\u00e8nes est tr\u00e8s s\u00e9duisante. En moins d\u2019un demi-si\u00e8cle, elle a pris ce grand air que nous admirons. Les rues des nouveaux quartiers sont bord\u00e9es de palais. Ce mot n\u2019est pas exag\u00e9r\u00e9, car partout on a construit avec le marbre du Pent\u00e9lique.<\/em><\/p>\n<p>&nbsp;<\/p>\n<figure id=\"attachment_596\" aria-describedby=\"caption-attachment-596\" style=\"width: 257px\" class=\"wp-caption alignleft\"><a href=\"https:\/\/blogs.univ-tlse2.fr\/voyage-cartailhac-grece-expo-virtuelle\/files\/2017\/01\/DSC_0457-S.jpg\" rel=\"lightbox[420]\"><img loading=\"lazy\" decoding=\"async\" class=\"wp-image-596\" src=\"https:\/\/blogs.univ-tlse2.fr\/exposition-virtuelle\/files\/2017\/01\/DSC_0457-S-300x244.jpg\" alt=\"\" width=\"257\" height=\"209\" srcset=\"https:\/\/blogs.univ-tlse2.fr\/voyage-cartailhac-grece-expo-virtuelle\/files\/2017\/01\/DSC_0457-S-300x244.jpg 300w, https:\/\/blogs.univ-tlse2.fr\/voyage-cartailhac-grece-expo-virtuelle\/files\/2017\/01\/DSC_0457-S-768x625.jpg 768w, https:\/\/blogs.univ-tlse2.fr\/voyage-cartailhac-grece-expo-virtuelle\/files\/2017\/01\/DSC_0457-S.jpg 776w\" sizes=\"auto, (max-width: 257px) 100vw, 257px\" \/><\/a><figcaption id=\"caption-attachment-596\" class=\"wp-caption-text\">\u00ab Ath\u00e8nes pavois\u00e9e. P\u00e2ques et jeux olympiques. 2 \u00bb. 1896<\/figcaption><\/figure>\n<figure id=\"attachment_598\" aria-describedby=\"caption-attachment-598\" style=\"width: 279px\" class=\"wp-caption alignleft\"><a href=\"https:\/\/blogs.univ-tlse2.fr\/voyage-cartailhac-grece-expo-virtuelle\/files\/2017\/01\/DSC_0388-S.jpg\" rel=\"lightbox[420]\"><img loading=\"lazy\" decoding=\"async\" class=\"wp-image-598\" src=\"https:\/\/blogs.univ-tlse2.fr\/exposition-virtuelle\/files\/2017\/01\/DSC_0388-S-300x223.jpg\" alt=\"\" width=\"279\" height=\"208\" srcset=\"https:\/\/blogs.univ-tlse2.fr\/voyage-cartailhac-grece-expo-virtuelle\/files\/2017\/01\/DSC_0388-S-300x223.jpg 300w, https:\/\/blogs.univ-tlse2.fr\/voyage-cartailhac-grece-expo-virtuelle\/files\/2017\/01\/DSC_0388-S-768x572.jpg 768w, https:\/\/blogs.univ-tlse2.fr\/voyage-cartailhac-grece-expo-virtuelle\/files\/2017\/01\/DSC_0388-S-1024x762.jpg 1024w, https:\/\/blogs.univ-tlse2.fr\/voyage-cartailhac-grece-expo-virtuelle\/files\/2017\/01\/DSC_0388-S.jpg 1100w\" sizes=\"auto, (max-width: 279px) 100vw, 279px\" \/><\/a><figcaption id=\"caption-attachment-598\" class=\"wp-caption-text\">\u00ab Vue du stade moderne \u00ab 51 \u00bb. 1896<\/figcaption><\/figure>\n<p>&nbsp;<\/p>\n<p>&nbsp;<\/p>\n<p>&nbsp;<\/p>\n<p>&nbsp;<\/p>\n<p>&nbsp;<\/p>\n<p>&nbsp;<\/p>\n<p>&nbsp;<\/p>\n<p><em>Les citadins d\u2019Ath\u00e8nes, comme ceux de Nauplie, nous ont fait la meilleure impression. Ils sont serviables et courtois ; bon nombre parlent notre langue et sont venus souvent \u00e0 notre aide avec beaucoup de gentillesse. Il suffisait d\u2019\u00eatre reconnus Fran\u00e7ais pour \u00eatre tr\u00e8s bien accueillis. En somme ce peuple m\u2019a paru fort d\u00e9sireux de donner aux \u00e9trangers une bonne opinion de lui.\u00a0\u00a0\u00a0\u00a0 Hier encore des faits f\u00e2cheux s\u2019ajoutaient \u00e0 tant d\u2019autres. Cependant, il se peut que ce premier si\u00e8cle d\u2019ind\u00e9pendance ne soit qu\u2019une p\u00e9riode de transition et que le peuple Grec soit appel\u00e9 \u00e0 jouer un r\u00f4le tr\u00e8s important dans cette Europe orientale qui s\u2019agite sans cesse depuis qu\u2019elle existe et o\u00f9 se formeront longtemps encore les orages politiques du vieux monde.<\/em><br \/>\n<em>Je trouve pu\u00e9ril leur enthousiasme d\u00e9lirant pour les jeux olympiques. A en croire leurs journaux, la restauration des jeux dans le stade panath\u00e9na\u00efque doit \u00eatre consid\u00e9r\u00e9 comme \u00ab un \u00e9v\u00e9nement historique d\u2019une tr\u00e8s grande port\u00e9e. D\u00e9sormais c\u00e9l\u00e9br\u00e9s solennellement, \u00e0 tour de r\u00f4le, dans les capitales du monde civilis\u00e9, etc, etc. \u00bb. La v\u00e9rit\u00e9 est que cette c\u00e9l\u00e9bration des jeux ne pouvait \u00eatre, malgr\u00e9 tout, que la parodie des concours d\u2019Olympie, de Delphes, de Corinthe et autres, qu\u2019elle n\u2019a pas eu plus d\u2019importance qu\u2019une repr\u00e9sentation exceptionnelle \u00e0 l\u2019Op\u00e9ra ou qu\u2019une belle course \u00e0 Longchamp.<\/em><\/p>\n<figure id=\"attachment_604\" aria-describedby=\"caption-attachment-604\" style=\"width: 276px\" class=\"wp-caption alignleft\"><a href=\"https:\/\/blogs.univ-tlse2.fr\/voyage-cartailhac-grece-expo-virtuelle\/files\/2017\/01\/DSC_0409-S.jpg\" rel=\"lightbox[420]\"><img loading=\"lazy\" decoding=\"async\" class=\"wp-image-604\" src=\"https:\/\/blogs.univ-tlse2.fr\/exposition-virtuelle\/files\/2017\/01\/DSC_0409-S-300x245.jpg\" alt=\"\" width=\"276\" height=\"226\" srcset=\"https:\/\/blogs.univ-tlse2.fr\/voyage-cartailhac-grece-expo-virtuelle\/files\/2017\/01\/DSC_0409-S-300x245.jpg 300w, https:\/\/blogs.univ-tlse2.fr\/voyage-cartailhac-grece-expo-virtuelle\/files\/2017\/01\/DSC_0409-S-768x627.jpg 768w, https:\/\/blogs.univ-tlse2.fr\/voyage-cartailhac-grece-expo-virtuelle\/files\/2017\/01\/DSC_0409-S.jpg 934w\" sizes=\"auto, (max-width: 276px) 100vw, 276px\" \/><\/a><figcaption id=\"caption-attachment-604\" class=\"wp-caption-text\">\u00ab Entr\u00e9e du stade. A gauche l\u2019Acropole. 9 \u00bb. 1896<\/figcaption><\/figure>\n<figure id=\"attachment_605\" aria-describedby=\"caption-attachment-605\" style=\"width: 255px\" class=\"wp-caption alignleft\"><a href=\"https:\/\/blogs.univ-tlse2.fr\/voyage-cartailhac-grece-expo-virtuelle\/files\/2017\/01\/DSC_0410-S.jpg\" rel=\"lightbox[420]\"><img loading=\"lazy\" decoding=\"async\" class=\"wp-image-605\" src=\"https:\/\/blogs.univ-tlse2.fr\/exposition-virtuelle\/files\/2017\/01\/DSC_0410-S-300x263.jpg\" alt=\"\" width=\"255\" height=\"224\" srcset=\"https:\/\/blogs.univ-tlse2.fr\/voyage-cartailhac-grece-expo-virtuelle\/files\/2017\/01\/DSC_0410-S-300x263.jpg 300w, https:\/\/blogs.univ-tlse2.fr\/voyage-cartailhac-grece-expo-virtuelle\/files\/2017\/01\/DSC_0410-S-768x672.jpg 768w, https:\/\/blogs.univ-tlse2.fr\/voyage-cartailhac-grece-expo-virtuelle\/files\/2017\/01\/DSC_0410-S.jpg 900w\" sizes=\"auto, (max-width: 255px) 100vw, 255px\" \/><\/a><figcaption id=\"caption-attachment-605\" class=\"wp-caption-text\">\u00ab Les jeux olympiques au stade, Ath\u00e8nes. 10 \u00bb. 1896<\/figcaption><\/figure>\n<p>&nbsp;<\/p>\n<p>&nbsp;<\/p>\n<p>&nbsp;<\/p>\n<p>&nbsp;<\/p>\n<p>&nbsp;<\/p>\n<p>&nbsp;<\/p>\n<p>&nbsp;<\/p>\n<p><em>L\u2019inauguration avait lieu sous la pr\u00e9sidence effective de l\u2019h\u00e9ritier pr\u00e9somptif, le Diadoque Constantin, second\u00e9 par ses fr\u00e8res Georges et Nicolas.<\/em><br \/>\n<em>Un ordre parfait r\u00e9gnait partout ; nous avons pu arriver \u00e0 notre place, puis circuler et nous retirer ais\u00e9ment sans rencontrer cette cohue qui dans notre pays aurait form\u00e9 aux portes une masse imp\u00e9n\u00e9trable. Les consignes \u00e9taient indiqu\u00e9es par l\u2019arm\u00e9e et respect\u00e9es.<\/em><br \/>\n<em>Lorsque la famille royale est entr\u00e9e avec les princes invit\u00e9s et toute l\u2019escorte, on a quelque peu salu\u00e9 et applaudi, et presque sans acclamations. Singuliers m\u00e9ridionaux que ces Hell\u00e8nes ! Le roi Georges prit place sur un des deux tr\u00f4nes \u00e9lev\u00e9s au fond du stade, au milieu du premier gradin ; sur l\u2019autre si\u00e8ge s\u2019assit le roi de Serbie. Autour d\u2019eux \u00e9taient rang\u00e9s les princesses et les princes, parmi lesquels le grand duc Georges de Russie, fianc\u00e9 de la fille du roi.<\/em><br \/>\n<em>Les \u00ab jeux \u00bb se sont prolong\u00e9s plusieurs jours et la course dite de Marathon a \u00e9t\u00e9 gagn\u00e9e par un grec, ce qui a violemment excit\u00e9 l\u2019enthousiasme.<\/em><\/p>\n<p>&nbsp;<\/p>\n<figure id=\"attachment_607\" aria-describedby=\"caption-attachment-607\" style=\"width: 400px\" class=\"wp-caption aligncenter\"><a href=\"https:\/\/blogs.univ-tlse2.fr\/voyage-cartailhac-grece-expo-virtuelle\/files\/2017\/01\/DSC_0468-S.jpg\" rel=\"lightbox[420]\"><img loading=\"lazy\" decoding=\"async\" class=\"wp-image-607\" src=\"https:\/\/blogs.univ-tlse2.fr\/exposition-virtuelle\/files\/2017\/01\/DSC_0468-S-300x254.jpg\" alt=\"\" width=\"400\" height=\"338\" srcset=\"https:\/\/blogs.univ-tlse2.fr\/voyage-cartailhac-grece-expo-virtuelle\/files\/2017\/01\/DSC_0468-S-300x254.jpg 300w, https:\/\/blogs.univ-tlse2.fr\/voyage-cartailhac-grece-expo-virtuelle\/files\/2017\/01\/DSC_0468-S.jpg 702w\" sizes=\"auto, (max-width: 400px) 100vw, 400px\" \/><\/a><figcaption id=\"caption-attachment-607\" class=\"wp-caption-text\">\u00ab Le stade. Inauguration des jeux olympiques. Entr\u00e9e de la famille royale. 44 \u00bb. 1896<\/figcaption><\/figure>\n","protected":false},"excerpt":{"rendered":"<p>Notre arriv\u00e9e ne cause aucune surprise ; nous sommes perdus dans la foule qui encombre la capitale. Les rues sont pavois\u00e9es avec une incroyable prodigalit\u00e9 ; pas un morceau de cet horrible calicot qui est habituel chez nous, partout la noble et co\u00fbteuse \u00e9tamine. Je n\u2019ai vu nulle part de si grands drapeaux en telle &hellip; <\/p>\n<p class=\"link-more\"><a href=\"https:\/\/blogs.univ-tlse2.fr\/voyage-cartailhac-grece-expo-virtuelle\/les-jeux-olympiques\/\" class=\"more-link\">Continuer la lecture<span class=\"screen-reader-text\"> de &laquo;&nbsp;Les premiers jeux olympiques modernes&nbsp;&raquo;<\/span><\/a><\/p>\n","protected":false},"author":393,"featured_media":0,"parent":0,"menu_order":0,"comment_status":"closed","ping_status":"closed","template":"","meta":{"footnotes":""},"class_list":["post-420","page","type-page","status-publish","hentry"],"_links":{"self":[{"href":"https:\/\/blogs.univ-tlse2.fr\/voyage-cartailhac-grece-expo-virtuelle\/wp-json\/wp\/v2\/pages\/420","targetHints":{"allow":["GET"]}}],"collection":[{"href":"https:\/\/blogs.univ-tlse2.fr\/voyage-cartailhac-grece-expo-virtuelle\/wp-json\/wp\/v2\/pages"}],"about":[{"href":"https:\/\/blogs.univ-tlse2.fr\/voyage-cartailhac-grece-expo-virtuelle\/wp-json\/wp\/v2\/types\/page"}],"author":[{"embeddable":true,"href":"https:\/\/blogs.univ-tlse2.fr\/voyage-cartailhac-grece-expo-virtuelle\/wp-json\/wp\/v2\/users\/393"}],"replies":[{"embeddable":true,"href":"https:\/\/blogs.univ-tlse2.fr\/voyage-cartailhac-grece-expo-virtuelle\/wp-json\/wp\/v2\/comments?post=420"}],"version-history":[{"count":7,"href":"https:\/\/blogs.univ-tlse2.fr\/voyage-cartailhac-grece-expo-virtuelle\/wp-json\/wp\/v2\/pages\/420\/revisions"}],"predecessor-version":[{"id":959,"href":"https:\/\/blogs.univ-tlse2.fr\/voyage-cartailhac-grece-expo-virtuelle\/wp-json\/wp\/v2\/pages\/420\/revisions\/959"}],"wp:attachment":[{"href":"https:\/\/blogs.univ-tlse2.fr\/voyage-cartailhac-grece-expo-virtuelle\/wp-json\/wp\/v2\/media?parent=420"}],"curies":[{"name":"wp","href":"https:\/\/api.w.org\/{rel}","templated":true}]}}