 {"id":97,"date":"2021-11-28T15:48:15","date_gmt":"2021-11-28T14:48:15","guid":{"rendered":"https:\/\/blogs.univ-tlse2.fr\/welcomingmigrants2022\/?page_id=97"},"modified":"2021-12-22T16:17:12","modified_gmt":"2021-12-22T15:17:12","slug":"accueil","status":"publish","type":"page","link":"https:\/\/blogs.univ-tlse2.fr\/welcomingmigrants2022\/accueil\/","title":{"rendered":"Appel \u00e0 Communications"},"content":{"rendered":"\n<p>Colloque international&nbsp;<\/p>\n\n\n\n<p><strong>L\u2019accueil des migrants en ville :&nbsp;Les politiques urbaines et les mobilisations citoyennes en question&nbsp;<\/strong><\/p>\n\n\n\n<p>Universit\u00e9 Toulouse \u2013 Jean-Jaur\u00e8s, 12-13 mai 2022&nbsp;<\/p>\n\n\n\n<p class=\"has-drop-cap\">La restriction mondiale des r\u00e9gimes nationaux d\u2019immigration, accentu\u00e9e par la pand\u00e9mie de Covid-19, a fait du sort des migrants bloqu\u00e9s dans leur trajectoire ou enferm\u00e9s dans un statut ill\u00e9gal ou pr\u00e9caire un enjeu de plus en plus important pour les agglom\u00e9rations urbaines qui les re\u00e7oivent, de fa\u00e7on volontaire ou non. La crise des politiques d\u2019asile et le d\u00e9clin des pratiques religieuses de solidarit\u00e9 a amen\u00e9 la soci\u00e9t\u00e9 civile et les gouvernements locaux \u00e0 construire des mesures fragment\u00e9es et palliatives pour g\u00e9rer des situations parfois critiques. Tandis que la couverture m\u00e9diatique et les discours politiques soulignent souvent des administrations submerg\u00e9es et des expressions populaires de rejet, l&#8217;interaction avec les populations migrantes peut aussi donner lieu \u00e0 la tol\u00e9rance, l\u2019accommodation ou le soutien aux nouvelles populations \u00e9trang\u00e8res (Babels 2018). De nombreuses solidarit\u00e9s citoyennes ont vu le jour pour pallier aux dysfonctionnements des dispositifs d\u2019Etat, soit parce que les acteurs institutionnels ne poss\u00e8dent pas les comp\u00e9tences li\u00e9es aux probl\u00e9matiques migratoires, soit parce que l&#8217;Etat est lui-m\u00eame la source du rejet administratif. Dans certains cas, les acteurs locaux font r\u00e9f\u00e9rence \u00e0 des notions de sanctuaire, d\u2019accueil, et d\u2019hospitalit\u00e9 dans leurs efforts \u00e0 d\u00e9fendre les droits des migrants et \u00e0 promouvoir leur acc\u00e8s aux services. D\u2019autres exp\u00e9rimentations dans la protection des migrants sont mises en oeuvre sans rh\u00e9torique particuli\u00e8re, mais elles repr\u00e9sentent n\u00e9anmoins des positionnements id\u00e9ologiques qui sont ancr\u00e9es dans des contextes historiques, institutionnels et philosophiques.&nbsp;<\/p>\n\n\n\n<p>Les maires et autres acteurs locaux qui d\u00e9noncent et s\u2019opposent de fa\u00e7on explicite aux politiques nationales restrictives positionnent les municipalit\u00e9s \u00ab rebelles \u00bb concern\u00e9es comme des sanctuaires pour des migrants qui risquent la d\u00e9tention et l\u2019expulsion (Furri 2017). Le terme \u00ab sanctuaire \u00bb prend racine dans un mouvement social et religieux qui a \u00e9merg\u00e9 au d\u00e9but des ann\u00e9es 1980 pour d\u00e9fendre des demandeurs d\u2019asile centram\u00e9ricains aux Etats-Unis (Coutin 1993), mais son emploi s\u2019est \u00e9largi r\u00e9cemment dans la recherche et dans la soci\u00e9t\u00e9 civile, au fur et \u00e0 mesure que la polarisation politique vis-\u00e0-vis de l\u2019immigration a augment\u00e9 dans de nombreux contextes nationaux (Darling and Bauder 2019, Lippert and Rehaag 2013). Aux Etats-Unis, le d\u00e9bat sur les \u00ab villes sanctuaires \u00bb implique d\u00e9sormais des questions institutionnelles concernant la communication et la coop\u00e9ration entre le gouvernement f\u00e9d\u00e9ral et les autorit\u00e9s locales dans la pratique de l\u2019identification et la d\u00e9tention des migrants non-autoris\u00e9s. A travers les Am\u00e9riques, les politiques municipales con\u00e7ues pour prot\u00e9ger les migrants tendent \u00e0 se focaliser sur les enjeux moins conflictuels de l\u2019am\u00e9lioration de l\u2019acc\u00e8s aux services ou plus largement au respect des droits de la personne (Faret and Sanders 2021). Si les villes ne peuvent pas offrir syst\u00e9matiquement un havre physique et un refuge s\u00fbr, le concept de \u00ab sanctuaire \u00bb soul\u00e8ve n\u00e9anmoins des questions fondamentales sur les tensions qui peuvent surgir lorsque les gouvernements locaux g\u00e8rent les migrations d\u2019une mani\u00e8re qui rentre en contradiction avec les&nbsp;priorit\u00e9s nationales en mati\u00e8re d\u2019application de la loi. Quelles sont les bases pratiques et symboliques des conflits avec les gouvernements nationaux au sujet de l\u2019immigration ? Dans quelle mesure ces luttes autour des politiques migratoires font partie d\u2019une ren\u00e9gociation plus large du r\u00f4le et de l\u2019autorit\u00e9 des villes, et d\u2019un \u00e9cart croissant entre des int\u00e9r\u00eats urbains et nationaux ? Le principe \u00e9thique de non-refoulement des migrants \u00e0 risque peut-elle s\u2019appliquer aux gouvernements locaux (Blake &amp; Hereth 2020) ? Peu d\u2019attention a \u00e9t\u00e9 accord\u00e9e \u00e0 ces dynamiques dans certains pays du Sud, ou dans des pays qui ne poss\u00e8dent pas une longue tradition d\u2019immigration.&nbsp;<\/p>\n\n\n\n<p>Par ailleurs, de nombreux maires et conseils municipaux ont \u00e9mis des messages formels de bienvenue aux migrants, souvent en tant que membres des r\u00e9seaux nationaux ou internationaux de villes \u00ab accueillantes \u00bb (Welcoming America aux Etats-Unis ; Cities of Solidarity en Europe). Ces d\u00e9clarations publiques et appels \u00e0 l\u2019action sont fond\u00e9s sur une vari\u00e9t\u00e9 de consid\u00e9rations pratiques, d&#8217;enjeux id\u00e9ologiques et de motivations strat\u00e9giques. Certains messages participent \u00e0 construire une marque urbaine de ville cosmopolite et tol\u00e9rante de la diversit\u00e9, ce qui peut contribuer \u00e0 son rayonnement international. D\u2019autres formulations pr\u00e9sentent les immigr\u00e9s comme une ressource \u00e9conomique potentielle, capable d\u2019endiguer les pertes de population et de stimuler le redressement des zones urbaines en d\u00e9clin. Dans d&#8217;autres cas encore, l&#8217;appui aux populations \u00e9trang\u00e8res peut relever d&#8217;une strat\u00e9gie d&#8217;affichage de positionnements progressistes et inclusifs \u00e0 m\u00eame de s\u00e9duire une partie de l&#8217;\u00e9lectorat local. Dans quelle mesure ces expressions de solidarit\u00e9 avec les r\u00e9sidents d\u2019origine \u00e9trang\u00e8re ont-elles produit des changements politiques de fond ? Les enjeux migratoires ont-ils \u00e9t\u00e9 int\u00e9gr\u00e9s dans la construction des politiques de planification urbaine, de logement, d\u2019\u00e9ducation, et sant\u00e9 publique dans les villes concern\u00e9es ? Au-del\u00e0 des strat\u00e9gies de communication, les positionnements des gouvernements locaux vis-\u00e0-vis de l\u2019immigration peuvent \u00eatre lus comme des indicateurs des priorit\u00e9s et des aspirations sur le long terme.&nbsp;<\/p>\n\n\n\n<p>Les espaces et les lieux de l\u2019accueil s\u2019entendent au-del\u00e0 des strictes limites morphologiques de la ville (densit\u00e9, d\u00e9coupage administratif), \u00e9tant donn\u00e9e la place que prennent aujourd\u2019hui les localit\u00e9s p\u00e9ri-urbaines et rurales dans cette g\u00e9ographie de l\u2019hospitalit\u00e9 en Europe, en Am\u00e9rique et en Afrique (Furri et Lacroix, 2020; Berthomi\u00e8re et al., 2020). Des villes \u201cmondiales\u201d aux bourgs ruraux, les collectivit\u00e9s territoriales s\u2019inscrivent pleinement dans des r\u00e9seaux d\u2019accueil, volontairement ou involontairement, avec des effets diff\u00e9renci\u00e9s sur l\u2019ancrage et l\u2019appropriation des lieux par les personnes exil\u00e9es. Ainsi la question de l\u2019urbanit\u00e9 comme dimension de l\u2019accueil peut-elle se d\u00e9ployer au-del\u00e0 des configurations classiques de la \u201cville\u201d au singulier ? De quelle mani\u00e8re l\u2019accueil prend-il forme dans cette g\u00e9ographie plurielle, depuis les localit\u00e9s urbaines (centre-ville, quartiers p\u00e9riph\u00e9riques), les espaces p\u00e9ri-urbains et jusqu\u2019aux bourgs ruraux?&nbsp;<\/p>\n\n\n\n<p>Le devoir d\u2019hospitalit\u00e9 envers l\u2019\u00e9tranger fournit un autre cadre de r\u00e9f\u00e9rence saisissant pour la r\u00e9ception humanitaire des migrants ; les actes individuels et collectifs de solidarit\u00e9 observ\u00e9s dans les espaces frontaliers que les migrants traversent, l\u00e0 o\u00f9 ils attendent la possibilit\u00e9 de le faire ou dans les villes atteintes, peuvent \u00eatre consid\u00e9r\u00e9s comme des exemples concrets d&#8217;accueil des \u00e9trangers dans le besoin, leur offrant s\u00e9curit\u00e9 et minimum vital. Les initiatives citoyennes rel\u00e8vent de diff\u00e9rents domaines qui concernent les conditions de vie des migrants : leur venir en&nbsp;aide quotidiennement et les accompagner (h\u00e9bergement, scolarisation, aide alimentaire, etc\u2026) ; les aider administrativement et l\u00e9galement (r\u00e9fugi\u00e9s en demande d\u2019asile, mineurs isol\u00e9s, migrants somm\u00e9s de quitter le territoire\u2026), les orienter vers une insertion professionnelle et une installation \u00e0 plus long terme. Les formes de solidarit\u00e9s citoyennes anciennes ou qui ont \u00e9merg\u00e9 ces derni\u00e8res ann\u00e9es, qu\u2019elles \u00e9manent d\u2019associations, de collectifs engag\u00e9s ou de petites actions individuelles, sont \u00e0 interroger aujourd&#8217;hui. Les initiatives propos\u00e9es peuvent-elles offrir autre chose que des mesures palliatives, forc\u00e9ment insuffisantes ? De quelle mani\u00e8re les formes de solidarit\u00e9s \u00e0 l\u2019\u00e9gard des \u00e9trangers ont-elles \u00e9t\u00e9 vilipend\u00e9es, criminalis\u00e9es (Carr\u00e8re &amp; Baudet 2004), mais parfois discr\u00e8tement encourag\u00e9es (Brug\u00e8re &amp; Le Blanc 2018) ? A quoi correspondrait une politique de l\u2019hospitalit\u00e9, \u00e0 part une \u00ab r\u00e9duction dans la domination \u00bb des migrants vuln\u00e9rables par les acteurs et les institutions qui exploitent leur statut pr\u00e9caire (Boudou 2017) ?&nbsp;<\/p>\n\n\n\n<p>Que ce soit dans la perspective des pouvoirs publics locaux ou des initiatives citoyennes, les rapports asym\u00e9triques g\u00e9n\u00e9r\u00e9s dans une d\u00e9marche d\u2019accueil peuvent soulever des questions qui font miroir \u00e0 celles inh\u00e9rentes \u00e0 la notion m\u00eame d\u2019hospitalit\u00e9. Au sens anthropologique, cette relation \u00e0 l\u2019autre implique des limites \u00e0 sa dur\u00e9e et une forme de r\u00e9ciprocit\u00e9 de la part des h\u00f4tes (Gotman 2001, Pitt-Rivers 1977). Pendant combien de temps des individus et des groupes de migrants peuvent-ils b\u00e9n\u00e9ficier des mesures de protection sans cr\u00e9er une r\u00e9action n\u00e9gative ? Dans certains cas, la question de comment la distribution d\u2019aide produit ce que certains acteurs consid\u00e8rent comme des obligations de la part des migrants (devant prouver leur m\u00e9rite ou offrir une forme de contribution) se pose. L\u2019origine et la cat\u00e9gorie ethnico-raciale attribu\u00e9e \u00e0 ces migrants ont-elles une incidence sur les attentes \u00e0 leur \u00e9gard ? Comment le contexte pand\u00e9mique a-t-il influ\u00e9 sur la perception des migrants et sur la possibilit\u00e9 de leur venir en aide ?&nbsp;<\/p>\n\n\n\n<p>Dans ces dynamiques, la question des perspectives propres aux populations migrantes &#8211; depuis leur agentivit\u00e9 plus ou moins contrainte jusqu&#8217;aux projets migratoires initiaux ou transform\u00e9s qui sont les leurs &#8211; apparait \u00e9galement centrale. On sait combien les situations contemporaines peuvent conduire les populations en mobilit\u00e9 \u00e0 \u00eatre victimes de discrimination de la part des agents administratifs, ou des populations locales au sens plus large. Les contradictions entre le discours des autorit\u00e9s locales et les formes d&#8217;intervention des acteurs locaux charg\u00e9s de l&#8217;application de la loi ne sont pas rares. Elles t\u00e9moignent souvent d&#8217;un d\u00e9calage entre la perception qu&#8217;ont les gouvernements locaux des questions migratoires et la mani\u00e8re dont les populations \u00e9trang\u00e8res vivent les processus d&#8217;incorporation urbaine. Dans quelle mesure les politiques d&#8217;accueil et les initiatives citoyennes correspondent \u00e0 des attentes souvent difficiles \u00e0 lire ? Les niveaux \u00e9lev\u00e9s de vuln\u00e9rabilit\u00e9 et d&#8217;invisibilit\u00e9 peuvent contribuer, du point de vue des acteurs migrants, \u00e0 maintenir une distance avec les institutions, en particulier lorsque le discours d&#8217;accueil local coexiste avec des op\u00e9rations de contr\u00f4le et de d\u00e9tention men\u00e9es par l\u2019Etat. Dans la perspective des exp\u00e9riences quotidiennes de la ville v\u00e9cues par les populations en situation de migration, comment se manifestent le ton hospitalier du discours officiel et les dispositifs mis en place par les autorit\u00e9s locales ?&nbsp;<\/p>\n\n\n\n<p>Le colloque des 12-13 mai 2022 \u00e0 Toulouse se propose ainsi d\u2019explorer les processus sous-jacents \u00e0 la construction des initiatives urbaines d\u2019accueil des migrants, de questionner les cadres th\u00e9oriques qui les \u00e9tayent, incluant notamment le devoir d\u2019hospitalit\u00e9 dans une d\u00e9marche humanitaire, l\u2019offre de \u00ab sanctuaire \u00bb par des autorit\u00e9s locales en conflit avec l\u2019Etat, ou encore l\u2019image cosmopolite et progressiste de la \u00ab ville accueillante \u00bb. La rencontre vise \u00e0 placer ces d\u00e9bats dans un p\u00e9rim\u00e8tre international, et sera l\u2019occasion de r\u00e9unir des chercheurs d\u2019Europe, des Am\u00e9riques, d\u2019Afrique et au-del\u00e0, afin d&#8217;interroger la r\u00e9ception urbaine des migrants dans des perspectives crois\u00e9es et attentives \u00e0 des environnements sp\u00e9cifiques, tant du point de vue de la nature des dynamiques migratoires que des formes d&#8217;action existantes. Les approches depuis l&#8217;anthropologie, la sociologie, la g\u00e9ographie, la science politique, le droit ou les \u00e9tudes urbaines seront les bienvenues, alimentant un dialogue multidisciplinaire et multiscalaire que nous souhaitons fructueux.&nbsp;<\/p>\n\n\n\n<p><strong>Conf\u00e9renciers invit\u00e9s <\/strong>: <\/p>\n\n\n\n<ul class=\"wp-block-list\"><li><strong><a href=\"https:\/\/www.ehess.fr\/fr\/personne\/michel-agier\">Michel Agier<\/a> <\/strong>(EHESS, IRD)<\/li><li><a href=\"https:\/\/faculty.sites.uci.edu\/scoutin\/\"><strong>Susan Bibler Coutin<\/strong><\/a> (University of California at Irvine)<\/li><li><strong><a href=\"http:\/\/migrinter.labo.univ-poitiers.fr\/membres-2\/membres-4\/thomas-lacroix\/\">Thomas Lacroix<\/a> <\/strong>(CNRS \u2013 Migrinter)&nbsp;<\/li><\/ul>\n\n\n\n<p><strong>Comit\u00e9 scientifique d\u2019organisation <\/strong>:&nbsp;<\/p>\n\n\n\n<p>Lionel Arnaud (Universit\u00e9 Toulouse III \u2013 Paul Sabatier)&nbsp;<\/p>\n\n\n\n<p>Etienne Ciapin (Universit\u00e9 Toulouse \u2013 Jean Jaur\u00e8s)&nbsp;<\/p>\n\n\n\n<p>Laurent Faret (Universit\u00e9 de Paris)&nbsp;<\/p>\n\n\n\n<p>Annalisa Lendaro (Universit\u00e9 Toulouse \u2013 Jean Jaur\u00e8s)&nbsp;<\/p>\n\n\n\n<p>Stephanie Lima (Universit\u00e9 Toulouse \u2013 Jean Jaur\u00e8s)&nbsp;<\/p>\n\n\n\n<p>Samuel Malby (Universit\u00e9 Toulouse \u2013 Jean Jaur\u00e8s)&nbsp;<\/p>\n\n\n\n<p>Hasnia-Sonia Missaoui (Universit\u00e9 Toulouse \u2013 Jean Jaur\u00e8s)&nbsp;<\/p>\n\n\n\n<p>Hilary Sanders (Universit\u00e9 Toulouse \u2013 Jean Jaur\u00e8s)&nbsp;<\/p>\n\n\n\n<p>Les langues du colloque seront l\u2019anglais et le fran\u00e7ais. Merci d\u2019adresser une proposition (environ 500 mots), ainsi qu\u2019une br\u00e8ve biographie (5-10 lignes), pour le 24 janvier 2022 \u00e0 :\u00a0<a rel=\"noreferrer noopener\" href=\"mailto:Welcom&#105;&#110;&#103;&#109;&#105;&#x67;&#x72;&#x61;&#x6e;&#x74;&#x73;&#x32;&#x30;&#x32;&#x32;&#x40;&#x75;&#x6e;&#x69;&#x76;-tlse2&#46;fr\" target=\"_blank\">We&#108;&#x63;&#x6f;mi&#110;&#x67;&#x6d;&#x69;gr&#97;&#x6e;&#x74;s2&#48;&#x32;&#x32;&#x40;un&#105;&#x76;&#x2d;tl&#115;&#x65;&#x32;&#x2e;fr<\/a>. Un texte et \u00e9ventuellement un support visuel r\u00e9sumant la communication seront demand\u00e9s pour le 30 avril.\u00a0<\/p>\n\n\n\n<p>Les organisateurs t\u00e2cheront de couvrir les frais de mission des jeunes chercheurs qui en feront la demande.&nbsp;<\/p>\n\n\n\n<p><\/p>\n\n\n\n<p><strong>Bibliography&nbsp;<\/strong><\/p>\n\n\n\n<p>Agier, M. (2018). <em>L\u2019\u00e9tranger qui vient : Repenser l\u2019hospitalit\u00e9<\/em>. Paris: Le Seuil.&nbsp;<\/p>\n\n\n\n<p>Babels (2018). Entre accueil et rejet: ce que les villes font aux migrants. Lyon: Le Passager clandestin.&nbsp;<\/p>\n\n\n\n<p>Bagelman, J. (2015). <em>Sanctuary City: A Suspended State. <\/em>London : Palgrave Macmillan.&nbsp;<\/p>\n\n\n\n<p>Blake, M. &amp; Hereth, B. (2020). Sanctuary Cities and Non-Refoulement. <em>Ethical Theory and Moral Practice<\/em>, 23:457\u2013474.&nbsp;<\/p>\n\n\n\n<p>Berthomi\u00e8re, W., Fromentin, J., Lessault, D., Michalon, B., &amp; Przybyl, S. (2020). L\u2019accueil des exil\u00e9s dans les espaces ruraux en France : orientations nationales et d\u00e9clinaisons locales d\u2019une politique de dispersion. <em>Revue europ\u00e9enne des migrations internationales<\/em>, 36-2 (2), 53-82.&nbsp;<\/p>\n\n\n\n<p>Boudou, B. (2017). <em>Politique de l\u2019hospitalit\u00e9<\/em>. Paris : CNRS Editions.&nbsp;<\/p>\n\n\n\n<p>Brug\u00e8re, F. &amp; Le Blanc, G. (2018). Le courage de l\u2019hospitalit\u00e9. Introduction. <em>Esprit<\/em>, 446, 49-53.&nbsp;<\/p>\n\n\n\n<p>Carr\u00e8re, V. &amp; Baudet, V. (2004). D\u00e9lit de solidarit\u00e9. <em>Plein droit<\/em>, 59-60, 14-17.&nbsp;<\/p>\n\n\n\n<p>Coutin, S. B. (1993). <em>The Culture of Protest: Religious Activism and the U.S. Sanctuary Movement<\/em>. Boulder, Colorado: Westview Press.&nbsp;<\/p>\n\n\n\n<p>Darling, J. &amp; Bauder, H. (Eds). (2019). <em>Sanctuary Cities and Urban Struggles: Rescaling Migration, Citizenship, and Rights<\/em>. University of Manchester Press.&nbsp;<\/p>\n\n\n\n<p>D\u00fcvell, F. (2012). Transit Migration: A Blurred and Politicised Concept. <em>Population, Space and Place<\/em>, 18(4), 415-27.&nbsp;<\/p>\n\n\n\n<p>Faret, L. &amp; Sanders, H. (Eds) (2021). <em>Migrant Protection and the City in the Americas<\/em>, Palgrave Macmillan, Politics of Citizenship and Migration.&nbsp;<\/p>\n\n\n\n<p>Fitzgerald, D. (2019). <em>Refuge Beyond Reach: How Rich Democracies Repel Asylum Seekers<\/em>. Oxford University Press.&nbsp;<\/p>\n\n\n\n<p>Furri, F. (2017). Villes-refuges, villes rebelles et n\u00e9o-municipalisme. <em>Plein droit<\/em>, 115 (4), 3-6.&nbsp;<\/p>\n\n\n\n<p>Furri, F. &amp; Lacroix, T. (2020). Les \u201cvilles accueillantes\u201d s\u2019organisent en r\u00e9seau mondial. <em>De Facto<\/em>, 16. URL : http:\/\/icmigrations.fr\/2020\/02\/24\/defacto-016-04\/&nbsp;<\/p>\n\n\n\n<p>Glick Schiller, N., &amp; Caglar, A. (Eds). (2010). <em>Locating migration: Rescaling cities and migrants<\/em>. Ithaca: Cornell University Press.&nbsp;<\/p>\n\n\n\n<p>Goldring, L., &amp; Landolt, (Eds). (2013). <em>Producing and Negotiating Non-Citizenship: Precarious Legal Status in Canada<\/em>. University of Toronto Press.&nbsp;<\/p>\n\n\n\n<p>Gotman, A. (2001). <em>Le sens de l&#8217;hospitalit\u00e9. Essai sur les fondements sociaux de l&#8217;accueil de l&#8217;autre<\/em>, Paris : Presses Universitaires de France.&nbsp;<\/p>\n\n\n\n<p>Huang, X., &amp; Liu, C. Y (2018). Welcoming Cities: Immigration Policy at the Local Government Level. <em>Urban Affairs Review<\/em>, 54(1), 3-32.&nbsp;<\/p>\n\n\n\n<p>Kauffmann D. (2019). Comparing Urban Citizenship, Sanctuary Cities, Local Bureaucratic Membership, and Regularizations. <em>Public Administration Review<\/em>, 79(3): 443-446.&nbsp;<\/p>\n\n\n\n<p>Lacroix, T. &amp; Desille, A. (Eds). (2018). <em>International Migrations and Local Governance: A Global Perspective<\/em>. London: Palgrave Macmillan.&nbsp;<\/p>\n\n\n\n<p>Lippert, R. &amp; Rehaag S. (2013). <em>Sanctuary Practices in International Perspectives: Migration, Citizenship and Social Movements<\/em>, Routledge.&nbsp;<\/p>\n\n\n\n<p>Marconi, G. &amp; Iglesias, M. (2010). Managing International Migration in Our Cities. Venezia: Universit\u00e0 Iuav di Venezia &#8211; SSIIM Unesco.&nbsp;<\/p>\n\n\n\n<p>Pitt-Rivers, J. (2012) [1977]. The Law of Hospitality. <em>HAU Journal of Ethnographic Theory<\/em>. 2(1).&nbsp;<\/p>\n\n\n\n<p>Rabben L. (2016). <em>Sanctuary and Asylum: A Social and Political History<\/em>, University of Washington Press.&nbsp;<\/p>\n\n\n\n<p>Raffestin, C. (1997). \u00ab R\u00e9inventer l\u2019hospitalit\u00e9 <em>\u00bb<\/em>, <em>Communication<\/em>, 65, 165-177.&nbsp;<\/p>\n\n\n\n<p>Sehtman, A. &amp; Zenteno E. (Eds.) (2015). <em>Continuidades, rupturas y emergencias. Las desigualdades urbanas en Am\u00e9rica Latina<\/em>. Ciudad de M\u00e9xico: UNAM-PUEC.&nbsp;<\/p>\n\n\n\n<p>UN-Habitat\/UNESCO (2012). Inclusi\u00f3n de los migrantes en las ciudades: Pol\u00edticas y pr\u00e1cticas urbanas innovadoras. Madrid: AECID-UNH-UNESCO.&nbsp;<\/p>\n\n\n\n<p>Varsanyi, M. (Ed.) (2010). <em>Taking Local Control: Immigration Policy Activism in U.S. Cities<\/em>. Stanford University Press.&nbsp;<\/p>\n","protected":false},"excerpt":{"rendered":"<p>Colloque international&nbsp; L\u2019accueil des migrants en ville :&nbsp;Les politiques urbaines et les mobilisations citoyennes en question&nbsp; Universit\u00e9 Toulouse \u2013 Jean-Jaur\u00e8s, 12-13 mai 2022&nbsp; La restriction mondiale des r\u00e9gimes nationaux d\u2019immigration, accentu\u00e9e par la pand\u00e9mie de Covid-19, a fait du sort des migrants bloqu\u00e9s dans leur trajectoire ou enferm\u00e9s dans un<\/p>\n","protected":false},"author":1077,"featured_media":0,"parent":0,"menu_order":0,"comment_status":"closed","ping_status":"closed","template":"","meta":{"footnotes":""},"class_list":["post-97","page","type-page","status-publish","hentry"],"_links":{"self":[{"href":"https:\/\/blogs.univ-tlse2.fr\/welcomingmigrants2022\/wp-json\/wp\/v2\/pages\/97","targetHints":{"allow":["GET"]}}],"collection":[{"href":"https:\/\/blogs.univ-tlse2.fr\/welcomingmigrants2022\/wp-json\/wp\/v2\/pages"}],"about":[{"href":"https:\/\/blogs.univ-tlse2.fr\/welcomingmigrants2022\/wp-json\/wp\/v2\/types\/page"}],"author":[{"embeddable":true,"href":"https:\/\/blogs.univ-tlse2.fr\/welcomingmigrants2022\/wp-json\/wp\/v2\/users\/1077"}],"replies":[{"embeddable":true,"href":"https:\/\/blogs.univ-tlse2.fr\/welcomingmigrants2022\/wp-json\/wp\/v2\/comments?post=97"}],"version-history":[{"count":11,"href":"https:\/\/blogs.univ-tlse2.fr\/welcomingmigrants2022\/wp-json\/wp\/v2\/pages\/97\/revisions"}],"predecessor-version":[{"id":184,"href":"https:\/\/blogs.univ-tlse2.fr\/welcomingmigrants2022\/wp-json\/wp\/v2\/pages\/97\/revisions\/184"}],"wp:attachment":[{"href":"https:\/\/blogs.univ-tlse2.fr\/welcomingmigrants2022\/wp-json\/wp\/v2\/media?parent=97"}],"curies":[{"name":"wp","href":"https:\/\/api.w.org\/{rel}","templated":true}]}}